{"id":921,"date":"2020-03-24T11:50:13","date_gmt":"2020-03-24T04:50:13","guid":{"rendered":"http:\/\/edu.muathemewordpress.net\/?post_type=product&#038;p=921"},"modified":"2020-03-24T11:50:13","modified_gmt":"2020-03-24T04:50:13","slug":"kohler-campbell-kc115d","status":"publish","type":"product","link":"https:\/\/hosting.conasi.vn\/w\/hocdan2011\/san-pham\/kohler-campbell-kc115d\/","title":{"rendered":"Kohler &#038; Campbell KC115D"},"content":{"rendered":"<h2><strong>\u0110\u00e0n Piano Kohler &amp; Campbell l\u00e0 m\u1ed9t trong 5 c\u00e2y \u0111\u00e0n piano m\u1edbi gi\u00e1 r\u1ebb b\u00e1n ch\u1ea1y t\u1ea1i Vi\u1ec7t Th\u01b0\u01a1ng Music, KC115D c\u00f3 thi\u1ebft k\u1ebf sang tr\u1ecdng, b\u1ea3ng c\u1ed9ng h\u01b0\u1edfng \u0111\u01b0\u1ee3c l\u00e0m t\u1eeb g\u1ed7 v\u00e2n sam r\u1eafn ch\u1eafc, \u0111\u01b0\u1ee3c ph\u1ee7 m\u1ed9t m\u00e0u \u0111en huy\u1ec1n b\u00ed, k\u00edch th\u01b0\u1edbc nh\u1ecf g\u1ecdn v\u1edbi chi\u1ec1u cao 115 cm, \u00e2m thanh \u1ea5m r\u1ea5t th\u00edch h\u1ee3p cho tr\u1ebb m\u1edbi h\u1ecdc \u0111\u00e0n.<\/strong><\/h2>\n<p><strong>\u0110\u00e0n piano Koler &amp; Campbell KC115D<\/strong>\u00a0\u0111\u01b0\u1ee3c thi\u1ebft k\u1ebf h\u00e0i h\u00f2a v\u1ec1 ki\u1ec3u d\u00e1ng c\u0169ng nh\u01b0 c\u00f4ng ngh\u1ec7 \u00e2m thanh, Soundboard \u0111\u01b0\u1ee3c l\u00e0m b\u1eb1ng g\u1ed7 cao c\u1ea5p, b\u00faa \u0111\u00e0n \u0111\u01b0\u1ee3c l\u00e0m b\u1eb1ng len h\u1ea3o h\u1ea1ng c\u00f9ng v\u1edbi nh\u1eefng chi ti\u1ebft kh\u00e1c \u0111\u01b0\u1ee3c l\u00e0m t\u1eeb nh\u1eefng ch\u1ea5t li\u1ec7u cao c\u1ea5p, \u0111\u1ea3m b\u1ea3o cho ch\u1ea5t \u00e2m c\u0169ng nh\u01b0 \u0111\u1ed9 b\u1ec1n c\u1ee7a c\u00e2y \u0111\u00e0n.<\/p>\n<h3><strong>1. Thi\u1ebft k\u1ebf ki\u1ec3u d\u00e1ng Upright sang tr\u1ecdng<\/strong><\/h3>\n<p>Model KC115D \u0111\u01b0\u1ee3c thi\u1ebft k\u1ebf ki\u1ec3u d\u00e1ng upright nh\u1ecf g\u1ecdn, sang tr\u1ecdng, n\u00f3 kh\u00f4ng nh\u1eefng th\u00edch h\u1ee3p cho kh\u00f4ng gian h\u1ea1n ch\u1ebf \u1edf m\u1ecdi c\u0103n ph\u00f2ng m\u00e0 c\u00f2n t\u00f4n l\u00ean v\u1ebb sang tr\u1ecdng c\u1ee7a m\u1ecdi kh\u00f4ng gian tr\u01b0ng di\u1ec7n..<\/p>\n<p><img class=\"aligncenter\" src=\"https:\/\/vietthuong.vn\/upload\/content\/images\/san-pham\/Kohler-Campbell\/dan-piano-kohler-campbell-kc115-02.jpg\" alt=\"\" \/><\/p>\n<h3><strong>2. Soundboard c\u00f3 ch\u1ea5t li\u1ec7u cao c\u1ea5p (C\u1ed9ng h\u01b0\u1edfng t\u1ed1t)<\/strong><\/h3>\n<p>Soundboard \u0111\u01b0\u1ee3c l\u00e0m t\u1eeb ch\u1ea5t li\u1ec7u g\u1ed7 v\u00e2m sam cao c\u1ea5p ch\u1ecdn l\u1ecdc k\u1ebft qu\u1ea3 \u0111em \u0111\u1ebfn m\u1ed9t ngu\u1ed3n \u00e2m thanh ho\u00e0n h\u1ea3o, \u00e2m \u00e1m, \u0111\u00fang chu\u1ea9n acoustic. H\u1ea7u h\u1ebft nh\u1eefng c\u00e2y \u0111\u00e0n piano cao c\u1ea5p \u0111\u1ec1u s\u1eed d\u1ee5ng g\u1ed7 v\u00e2n sam ch\u1ecdn l\u1ecdc cho b\u1ea3ng c\u1ed9ng h\u01b0\u1edfng, b\u1edfi v\u00e2n sam l\u00e0 lo\u1ea1i r\u1eafn ch\u1eafc v\u00e0 c\u00f3 \u0111\u1ed9 truy\u1ec1n \u00e2m r\u1ea5t t\u1ed1t.<\/p>\n<p><img class=\"aligncenter\" src=\"https:\/\/vietthuong.vn\/upload\/content\/images\/san-pham\/Kohler-Campbell\/dan-piano-kohler-campbell-kc115-09.jpg\" alt=\"\" \/><\/p>\n<h3>\n<strong>3. \u0110\u1ed9 nh\u1ea1y ho\u00e0n h\u1ea3o<\/strong><\/h3>\n<p>V\u1edbi nh\u1eefng qui tr\u00ecnh t\u1ec9 m\u1ec9 c\u1ee7a th\u01b0\u01a1ng hi\u1ec7u Kohler Campbell M\u1ef9, c\u00f9ng v\u1edbi c\u00e1c c\u1ea5u t\u1ea1o b\u1ed9 ph\u1eadn c\u1ee7a c\u00e2y \u0111\u00e0n \u0111\u1ec1u \u0111\u01b0\u1ee3c ch\u1ecdn t\u1eeb ch\u1ea5t li\u1ec7u \u0111\u1eb7c bi\u1ec7t nh\u01b0: b\u00faa \u0111\u00e0n \u0111\u01b0\u1ee3c l\u00e0m t\u1eeb ch\u1ea5t li\u1ec7u len ch\u1ecdn l\u1ecdc, d\u00e2y Roslau &#8211; lo\u1ea1i d\u00e2y ch\u1ec9 \u0111\u01b0\u1ee3c d\u00f9ng cho nh\u1eefng c\u00e2y \u0111\u00e0n \u00a0cao c\u1ea5p t\u1eeb 180 tri\u1ec7u \u0111\u1ed5 l\u00ean, c\u00f9ng v\u1edbi b\u1ed9 m\u00e1y ho\u1ea1t \u0111\u1ed9ng linh ho\u1ea1t uy\u1ec3n chuy\u1ec3n, cu\u1ed1i c\u00f9ng h\u00ecnh th\u00e0nh nh\u1eefng h\u00e0nh \u0111\u1ed9ng uy\u1ec3n chuy\u1ec3n v\u00e0 \u0111\u1ed9 nh\u1ea1y t\u1ed1i \u0111a.<\/p>\n<p><img class=\"aligncenter\" src=\"https:\/\/vietthuong.vn\/upload\/content\/images\/san-pham\/Kohler-Campbell\/dan-piano-kohler-campbell-kc115-07.jpg\" alt=\"\" \/><\/p>\n<h3><strong>4. C\u1ea5u t\u1ea1o khung \u0111\u00e0n ch\u1eafc ch\u1eafn<\/strong><\/h3>\n<p>C\u1ea5u t\u1ea1o khung \u0111\u00e0n ch\u1eafn ch\u1eafn kh\u00f4ng nh\u1eefng gi\u00fap b\u1ec1 ngo\u00e0i c\u1ee7a c\u00e2y \u0111\u00e0n c\u1ee9ng c\u00e1p m\u00e0 n\u00f3 c\u00f2n mang vai tr\u00f2 gi\u1eef cho nh\u1eefng b\u1ed9 ph\u00e2n quan tr\u1ecdng c\u1ee7a c\u00e2y \u0111\u00e0n c\u00f3 \u0111\u1ed9 \u1ed5n \u0111\u1ecbnh v\u00e0 h\u01a1n n\u1eefa l\u00e0 gi\u00fap c\u00e2y \u0111\u00e0n c\u00f3 tu\u1ed5i th\u1ecd l\u00ean \u0111\u1ebfn h\u00e0ng 10 n\u0103m.<\/p>\n<p>M\u1ed9t s\u1ed1 h\u00ecnh \u1ea3nh v\u1ec1 s\u1ea3n ph\u1ea9m Koler Campbell KC-115D t\u1ea1i showroom Vi\u1ec7t Th\u01b0\u01a1ng Music:<\/p>\n<p><img class=\"aligncenter\" src=\"https:\/\/vietthuong.vn\/upload\/content\/images\/san-pham\/Kohler-Campbell\/dan-piano-kohler-campbell-kc115-10.jpg\" alt=\"\" \/><\/p>\n<p><img class=\"aligncenter\" src=\"https:\/\/vietthuong.vn\/upload\/content\/images\/san-pham\/Kohler-Campbell\/dan-piano-kohler-campbell-kc115-03.jpg\" alt=\"\" \/><\/p>\n<p><img class=\"aligncenter\" src=\"https:\/\/vietthuong.vn\/upload\/content\/images\/san-pham\/Kohler-Campbell\/dan-piano-kohler-campbell-kc115-06.jpg\" alt=\"\" \/><\/p>\n<p><img class=\"aligncenter\" src=\"https:\/\/vietthuong.vn\/upload\/content\/images\/san-pham\/Kohler-Campbell\/dan-piano-kohler-campbell-kc115-08.jpg\" alt=\"\" \/><\/p>\n","protected":false},"excerpt":{"rendered":"<ul>\n<li>T\u1eb7ng ngay gh\u1ebf \u0111\u00e0n, \u1ed1ng s\u01b0\u1edfi, kh\u0103n ph\u1ee7 ph\u00edm<\/li>\n<li>Giao h\u00e0ng ngay trong ng\u00e0y khi c\u00f3 y\u00eau c\u1ea7u<\/li>\n<li>B\u1ea3o h\u00e0nh ch\u00ednh h\u00e3ng 5 n\u0103m, b\u1ea3o tr\u00ec 3 l\u1ea7n mi\u1ec5n ph\u00ed<\/li>\n<li>Giao h\u00e0ng mi\u1ec5n ph\u00ed t\u1ea1i TPHCM, H\u00e0 N\u1ed9i, \u0110\u00e0 N\u1eb5ng<\/li>\n<li>Made In Indonesia, USA Technician Standard<\/li>\n<\/ul>\n","protected":false},"featured_media":922,"comment_status":"open","ping_status":"closed","template":"","meta":[],"_links":{"self":[{"href":"https:\/\/hosting.conasi.vn\/w\/hocdan2011\/wp-json\/wp\/v2\/product\/921"}],"collection":[{"href":"https:\/\/hosting.conasi.vn\/w\/hocdan2011\/wp-json\/wp\/v2\/product"}],"about":[{"href":"https:\/\/hosting.conasi.vn\/w\/hocdan2011\/wp-json\/wp\/v2\/types\/product"}],"replies":[{"embeddable":true,"href":"https:\/\/hosting.conasi.vn\/w\/hocdan2011\/wp-json\/wp\/v2\/comments?post=921"}],"wp:featuredmedia":[{"embeddable":true,"href":"https:\/\/hosting.conasi.vn\/w\/hocdan2011\/wp-json\/wp\/v2\/media\/922"}],"wp:attachment":[{"href":"https:\/\/hosting.conasi.vn\/w\/hocdan2011\/wp-json\/wp\/v2\/media?parent=921"}],"curies":[{"name":"wp","href":"https:\/\/api.w.org\/{rel}","templated":true}]}}