{"id":1967,"date":"2019-09-10T09:40:22","date_gmt":"2019-09-10T02:40:22","guid":{"rendered":"http:\/\/dienthoai4.w2steam.com\/?post_type=product&#038;p=1967"},"modified":"2019-09-10T09:40:22","modified_gmt":"2019-09-10T02:40:22","slug":"tai-khoan-gsuit-cao-cap-nhat-2019-giam-30","status":"publish","type":"product","link":"https:\/\/hosting.conasi.vn\/w\/googleshop2011\/san-pham\/tai-khoan-gsuit-cao-cap-nhat-2019-giam-30\/","title":{"rendered":"T\u00e0i kho\u1ea3n Gsuit cao c\u1ea5p nh\u1ea5t 2019, gi\u1ea3m 30%"},"content":{"rendered":"<p><strong>G Suite\u00a0(tr\u01b0\u1edbc \u0111\u00e2y l\u00e0 App for Works) l\u00e0 b\u1ed9 \u1ee9ng d\u1ee5ng d\u00e0nh cho doanh nghi\u1ec7p h\u1ed9i t\u1ee5 \u0111\u1ee7 c\u00e1c t\u00ednh n\u0103ng h\u1ed7 tr\u1ee3 \u0111\u1eafc l\u1ef1c nh\u01b0 Mail, Drive, Office\u2026.\u00a0<\/strong>C\u00f3 nhi\u1ec1u l\u00fd do khi\u1ebfn b\u1ea1n quy\u1ebft \u0111\u1ecbnh h\u1ee7y<strong>\u00a0d\u1ecbch v\u1ee5 Google Apps\u00a0<\/strong>(Email\u00a0t\u00ean mi\u1ec1n\u00a0\u0111\u00e3 \u0111\u0103ng k\u00fd Google Apps): L\u00fd do c\u00f3 th\u1ec3 b\u1ea1n ch\u1ecdn nh\u1ea7m g\u00f3i d\u1ecbch v\u1ee5, thay v\u00ec ch\u1ecdn g\u00f3i Google Apps for Education b\u1ea1n l\u1ea1i ch\u1ecdn Google Apps for Work ho\u1eb7c v\u1edbi m\u1ed9t l\u00fd do kh\u00e1c; Sau khi k\u1ebft th\u00fac 30 ng\u00e0y d\u00f9ng th\u1eed Email Google Apps thay v\u00ec tr\u1ea3 ph\u00ed b\u1ea1n mu\u1ed1n h\u1ee7y d\u1ecbch v\u1ee5; Hay \u0111\u01a1n gi\u1ea3n l\u00e0 b\u1ea1n mu\u1ed1n t\u1ea1o t\u00e0i kho\u1ea3n t\u00ean mi\u1ec1n m\u1edbi n\u00ean mu\u1ed1n x\u00f3a \u0111i t\u00ean mi\u1ec1n c\u0169\u2026<\/p>\n<p><strong>Tr\u01b0\u1eddng h\u1ee3p\u00a01: B\u1ea1n v\u1eabn c\u00f2n t\u00e0i kho\u1ea3n admin khi \u0111\u0103ng k\u00fd v\u00e0 l\u00e0m theo h\u01b0\u1edbng d\u1eabn t\u1eeb Google<\/strong><\/p>\n<p>B\u1ea1n l\u00e0m theo c\u00e1c h\u01b0\u1edbng d\u1eabn t\u1eeb Google Support t\u1ea1i \u0111\u00e2y:\u00a0https:\/\/support.google.com\/a\/answer\/183028?hl=en\u00a0ho\u1eb7c t\u1eebng b\u01b0\u1edbc nh\u01b0 sau:<\/p>\n<p><strong>B\u01b0\u1edbc 1:<\/strong>\u00a0\u0110\u0103ng nh\u1eadp v\u00e0o giao di\u1ec7n \u0111i\u1ec1u khi\u1ec3n qu\u1ea3n tr\u1ecb Google (Google Admin console)<\/p>\n<p><strong>B\u01b0\u1edbc 2:<\/strong>\u00a0T\u1eeb b\u1ea3ng \u0111i\u1ec1u khi\u1ec3n, nh\u1ea5p v\u00e0o T\u00ean mi\u1ec1n (Domains). N\u1ebfu b\u1ea1n kh\u00f4ng th\u1ea5y Domains, nh\u1ea5p v\u00e0o More controls.<\/p>\n<p><strong>B\u01b0\u1edbc 3:<\/strong>\u00a0N\u1ebfu b\u1ea1n \u0111ang lo\u1ea1i b\u1ecf m\u1ed9t t\u00ean mi\u1ec1n ri\u00eang bi\u1ec7t (kh\u00f4ng ph\u1ea3i l\u00e0 m\u1ed9t b\u00ed danh t\u00ean mi\u1ec1n),\u00a0 b\u1ea1n ph\u1ea3i lo\u1ea1i b\u1ecf t\u1ea5t c\u1ea3 c\u00e1c t\u00e0i kho\u1ea3n ng\u01b0\u1eddi d\u00f9ng, b\u00ed danh email v\u00e0 c\u00e1c nh\u00f3m t\u00ean mi\u1ec1n.<\/p>\n<p><strong>B\u01b0\u1edbc 4:<\/strong>\u00a0Nh\u1ea5p v\u00e0o Remove trong h\u00e0ng Domain.<\/p>\n<p><strong>B\u01b0\u1edbc 5:<\/strong>\u00a0Nh\u1ea5p Yes, xo\u00e1 t\u00ean mi\u1ec1n \u0111\u1ec3 x\u00e1c nh\u1eadn r\u1eb1ng b\u1ea1n mu\u1ed1n lo\u1ea1i b\u1ecf c\u00e1c t\u00ean mi\u1ec1n t\u1eeb t\u00e0i kho\u1ea3n Google c\u1ee7a b\u1ea1n.<\/p>\n<p>M\u1ed9t khi b\u1ea1n lo\u1ea1i b\u1ecf c\u00e1c t\u00ean mi\u1ec1n, b\u1ea1n kh\u00f4ng th\u1ec3 th\u00eam b\u1ea5t k\u1ef3 ng\u01b0\u1eddi d\u00f9ng ho\u1eb7c nh\u00f3m trong t\u00e0i kho\u1ea3n \u0111\u00e3 h\u1ee7y n\u00e0y. Tuy nhi\u00ean, b\u1ea1n c\u00f3 th\u1ec3 \u0111\u0103ng k\u00fd v\u00e0 k\u00edch ho\u1ea1t l\u1ea1i d\u1ecbch v\u1ee5 v\u1edbi Google Apps.<\/p>\n<p>V\u1edbi c\u00e1c c\u00e1ch t\u1eeb Google \u0111\u00e3 \u0111\u1ec1 c\u1eadp t\u1edbi th\u00ec b\u1ea1n l\u00e0m theo h\u01b0\u1edbng d\u1eabn, n\u1ebfu kh\u00f4ng mu\u1ed1n s\u1eed d\u1ee5ng\u00a0<strong>G Suite<\/strong>\u00a0th\u00ec h\u00e3y x\u00f3a t\u00e0i kho\u1ea3n Google l\u00e0 c\u00e1ch nhanh nh\u1ea5t.<\/p>\n<p><strong>C\u00e1ch 2: T\u00e0i kho\u1ea3n \u0111\u00e3 \u0111\u0103ng k\u00fd App for Work t\u1eeb tr\u01b0\u1edbc, kh\u00f4ng th\u1ec3 truy c\u1eadp \u0111\u01b0\u1ee3c G Suite hi\u1ec7n t\u1ea1i.<\/strong><\/p>\n<p>\u0110\u00e2y l\u00e0 tr\u01b0\u1eddng h\u1ee3p h\u1ebft s\u1ee9c kh\u00f3 gi\u1ea3i quy\u1ebft, h\u1ea7u nh\u01b0 tr\u00ean di\u1ec5n \u0111\u00e0n Google Support kh\u00e1 nhi\u1ec1u tr\u01b0\u1eddng h\u1ee3p m\u1eafc ph\u1ea3i. B\u1ea3n th\u00e2n t\u00f4i c\u0169ng l\u00e0 ng\u01b0\u1eddi ti\u00ean phong s\u1eed d\u1ee5ng Google App for Work ngay t\u1eeb nh\u1eefng ng\u00e0y \u0111\u1ea7u Google gi\u1edbi thi\u1ec7u c\u00f4ng khai. Th\u1ebf nh\u01b0ng b\u1eabng \u0111i m\u1ed9t th\u1eddi gian, t\u00e0i kho\u1ea3n c\u0169ng h\u1ebft h\u1ea1n v\u00e0 g\u00e2y kh\u00f3 kh\u0103n khi mu\u1ed1n s\u1eed d\u1ee5ng l\u1ea1i d\u1ecbch v\u1ee5 n\u00e0y.<\/p>\n<p>\u0110\u1ea7u ti\u00ean b\u1ea1n truy c\u1eadp v\u00e0 \u0111i\u1ec1n Form sau:\u00a0https:\/\/support.google.com\/a\/contact\/admin_no_access<\/p>\n<p>Ch\u00fa \u00fd: \u0110i\u1ec1n \u201c<strong>Nam<\/strong>e\u201d, \u00a0\u201c<strong>Domain c\u1ea7n gi\u1ea3i quy\u1ebft<\/strong>\u201c, \u201c<strong>Email trao \u0111\u1ed5i<\/strong>\u201c.<br \/>\n<strong>\u2013 The last four digits of the credit card number used for the G Suite purchase<\/strong>\u00a0[\u0110i\u1ec1n: 0000]\n<p><strong>\u2013 Subject<\/strong>: [\u0110i\u1ec1n:\u00a0 I need help remove the domain<em>\u00a0[Domain c\u1ee7a b\u1ea1n]<\/em>\u00a0from old g suite]\n<p><strong>\u2013 Detailed description:\u00a0<\/strong>\u00a0[\u0110i\u1ec1n:\u00a0Hi, I need register g suite account for my domain\u00a0<em>[Domain c\u1ee7a b\u1ea1n]<\/em>, but I received an error: This domain has been added as an alias or domain. So, I contact you, please help me how to remove this domain from old g suite account. Thanks]\n<p>Nh\u01b0 v\u1eady l\u00e0 xong form v\u00e0 g\u1eedi cho Google, ti\u1ebfp theo 1 ho\u1eb7c 2 ng\u00e0y s\u1ebd c\u00f3 Email y\u00eau c\u1ea7u x\u00e1c minh t\u00ean mi\u1ec1n b\u1eb1ng 2 h\u00ecnh th\u1ee9c nh\u01b0 sau:<\/p>\n","protected":false},"excerpt":{"rendered":"<p>C\u00f3 nhi\u1ec1u l\u00fd do khi\u1ebfn b\u1ea1n quy\u1ebft \u0111\u1ecbnh h\u1ee7y<strong>\u00a0d\u1ecbch v\u1ee5 Google Apps\u00a0<\/strong>(Email\u00a0t\u00ean mi\u1ec1n\u00a0\u0111\u00e3 \u0111\u0103ng k\u00fd Google Apps): L\u00fd do c\u00f3 th\u1ec3 b\u1ea1n ch\u1ecdn nh\u1ea7m g\u00f3i d\u1ecbch v\u1ee5, thay v\u00ec ch\u1ecdn g\u00f3i Google Apps for Education b\u1ea1n l\u1ea1i ch\u1ecdn Google Apps for Work ho\u1eb7c v\u1edbi m\u1ed9t l\u00fd do kh\u00e1c; Sau khi k\u1ebft th\u00fac 30 ng\u00e0y d\u00f9ng th\u1eed Email Google Apps thay v\u00ec tr\u1ea3 ph\u00ed b\u1ea1n mu\u1ed1n h\u1ee7y d\u1ecbch v\u1ee5; Hay \u0111\u01a1n gi\u1ea3n l\u00e0 b\u1ea1n mu\u1ed1n t\u1ea1o t\u00e0i kho\u1ea3n t\u00ean mi\u1ec1n m\u1edbi n\u00ean mu\u1ed1n x\u00f3a \u0111i t\u00ean mi\u1ec1n c\u0169\u2026<\/p>\n","protected":false},"featured_media":1968,"comment_status":"open","ping_status":"closed","template":"","meta":[],"_links":{"self":[{"href":"https:\/\/hosting.conasi.vn\/w\/googleshop2011\/wp-json\/wp\/v2\/product\/1967"}],"collection":[{"href":"https:\/\/hosting.conasi.vn\/w\/googleshop2011\/wp-json\/wp\/v2\/product"}],"about":[{"href":"https:\/\/hosting.conasi.vn\/w\/googleshop2011\/wp-json\/wp\/v2\/types\/product"}],"replies":[{"embeddable":true,"href":"https:\/\/hosting.conasi.vn\/w\/googleshop2011\/wp-json\/wp\/v2\/comments?post=1967"}],"wp:featuredmedia":[{"embeddable":true,"href":"https:\/\/hosting.conasi.vn\/w\/googleshop2011\/wp-json\/wp\/v2\/media\/1968"}],"wp:attachment":[{"href":"https:\/\/hosting.conasi.vn\/w\/googleshop2011\/wp-json\/wp\/v2\/media?parent=1967"}],"curies":[{"name":"wp","href":"https:\/\/api.w.org\/{rel}","templated":true}]}}