{"id":1965,"date":"2019-09-10T09:37:36","date_gmt":"2019-09-10T02:37:36","guid":{"rendered":"http:\/\/dienthoai4.w2steam.com\/?post_type=product&#038;p=1965"},"modified":"2019-09-10T09:37:36","modified_gmt":"2019-09-10T02:37:36","slug":"vps-google-cloud-1-nam-dung-luong-15g","status":"publish","type":"product","link":"https:\/\/hosting.conasi.vn\/w\/googleshop2011\/san-pham\/vps-google-cloud-1-nam-dung-luong-15g\/","title":{"rendered":"VPS Google Cloud 1 n\u0103m dung l\u01b0\u1ee3ng 15G"},"content":{"rendered":"<p>Xu h\u01b0\u1edbng cloud \u0111ang ph\u00e1t tri\u1ec3n c\u1ef1c k\u1ef3 m\u1ea1nh m\u1ebd tr\u00ean th\u1ebf gi\u1edbi. C\u00e1c c\u00f4ng ty h\u00e0ng \u0111\u1ea7u nh\u01b0 Google, Microsoft, Amazon, Oracle\u2026 \u0111\u1ec1u \u0111\u00e3 \u0111\u01b0a ra c\u00e1c n\u1ec1n t\u1ea3ng cloud c\u1ee7a m\u00ecnh, v\u00e0 c\u00f3 c\u00e1c ch\u01b0\u01a1ng tr\u00ecnh d\u00f9ng th\u1eed cho ng\u01b0\u1eddi d\u00f9ng. Tr\u01b0\u1edbc \u0111\u00e2y th\u00ec g\u00f3i d\u00f9ng th\u1eed c\u1ee7a Google Cloud Platform (GCP) ch\u1ec9 \u0111\u01b0\u1ee3c kho\u1ea3ng 3 th\u00e1ng th\u00ec ph\u1ea3i, n\u00ean m\u00ecnh c\u0169ng l\u01b0\u1eddi l\u01b0\u1eddi t\u00ecm hi\u1ec3u. Hi\u1ec7n t\u1ea1i\u00a0th\u00ec GCP \u0111\u00e3 m\u1edf r\u1ed9ng th\u1eddi h\u1ea1n g\u00f3i d\u00f9ng th\u1eed l\u00ean t\u1edbi 1 n\u0103m, n\u00ean m\u00ecnh m\u1edbi \u0111\u0103ng k\u00fd th\u1eed xem sao.<\/p>\n<p>.GCP c\u00f3 r\u1ea5t nhi\u1ec1u product. S\u1eed d\u1ee5ng 300$ n\u00e0y ta c\u00f3 th\u1ec3 mua 1 s\u1ed1 product \u0111\u1ec3 s\u1eed d\u1ee5ng th\u1eed. \u1ede b\u00e0i sau m\u00ecnh s\u1ebd h\u01b0\u1edbng d\u1eabn t\u1ea1o 1 m\u00e1y \u1ea3o v\u1edbi GCP, th\u01b0\u1eddng th\u01b0\u1eddng ta hay g\u1ecdi l\u00e0 VPS, c\u00f2n trong GCP g\u1ecdi l\u00e0 \u201cCompute Engine\u201d.<\/p>\n","protected":false},"excerpt":{"rendered":"<p>Xu h\u01b0\u1edbng cloud \u0111ang ph\u00e1t tri\u1ec3n c\u1ef1c k\u1ef3 m\u1ea1nh m\u1ebd tr\u00ean th\u1ebf gi\u1edbi. C\u00e1c c\u00f4ng ty h\u00e0ng \u0111\u1ea7u nh\u01b0 Google, Microsoft, Amazon, Oracle\u2026 \u0111\u1ec1u \u0111\u00e3 \u0111\u01b0a ra c\u00e1c n\u1ec1n t\u1ea3ng cloud c\u1ee7a m\u00ecnh, v\u00e0 c\u00f3 c\u00e1c ch\u01b0\u01a1ng tr\u00ecnh d\u00f9ng th\u1eed cho ng\u01b0\u1eddi d\u00f9ng. Tr\u01b0\u1edbc \u0111\u00e2y th\u00ec g\u00f3i d\u00f9ng th\u1eed c\u1ee7a Google Cloud Platform (GCP) ch\u1ec9 \u0111\u01b0\u1ee3c kho\u1ea3ng 3 th\u00e1ng th\u00ec ph\u1ea3i, n\u00ean m\u00ecnh c\u0169ng l\u01b0\u1eddi l\u01b0\u1eddi t\u00ecm hi\u1ec3u. Hi\u1ec7n t\u1ea1i\u00a0th\u00ec GCP \u0111\u00e3 m\u1edf r\u1ed9ng th\u1eddi h\u1ea1n g\u00f3i d\u00f9ng th\u1eed l\u00ean t\u1edbi 1 n\u0103m, n\u00ean m\u00ecnh m\u1edbi \u0111\u0103ng k\u00fd th\u1eed xem sao.<\/p>\n","protected":false},"featured_media":1966,"comment_status":"open","ping_status":"closed","template":"","meta":[],"_links":{"self":[{"href":"https:\/\/hosting.conasi.vn\/w\/googleshop2011\/wp-json\/wp\/v2\/product\/1965"}],"collection":[{"href":"https:\/\/hosting.conasi.vn\/w\/googleshop2011\/wp-json\/wp\/v2\/product"}],"about":[{"href":"https:\/\/hosting.conasi.vn\/w\/googleshop2011\/wp-json\/wp\/v2\/types\/product"}],"replies":[{"embeddable":true,"href":"https:\/\/hosting.conasi.vn\/w\/googleshop2011\/wp-json\/wp\/v2\/comments?post=1965"}],"wp:featuredmedia":[{"embeddable":true,"href":"https:\/\/hosting.conasi.vn\/w\/googleshop2011\/wp-json\/wp\/v2\/media\/1966"}],"wp:attachment":[{"href":"https:\/\/hosting.conasi.vn\/w\/googleshop2011\/wp-json\/wp\/v2\/media?parent=1965"}],"curies":[{"name":"wp","href":"https:\/\/api.w.org\/{rel}","templated":true}]}}