{"id":1963,"date":"2019-09-10T09:35:18","date_gmt":"2019-09-10T02:35:18","guid":{"rendered":"http:\/\/dienthoai4.w2steam.com\/?post_type=product&#038;p=1963"},"modified":"2019-09-10T09:35:19","modified_gmt":"2019-09-10T02:35:19","slug":"tai-khoan-google-partner-cao-cap","status":"publish","type":"product","link":"https:\/\/hosting.conasi.vn\/w\/googleshop2011\/san-pham\/tai-khoan-google-partner-cao-cap\/","title":{"rendered":"T\u00e0i kho\u1ea3n Google Partner cao c\u1ea5p"},"content":{"rendered":"<div>3.1 D\u00f9ng t\u00e0i kho\u1ea3n email \u0111\u0103ng k\u00fd MCC (My Client Center &#8211; Trung t\u00e2m kh\u00e1ch h\u00e0ng) \u0111\u1ec3 ho\u00e0n thi\u1ec7n h\u1ed3 s\u01a1 theo c\u00e1c b\u01b0\u1edbc sau:<\/div>\n<div>T\u1ea1o trang Google+ doanh nghi\u1ec7p v\u00e0 k\u1ebft n\u1ed1i website c\u00f4ng ty\/c\u00e1 nh\u00e2n:<\/div>\n<div>B\u1ea1n d\u00f9ng email m\u1edbi t\u1ea1o MCC truy c\u1eadp v\u00e0o https:\/\/plus.google.com, nh\u1ea5p v\u00e0o Trang ch\u1ee7 b\u00ean g\u00f3c tr\u00e1i v\u00e0 l\u00e0m theo h\u01b0\u1edbng d\u1eabn sau: ch\u1ecdn Trang &gt; T\u1ea1o trang c\u1ee7a B\u1ea1n &gt; Ch\u1ecdn lo\u1ea1i h\u00ecnh kinh doanh: Th\u01b0\u01a1ng hi\u1ec7u &gt; T\u1ea1o trang Google+ c\u1ee7a B\u1ea1n: T\u00ean trang + Trang web c\u00f4ng ty\/c\u00e1 nh\u00e2n &gt; Lo\u1ea1i: ch\u1ecdn Kh\u00e1c &gt; Click T\u00f4i \u0111\u1ed3ng \u00fd &gt; T\u1ea1o trang<\/div>\n<div><\/div>\n<div>Sau khi t\u1ea1o trang Google+ cho doanh nghi\u1ec7p xong, ph\u00eda d\u01b0\u1edbi t\u00ean trang doanh nghi\u1ec7p c\u1ee7a c\u00f4ng ty\/c\u00e1 nh\u00e2n, B\u1ea1n s\u1ebd th\u1ea5y d\u00f2ng &#8220;Ti\u1ec3u s\u1eed c\u1ee7a B\u1ea1n ho\u00e0n t\u1ea5t &#8230;%&#8221; v\u00e0 b\u00ean ph\u1ea3i l\u00e0 b\u01b0\u1edbc 1\/6, B\u1ea1n ti\u1ebfp t\u1ee5c nh\u1ea5n qua b\u01b0\u1edbc\u00a0 4\/6 &#8211; X\u00e1c minh website. Sau khi nh\u1ea5n X\u00e1c minh website, tr\u00ean m\u00e0n h\u00ecnh s\u1ebd hi\u1ec3n th\u1ecb \u0111o\u1ea1n code \u0111\u1ec3 B\u1ea1n d\u00e1n v\u00e0o website li\u00ean k\u1ebft trang Google+ v\u00e0 Website.<\/div>\n<div><\/div>\n<div><strong>\u00a03.2 T\u1ea1o t\u00e0i kho\u1ea3n Google Partners (c\u0169ng b\u1eb1ng t\u00e0i kho\u1ea3n<\/strong>\u00a0email MCC): Truy c\u1eadp http:\/\/www.google.com\/partners, sau \u0111\u00f3 ch\u1ecdn &#8220;T\u00f4i l\u00e0 \u0111\u1ea1i l\u00fd&#8221; (ph\u00eda tr\u00ean b\u00ean g\u00f3c ph\u1ea3i) v\u00e0 nh\u1ea5n v\u00e0o &#8220;Tham gia Google Partners&#8221;, sau \u0111\u00f3 \u0111i\u1ec1n \u0111\u1ea7y \u0111\u1ee7 th\u00f4ng tin \u1edf ph\u1ea7n Ti\u1ec3u s\u1eed.<\/div>\n<div>\u0110\u1ebfn ph\u1ea7n K\u1ebft n\u1ed1i c\u00f4ng ty\/c\u00e1 nh\u00e2n, B\u1ea1n \u0111i\u1ec1n l\u1ea1i t\u00ean c\u00f4ng ty\/c\u00e1 nh\u00e2n &amp; website &gt; T\u00f9y ch\u1ecdn x\u00e1c minh: ch\u1ecdn Qua Google+ &gt; Ti\u1ebfp t\u1ee5c \u0111\u1ebfn t\u1ed5ng quan. Khi B\u1ea1n th\u1ea5y h\u1ed3 s\u01a1 ho\u00e0n t\u1ea5t 100% t\u1ee9c l\u00e0 B\u1ea1n \u0111\u00e3 ho\u00e0n t\u1ea5t c\u00e1c b\u01b0\u1edbc \u0111\u1ec3 tr\u1edf th\u00e0nh \u0110\u1ed1i t\u00e1c Google &#8211; Google Partners.<\/div>\n<div><\/div>\n<div><strong>4. Gi\u00e0nh huy hi\u1ec7u Google Partners<\/strong><\/div>\n<div><\/div>\n<div>&#8211; Thi qua 2 b\u00e0i thi ki\u1ec3m tra ch\u1ea5t l\u01b0\u1ee3ng.<\/div>\n<div>&#8211; Ho\u00e0n th\u00e0nh c\u00e1c y\u00eau c\u1ea7u v\u1ec1 t\u1ed1i \u01b0u t\u00e0i kho\u1ea3n. Xem t\u1ea1i \u0111\u00e2y<\/div>\n<div>&#8211; Chi ti\u00eau 10.000usd trong 90 ng\u00e0y.<\/div>\n<div>Xem th\u00eam c\u00e1ch c\u1ea5p m\u00e3 coupon.<\/div>\n<div>M\u1ecdi kh\u00f3 kh\u0103n c\u1ea7n h\u1ed7 tr\u1ee3, B\u1ea1n c\u00f3 th\u1ec3 pm tr\u1ef1c ti\u1ebfp:<\/div>\n","protected":false},"excerpt":{"rendered":"<p>Sau khi t\u1ea1o trang Google+ cho doanh nghi\u1ec7p xong, ph\u00eda d\u01b0\u1edbi t\u00ean trang doanh nghi\u1ec7p c\u1ee7a c\u00f4ng ty\/c\u00e1 nh\u00e2n, B\u1ea1n s\u1ebd th\u1ea5y d\u00f2ng &#8220;Ti\u1ec3u s\u1eed c\u1ee7a B\u1ea1n ho\u00e0n t\u1ea5t &#8230;%&#8221; v\u00e0 b\u00ean ph\u1ea3i l\u00e0 b\u01b0\u1edbc 1\/6, B\u1ea1n ti\u1ebfp t\u1ee5c nh\u1ea5n qua b\u01b0\u1edbc\u00a0 4\/6 &#8211; X\u00e1c minh website. Sau khi nh\u1ea5n X\u00e1c minh website, tr\u00ean m\u00e0n h\u00ecnh s\u1ebd hi\u1ec3n th\u1ecb \u0111o\u1ea1n code \u0111\u1ec3 B\u1ea1n d\u00e1n v\u00e0o website li\u00ean k\u1ebft trang Google+ v\u00e0 Website.<\/p>\n","protected":false},"featured_media":1964,"comment_status":"open","ping_status":"closed","template":"","meta":[],"_links":{"self":[{"href":"https:\/\/hosting.conasi.vn\/w\/googleshop2011\/wp-json\/wp\/v2\/product\/1963"}],"collection":[{"href":"https:\/\/hosting.conasi.vn\/w\/googleshop2011\/wp-json\/wp\/v2\/product"}],"about":[{"href":"https:\/\/hosting.conasi.vn\/w\/googleshop2011\/wp-json\/wp\/v2\/types\/product"}],"replies":[{"embeddable":true,"href":"https:\/\/hosting.conasi.vn\/w\/googleshop2011\/wp-json\/wp\/v2\/comments?post=1963"}],"wp:featuredmedia":[{"embeddable":true,"href":"https:\/\/hosting.conasi.vn\/w\/googleshop2011\/wp-json\/wp\/v2\/media\/1964"}],"wp:attachment":[{"href":"https:\/\/hosting.conasi.vn\/w\/googleshop2011\/wp-json\/wp\/v2\/media?parent=1963"}],"curies":[{"name":"wp","href":"https:\/\/api.w.org\/{rel}","templated":true}]}}