{"id":1961,"date":"2019-09-10T09:33:01","date_gmt":"2019-09-10T02:33:01","guid":{"rendered":"http:\/\/dienthoai4.w2steam.com\/?post_type=product&#038;p=1961"},"modified":"2019-09-10T09:33:02","modified_gmt":"2019-09-10T02:33:02","slug":"tai-khoan-gmail-cho-doanh-nghiep-khong-gioi-han","status":"publish","type":"product","link":"https:\/\/hosting.conasi.vn\/w\/googleshop2011\/san-pham\/tai-khoan-gmail-cho-doanh-nghiep-khong-gioi-han\/","title":{"rendered":"T\u00e0i kho\u1ea3n Gmail cho doanh nghi\u1ec7p kh\u00f4ng gi\u1edbi h\u1ea1n"},"content":{"rendered":"<p>\u0110\u1ec3 t\u1ea1o \u0111\u01b0\u1ee3c m\u1ed9t email theo T\u00ean mi\u1ec1n c\u1ee7a b\u1ea1n tr\u01b0\u1edbc ti\u00ean b\u1ea1n ph\u1ea3i c\u00f3 m\u1ed9t T\u00ean mi\u1ec1n ri\u00eang cho email c\u1ee7a m\u00ecnh, kh\u00f4ng ph\u1ea3i l\u00e0 T\u00ean mi\u1ec1n chia s\u1ebb hay T\u00ean mi\u1ec1n c\u1ee7a b\u00ean th\u1ee9 ba. V\u00ed d\u1ee5: \u0111\u1ecba ch\u1ec9 email c\u1ee7a b\u1ea1n ph\u1ea3i gi\u1ed1ng nh\u01b0 sau t\u00ean_b\u1ea1n@T\u00ean mi\u1ec1n_c\u1ee7a b\u1ea1n, ch\u1ee9 kh\u00f4ng ph\u1ea3i t\u00ean_b\u1ea1n@gmail.com.<\/p>\n<h2>H\u01b0\u1edbng d\u1eabn c\u00e1ch t\u1ea1o email c\u00f4ng ty theo t\u00ean mi\u1ec1n t\u1eeb google<\/h2>\n<p>Hi\u1ec7n t\u1ea1i Google Apps \u0111\u00e3 thay \u0111\u1ed5i v\u00e0 ch\u1ec9 cho ph\u00e9p t\u1ea1o 10 t\u00e0i kho\u1ea3n email trong g\u00f3i d\u1ecbch v\u1ee5 mi\u1ec5n ph\u00ed c\u1ee7a h\u1ecd. \u0110\u1ec3 s\u1eed d\u1ee5ng nhi\u1ec1u h\u01a1n, ch\u00fang ta s\u1ebd ph\u1ea3i tr\u1ea3 chi ph\u00ed h\u00e0ng th\u00e1ng. Nh\u01b0ng d\u00f9 sao v\u1edbi 10 t\u00e0i kho\u1ea3n c\u0169ng \u0111\u1ee7 gi\u00fap cho nh\u1eefng doanh nghi\u1ec7p v\u1eeba v\u00e0 nh\u1ecf \u0111\u00e1p \u1ee9ng \u0111\u01b0\u1ee3c nhu c\u1ea7u s\u1eed d\u1ee5ng email.<\/p>\n<p>B\u01b0\u1edbc 1: Ch\u1ecdn Administrator: I own or control this domain.<\/p>\n<p>Nh\u1eadp \u0111\u1ea7y \u0111\u1ee7 T\u00ean mi\u1ec1n c\u1ee7a b\u1ea1n, ch\u1ecdn Get Started.<\/p>\n<p>B\u01b0\u1edbc 2 : Trong c\u1eeda s\u1ed5 ti\u1ebfp theo b\u1ea1n \u0111i\u1ec1n c\u00e1c th\u00f4ng tin c\u1ea7n thi\u1ebft (nh\u1eefng ph\u1ea7n c\u00f3 d\u1ea5u * l\u00e0 b\u1eaft bu\u1ed9c, nh\u1eefng ph\u1ea7n kh\u00e1c b\u1ea1n c\u00f3 th\u1ec3 \u0111i\u1ec1n sau).<\/p>\n<p>B\u01b0\u1edbc 3 : T\u00e0i kho\u1ea3n n\u00e0y s\u1ebd qu\u1ea3n l\u00fd c\u00e1c thi\u1ebft l\u1eadp trong Google Apps g\u1eafn v\u1edbi t\u00ean mi\u1ec1n ri\u00eang c\u1ee7a b\u1ea1n v\u00e0 10 email m\u00e0 b\u1ea1n c\u00f3 th\u1ec3 t\u1ea1o m\u1edbi sau n\u00e0y.<\/p>\n<p>Ch\u1ecdn I accept. Continue with setup.<\/p>\n<p>B\u01b0\u1edbc 4 : b\u1ea1n \u0111\u0103ng nh\u1eadp v\u00e0o trang qu\u1ea3n l\u00fd T\u00ean mi\u1ec1n, t\u1ea1o m\u1ed9t CName record v\u1edbi th\u00f4ng tin do Google cung c\u1ea5p \u0111\u1ec3 x\u00e1c nh\u1eadn r\u1eb1ng b\u1ea1n l\u00e0 ng\u01b0\u1eddi s\u1edf h\u1eefu T\u00ean mi\u1ec1n n\u00e0y.<\/p>\n<p>Cu\u1ed1i c\u00f9ng, ch\u1ecdn I\u2019ve completed the steps above.<\/p>\n<p>Trong ph\u1ea7n Set up email delivery b\u1ea1n s\u1ebd \u0111\u01b0\u1ee3c h\u01b0\u1edbng d\u1eabn c\u00e1ch t\u1ea1o m\u1edbi c\u00e1c MX record (Mail Exchange), m\u1ee5c \u0111\u00edch c\u1ee7a n\u00f3 l\u00e0 gi\u00fap b\u1ea1n s\u1eed d\u1ee5ng email v\u1edbi T\u00ean mi\u1ec1nri\u00eang nh\u01b0ng mail l\u1ea1i \u0111\u01b0\u1ee3c l\u01b0u tr\u1eef tr\u00ean server c\u1ee7a Goolge gi\u1ed1ng nh\u01b0 Gmail. T\u00f9y v\u00e0o nh\u00e0 cung c\u1ea5p d\u1ecbch v\u1ee5 T\u00ean mi\u1ec1n b\u1ea1n \u0111\u00e3 \u0111\u0103ng k\u00fd m\u00e0 vi\u1ec7c t\u1ea1o c\u00e1c MX record c\u00f3 kh\u00e1c nhau ch\u00fat \u00edt (t\u00ecm trong danh s\u00e1ch \u0111\u1ec3 ch\u1ecdn nh\u00e0 cung c\u1ea5p d\u1ecbch v\u1ee5 c\u1ee7a b\u1ea1n). V\u00ed d\u1ee5 v\u1edbi Network Solution.<\/p>\n","protected":false},"excerpt":{"rendered":"<p>\u0110\u1ec3 t\u1ea1o \u0111\u01b0\u1ee3c m\u1ed9t email theo T\u00ean mi\u1ec1n c\u1ee7a b\u1ea1n tr\u01b0\u1edbc ti\u00ean b\u1ea1n ph\u1ea3i c\u00f3 m\u1ed9t T\u00ean mi\u1ec1n ri\u00eang cho email c\u1ee7a m\u00ecnh, kh\u00f4ng ph\u1ea3i l\u00e0 T\u00ean mi\u1ec1n chia s\u1ebb hay T\u00ean mi\u1ec1n c\u1ee7a b\u00ean th\u1ee9 ba. V\u00ed d\u1ee5: \u0111\u1ecba ch\u1ec9 email c\u1ee7a b\u1ea1n ph\u1ea3i gi\u1ed1ng nh\u01b0 sau t\u00ean_b\u1ea1n@T\u00ean mi\u1ec1n_c\u1ee7a b\u1ea1n, ch\u1ee9 kh\u00f4ng ph\u1ea3i t\u00ean_b\u1ea1n@gmail.com.<\/p>\n","protected":false},"featured_media":1962,"comment_status":"open","ping_status":"closed","template":"","meta":[],"_links":{"self":[{"href":"https:\/\/hosting.conasi.vn\/w\/googleshop2011\/wp-json\/wp\/v2\/product\/1961"}],"collection":[{"href":"https:\/\/hosting.conasi.vn\/w\/googleshop2011\/wp-json\/wp\/v2\/product"}],"about":[{"href":"https:\/\/hosting.conasi.vn\/w\/googleshop2011\/wp-json\/wp\/v2\/types\/product"}],"replies":[{"embeddable":true,"href":"https:\/\/hosting.conasi.vn\/w\/googleshop2011\/wp-json\/wp\/v2\/comments?post=1961"}],"wp:featuredmedia":[{"embeddable":true,"href":"https:\/\/hosting.conasi.vn\/w\/googleshop2011\/wp-json\/wp\/v2\/media\/1962"}],"wp:attachment":[{"href":"https:\/\/hosting.conasi.vn\/w\/googleshop2011\/wp-json\/wp\/v2\/media?parent=1961"}],"curies":[{"name":"wp","href":"https:\/\/api.w.org\/{rel}","templated":true}]}}