{"id":1957,"date":"2019-09-10T09:27:35","date_gmt":"2019-09-10T02:27:35","guid":{"rendered":"http:\/\/dienthoai4.w2steam.com\/?post_type=product&#038;p=1957"},"modified":"2019-09-10T09:27:36","modified_gmt":"2019-09-10T02:27:36","slug":"voucher-giam-30-chi-phi-quang-cao-google-adwords","status":"publish","type":"product","link":"https:\/\/hosting.conasi.vn\/w\/googleshop2011\/san-pham\/voucher-giam-30-chi-phi-quang-cao-google-adwords\/","title":{"rendered":"Voucher gi\u1ea3m 30% chi ph\u00ed qu\u1ea3ng c\u00e1o Google Adwords"},"content":{"rendered":"<p>B<span style=\"color: #333333; font-size: 14.4px;\">\u1ea1n s\u1ebd c\u00f3 r\u1ea5t nhi\u1ec1u t\u00e0i kho\u1ea3n con \u0111\u01b0\u1ee3c h\u01b0\u1edfng voucher 900k c\u1ee7a google.<\/span><\/p>\n<p><span style=\"color: #333333; font-size: 14.4px;\">\u0110\u01b0\u1ee3c google add voucher gi\u00fap b\u1ea1n, kh\u1ecfi lo voucher n\u00e0y n\u1ecd\u2026<\/span><\/p>\n<p><span style=\"color: #333333; font-size: 14.4px;\">T\u00e0i kho\u1ea3n MCC ch\u1ea1y \u1ed5n \u0111\u1ecbnh h\u01a1n r\u1ea5t nhi\u1ec1u t\u00e0i kho\u1ea3n th\u01b0\u1eddng.<\/span><\/p>\n<p><span style=\"color: #333333; font-size: 14.4px;\">T\u00e0i kho\u1ea3n MCC Xem x\u00e9t \u00edt h\u01a1n khi ch\u1ea1y v\u00e0 n\u1ebfu c\u00f3 xem x\u00e9t c\u0169ng th\u1ea3 v\u00e0 tr\u1ea3 l\u1eddi nhanh h\u01a1n.<\/span><\/p>\n<p><span style=\"color: #333333; font-size: 14.4px;\">\u0110\u01b0\u1ee3c m\u00ecnh h\u1ed7 tr\u1ee3 b\u1ea1n ch\u1ea1y google adwords su\u1ed1t trong qu\u00e1 tr\u00ecnh.<\/span><\/p>\n<p><span style=\"color: #333333; font-size: 14.4px;\">B\u1ea1n b\u1ecf ra 1 tri\u1ec7u nh\u01b0ng c\u00f3 th\u1ec3 ti\u1ebft ki\u1ec7m l\u00ean \u0111\u1ebfn 500 tri\u1ec7u khi ch\u1ea1y Google Adwords.<\/span><\/p>\n<p><span style=\"color: #333333; font-size: 14.4px;\">B\u1ea1n s\u1ebd \u0111\u01b0\u1ee3c m\u00ecnh h\u1ed7 tr\u1ee3 qua teamview nh\u1eefng v\u1ea5n \u0111\u1ec1 ph\u00e1t sinh m\u00e0 ki\u1ebfn th\u1ee9c b\u1ea1n ch\u01b0a c\u00f3n \u0111\u1ee7 \u0111\u1ec3 gi\u1ea3i quy\u1ebft v\u1ea5n \u0111\u1ec1 khi ch\u1ea1y adwords.<\/span><\/p>\n<p><span style=\"color: #333333; font-size: 14.4px;\">C\u00f3 th\u1ec3 setup MCC theo y\u00eau c\u1ea7u t\u1eeb b\u00ean b\u1ea1n, nh\u01b0 email c\u1ee7a b\u1ea1n, t\u00ean b\u1ea1n, t\u00ean cty c\u1ee7a b\u1ea1n, \u0111\u1ecba ch\u1ec9 c\u1ee7a b\u1ea1n, sdt c\u1ee7a b\u1ea1n, website c\u1ee7a b\u1ea1n\u2026<\/span><\/p>\n","protected":false},"excerpt":{"rendered":"<p>B<span style=\"color: #333333; font-size: 14.4px;\">\u1ea1n s\u1ebd c\u00f3 r\u1ea5t nhi\u1ec1u t\u00e0i kho\u1ea3n con \u0111\u01b0\u1ee3c h\u01b0\u1edfng voucher 900k c\u1ee7a google.<\/span><\/p>\n<p><span style=\"color: #333333; font-size: 14.4px;\">\u0110\u01b0\u1ee3c google add voucher gi\u00fap b\u1ea1n, kh\u1ecfi lo voucher n\u00e0y n\u1ecd\u2026<\/span><\/p>\n<p><span style=\"color: #333333; font-size: 14.4px;\">T\u00e0i kho\u1ea3n MCC ch\u1ea1y \u1ed5n \u0111\u1ecbnh h\u01a1n r\u1ea5t nhi\u1ec1u t\u00e0i kho\u1ea3n th\u01b0\u1eddng.<\/span><\/p>\n","protected":false},"featured_media":1958,"comment_status":"open","ping_status":"closed","template":"","meta":[],"_links":{"self":[{"href":"https:\/\/hosting.conasi.vn\/w\/googleshop2011\/wp-json\/wp\/v2\/product\/1957"}],"collection":[{"href":"https:\/\/hosting.conasi.vn\/w\/googleshop2011\/wp-json\/wp\/v2\/product"}],"about":[{"href":"https:\/\/hosting.conasi.vn\/w\/googleshop2011\/wp-json\/wp\/v2\/types\/product"}],"replies":[{"embeddable":true,"href":"https:\/\/hosting.conasi.vn\/w\/googleshop2011\/wp-json\/wp\/v2\/comments?post=1957"}],"wp:featuredmedia":[{"embeddable":true,"href":"https:\/\/hosting.conasi.vn\/w\/googleshop2011\/wp-json\/wp\/v2\/media\/1958"}],"wp:attachment":[{"href":"https:\/\/hosting.conasi.vn\/w\/googleshop2011\/wp-json\/wp\/v2\/media?parent=1957"}],"curies":[{"name":"wp","href":"https:\/\/api.w.org\/{rel}","templated":true}]}}