{"id":1953,"date":"2019-09-10T09:12:13","date_gmt":"2019-09-10T02:12:13","guid":{"rendered":"http:\/\/dienthoai4.w2steam.com\/?post_type=product&#038;p=1953"},"modified":"2019-09-10T09:12:13","modified_gmt":"2019-09-10T02:12:13","slug":"vps-khung-google-cloud-1-nam-free","status":"publish","type":"product","link":"https:\/\/hosting.conasi.vn\/w\/googleshop2011\/san-pham\/vps-khung-google-cloud-1-nam-free\/","title":{"rendered":"VPS kh\u1ee7ng Google Cloud 1 n\u0103m free"},"content":{"rendered":"<p>VPS l\u00e0 1 d\u1ecbch v\u1ee5 m\u00e1y ch\u1ee7 \u1ea3o c\u1ea7n thi\u1ebft cho d\u00e2n MMO \u0111\u1eb7c bi\u1ec7t l\u00e0 anh em chinh chi\u1ebfn Youtube, v\u00e0 nhi\u1ec1u newbie r\u1ea5t kh\u00f3 kh\u0103n trong vi\u1ec7c t\u00ecm hi\u1ec3u t\u1ea1o VPS, v\u00e0 c\u0169ng ko c\u00f3 nhi\u1ec1u kinh ph\u00ed \u0111\u1ec3 \u0111\u0103ng k\u00fd nh\u1eefng VPS ngon c\u1ea5u h\u00ecnh Windows. H\u00f4m nay m\u00ecnh s\u1ebd h\u01b0\u1edbng d\u1eabn ae t\u1ea1o VPS Google mi\u1ec5n ph\u00ed 1 n\u0103m c\u00f3 300$ trong t\u00e0i kho\u1ea3n v\u1edbi c\u1ea5u h\u00ecnh c\u1ef1c kh\u1ee7ng Ram b\u00e9 nh\u1ea5t 3.75Gb \u1ed5 c\u1ee9ng 50Gb, ngo\u00e0i ra anh em c\u00f3 th\u1ec3 ch\u1ecdn c\u1ea5u h\u00ecnh kh\u1ee7ng h\u01a1n.<\/p>\n<p>\u0110\u1ee3t n\u00e0y Google \u0111ang cho t\u1ea1o mi\u1ec5n ph\u00ed VPS tr\u1ecb gi\u00e1 300$ n\u00ean ae nhanh tay reg nh\u00e9. Ngo\u00e0i ra Amazon v\u00e0 Vultr c\u0169ng l\u00e0 nh\u1eefng nh\u00e0 cung c\u1ea5p VPS n\u1ed5i ti\u1ebfng m\u00e0 nhi\u1ec1u ng\u01b0\u1eddi s\u1eed d\u1ee5ng. Trong \u0111\u00f3 Amazon \u0111ang c\u00f3 ch\u01b0\u01a1ng tr\u00ecnh d\u00f9ng th\u1eed 1 n\u0103m mi\u1ec5n ph\u00ed, ae c\u00f3 th\u1ec3 tham kh\u1ea3o b\u00e0i vi\u1ebft \u0111\u1ee3t sau ho\u1eb7c google nh\u00e9\u00a0\u00a0<img class=\"emoji\" draggable=\"false\" src=\"https:\/\/s.w.org\/images\/core\/emoji\/2.2.1\/svg\/1f642.svg\" alt=\"????\" \/><\/p>\n<p>Y\u00eau c\u1ea7u \u0111\u1ec3 \u0111\u0103ng k\u00fd m\u1ed9t VPS Google mi\u1ec5n ph\u00ed 300$:<\/p>\n<ul>\n<li>1 Th\u1ebb visa \u0111\u1ecbnh danh th\u1eadt c\u00f3 s\u1eb5n 1$ \u0111\u1ec3 x\u00e1c th\u1ef1c, \u0111\u0103ng k\u00fd xong Google s\u1ebd tr\u1ea3 l\u1ea1i 1$(r\u1ea5t t\u1eed t\u1ebf c\u1ee7a anh l\u1edbn Google)<\/li>\n<li>1 T\u00e0i kho\u1ea3n Gmail x\u00e1c th\u1ef1c<\/li>\n<\/ul>\n<p>C\u00e1c b\u01b0\u1edbc \u0111\u1ec3 \u0111\u0103ng k\u00fd t\u1ea1o m\u1ed9t VPS Google mi\u1ec5n ph\u00ed c\u00f3 300$ trong t\u00e0i kho\u1ea3n:<\/p>\n<p>\u2013\u00a0<strong>B\u01b0\u1edbc 1:<\/strong>\u00a0Truy c\u1eadp v\u00e0o website\u00a0http:\/\/cloud.google.com\/\u00a0\u0111\u1ec3 \u0111\u0103ng k\u00fd m\u1ed9t t\u00e0i kho\u1ea3n t\u1ea1o VPS Google mi\u1ec5n ph\u00ed c\u00f3 ngay 300$ trong t\u00e0i kho\u1ea3n.<\/p>\n<p>\u0110\u1ec3 \u0111\u0103ng k\u00fd VPS Google Free c\u00e1c b\u1ea1n click v\u00e0o d\u00f2ng \u201cTry it free\u201d v\u00e0 \u0111\u0103ng nh\u1eadp Gmail \u0111\u1ec3 ti\u1ebfn h\u00e0nh \u0111\u0103ng k\u00fd m\u1ed9t VPS Google mi\u1ec5n ph\u00ed v\u1edbi 300$ trong t\u00e0i kho\u1ea3n.<\/p>\n<p>\u2013\u00a0<strong>B\u01b0\u1edbc 2<\/strong>: \u0110i\u1ec1n c\u00e1c th\u00f4ng tin \u0111\u1ec3 t\u1ea1o m\u1ed9t account tr\u00ean google cloud platform.<\/p>\n<ul>\n<li>Country: Vietnam<\/li>\n<li>Please email me updates regarding feature announcements, performance suggestions, feedback surveys and special offers:\u00a0<strong>Yes<\/strong>. Ch\u1ecdn Yes \u0111\u1ec3 nh\u1eadn c\u00e1c th\u00f4ng b\u00e1o, c\u00e1c kh\u1ea3o s\u00e1t hay c\u00e1c cung c\u1ea5p \u0111\u1eb7c bi\u1ec7t qua email t\u1eeb Google.<\/li>\n<li>I have read and agree to the Google Cloud Platform Free Trial Terms of Service. Required to continue:\u00a0<strong>YES<\/strong>. \u0110\u1ec3 ch\u1ea5p nh\u1eadn c\u00e1c \u0111i\u1ec1u kho\u1ea3n khi s\u1eed d\u1ee5ng Google Cloud Platform.<\/li>\n<\/ul>\n<p>\u2013\u00a0<strong>Access to all Cloud Platform Products<\/strong>: \u1ede g\u00f3c b\u00ean ph\u1ea3i b\u1ea1n c\u00f3 th\u1ec3 th\u1ea5y t\u00e0i kho\u1ea3n b\u1ea1n t\u1ea1o c\u00f3 th\u1ec3 \u0111\u01b0\u1ee3c ph\u00e9p truy c\u1eadp v\u00e0 s\u1eed d\u1ee5ng to\u00e0n b\u1ed9 c\u00e1c s\u1ea3n ph\u1ea9m tr\u00ean Google Cloud Platform.<\/p>\n<p>\u2013\u00a0<strong>$300 credit for free<\/strong>: Google cho ph\u00e9p b\u1ea1n d\u00f9ng th\u1eed mi\u1ec5n ph\u00ed trong 1 n\u0103m v\u1edbi 300$ trong t\u00e0i kho\u1ea3n m\u00e0 b\u1ea1n \u0111\u0103ng k\u00fd.<\/p>\n<p>\u2013\u00a0<strong>No autocharge after free trial ends:<\/strong>\u00a0Sau khi s\u1eed d\u1ee5ng h\u1ebft 300$ mi\u1ec5n ph\u00ed trong 1 n\u0103m th\u00ec Google s\u1ebd h\u1ecfi b\u1ea1n c\u00f3 mu\u1ed1n s\u1eed d\u1ee5ng ti\u1ebfp d\u1ecbch v\u1ee5 hay kh\u00f4ng tr\u01b0\u1edbc khi t\u00ednh ph\u00ed cho b\u1ea1n. Ch\u1ee9 n\u00f3 kh\u00f4ng h\u1ec1 t\u1ef1 \u0111\u1ed9ng t\u00ednh ph\u00ed n\u1ebfu b\u1ea1n d\u00f9ng h\u1ebft s\u1ed1 ti\u1ec1n mi\u1ec5n ph\u00ed 300$ m\u00e0 Google t\u1eb7ng cho b\u1ea1n.<\/p>\n","protected":false},"excerpt":{"rendered":"<p>VPS l\u00e0 1 d\u1ecbch v\u1ee5 m\u00e1y ch\u1ee7 \u1ea3o c\u1ea7n thi\u1ebft cho d\u00e2n MMO \u0111\u1eb7c bi\u1ec7t l\u00e0 anh em chinh chi\u1ebfn Youtube, v\u00e0 nhi\u1ec1u newbie r\u1ea5t kh\u00f3 kh\u0103n trong vi\u1ec7c t\u00ecm hi\u1ec3u t\u1ea1o VPS, v\u00e0 c\u0169ng ko c\u00f3 nhi\u1ec1u kinh ph\u00ed \u0111\u1ec3 \u0111\u0103ng k\u00fd nh\u1eefng VPS ngon c\u1ea5u h\u00ecnh Windows. H\u00f4m nay m\u00ecnh s\u1ebd h\u01b0\u1edbng d\u1eabn ae t\u1ea1o VPS Google mi\u1ec5n ph\u00ed 1 n\u0103m c\u00f3 300$ trong t\u00e0i kho\u1ea3n v\u1edbi c\u1ea5u h\u00ecnh c\u1ef1c kh\u1ee7ng Ram b\u00e9 nh\u1ea5t 3.75Gb \u1ed5 c\u1ee9ng 50Gb, ngo\u00e0i ra anh em c\u00f3 th\u1ec3 ch\u1ecdn c\u1ea5u h\u00ecnh kh\u1ee7ng h\u01a1n.<\/p>\n","protected":false},"featured_media":1954,"comment_status":"open","ping_status":"closed","template":"","meta":[],"_links":{"self":[{"href":"https:\/\/hosting.conasi.vn\/w\/googleshop2011\/wp-json\/wp\/v2\/product\/1953"}],"collection":[{"href":"https:\/\/hosting.conasi.vn\/w\/googleshop2011\/wp-json\/wp\/v2\/product"}],"about":[{"href":"https:\/\/hosting.conasi.vn\/w\/googleshop2011\/wp-json\/wp\/v2\/types\/product"}],"replies":[{"embeddable":true,"href":"https:\/\/hosting.conasi.vn\/w\/googleshop2011\/wp-json\/wp\/v2\/comments?post=1953"}],"wp:featuredmedia":[{"embeddable":true,"href":"https:\/\/hosting.conasi.vn\/w\/googleshop2011\/wp-json\/wp\/v2\/media\/1954"}],"wp:attachment":[{"href":"https:\/\/hosting.conasi.vn\/w\/googleshop2011\/wp-json\/wp\/v2\/media?parent=1953"}],"curies":[{"name":"wp","href":"https:\/\/api.w.org\/{rel}","templated":true}]}}