{"id":1950,"date":"2019-09-10T09:09:06","date_gmt":"2019-09-10T02:09:06","guid":{"rendered":"http:\/\/dienthoai4.w2steam.com\/?post_type=product&#038;p=1950"},"modified":"2019-09-10T09:09:06","modified_gmt":"2019-09-10T02:09:06","slug":"tai-khoan-google-adsense-content-hang-chuan","status":"publish","type":"product","link":"https:\/\/hosting.conasi.vn\/w\/googleshop2011\/san-pham\/tai-khoan-google-adsense-content-hang-chuan\/","title":{"rendered":"T\u00e0i kho\u1ea3n Google Adsense Content h\u00e0ng chu\u1ea9n"},"content":{"rendered":"<p>B\u1ea1n \u0111ang mu\u1ed1n mua t\u00e0i kho\u1ea3n Google Adsense Content ch\u01b0a pin, account\u00a0Google Adsense Content \u0111\u00e3 pin, \u0111\u00e3 x\u00e1c minh, ch\u00fang t\u00f4i cung c\u1ea5p nhi\u1ec1u lo\u1ea1i account Adsense cho b\u1ea1n l\u1ef1a ch\u1ecdn.<\/p>\n<p>\u0110\u0103ng k\u00fd Adsense Content kh\u00f4ng ph\u1ea3i ai c\u0169ng l\u00e0m \u0111\u01b0\u1ee3c, ch\u00fang t\u00f4i s\u1ebd cung c\u1ea5p cho b\u1ea1n nh\u1eefng d\u00f2ng Account Adsense Content nh\u01b0 sau:<\/p>\n<p><strong>\u2013 Acc Adsense Content add site kh\u00f4ng c\u1ea7n duy\u1ec7t site, add v\u00e0o l\u00e0 hi\u1ec7n ads (ch\u00ednh s\u00e1ch Google \u0111\u00e3 update n\u00ean h\u00e0ng n\u00e0y kh\u00f4ng c\u00f3 nh\u00e9? )\u00a0<\/strong><\/p>\n<p>\u2013 G\u00c0 Content 100% ch\u01b0a pin, bao add domain c\u1ee7a b\u1ea1n, add th\u00e0nh c\u00f4ng th\u00ec m\u1edbi ti\u1ebfn h\u00e0nh giao d\u1ecbch, gi\u00e1 1.5tr\/con<\/p>\n<p>\u2013 GA host n\u00e2ng c\u1ea5p l\u00ean content = ch\u00ednh domain c\u1ee7a b\u1ea1n, bao add domain c\u1ee7a b\u1ea1n th\u00e0nh c\u00f4ng. Gi\u00e1 1.3tr\/con<\/p>\n<p>Mua t\u1eeb 3 acc tr\u1edf l\u00ean vui l\u00f2ng li\u00ean h\u1ec7 \u0111\u1ec3 \u0111\u01b0\u1ee3c gi\u00e1 t\u1ed1t.<\/p>\n<p>\u2013 G\u00e0 n\u00e2ng c\u1ea5p pay Youtube t\u1eeb 1-2 l\u1ea7n gi\u00e1 5.5 \u2013 6tr.5\/con.<\/p>\n<p>\u2013 G\u00e0 n\u00e2ng c\u1ea5p pay YT t\u1eeb 3-4 l\u1ea7n gi\u00e1 6.5tr \u2013 7.5tr\/con<\/p>\n<p>\u2013 G\u00e0 n\u00e2ng c\u1ea5p pay 5-6 l\u1ea7n gi\u00e1 7.5 \u2013 8tr\/con<\/p>\n<p>\u2013 G\u00e0 n\u00e2ng c\u1ea5p pay 7-8 l\u1ea7n: gi\u00e1\u00a0 10-12tr\/con<\/p>\n<p>\u2013 G\u00e0 n\u00e2ng c\u1ea5p pay &gt; 20 l\u1ea7n gi\u00e1 15tr\/con.<\/p>\n<p>C\u1ea7n li\u00ean h\u1ec7 m\u00ecnh nh\u00e9?<\/p>\n<ul>\n<li>Minh 0911606070<\/li>\n<li>Mail: lxminh60@gmail.com<\/li>\n<\/ul>\n<p>Giao d\u1ecbch trung gian c\u00e1c ki\u1ec3u check cho tho\u1ea3i m\u00e1i nh\u00e9.<\/p>\n<p>Update 0h 23.4.2019<\/p>\n","protected":false},"excerpt":{"rendered":"<p>B\u1ea1n \u0111ang mu\u1ed1n mua t\u00e0i kho\u1ea3n Google Adsense Content ch\u01b0a pin, account\u00a0Google Adsense Content \u0111\u00e3 pin, \u0111\u00e3 x\u00e1c minh, ch\u00fang t\u00f4i cung c\u1ea5p nhi\u1ec1u lo\u1ea1i account Adsense cho b\u1ea1n l\u1ef1a ch\u1ecdn.<\/p>\n","protected":false},"featured_media":1951,"comment_status":"open","ping_status":"closed","template":"","meta":[],"_links":{"self":[{"href":"https:\/\/hosting.conasi.vn\/w\/googleshop2011\/wp-json\/wp\/v2\/product\/1950"}],"collection":[{"href":"https:\/\/hosting.conasi.vn\/w\/googleshop2011\/wp-json\/wp\/v2\/product"}],"about":[{"href":"https:\/\/hosting.conasi.vn\/w\/googleshop2011\/wp-json\/wp\/v2\/types\/product"}],"replies":[{"embeddable":true,"href":"https:\/\/hosting.conasi.vn\/w\/googleshop2011\/wp-json\/wp\/v2\/comments?post=1950"}],"wp:featuredmedia":[{"embeddable":true,"href":"https:\/\/hosting.conasi.vn\/w\/googleshop2011\/wp-json\/wp\/v2\/media\/1951"}],"wp:attachment":[{"href":"https:\/\/hosting.conasi.vn\/w\/googleshop2011\/wp-json\/wp\/v2\/media?parent=1950"}],"curies":[{"name":"wp","href":"https:\/\/api.w.org\/{rel}","templated":true}]}}