{"id":1948,"date":"2019-09-10T09:07:03","date_gmt":"2019-09-10T02:07:03","guid":{"rendered":"http:\/\/dienthoai4.w2steam.com\/?post_type=product&#038;p=1948"},"modified":"2019-09-10T09:07:05","modified_gmt":"2019-09-10T02:07:05","slug":"tai-khoan-google-drive-unlimited-khong-gioi-han-luu-tru","status":"publish","type":"product","link":"https:\/\/hosting.conasi.vn\/w\/googleshop2011\/san-pham\/tai-khoan-google-drive-unlimited-khong-gioi-han-luu-tru\/","title":{"rendered":"T\u00e0i kho\u1ea3n Google Drive Unlimited \u2013 Kh\u00f4ng gi\u1edbi h\u1ea1n l\u01b0u tr\u1eef"},"content":{"rendered":"<p>C\u00f3 th\u1ec3 b\u1ea1n ch\u01b0a bi\u1ebft,<strong>\u00a0t\u00e0i kho\u1ea3n Google Drive Unlimited\u00a0<\/strong>l\u00e0 m\u1ed9t s\u1ea3n ph\u1ea9m c\u1ee7a Googe nh\u1eb1m \u0111\u00e1p \u1ee9ng nhu c\u1ea7u l\u01b0u tr\u1eef v\u00e0 chia s\u1ebb nh\u1eefng file c\u00f3 dung l\u01b0\u1ee3ng l\u1edbn m\u00e0 kh\u00f4ng b\u1ecb gi\u1edbi h\u1ea1n l\u01b0u tr\u1eef c\u0169ng nh\u01b0 b\u0103ng th\u00f4ng upload, download.\u00a0R\u1ea5t nhi\u1ec1u trang web phim c\u1ee7a Vi\u1ec7t Nam m\u00e0 t\u00f4i bi\u1ebft c\u0169ng s\u1eed d\u1ee5ng s\u1ea3n ph\u1ea9m n\u00e0y \u0111\u1ec3 l\u01b0u tr\u1eef phim.<\/p>\n<p><em>T\u00e0i kho\u1ea3n l\u01b0u tr\u1eef<\/em>\u00a0th\u00f4ng th\u01b0\u1eddng kh\u00e1c v\u1edbi<em>\u00a0t\u00e0i kho\u1ea3n Google Drive Unlimited<\/em>\u00a0l\u00e0 n\u00f3 ch\u1ec9 cho ph\u00e9p ng\u01b0\u1eddi d\u00f9ng s\u1eed d\u1ee5ng 15Gb mi\u1ec5n ph\u00ed tr\u00ean m\u1ed7i m\u1ed9t t\u00e0i kho\u1ea3n Google. N\u1ebfu b\u1ea1n l\u00e0 ng\u01b0\u1eddi c\u00f3 nhu c\u1ea7u s\u1eed d\u1ee5ng l\u1edbn cho vi\u1ec7c\u00a0<em>l\u01b0u tr\u1eef<\/em> file th\u00ec 15Gb nghe ch\u1eebng ch\u01b0a th\u1ef1c s\u1ef1 th\u1ecfa m\u00e3n l\u1eafm nh\u1ec9.+<\/p>\n<ul>\n<li>\u0110\u01b0\u1ee3c t\u1eb7ng<em>\u00a0r\u1ea5t nhi\u1ec1u m\u00f3n qu\u00e0<\/em> v\u1edbi gi\u00e1 tr\u1ecb kh\u00f4ng h\u1ec1 nh\u1ecf, xem t\u1ea1i \u0111\u00e2y<\/li>\n<li>Kh\u00f4ng gi\u1edbi h\u1ea1n dung l\u01b0\u1ee3ng l\u01b0u tr\u1eef d\u1eef li\u1ec7u cho c\u00e1c d\u1ecbch v\u1ee5: Drive, Photos, Mail.<\/li>\n<li>Kh\u00f4ng gi\u1edbi h\u1ea1n b\u0103ng th\u00f4ng t\u1ea3i v\u1ec1, n\u1ebfu b\u1ea1n s\u1eed d\u1ee5ng VPS window th\u00ec down\/up tho\u1ea3i m\u00e1i, t\u1ed1c \u0111\u1ed9 b\u00e0n th\u1edd<\/li>\n<li>S\u1eed d\u1ee5ng d\u1ecbch v\u1ee5\u00a0Google Vault d\u00f9ng l\u01b0u tr\u1eef v\u00e0 g\u1eedi email kh\u00f4ng gi\u1edbi h\u1ea1n.<\/li>\n<li>\u0110\u01b0\u1ee3c b\u1eadt t\u1ea5t c\u1ea3 d\u1ecbch v\u1ee5 li\u00ean quan nh\u01b0: Youtube,\u00a0Hangout, Blogger, Sites,\u2026<\/li>\n<li>T\u00ednh n\u0103ng h\u1eb9n gi\u1edd chia s\u1ebb d\u1eef li\u1ec7u cho m\u1ed9t t\u00e0i kho\u1ea3n kh\u00e1c.<\/li>\n<li>V\u00e0 nhi\u1ec1u t\u00ednh n\u0103ng k\u00e8m theo n\u1eefa\u2026.<\/li>\n<\/ul>\n<h3><span id=\"loai-1-tich-hop-chuc-nang-khong-gioi-han-va-tai-khoan-drive-cu-cua-ban\"><strong>Lo\u1ea1i 1: T\u00edch h\u1ee3p ch\u1ee9c n\u0103ng kh\u00f4ng gi\u1edbi h\u1ea1n v\u00e0 t\u00e0i kho\u1ea3n Drive c\u0169 c\u1ee7a b\u1ea1n<\/strong><\/span><\/h3>\n<ul>\n<li><b>Gi\u00e1<\/b>\u00a0<strong>400.000\u0111\u00a0<\/strong><del>(gi\u00e1 g\u1ed1c 700.000\u0111)<\/del><\/li>\n<li><strong>Th\u00f4ng tin:<\/strong>\u00a0l\u00e0 h\u00ecnh th\u1ee9c t\u00edch h\u1ee3p ch\u1ee9c n\u0103ng kh\u00f4ng gi\u1edbi h\u1ea1n v\u00e0o trong Drive c\u0169 c\u1ee7a b\u1ea1n. S\u1eed d\u1ee5ng ngay mail @gmail.com c\u1ee7a b\u1ea1n, kh\u00f4ng c\u1ea7n d\u00f9ng mail kh\u00e1c. H\u00ecnh th\u1ee9c n\u00e0y g\u1ecdi l\u00e0 Drive nh\u00f3m, n\u00f3 kh\u00e1c v\u1edbi share th\u01b0 m\u1ee5c nh\u00e9, b\u1ea1n n\u00e0o hi\u1ec3u n\u00f3 l\u00e0 th\u01b0 m\u1ee5c share th\u00ec kh\u00f4ng \u0111\u00fang. T\u1ee9c l\u00e0 trong Drive c\u0169 c\u1ee7a b\u1ea1n, d\u01b0\u1edbi m\u1ee5c\u00a0<em>Drive c\u1ee7a t\u00f4i<\/em>\u00a0s\u1ebd c\u00f3 th\u00eam m\u1ee5c t\u00ean l\u00e0\u00a0<em>Drive nh\u00f3m<\/em>, b\u1ea1n upload d\u1eef li\u1ec7u v\u00e0o \u0111\u00f3 th\u00ec s\u1ebd kh\u00f4ng gi\u1edbi h\u1ea1n dung l\u01b0\u1ee3ng, nh\u01b0ng t\u00e0i kho\u1ea3n Drive c\u1ee7a b\u1ea1n v\u1eabn l\u00e0 15Gb, hi\u1ec3u kh\u00f4ng nh\u1ec9. Kh\u00f4ng hi\u1ec3u th\u00ec \u0111\u1ecdc l\u1ea1i v\u00e0i l\u1ea7n nh\u00e9<\/li>\n<li><strong>\u01afu \u0111i\u1ec3m:<\/strong>\u00a0b\u1ea3o m\u1eadt t\u1ed1t, d\u1eef li\u1ec7u c\u1ee7a b\u1ea1n l\u00e0 c\u1ee7a ri\u00eang b\u1ea1n, admin v\u00e0 ng\u01b0\u1eddi kh\u00e1c kh\u00e1c kh\u00f4ng xem \u0111\u01b0\u1ee3c d\u1eef li\u1ec7u c\u1ee7a b\u1ea1n. M\u1ed7i ng\u01b0\u1eddi m\u1ed9t nh\u00f3m c\u01a1 m\u00e0, kh\u00f4ng ph\u1ea3i d\u00f9ng chung. Ti\u1ec7n cho c\u00f4ng vi\u1ec7c kh\u00f4ng c\u1ea7n d\u00f9ng mail kh\u00e1c v\u00ec nhi\u1ec1u ng\u01b0\u1eddi kh\u00f4ng th\u00edch d\u00f9ng mail kh\u00e1c (kh\u00f3 nh\u1edb, th\u01b0\u01a1ng hi\u1ec7u, blahh blac,..)<\/li>\n<li><strong>Khuy\u1ebft \u0111i\u1ec3m:<\/strong>\u00a0h\u1ea1n ch\u1ebf chia s\u1ebb link cho nhi\u1ec1u ng\u01b0\u1eddi download, mu\u1ed1n chia s\u1ebb ch\u1ec9 c\u00f3 th\u1ec3 c\u1ea5p quy\u1ec1n cho t\u1eebng ng\u01b0\u1eddi. Kh\u00f4ng \u0111\u1ed3ng b\u1ed9 h\u00f3a (sync) \u0111\u01b0\u1ee3c v\u1edbi m\u00e1y t\u00ednh\/ \u0111i\u1ec7n tho\u1ea1i.<\/li>\n<li><strong>L\u1eddi khuy\u00ean:<\/strong>\u00a0t\u00f9y v\u00e0o nhu c\u1ea7u s\u1eed d\u1ee5ng c\u1ee7a b\u1ea1n \u0111\u1ec3 ch\u1ecdn mua, \u0111\u1ecdc \u01b0u, khuy\u1ebft \u0111i\u1ec3m \u1edf tr\u00ean \u0111\u1ec3 l\u1ef1a ch\u1ecdn. N\u1ebfu l\u01b0u tr\u1eef d\u1eef li\u1ec7u cho c\u00e1 nh\u00e2n, \u00edt chia s\u1ebb th\u00ec n\u00ean mua lo\u1ea1i n\u00e0y.<\/li>\n<\/ul>\n<h3><span id=\"loai-2-su-dung-mail-edu-co-chuc-nang-khong-gioi-han\"><strong>Lo\u1ea1i 2: S\u1eed d\u1ee5ng mail Edu c\u00f3 ch\u1ee9c n\u0103ng kh\u00f4ng gi\u1edbi h\u1ea1n<\/strong><\/span><\/h3>\n<ul>\n<li><b>Gi\u00e1<\/b>\u00a0<strong>350.000\u0111\u00a0<\/strong><del>(gi\u00e1 g\u1ed1c 500.000\u0111)<\/del><\/li>\n<li><strong>Th\u00f4ng tin:<\/strong>\u00a0n\u1ebfu b\u1ea1n n\u00e0o \u0111\u00e3 t\u1eebng nghe qua v\u1ec1 mail edu th\u00ec b\u1ea1n c\u00f3 th\u1ec3 t\u00ecm hi\u1ec3u th\u00eam, \u0111\u1ed1i v\u1edbi mail edu s\u1ebd \u0111\u01b0\u1ee3c h\u01b0\u1edfng \u01b0u \u0111\u00e3i t\u1eeb nhi\u1ec1u d\u1ecbch v\u1ee5 c\u1ee7a Google, trong \u0111\u00f3 c\u00f3 Google drive, ta \u0111\u01b0\u1ee3c ph\u00e9p s\u1eed d\u1ee5ng\u00a0<em>kh\u00f4ng gi\u1edbi h\u1ea1n dung l\u01b0\u1ee3ng l\u01b0u tr\u1eef<\/em>\u00a0 d\u1ecbch v\u1ee5 c\u1ee7a h\u1ecd (kh\u00e1c h\u1eb3n v\u1edbi c\u00e1i lo\u1ea1i mi\u1ec5n ph\u00ed @gmail.com). Ch\u00fang ta t\u1eadn d\u1ee5ng \u01b0u \u0111\u00e3i n\u00e0y c\u1ee7a Google \u0111\u1ec3 s\u1eed d\u1ee5ng, b\u00ean m\u00ecnh cung c\u1ea5p h\u1ee3p ph\u00e1p ch\u1ee9 kh\u00f4ng ph\u1ea3i l\u00e1ch lu\u1eadt hay l\u1eeba \u0111\u1ea3o g\u00ec. (th\u00e1nh n\u00e0o b\u1ea3o e l\u1eeba \u0111\u01b0\u1ee3c google e t\u00f4n anh b\u1eb1ng th\u1ea7n lu\u00f4n).<\/li>\n<li><strong>\u01afu \u0111i\u1ec3m:<\/strong>\u00a0b\u1ea3o m\u1eadt t\u1ed1t, d\u1eef li\u1ec7u c\u1ee7a b\u1ea1n l\u00e0 c\u1ee7a ri\u00eang b\u1ea1n, admin v\u00e0 ng\u01b0\u1eddi kh\u00e1c kh\u00e1c kh\u00f4ng xem \u0111\u01b0\u1ee3c d\u1eef li\u1ec7u c\u1ee7a b\u1ea1n. Kh\u00f4ng gi\u1edbi h\u1ea1n t\u1ea5t c\u1ea3 c\u00e1c d\u1ecbch v\u1ee5 c\u1ee7a Google, bao g\u1ed3m c\u00e1c d\u1ecbch v\u1ee5 th\u01b0\u1eddng xuy\u00ean \u0111\u01b0\u1ee3c s\u1eed d\u1ee5ng nh\u01b0 Drive, Mail, Photos,\u2026 V\u00e0 c\u00f2n nhi\u1ec1u \u01b0u \u0111i\u1ec3m kh\u00e1c \u0111\u00e3 n\u00f3i t\u1eeb \u0111\u1ea7u.<\/li>\n<li><strong>Khuy\u1ebft \u0111i\u1ec3m:<\/strong>\u00a0s\u1eed d\u1ee5ng mail m\u1edbi c\u00f3 d\u1ea1ng\u00a0s\u1ed1@\u2026.edu.vn h\u01a1i kh\u00f3 nh\u1edb 1 t\u00ed th\u00f4i, H\u1ebeT !<\/li>\n<li><strong>L\u1eddi khuy\u00ean:<\/strong>\u00a0t\u00f9y v\u00e0o nhu c\u1ea7u s\u1eed d\u1ee5ng c\u1ee7a b\u1ea1n \u0111\u1ec3 ch\u1ecdn mua, \u0111\u1ecdc \u01b0u, khuy\u1ebft \u0111i\u1ec3m \u1edf tr\u00ean \u0111\u1ec3 l\u1ef1a ch\u1ecdn. Th\u01b0\u1eddng s\u1eed d\u1ee5ng mail edu \u0111\u1ec3 l\u01b0u tr\u1eef phim, \u1ea3nh, d\u1eef li\u1ec7u kh\u00e1c c\u00f3 chia s\u1ebb cho nhi\u1ec1u ng\u01b0\u1eddi kh\u00e1c download, ho\u1eb7c g\u1eedi \u1ea3nh, d\u1eef li\u1ec7u cho kh\u00e1ch, v\u00e2n v\u00e2n v\u00e0 m\u00e2y m\u00e2y.<\/li>\n<\/ul>\n<h2><span id=\"thong-tin-them-ve-tai-khoan-google-drive-unlimited\"><strong>Th\u00f4ng tin th\u00eam v\u1ec1 t\u00e0i kho\u1ea3n\u00a0Google Drive Unlimited<\/strong><\/span><\/h2>\n<div class=\"starlist tie-list-shortcode\">\n<ul>\n<li>Th\u1eddi h\u1ea1n s\u1eed d\u1ee5ng t\u00e0i kho\u1ea3n:<strong>\u00a0v\u0129nh vi\u1ec5n<\/strong><\/li>\n<li>C\u1ea5u tr\u00fac t\u00ean c\u00f3 d\u1ea1ng:<strong>\u00a0s\u1ed1@\u2026edu.vn<\/strong><\/li>\n<li>Th\u1eddi gian b\u1ea3o h\u00e0nh:<strong>\u00a010 n\u0103m\u00a0<\/strong>(1 \u0111\u1ed5i 1 n\u1ebfu l\u1ed7i t\u1eeb ph\u00eda ch\u00fang t\u00f4i)<\/li>\n<li>Mua m\u1ed9t<em>\u00a0t\u00e0i kho\u1ea3n<\/em>\u00a0<em>Google Drive Unlimited\u00a0<\/em>kh\u00f4ng \u0111\u01a1n thu\u1ea7n ch\u1ec9 c\u00f3 ch\u1ee9c n\u0103ng l\u01b0u tr\u1eef d\u1eef li\u1ec7u. S\u1edf h\u1eefu mail edu n\u00e0y b\u1ea1n c\u00f2n nh\u1eadn \u0111\u01b0\u1ee3c r\u1ea5t nhi\u1ec1u \u01b0u \u0111\u00e3i n\u1eefa c\u01a1. D\u00f9ng mail edu b\u1ea1n mua \u0111\u1ec3 \u0111\u0103ng k\u00fd nh\u1eadn \u01b0u \u0111\u00e3i cho c\u00e1c d\u1ecbch v\u1ee5 d\u01b0\u1edbi \u0111\u00e2y.<\/li>\n<li>Onedrive.com: t\u1eb7ng b\u1ea1n\u00a0<strong>1 t\u00e0i kho\u1ea3n Onedrive<\/strong>\u00a0dung l\u01b0\u1ee3ng 1TB, th\u1eddi h\u1ea1n v\u0129nh vi\u1ec5n. B\u1ea1n upload d\u1eef li\u1ec7u l\u00ean c\u1ea3 2 d\u1ecbch v\u1ee5 th\u00ec \u0111\u1ea3m b\u1ea3o d\u1eef li\u1ec7u s\u1ebd r\u1ea5t an to\u00e0n.<\/li>\n<li>Namecheap.com: t\u1eb7ng b\u1ea1n 1 t\u00ean mi\u1ec1n .ME m\u1ed9t n\u0103m mi\u1ec5n ph\u00ed<\/li>\n<li>Microsoft Office 365\u00a0(bao g\u1ed3m Word, Excel, Powerpoint, Outlook,\u2026): d\u00f9ng mi\u1ec5n ph\u00ed ch\u1ecdn \u0111\u1eddi.<\/li>\n<li>Amazon prime: mi\u1ec5n ph\u00ed 6 th\u00e1ng s\u1eed d\u1ee5ng<\/li>\n<li>V\u00e0 r\u1ea5t r\u1ea5t nhi\u1ec1u \u01b0u \u0111\u00e3i kh\u00e1c d\u00e0nh cho Mail Edu,<\/li>\n<li>Mua 1 nh\u01b0ng \u0111\u01b0\u1ee3c c\u1ea3 h\u01a1n 10\u2026<\/li>\n<li>D\u1eef li\u1ec7u c\u1ee7a b\u1ea1n \u0111\u01b0\u1ee3c b\u1ea3o m\u1eadt v\u00e0 qu\u1ea3n l\u00fd ho\u00e0n to\u00e0n nh\u01b0 m\u1ed9t t\u00e0i kho\u1ea3n Gmail b\u00ecnh th\u01b0\u1eddng, t\u00f4i kh\u00f4ng c\u00f3 quy\u1ec1n can thi\u1ec7p c\u0169ng nh\u01b0 thay \u0111\u1ed5i g\u00ec trong t\u00e0i kho\u1ea3n c\u1ee7a b\u1ea1n<\/li>\n<\/ul>\n<\/div>\n<h2><span id=\"cam-ket-100-cua-chung-toi\"><strong>Cam k\u1ebft 100%\u00a0c\u1ee7a ch\u00fang t\u00f4i<\/strong><\/span><\/h2>\n<ul>\n<li>Kh\u00f4ng bao gi\u1edd b\u1ecb kh\u00f3a: tr\u1eeb tr\u01b0\u1eddng h\u1ee3p vi ph\u1ea1m\u00a0quy \u0111\u1ecbnh s\u1eed d\u1ee5ng c\u1ee7a Google (ch\u1ee9a virus, crack, b\u1ea3n quy\u1ec1n n\u1eb7ng,\u2026)<\/li>\n<li>B\u1ea3o h\u00e0nh:\u00a0<strong>10 n\u0103m.<\/strong><\/li>\n<li>B\u1ea3o m\u1eadt: 100% t\u1eeb ch\u00ednh s\u00e1ch b\u1ea3o m\u1eadt c\u1ee7a Google v\u00e0\u00a0ch\u00fang t\u00f4i, d\u1eef li\u1ec7u c\u1ee7a b\u1ea1n kh\u00f4ng th\u1ec3 b\u1ecb l\u1ecdt ra b\u00ean ngo\u00e0i.<\/li>\n<li>Th\u1eddi gian giao t\u00e0i kho\u1ea3n: trong ng\u00e0y (th\u01b0\u1eddng ch\u1ec9 trong v\u00e0i 3 ph\u00fat n\u1ebfu Ho\u00e0ng r\u1ea3nh h\u00e1ng :v ).<\/li>\n<li>N\u1ebfu hy h\u1eefu\u00a0x\u1ea3y ra s\u1ef1 c\u1ed1 do l\u1ed7i t\u1eeb ph\u00eda ch\u00fang t\u00f4i:\u00a0<strong>h\u1ed7 tr\u1ee3\u00a0kh\u00f4i ph\u1ee5c to\u00e0n b\u1ed9\u00a0d\u1eef li\u1ec7u c\u1ee7a b\u1ea1n, v\u00e0 th\u1ef1c hi\u1ec7n 1 \u0111\u1ed5i 1 n\u1ebfu kh\u00f4ng kh\u1eafc ph\u1ee5c \u0111\u01b0\u1ee3c.\u00a0<\/strong><\/li>\n<\/ul>\n","protected":false},"excerpt":{"rendered":"<p>C\u00f3 th\u1ec3 b\u1ea1n ch\u01b0a bi\u1ebft,<strong>\u00a0t\u00e0i kho\u1ea3n Google Drive Unlimited\u00a0<\/strong>l\u00e0 m\u1ed9t s\u1ea3n ph\u1ea9m c\u1ee7a Googe nh\u1eb1m \u0111\u00e1p \u1ee9ng nhu c\u1ea7u l\u01b0u tr\u1eef v\u00e0 chia s\u1ebb nh\u1eefng file c\u00f3 dung l\u01b0\u1ee3ng l\u1edbn m\u00e0 kh\u00f4ng b\u1ecb gi\u1edbi h\u1ea1n l\u01b0u tr\u1eef c\u0169ng nh\u01b0 b\u0103ng th\u00f4ng upload, download.\u00a0R\u1ea5t nhi\u1ec1u trang web phim c\u1ee7a Vi\u1ec7t Nam m\u00e0 t\u00f4i bi\u1ebft c\u0169ng s\u1eed d\u1ee5ng s\u1ea3n ph\u1ea9m n\u00e0y \u0111\u1ec3 l\u01b0u tr\u1eef phim.<\/p>\n","protected":false},"featured_media":1949,"comment_status":"open","ping_status":"closed","template":"","meta":[],"_links":{"self":[{"href":"https:\/\/hosting.conasi.vn\/w\/googleshop2011\/wp-json\/wp\/v2\/product\/1948"}],"collection":[{"href":"https:\/\/hosting.conasi.vn\/w\/googleshop2011\/wp-json\/wp\/v2\/product"}],"about":[{"href":"https:\/\/hosting.conasi.vn\/w\/googleshop2011\/wp-json\/wp\/v2\/types\/product"}],"replies":[{"embeddable":true,"href":"https:\/\/hosting.conasi.vn\/w\/googleshop2011\/wp-json\/wp\/v2\/comments?post=1948"}],"wp:featuredmedia":[{"embeddable":true,"href":"https:\/\/hosting.conasi.vn\/w\/googleshop2011\/wp-json\/wp\/v2\/media\/1949"}],"wp:attachment":[{"href":"https:\/\/hosting.conasi.vn\/w\/googleshop2011\/wp-json\/wp\/v2\/media?parent=1948"}],"curies":[{"name":"wp","href":"https:\/\/api.w.org\/{rel}","templated":true}]}}