{"id":1940,"date":"2019-09-10T00:40:14","date_gmt":"2019-09-09T17:40:14","guid":{"rendered":"http:\/\/dienthoai4.w2steam.com\/?post_type=product&#038;p=1940"},"modified":"2019-11-05T22:24:34","modified_gmt":"2019-11-05T15:24:34","slug":"google-pixel-2-moi-100-fullbox","status":"publish","type":"product","link":"https:\/\/hosting.conasi.vn\/w\/googleshop2011\/san-pham\/google-pixel-2-moi-100-fullbox\/","title":{"rendered":"Google Pixel 2 m\u1edbi 100% fullbox nh\u1eadp kh\u1ea9u H\u00e0n Qu\u1ed1c"},"content":{"rendered":"<div class=\"article_content\">\n<p>V\u1ec1 ngo\u1ea1i h\u00ecnh th\u00ec b\u1ed9 \u0111\u00f4i n\u0103m nay kh\u00f4ng c\u00f3 nhi\u1ec1u kh\u00e1c bi\u1ec7t so v\u1edbi Pixel v\u00e0 Pixel XL ra m\u1eaft tr\u01b0\u1edbc \u0111\u00f3. \u0110i\u1ec3m nh\u1ea5n v\u1eabn l\u00e0 m\u1eb7t l\u01b0ng v\u1edbi 2 ph\u1ea7n k\u00ednh v\u00e0 kim lo\u1ea1i \u0111\u1ed9c \u0111\u00e1o.<\/p>\n<p><img loading=\"lazy\" src=\"https:\/\/xdavn.com\/cdn3\/Image\/201804\/google-pixel-21(1).jpg\" alt=\"\" width=\"640\" height=\"326\" \/><\/p>\n<p><i>M\u00e1y s\u1edf h\u1eefu ngo\u1ea1i h\u00ecnh kh\u00f4ng \u0111\u1ee5ng h\u00e0ng<\/i><\/p>\n<p>Kh\u00e1 \u0111\u00e1ng ti\u1ebfc l\u00e0 Pixel 2 v\u1eabn c\u00f3 ch\u00fat truy\u1ec1n th\u1ed1ng, n\u00f3 kh\u00f4ng ph\u1ea3i d\u00f9ng m\u00e0n h\u00ecnh 18:9 tr\u00e0n c\u1ea1nh m\u00e0 v\u1eabn l\u00e0 16:9, vi\u1ec1n c\u1ea1nh tr\u00ean v\u00e0 d\u01b0\u1edbi v\u1eabn r\u1ea5t d\u00e0y.<\/p>\n<p><img class=\"lazy\" title=\"Vi\u1ec1n m\u00e0n h\u00ecnh c\u00f2n kh\u00e1 d\u00e0y\" src=\"https:\/\/cdn1.tgdd.vn\/Products\/Images\/42\/106464\/google-pixel-23.jpg\" alt=\"Vi\u1ec1n m\u00e0n h\u00ecnh c\u00f2n kh\u00e1 d\u00e0y\" data-original=\"https:\/\/cdn1.tgdd.vn\/Products\/Images\/42\/106464\/google-pixel-23.jpg\" \/><\/p>\n<p><i>Vi\u1ec1n m\u00e0n h\u00ecnh c\u00f2n kh\u00e1 d\u00e0y<\/i><\/p>\n<p>Pixel 2 c\u0169ng \u0111\u01b0\u1ee3c t\u00edch h\u1ee3p t\u00ednh n\u0103ng \u201cb\u00f3p c\u1ea1nh\u201d \u0111\u1ec3 kh\u1edfi ch\u1ea1y Google Assistant, m\u1ed9t chi ti\u1ebft gi\u1ed1ng v\u1edbi HTC 11.<\/p>\n<p><img class=\"lazy\" title=\"T\u00ednh n\u0103ng b\u00f3p \u1edf c\u1ea1nh c\u0169ng \u0111\u00e3 \u0111\u01b0\u1ee3c Google mang l\u00ean Pixel 2\" src=\"https:\/\/cdn3.tgdd.vn\/Products\/Images\/42\/106464\/google-pixel-24.jpg\" alt=\"T\u00ednh n\u0103ng b\u00f3p \u1edf c\u1ea1nh c\u0169ng \u0111\u00e3 \u0111\u01b0\u1ee3c Google mang l\u00ean Pixel 2\" data-original=\"https:\/\/cdn3.tgdd.vn\/Products\/Images\/42\/106464\/google-pixel-24.jpg\" \/><\/p>\n<p><i>T\u00ednh n\u0103ng b\u00f3p \u1edf c\u1ea1nh c\u0169ng \u0111\u00e3 \u0111\u01b0\u1ee3c Google mang l\u00ean Pixel 2<\/i><\/p>\n<p>Ngo\u00e0i ra m\u1ed9t chi ti\u1ebft quan tr\u1ecdng kh\u00e1c l\u00e0 Google c\u0169ng \u0111\u00e3 lo\u1ea1i b\u1ecf jack c\u1eafm tai nghe tr\u00ean b\u1ed9 \u0111\u00f4i n\u00e0y.<\/p>\n<p><img class=\"lazy\" title=\"USB Type C s\u1ebd thay th\u1ebf vai tr\u00f2 c\u1ee7a jack c\u1eafm tai nghe\" src=\"https:\/\/cdn.tgdd.vn\/Products\/Images\/42\/106464\/google-pixel-211.jpg\" alt=\"USB Type C s\u1ebd thay th\u1ebf vai tr\u00f2 c\u1ee7a jack c\u1eafm tai nghe\" data-original=\"https:\/\/cdn.tgdd.vn\/Products\/Images\/42\/106464\/google-pixel-211.jpg\" \/><\/p>\n<p><i>USB Type C s\u1ebd thay th\u1ebf vai tr\u00f2 c\u1ee7a jack c\u1eafm tai nghe<\/i><\/p>\n<p>Kh\u1ea3 n\u0103ng ch\u1ed1ng n\u01b0\u1edbc ch\u1eafc ch\u1eafn l\u00e0 y\u1ebfu t\u1ed1 kh\u00f4ng th\u1ec3 thi\u1ebfu tr\u00ean m\u1ed9t chi\u1ebfc\u00a0smartphone\u00a0cao c\u1ea5p \u1edf th\u1eddi \u0111i\u1ec3m hi\u1ec7n t\u1ea1i v\u00e0 hai chi\u1ebfc smartphone n\u00e0y c\u0169ng v\u1eady v\u1edbi ti\u00eau chu\u1ea9n IP67.<\/p>\n<h3><strong>M\u00e0n h\u00ecnh s\u1eafc n\u00e9t<\/strong><\/h3>\n<p>M\u00e1y \u0111\u01b0\u1ee3c trang b\u1ecb m\u1ed9t m\u00e0n h\u00ecnh c\u00f3 k\u00edch th\u01b0\u1edbc 5 inch \u0111\u1ed9 ph\u00e2n gi\u1ea3i\u00a0Full HD, t\u1ef7 l\u1ec7 16:9 truy\u1ec1n th\u1ed1ng.<\/p>\n<p><img class=\"lazy\" title=\"M\u00e0n h\u00ecnh kh\u00e1 ti\u00eau chu\u1ea9n, hi\u1ec3n th\u1ecb \u0111\u1eb9p\" src=\"https:\/\/cdn2.tgdd.vn\/Products\/Images\/42\/106464\/google-pixel-214.jpg\" alt=\"M\u00e0n h\u00ecnh kh\u00e1 ti\u00eau chu\u1ea9n, hi\u1ec3n th\u1ecb \u0111\u1eb9p\" data-original=\"https:\/\/cdn2.tgdd.vn\/Products\/Images\/42\/106464\/google-pixel-214.jpg\" \/><\/p>\n<p><i>M\u00e0n h\u00ecnh kh\u00e1 ti\u00eau chu\u1ea9n, hi\u1ec3n th\u1ecb \u0111\u1eb9p<\/i><\/p>\n<p>Google Pixel 2 s\u1eed d\u1ee5ng m\u00e0n h\u00ecnh AMOLED v\u00e0 c\u0169ng c\u00f3 t\u00ednh n\u0103ng Alway On Display \u0111\u1ec3 lu\u00f4n hi\u1ec3n th\u1ecb th\u00f4ng b\u00e1o v\u00e0 th\u1eddi gian khi m\u00e0n h\u00ecnh t\u1eaft.<\/p>\n<h3><strong>Camera \u0111\u1ea7u b\u1ea3ng<\/strong><\/h3>\n<p>Trong bu\u1ed5i gi\u1edbi thi\u1ec7u th\u00ec Google c\u0169ng \u0111\u1eb7c bi\u1ec7t nh\u1ea5n m\u1ea1nh v\u1ec1 kh\u1ea3 n\u0103ng ch\u1ee5p \u1ea3nh c\u1ee7a\u00a0Google Pixel 2 v\u1edbi s\u1ed1 \u0111i\u1ec3m cao nh\u1ea5t t\u1eeb tr\u01b0\u1edbc \u0111\u1ebfn nay t\u1edbi t\u1eeb trang DxOMark.<\/p>\n<p><img class=\"lazy\" title=\"Camera ch\u00ednh c\u1ee7a m\u00e1y h\u01a1i l\u1ed3i nh\u1eb9\" src=\"https:\/\/cdn4.tgdd.vn\/Products\/Images\/42\/106464\/google-pixel-215.jpg\" alt=\"Camera ch\u00ednh c\u1ee7a m\u00e1y h\u01a1i l\u1ed3i nh\u1eb9\" data-original=\"https:\/\/cdn4.tgdd.vn\/Products\/Images\/42\/106464\/google-pixel-215.jpg\" \/><\/p>\n<p><i>Camera ch\u00ednh c\u1ee7a m\u00e1y h\u01a1i l\u1ed3i nh\u1eb9<\/i><\/p>\n<p>M\u1eb7c d\u00f9 kh\u00f4ng s\u1edf h\u1eefu camera k\u00e9p nh\u01b0ng Pixel 2 v\u1edbi camera ch\u00ednh 12 MP s\u1edf h\u1eefu c\u00f4ng ngh\u1ec7 tr\u00ed tu\u1ec7 nh\u00e2n t\u1ea1o AI.<\/p>\n<p><img class=\"lazy\" title=\"M\u00e1y cho kh\u1ea3 n\u0103ng l\u1ea5y n\u00e9t r\u1ea5t nhanh, \u1ea3nh ch\u1ee5p chi ti\u1ebft cao\" src=\"https:\/\/cdn1.tgdd.vn\/Products\/Images\/42\/106464\/google-pixel-25.jpg\" alt=\"M\u00e1y cho kh\u1ea3 n\u0103ng l\u1ea5y n\u00e9t r\u1ea5t nhanh, \u1ea3nh ch\u1ee5p chi ti\u1ebft cao\" data-original=\"https:\/\/cdn1.tgdd.vn\/Products\/Images\/42\/106464\/google-pixel-25.jpg\" \/><\/p>\n<p><i>M\u00e1y cho kh\u1ea3 n\u0103ng l\u1ea5y n\u00e9t r\u1ea5t nhanh, \u1ea3nh ch\u1ee5p chi ti\u1ebft cao<\/i><\/p>\n<p>B\u00ean c\u1ea1nh \u0111\u00f3, camera c\u1ee7a m\u00e1y \u0111\u01b0\u1ee3c t\u00edch h\u1ee3p nhi\u1ec1u ch\u1ebf \u0111\u1ed9 v\u00e0 t\u00ednh n\u0103ng h\u1ea5p d\u1eabn nh\u01b0 AR hay ch\u1ee5p \u1ea3nh ch\u00e2n dung.<\/p>\n<p><img class=\"lazy\" title=\"Tr\u00ed tu\u1ec7 nh\u00e2n t\u1ea1o AI \u0111em l\u1ea1i s\u1ef1 kh\u00e1c bi\u1ec7t\" src=\"https:\/\/cdn3.tgdd.vn\/Products\/Images\/42\/106464\/google-pixel-26.jpg\" alt=\"Tr\u00ed tu\u1ec7 nh\u00e2n t\u1ea1o AI \u0111em l\u1ea1i s\u1ef1 kh\u00e1c bi\u1ec7t\" data-original=\"https:\/\/cdn3.tgdd.vn\/Products\/Images\/42\/106464\/google-pixel-26.jpg\" \/><\/p>\n<p><i>Tr\u00ed tu\u1ec7 nh\u00e2n t\u1ea1o AI \u0111em l\u1ea1i s\u1ef1 kh\u00e1c bi\u1ec7t<\/i><\/p>\n<p>Camera selfie c\u1ee7a m\u00e1y c\u00f3 \u0111\u1ed9 ph\u00e2n gi\u1ea3i 8 MP v\u00e0 c\u0169ng h\u1ed7 tr\u1ee3 ch\u1ee5p \u1ea3nh t\u1ef1 s\u01b0\u1edbng x\u00f3a ph\u00f4ng.<\/p>\n<p><img class=\"lazy\" title=\"D\u00f9 ch\u1ec9 c\u00f3 m\u1ed9t camera nh\u01b0ng Pixel v\u1eabn cho kh\u1ea3 n\u0103ng x\u00f3a ph\u00f4ng \u1ea5n t\u01b0\u1ee3ng\" src=\"https:\/\/cdn.tgdd.vn\/Products\/Images\/42\/106464\/google-pixel-22.jpg\" alt=\"D\u00f9 ch\u1ec9 c\u00f3 m\u1ed9t camera nh\u01b0ng Pixel v\u1eabn cho kh\u1ea3 n\u0103ng x\u00f3a ph\u00f4ng \u1ea5n t\u01b0\u1ee3ng\" data-original=\"https:\/\/cdn.tgdd.vn\/Products\/Images\/42\/106464\/google-pixel-22.jpg\" \/><\/p>\n<p><i>D\u00f9 ch\u1ec9 c\u00f3 m\u1ed9t camera nh\u01b0ng Pixel v\u1eabn cho kh\u1ea3 n\u0103ng x\u00f3a ph\u00f4ng \u1ea5n t\u01b0\u1ee3ng<\/i><\/p>\n<h3><strong>Hi\u1ec7u n\u0103ng h\u00e0ng \u0111\u1ea7u<\/strong><\/h3>\n<p>V\u1ec1 c\u1ea5u h\u00ecnh, Pixel 2 \u0111\u01b0\u1ee3c t\u00edch h\u1ee3p vi x\u1eed l\u00fd\u00a0Qualcomm Snapdragon 835, 4 GB RAM v\u00e0 64 GB b\u1ed9 nh\u1edb trong h\u1ee9a h\u1eb9n cung c\u1ea5p hi\u1ec7u n\u0103ng c\u1ef1c k\u1ef3 m\u1ea1nh m\u1ebd.<\/p>\n<p><img class=\"lazy\" title=\"Hi\u1ec7u n\u0103ng \u0111\u00e1p \u1ee9ng t\u1ed1t m\u1ecdi nhu c\u1ea7u\" src=\"https:\/\/cdn2.tgdd.vn\/Products\/Images\/42\/106464\/google-pixel-28.jpg\" alt=\"Hi\u1ec7u n\u0103ng \u0111\u00e1p \u1ee9ng t\u1ed1t m\u1ecdi nhu c\u1ea7u\" data-original=\"https:\/\/cdn2.tgdd.vn\/Products\/Images\/42\/106464\/google-pixel-28.jpg\" \/><\/p>\n<p><i>Hi\u1ec7u n\u0103ng \u0111\u00e1p \u1ee9ng t\u1ed1t m\u1ecdi nhu c\u1ea7u<\/i><\/p>\n<p>M\u00e1y \u0111\u01b0\u1ee3c c\u00e0i s\u1eb5n\u00a0Android Oreo 8.0 v\u00e0 ch\u1ea1y giao di\u1ec7n thu\u1ea7n Android n\u00ean \u0111em l\u1ea1i cho b\u1ea1n m\u1ed9t s\u1ef1 m\u01b0\u1ee3t m\u00e0 \u1ea5n t\u01b0\u1ee3ng m\u00e0 kh\u00f4ng m\u1ed9t chi\u1ebfc smartphone Android n\u00e0o c\u00f3 th\u1ec3 mang l\u1ea1i.<\/p>\n<p><img class=\"lazy\" title=\"Ch\u1eafc ch\u1eafn s\u1ebd nh\u1eadn \u0111\u01b0\u1ee3c c\u00e1c b\u1ea3n c\u1eadp nh\u1eadt l\u00e2u d\u00e0i t\u1eeb Google\" src=\"https:\/\/cdn4.tgdd.vn\/Products\/Images\/42\/106464\/google-pixel-210.jpg\" alt=\"Ch\u1eafc ch\u1eafn s\u1ebd nh\u1eadn \u0111\u01b0\u1ee3c c\u00e1c b\u1ea3n c\u1eadp nh\u1eadt l\u00e2u d\u00e0i t\u1eeb Google\" data-original=\"https:\/\/cdn4.tgdd.vn\/Products\/Images\/42\/106464\/google-pixel-210.jpg\" \/><\/p>\n<p><i>Ch\u1eafc ch\u1eafn s\u1ebd nh\u1eadn \u0111\u01b0\u1ee3c c\u00e1c b\u1ea3n c\u1eadp nh\u1eadt l\u00e2u d\u00e0i t\u1eeb Google<\/i><\/p>\n<p>Nh\u00ecn chung\u00a0Google Pixel 2 l\u00e0 m\u1ed9t chi\u1ebfc m\u00e1y t\u1ed1t v\u1ec1 m\u1ecdi m\u1eb7t v\u00e0 l\u00e0 chi\u1ebfc flagship Android r\u1ea5t \u0111\u00e1ng s\u1edf h\u1eefu trong n\u0103m 2017.<\/p>\n<\/div>\n<div class=\"view-more\"><\/div>\n","protected":false},"excerpt":{"rendered":"<p>V\u1ec1 ngo\u1ea1i h\u00ecnh th\u00ec b\u1ed9 \u0111\u00f4i n\u0103m nay kh\u00f4ng c\u00f3 nhi\u1ec1u kh\u00e1c bi\u1ec7t so v\u1edbi Pixel v\u00e0 Pixel XL ra m\u1eaft tr\u01b0\u1edbc \u0111\u00f3. \u0110i\u1ec3m nh\u1ea5n v\u1eabn l\u00e0 m\u1eb7t l\u01b0ng v\u1edbi 2 ph\u1ea7n k\u00ednh v\u00e0 kim lo\u1ea1i \u0111\u1ed9c \u0111\u00e1o. M\u00e1y s\u1edf h\u1eefu ngo\u1ea1i h\u00ecnh kh\u00f4ng \u0111\u1ee5ng h\u00e0ng Kh\u00e1 \u0111\u00e1ng ti\u1ebfc l\u00e0 Pixel 2 v\u1eabn c\u00f3 ch\u00fat &#8230;<\/p>\n","protected":false},"featured_media":1898,"comment_status":"open","ping_status":"closed","template":"","meta":[],"_links":{"self":[{"href":"https:\/\/hosting.conasi.vn\/w\/googleshop2011\/wp-json\/wp\/v2\/product\/1940"}],"collection":[{"href":"https:\/\/hosting.conasi.vn\/w\/googleshop2011\/wp-json\/wp\/v2\/product"}],"about":[{"href":"https:\/\/hosting.conasi.vn\/w\/googleshop2011\/wp-json\/wp\/v2\/types\/product"}],"replies":[{"embeddable":true,"href":"https:\/\/hosting.conasi.vn\/w\/googleshop2011\/wp-json\/wp\/v2\/comments?post=1940"}],"wp:featuredmedia":[{"embeddable":true,"href":"https:\/\/hosting.conasi.vn\/w\/googleshop2011\/wp-json\/wp\/v2\/media\/1898"}],"wp:attachment":[{"href":"https:\/\/hosting.conasi.vn\/w\/googleshop2011\/wp-json\/wp\/v2\/media?parent=1940"}],"curies":[{"name":"wp","href":"https:\/\/api.w.org\/{rel}","templated":true}]}}