{"id":1935,"date":"2019-09-10T00:36:20","date_gmt":"2019-09-09T17:36:20","guid":{"rendered":"http:\/\/dienthoai4.w2steam.com\/?post_type=product&#038;p=1935"},"modified":"2019-09-10T00:36:20","modified_gmt":"2019-09-09T17:36:20","slug":"google-pixel-cu-nhap-khau-han-quoc","status":"publish","type":"product","link":"https:\/\/hosting.conasi.vn\/w\/googleshop2011\/san-pham\/google-pixel-cu-nhap-khau-han-quoc\/","title":{"rendered":"Google Pixel c\u0169 nh\u1eadp kh\u1ea9u H\u00e0n Qu\u1ed1c"},"content":{"rendered":"<p><strong>Google Pixel v\u00e0 Pixel XL<\/strong>\u00a0s\u1edf h\u1eefu thi\u1ebft k\u1ebf t\u01b0\u01a1ng \u0111\u1ed3ng nhau v\u1edbi ch\u1ea5t li\u1ec7u kim lo\u1ea1i nguy\u00ean kh\u1ed1i c\u00f9ng m\u1ed9t m\u1ea3nh k\u00ednh\u00a0c\u01b0\u1eddng l\u1ef1c\u00a0gh\u00e9p s\u00e1t c\u1ea1nh tr\u00ean c\u1ee7a m\u00e1y che ph\u1ee7 cho camera v\u00e0 c\u1ea3m bi\u1ebfn v\u00e2n tay. \u0110i\u1ec3m kh\u00e1c bi\u1ec7t duy nh\u1ea5t \u0111\u00f3 l\u00e0 v\u1ec1 k\u00edch th\u01b0\u1edbc,dung l\u01b0\u1ee3ng pin v\u00e0 \u0111\u1ed9 ph\u00e2n gi\u1ea3i m\u00e0n h\u00ecnh.<\/p>\n<p><img loading=\"lazy\" src=\"https:\/\/digiphone.com.vn\/upload\/Google_Pixel_vs_Pixel_XL.jpg\" alt=\"\" width=\"840\" height=\"450\" \/><\/p>\n<p><strong>Google pixel<\/strong>\u00a0s\u1eed d\u1ee5ng m\u00e0n h\u00ecnh 5inch l\u00e0 m\u1ed9t t\u1ea5m n\u1ec1n AMOLED \u0111\u01b0\u1ee3c b\u1ea3o v\u1ec7 b\u1edfi k\u00ednh c\u01b0\u1eddng l\u1ef1c Gorila Glass 4 cao c\u1ea5p. M\u00e0n h\u00ecnh c\u1ee7a Google Pixel nh\u1ecf h\u01a1n n\u1eeda inch so v\u1edbi m\u00e0n h\u00ecnh c\u1ee7a Pixel XL v\u00e0 \u0111\u1ed9 ph\u00e2n gi\u1ea3i ch\u1ec9 l\u00e0 1080x1920pixxel, tuy nhi\u00ean \u0111i\u1ec1u n\u00e0y kh\u00f4ng \u1ea3nh h\u01b0\u1edfng g\u00ec \u0111\u1ebfn tr\u1ea3i nghi\u1ec7m ng\u01b0\u1eddi d\u00f9ng b\u1edfi m\u00e0n h\u00ecnh v\u1eabn cho m\u1eadt \u0111\u1ed9 \u0111i\u1ec3m \u1ea3nh kh\u00e1 cao &#8211; 441ppi. M\u00e1y \u0111\u01b0\u1ee3c trang b\u1ecb vi x\u1eed l\u00fd Qualcomm Snapdragon 821, Quad-core (2&#215;2.15 GHz Kryo &amp; 2&#215;1.6 GHz Kryo), 4GB RAM, b\u1ed9 nh\u1edb m\u00e1y t\u00f9y ch\u1ecdn 32GB v\u00e0 128GB v\u00e0 dung l\u01b0\u1ee3ng pin l\u00e0 2770 mAh \u0111\u01b0\u1ee3c t\u00edch h\u1ee3p c\u00f4ng ngh\u1ec7 s\u1ea1c nhanh 3.0.N\u1ed5i b\u1eadt nh\u1ea5t v\u1eabn l\u00e0 camera ph\u1eb3ng kh\u00f4ng l\u1ed3i v\u1edbi 12.3MP. Trang DxoMark \u0111\u00e3 x\u1ebfp h\u1ea1ng Google Pixel l\u00e0 chi\u1ebfc \u0111i\u1ec7n tho\u1ea1i ch\u1ee5p \u1ea3nh t\u1ed1t nh\u1ea5t th\u1ebf gi\u1edbi t\u00ednh \u0111\u1ebfn th\u1eddi \u0111i\u1ec3m n\u00e0y. Khi ch\u1ee5p \u1ea3nh \u1edf \u0111i\u1ec1u ki\u1ec7n \u00e1nh s\u00e1ng t\u1ed1t, h\u00ecnh \u1ea3nh thu \u0111\u01b0\u1ee3c s\u1eafc n\u00e9t, chi ti\u1ebft v\u00e0 tuy\u1ec7t v\u1eddi. Camera selfie 8MP \u1edf ph\u00eda tr\u01b0\u1edbc \u0111\u01b0\u1ee3c \u0111\u00e1nh gi\u00e1 cao, cho \u1ea3nh ch\u1ee5p c\u00f3 m\u00e0u s\u1eafc \u1ea5n t\u01b0\u1ee3ng v\u00e0 c\u00f3 chi\u1ec1u s\u00e2u.<\/p>\n<p>&nbsp;<\/p>\n<p><img loading=\"lazy\" src=\"https:\/\/digiphone.com.vn\/upload\/google_pixel_07.jpg\" alt=\"\" width=\"800\" height=\"450\" \/><\/p>\n<p>Google Pixel l\u00e0 m\u1ed9t chi\u1ebfc \u0111i\u1ec7n tho\u1ea1i nh\u1ecf, m\u1ea1nh m\u1ebd v\u00e0 s\u1edf h\u1eefu camera tuy\u1ec7t v\u1eddi. Thi\u1ebft b\u1ecb ch\u1ea1y h\u1ec7 \u0111i\u1ec1u h\u00e0nh Android 7.1 Nougat m\u1edbi nh\u1ea5t, \u0111i c\u00f9ng tr\u1ee3 l\u00fd Google Assistant th\u00f4ng minh, m\u00e1y c\u0169ng h\u00f4 tr\u1ee3 Daydream VR c\u1ee7a Google&#8230; T\u1ea5t c\u1ea3 nh\u1eefng y\u1ebfu t\u1ed1 n\u00e0y \u0111\u01b0\u1ee3c coi l\u00e0 v\u0169 kh\u00ed gi\u00fap \u0111i\u1ec7n tho\u1ea1i Google Pixel c\u1ea1nh tranh \u0111\u01b0\u1ee3c v\u1edbi c\u00e1c \u0111\u1ed1i th\u1ee7 n\u1eb7ng k\u00fd nh\u01b0 iPhone 7 hay Samsung Galaxy S7.<\/p>\n","protected":false},"excerpt":{"rendered":"<p>Google Pixel l\u00e0 m\u1ed9t chi\u1ebfc \u0111i\u1ec7n tho\u1ea1i nh\u1ecf, m\u1ea1nh m\u1ebd v\u00e0 s\u1edf h\u1eefu camera tuy\u1ec7t v\u1eddi. Thi\u1ebft b\u1ecb ch\u1ea1y h\u1ec7 \u0111i\u1ec1u h\u00e0nh Android 7.1 Nougat m\u1edbi nh\u1ea5t, \u0111i c\u00f9ng tr\u1ee3 l\u00fd Google Assistant th\u00f4ng minh, m\u00e1y c\u0169ng h\u00f4 tr\u1ee3 Daydream VR c\u1ee7a Google&#8230; T\u1ea5t c\u1ea3 nh\u1eefng y\u1ebfu t\u1ed1 n\u00e0y \u0111\u01b0\u1ee3c coi l\u00e0 v\u0169 kh\u00ed gi\u00fap \u0111i\u1ec7n tho\u1ea1i Google Pixel c\u1ea1nh tranh \u0111\u01b0\u1ee3c v\u1edbi c\u00e1c \u0111\u1ed1i th\u1ee7 n\u1eb7ng k\u00fd nh\u01b0 iPhone 7 hay Samsung Galaxy S7.<\/p>\n","protected":false},"featured_media":1936,"comment_status":"open","ping_status":"closed","template":"","meta":[],"_links":{"self":[{"href":"https:\/\/hosting.conasi.vn\/w\/googleshop2011\/wp-json\/wp\/v2\/product\/1935"}],"collection":[{"href":"https:\/\/hosting.conasi.vn\/w\/googleshop2011\/wp-json\/wp\/v2\/product"}],"about":[{"href":"https:\/\/hosting.conasi.vn\/w\/googleshop2011\/wp-json\/wp\/v2\/types\/product"}],"replies":[{"embeddable":true,"href":"https:\/\/hosting.conasi.vn\/w\/googleshop2011\/wp-json\/wp\/v2\/comments?post=1935"}],"wp:featuredmedia":[{"embeddable":true,"href":"https:\/\/hosting.conasi.vn\/w\/googleshop2011\/wp-json\/wp\/v2\/media\/1936"}],"wp:attachment":[{"href":"https:\/\/hosting.conasi.vn\/w\/googleshop2011\/wp-json\/wp\/v2\/media?parent=1935"}],"curies":[{"name":"wp","href":"https:\/\/api.w.org\/{rel}","templated":true}]}}