{"id":1933,"date":"2019-09-10T00:34:51","date_gmt":"2019-09-09T17:34:51","guid":{"rendered":"http:\/\/dienthoai4.w2steam.com\/?post_type=product&#038;p=1933"},"modified":"2019-09-10T00:34:51","modified_gmt":"2019-09-09T17:34:51","slug":"google-pixel-chinh-hang-xach-tay","status":"publish","type":"product","link":"https:\/\/hosting.conasi.vn\/w\/googleshop2011\/san-pham\/google-pixel-chinh-hang-xach-tay\/","title":{"rendered":"Google Pixel ch\u00ednh h\u00e3ng x\u00e1ch tay"},"content":{"rendered":"<h2>Google Pixel &#8211; Thi\u1ebft k\u1ebf \u0111\u1eb9p m\u1eaft, camera si\u00eau n\u00e9t<\/h2>\n<p><strong>Google Pixel<\/strong>\u00a0ch\u1ea1y tr\u00ean h\u1ec7 \u0111i\u1ec1u h\u00e0nh Android 7.1 m\u1edbi nh\u1ea5t, camera \u0111\u01b0\u1ee3c \u0111\u00e1nh gi\u00e1 t\u1ed1t h\u01a1n c\u1ea3 iPhone.<\/p>\n<p>Sau khi Google khai tr\u1eeb d\u00f2ng Nexus, Google ch\u00ednh th\u1ee9c cho ra 2 model m\u1edbi mang t\u00ean Pixel v\u00e0 Pixel XL ch\u1ea1y tr\u00ean h\u1ec7 \u0111i\u1ec1u h\u00e0nh Android 7.1.<\/p>\n<p>Hai smartphone n\u00e0y \u0111\u01b0\u1ee3c Google h\u1ee3p t\u00e1c v\u1edbi HTC \u0111\u1ec3 s\u1ea3n xu\u1ea5t.<\/p>\n<p><img src=\"https:\/\/www.duchuymobile.com\/image\/data\/dien-thoai\/Google-Pixel\/google-pixel-thiet-ke-dep-mat-camera-sieu-net-duchuymobile.jpg\" alt=\"google-pixel\" \/><\/p>\n<h3>Thi\u1ebft k\u1ebf Google Pixel<\/h3>\n<p>Thi\u1ebft k\u1ebf\u00a0<strong>Google Pixel\u00a0<\/strong>\u0111\u01b0\u1ee3c \u0111\u00e1nh gi\u00e1 l\u00e0 kh\u00e1 gi\u1ed1ng HTC One A9 khi m\u1eb7t l\u01b0ng s\u1eed d\u1ee5ng kim lo\u1ea1i nguy\u00ean kh\u1ed1i. \u0110i\u1ec3m kh\u00e1c bi\u1ec7t c\u1ee7a m\u00e1y ch\u00ednh l\u00e0 1\/3 di\u1ec7n t\u00edch \u1edf m\u1eb7t l\u01b0ng l\u00e0 k\u00ednh c\u00f2n 2\/3 ph\u00eda d\u01b0\u1edbi l\u00e0 nh\u1ef1a.<\/p>\n<p>Ph\u1ea7n camera \u0111\u01b0\u1ee3c thi\u1ebft k\u1ebf l\u1ea1 v\u1edbi c\u1ee5m camera ph\u1eb3ng v\u00e0 \u0111\u01b0\u1ee3c b\u1ea3o v\u1ec7 b\u1edfi k\u00ednh. \u0110\u00e8n flash \u0111\u01b0\u1ee3c thi\u1ebft k\u1ebf h\u00ecnh tr\u00f2n v\u1edbi hai t\u00f4ng m\u00e0u. Pixel ch\u00ednh h\u00e3ng nh\u00ecn kh\u00e1 nh\u1ecf g\u1ecdn, d\u1ec5 c\u1ea7m trong qu\u00e1 tr\u00ecnh s\u1eed d\u1ee5ng v\u00e0 kh\u00f4ng b\u1ecb c\u1ea5n tay.<\/p>\n<p><img src=\"https:\/\/www.duchuymobile.com\/image\/data\/dien-thoai\/Google-Pixel\/thiet-ke-google-pixel-duchuymobile.jpg\" alt=\"thiet-ke-google-pixel\" \/><\/p>\n<p><em>M\u00e1y\u00a0ch\u00ednh h\u00e3ng\u00a0nh\u00ecn kh\u00e1 nh\u1ecf g\u1ecdn, d\u1ec5 c\u1ea7m trong qu\u00e1 tr\u00ecnh s\u1eed d\u1ee5ng v\u00e0 kh\u00f4ng b\u1ecb c\u1ea5n tay.<\/em><\/p>\n<p><img src=\"https:\/\/www.duchuymobile.com\/image\/data\/dien-thoai\/Google-Pixel\/thiet-ke-google-pixel-1-duchuymobile.jpg\" alt=\"canh-duoi-google-pixel\" \/><\/p>\n<p><em>C\u1ea1nh d\u01b0\u1edbi l\u00e0 n\u01a1i \u0111\u1ec3 hai d\u1ea3i loa \u0111\u1ed1i x\u1ee9ng v\u00e0 n\u01a1i \u0111\u1ec3 k\u1ebft n\u1ed1i USB-C.<\/em><\/p>\n<p><img src=\"https:\/\/www.duchuymobile.com\/image\/data\/dien-thoai\/Google-Pixel\/thiet-ke-google-pixel-2-duchuymobile.jpg\" alt=\"canh-phai-google-pixel\" \/><\/p>\n<p><em>C\u1ea1nh ph\u1ea3i l\u00e0 ph\u00edm ngu\u1ed3n v\u00e0 ph\u00edm t\u0103ng gi\u1ea3m \u00e2m l\u01b0\u1ee3ng.<\/em><\/p>\n<p><img src=\"https:\/\/www.duchuymobile.com\/image\/data\/dien-thoai\/Google-Pixel\/thiet-ke-google-pixel-3-duchuymobile.jpg\" alt=\"canh-trai-google-pixel\" \/><\/p>\n<p><em>C\u1ea1nh tr\u00e1i<\/em>\u00a0<em>l\u00e0 khay \u0111\u1ef1ng SIM.<\/em><\/p>\n<p>M\u1eb7t sau c\u1ee7a Pixel \u0111\u01b0\u01a1c thi\u1ebft k\u1ebf n\u00fat c\u1ea3m bi\u1ebfn v\u00e2n tay v\u00e0 bi\u1ec3u t\u01b0\u1ee3ng \u201cG\u201d, bi\u1ec3u t\u01b0\u1ee3ng \u0111\u1eb7c tr\u01b0ng c\u1ee7a Google.<\/p>\n<h3>\u0110\u00e1nh gi\u00e1 m\u00e0n h\u00ecnh<\/h3>\n<p>S\u1ea3n ph\u1ea9m<strong>\u00a0<\/strong>s\u1ebd\u00a0s\u1edf h\u1eefu m\u00e0n h\u00ecnh 5.0 inch v\u1edbi \u0111\u1ed9 ph\u00e2n gi\u1ea3i Full HD\u00a0Gorilla Glass 4 gi\u00fap ng\u01b0\u1eddi d\u00f9ng\u00a0<a href=\"https:\/\/www.duchuymobile.com\/google-pixel\" target=\"_blank\" rel=\"noopener noreferrer\">Google Pixel<\/a>\u00a0kh\u1ea3 n\u0103ng tr\u1ea3i nhi\u1ec7m t\u1ed1t nh\u1ea5t, m\u1eadt \u0111\u1ed9 \u0111i\u1ec3m \u1ea3nh 441ppi.<\/p>\n<p><img src=\"https:\/\/www.duchuymobile.com\/image\/data\/dien-thoai\/Google-Pixel\/man-hinh-google-pixel-duchuymobile.jpg\" alt=\"man-hinh-google-pixel\" \/><\/p>\n<p><em>M\u00e0n h\u00ecnh 5.0 inch cho tr\u1ea3i nghi\u1ec7m t\u1ed1t nh\u1ea5t.<\/em><\/p>\n<h3>\u0110\u00e1nh gi\u00e1 ph\u1ea7n c\u1ee9ng<\/h3>\n<p>V\u1ec1 c\u1ea5u h\u00ecnh\u00a0<strong>Pixel\u00a0<\/strong>\u0111\u01b0\u1ee3c c\u00e1c chuy\u00ean gia \u0111\u00e1nh gi\u00e1 cao khi s\u1eed d\u1ee5ng con chip Qualcomm Snapdragon 821, RAM 4GB c\u00f9ng b\u1ed9 nh\u1edb trong 32GB.<\/p>\n<p>Pixel ch\u1ea1y m\u01b0\u1ee3t m\u00e0 do ch\u1ea1y tr\u00ean n\u1ec1n t\u1ea3ng Android 7.1 Nougat m\u1edbi nh\u1ea5t. Ngo\u00e0i ra, m\u00e1y c\u00f2n h\u1ed7 tr\u1ee3 kh\u1ea3 n\u0103ng s\u1ea1c nhanh gi\u00fap b\u1ea1n ti\u1ebft ki\u1ec7m \u0111\u01b0\u1ee3c th\u1eddi gian s\u1ea1c. Dung l\u01b0\u1ee3ng pin ch\u1ec9 n\u1eb1m \u1edf m\u1ee9c 2770 mAh.<\/p>\n<p><img src=\"https:\/\/www.duchuymobile.com\/image\/data\/dien-thoai\/Google-Pixel\/cau-hinh-google-pixel.jpg\" alt=\"cau-hinh-google-pixel\" \/><\/p>\n<p><em>C\u1ea5u h\u00ecnh m\u1ea1nh m\u1ebd khi s\u1eed d\u1ee5ng con chip\u00a0Qualcomm Snapdragon 821.<\/em><\/p>\n<h3>\u0110\u00e1nh gi\u00e1 camera<\/h3>\n<p>Camera\u00a0<strong>Pixel\u00a0<\/strong>\u0111\u01b0\u1ee3c \u0111\u00e1nh gi\u00e1 cao khi nh\u1eadn \u0111\u01b0\u1ee3c 89 \u0111i\u1ec3m t\u1eeb DXOMark. V\u1eabn gi\u1eef nguy\u00ean \u0111\u1ed9 ph\u00e2n gi\u1ea3i 12MP nh\u01b0 \u0111\u00e0n em\u00a0<a href=\"https:\/\/www.duchuymobile.com\/huawei-nexus-6p\" target=\"_blank\" rel=\"noopener noreferrer\">Nexus 6P<\/a>\u00a0nh\u01b0ng \u0111\u00e3 \u0111\u01b0\u1ee3c n\u00e2ng c\u1ea5p ph\u1ea7n c\u1ea3m bi\u1ebfn c\u00f9ng nhi\u1ec1u t\u00ednh n\u0103ng ch\u1ee5p \u1ea3nh m\u1edbi nh\u1ea5t.<\/p>\n<p>C\u1ee5 th\u1ec3, m\u00e1y \u0111\u00e3 \u0111\u01b0\u1ee3c n\u00e2ng c\u1ea5p kh\u1ea9u \u0111\u1ed9 l\u00ean f\/2.0 laser autofocus v\u00e0 k\u00edch th\u01b0\u1edbc c\u1ea3m bi\u1ebfn l\u00e0 1.55 micron, kh\u1ea3 n\u0103ng ch\u1ed1ng rung quang h\u1ecdc OIS, l\u1ea5y n\u00e9t theo pha c\u00f9ng kh\u1ea3 n\u0103ng quay phim 4K. Camera tr\u01b0\u1edbc n\u1eb1m \u1edf m\u1ee9c 8MP.<\/p>\n<p><img src=\"https:\/\/www.duchuymobile.com\/image\/data\/dien-thoai\/Google-Pixel\/camera-google-pixel-duchuymobile.jpg\" alt=\"camera-google-pixel\" \/><\/p>\n<p><em>Camera c\u1ee7a \u0111\u01b0\u1ee3c \u0111\u00e1nh gi\u00e1 r\u1ea5t cao.<\/em><\/p>\n<p><strong>Google Pixel\u00a0<\/strong>ch\u00ednh h\u00e3ng l\u00e0 \u0111\u1ee9a con c\u01b0ng c\u1ee7a Google v\u00ec v\u1eady Pixel s\u1ebd s\u1edf h\u1eefu nh\u1eefng t\u00ednh n\u0103ng \u0111\u1ed9c quy\u1ec1n c\u1ee7a Google m\u00e0 kh\u00f4ng chi\u1ebfc smartphone ch\u1ea1y Android n\u00e0o c\u00f3 \u0111\u01b0\u1ee3c.<\/p>\n","protected":false},"excerpt":{"rendered":"<ul>\n<li>M\u00e1y zin 100% h\u00ecnh th\u1ee9c \u0111\u1eb9p nh\u01b0 m\u1edbi, h\u00e0ng lu\u00f4n c\u00f3 s\u1eb5n \u0111\u1ec3 tr\u1ea3i nghi\u1ec7m.<\/li>\n<li>Thi\u1ebft k\u1ebf \u0111\u1eb9p m\u1eaft, camera si\u00eau n\u00e9t, m\u1ea1nh m\u1ebd v\u1edbi RAM 4GB.<\/li>\n<\/ul>\n","protected":false},"featured_media":1934,"comment_status":"open","ping_status":"closed","template":"","meta":[],"_links":{"self":[{"href":"https:\/\/hosting.conasi.vn\/w\/googleshop2011\/wp-json\/wp\/v2\/product\/1933"}],"collection":[{"href":"https:\/\/hosting.conasi.vn\/w\/googleshop2011\/wp-json\/wp\/v2\/product"}],"about":[{"href":"https:\/\/hosting.conasi.vn\/w\/googleshop2011\/wp-json\/wp\/v2\/types\/product"}],"replies":[{"embeddable":true,"href":"https:\/\/hosting.conasi.vn\/w\/googleshop2011\/wp-json\/wp\/v2\/comments?post=1933"}],"wp:featuredmedia":[{"embeddable":true,"href":"https:\/\/hosting.conasi.vn\/w\/googleshop2011\/wp-json\/wp\/v2\/media\/1934"}],"wp:attachment":[{"href":"https:\/\/hosting.conasi.vn\/w\/googleshop2011\/wp-json\/wp\/v2\/media?parent=1933"}],"curies":[{"name":"wp","href":"https:\/\/api.w.org\/{rel}","templated":true}]}}