{"id":1931,"date":"2019-09-10T00:33:45","date_gmt":"2019-09-09T17:33:45","guid":{"rendered":"http:\/\/dienthoai4.w2steam.com\/?post_type=product&#038;p=1931"},"modified":"2019-09-10T00:33:45","modified_gmt":"2019-09-09T17:33:45","slug":"google-pixel-32gb-like-new","status":"publish","type":"product","link":"https:\/\/hosting.conasi.vn\/w\/googleshop2011\/san-pham\/google-pixel-32gb-like-new\/","title":{"rendered":"Google Pixel 32GB (Like New)"},"content":{"rendered":"<h2>Google Pixel 32GB (Like New) \u2013 Hi\u1ec7u n\u0103ng m\u1ea1nh m\u1ebd v\u00e0 thi\u1ebft k\u1ebf sang tr\u1ecdng<\/h2>\n<p><strong>Google Pixel 32GB c\u0169<\/strong>\u00a0l\u00e0 smartphone c\u00f3 ph\u1ea7n c\u1ee9ng v\u01b0\u1ee3t tr\u1ed9i nh\u1ea5t th\u1eddi \u0111i\u1ec3m ra m\u1eaft. B\u00ean c\u1ea1nh \u0111\u00f3, m\u00e1y c\u0169ng c\u00f3 ngo\u1ea1i h\u00ecnh \u0111\u1eb9p m\u1eaft v\u00e0 sang tr\u1ecdng. Ngo\u00e0i ra,<strong>\u00a0Google Pixel\u00a0<\/strong>c\u00f2n \u0111\u01b0\u1ee3c t\u00edch h\u1ee3p t\u00ednh n\u0103ng c\u1ea3m bi\u1ebfn v\u00e2n tay \u1edf m\u1eb7t sau l\u01b0ng, gi\u00fap ng\u01b0\u1eddi d\u00f9ng tho\u1ea3i m\u00e1i h\u01a1n khi s\u1eed d\u1ee5ng.<\/p>\n<p><img src=\"https:\/\/huca.vn\/image\/catalog\/dt-google\/google-pixel-32gb-like-new\/danh-gia-google-pixel-huca.jpg\" alt=\"dien-thoai-google-pixel-huca\" \/><\/p>\n<p><em>Google Pixel 32GB c\u0169<\/em><\/p>\n<h3>Thi\u1ebft k\u1ebf Google Pixel 32GB (Like New) \u2013 Thi\u1ebft k\u1ebf sang tr\u1ecdng<\/h3>\n<p><a href=\"https:\/\/huca.vn\/google-pixel-32gb-like-new\" target=\"_blank\" rel=\"noopener noreferrer\">Google Pixel 32GB c\u0169<\/a>\u00a0c\u0169ng c\u00f3 thi\u1ebft k\u1ebf nh\u01b0 nh\u1eefng smartphone cao c\u1ea5p kh\u00e1c v\u1edbi v\u1ecf m\u00e1y b\u1eb1ng nh\u00f4m nguy\u00ean kh\u1ed1i sang tr\u1ecdng v\u00e0 b\u1ed1n g\u00f3c \u0111\u01b0\u1ee3c bo tr\u00f2n m\u1ec1m m\u1ea1i. V\u1edbi k\u00edch th\u01b0\u1edbc m\u00e1y 143.8 x 69.5 x 8.5mm v\u00e0 n\u1eb7ng 143g cho ng\u01b0\u1eddi d\u00f9ng c\u1ea3m gi\u00e1c tho\u1ea3i m\u00e1i khi s\u1eed d\u1ee5ng.<\/p>\n<p><img src=\"https:\/\/huca.vn\/image\/catalog\/dt-google\/google-pixel-32gb-like-new\/danh-gia-google-pixel-thiet-ke-huca.jpg\" alt=\"dien-thoai-google-pixel-thiet-ke-huca\" \/><\/p>\n<p><em>Thi\u1ebft k\u1ebf nguy\u00ean kh\u1ed1i sang tr\u1ecdng<\/em><\/p>\n<h3>M\u00e0n h\u00ecnh Google Pixel 32GB (Like New) \u2013 M\u00e0n h\u00ecnh r\u1ed9ng 5 inches hi\u1ec3n th\u1ecb h\u00ecnh \u1ea3nh s\u1eafc n\u00e9t<\/h3>\n<p>M\u00e0n h\u00ecnh\u00a0<strong>Google Pixel<\/strong>\u00a0r\u1ed9ng 5.0 inches, c\u00f3 \u0111\u1ed9 ph\u00e2n gi\u1ea3i Full HD (1080 x 1920 pixels) cho m\u1eadt \u0111\u1ed9 \u0111i\u1ec3m \u1ea3nh l\u00ean \u0111\u1ebfn 441 ppi gi\u00fap hi\u1ec3n th\u1ecb h\u00ecnh \u1ea3nh s\u1eafc n\u00e9t v\u00e0 chu\u1ea9n. B\u00ean c\u1ea1nh \u0111\u00f3, m\u00e0n h\u00ecnh c\u00f2n \u0111\u01b0\u1ee3c b\u1ea3o v\u1ec7 b\u1eb1ng k\u00ednh c\u01b0\u1eddng l\u1ef1c Gorilla Glass 4 gi\u00fap b\u1ea3o v\u1ec7 m\u00e1y t\u1ed1t h\u01a1n tr\u01b0\u1edbc nh\u1eefng va \u0111\u1eadp kh\u00f4ng mong mu\u1ed1n.<\/p>\n<p><img src=\"https:\/\/huca.vn\/image\/catalog\/dt-google\/google-pixel-32gb-like-new\/danh-gia-google-pixel-man-hinh-huca.jpg\" alt=\"dien-thoai-google-pixel-man-hinh-huca\" \/><\/p>\n<p><em>M\u00e0n h\u00ecnh 5 inches cho tr\u1ea3i nghi\u1ec7m s\u1eafc n\u00e9t<\/em><\/p>\n<h3>C\u1ea5u h\u00ecnh Google Pixel 32GB (Like New) \u2013 Hi\u1ec7u n\u0103ng m\u1ea1nh m\u1ebd<\/h3>\n<p><strong>Google Pixel\u00a0<\/strong>ch\u1ea1y chip Snapdragon 821 cho t\u1ed1c \u0111\u1ed9 x\u1eed l\u00fd nhanh h\u01a1n 10% so v\u1edbi chip 820 nh\u01b0ng l\u1ea1i ti\u1ebft ki\u1ec7m \u0111i\u1ec7n n\u0103ng \u0111\u00e1ng k\u1ec3.<\/p>\n<p><img src=\"https:\/\/huca.vn\/image\/catalog\/dt-google\/google-pixel-32gb-like-new\/danh-gia-google-pixel-cau-hinh-huca.jpeg\" alt=\"dien-thoai-google-pixel-cau-hinh-huca\" \/><\/p>\n<p><em>Hi\u1ec7u n\u0103ng m\u1ea1nh m\u1ebd, tr\u1ea3i nghi\u1ec7m tuy\u1ec7t v\u1eddi<\/em><\/p>\n<p>Ngo\u00e0i ra, m\u00e1y c\u00f2n s\u1edf h\u1eefu RAM 4GB, ROM 32GB ch\u1ea1y h\u1ec7 \u0111i\u1ec1u h\u00e0nh Android 7.0 m\u1edbi nh\u1ea5t. M\u00e1y kh\u00f4ng h\u1ed7 tr\u1ee3 khe c\u1eafm th\u1ebb tuy nhi\u00ean ng\u01b0\u1eddi d\u00f9ng c\u00f3 th\u1ec3 l\u01b0u tr\u1eef h\u00ecnh \u1ea3nh v\u00e0 videoclip tr\u00ean Google Photos v\u1edbi dung l\u01b0\u1ee3ng v\u00f4 h\u1ea1n.<\/p>\n<h3>Camera Google Pixel 32GB (Like New) \u2013 kh\u1ea3 n\u0103ng ch\u1ee5p \u1ea3nh li\u00ean t\u1ee5c kh\u00e1 xu\u1ea5t s\u1eafc<\/h3>\n<p><strong>Camera Pixel\u00a0<\/strong>c\u00f3 \u0111\u1ed9 ph\u00e2n gi\u1ea3i 12MP v\u00e0 kh\u1ea9u f\/2.0 c\u00f9ng v\u1edbi k\u00edch th\u01b0\u1edbc \u0111i\u1ec3m \u1ea3nh l\u00e0 1,55 micron cho m\u1ed7i \u0111i\u1ec3m \u1ea3nh s\u1ebd nh\u1eadn \u0111\u01b0\u1ee3c nhi\u1ec1u \u00e1nh s\u00e1ng h\u01a1n. Ngo\u00e0i ra, t\u00ednh n\u0103ng quay phim ch\u1ed1ng\u00a0 rung s\u1ebd cho ng\u01b0\u1eddi d\u00f9ng nh\u1eefng th\u01b0\u1edbc phim \u1ea5n t\u01b0\u1ee3ng.<\/p>\n<p><img src=\"https:\/\/huca.vn\/image\/catalog\/dt-google\/google-pixel-32gb-like-new\/danh-gia-google-pixel-camera-huca.jpeg\" alt=\"dien-thoai-google-pixel-camera-huca\" \/><\/p>\n<p><em>Camera b\u1eaft s\u00e1ng chu\u1ea9n cho h\u00ecnh \u1ea3nh ch\u1ea5t l\u01b0\u1ee3ng<\/em><\/p>\n<p>Google n\u00f3i kh\u00e1 nhi\u1ec1u v\u1ec1 kh\u1ea3 n\u0103ng ch\u1ee5p \u1ea3nh nhanh v\u1edbi \u0111\u1ed9 tr\u1ec5 m\u00e0n tr\u1eadp g\u1ea7n nh\u01b0 b\u1eb1ng 0 c\u1ee7a Pixel. B\u00ean c\u1ea1nh \u0111\u00f3, kh\u1ea3 n\u0103ng ch\u1ee5p \u1ea3nh li\u00ean t\u1ee5c (Burst) gi\u1ed1ng Nexus 6P, \u0111\u01b0\u1ee3c h\u1ed7 tr\u1ee3 th\u00eam c\u00f4ng ngh\u1ec7 tr\u00ed tu\u1ec7 nh\u00e2n t\u1ea1o \u0111\u1ec3 t\u1ef1 nh\u1eadn di\u1ec7n t\u1ea5m \u0111\u1eb9p nh\u1ea5t trong lo\u1ea1t \u1ea3nh v\u1eeba ch\u1ee5p v\u00e0 \u0111\u1ec1 xu\u1ea5t b\u1ea1n gi\u1eef l\u1ea1i.<\/p>\n<h3>Dung l\u01b0\u1ee3ng pin<\/h3>\n<p><strong>Google Pixel\u00a0<\/strong>\u0111\u01b0\u1ee3c trang b\u1ecb vi\u00ean pin c\u00f3 dung l\u01b0\u1ee3ng 2770 mAh \u0111i k\u00e8m kh\u1ea3 n\u0103ng s\u1ea1c nhanh \u1ea5n t\u01b0\u1ee3ng. Ng\u01b0\u1eddi d\u00f9ng ch\u1ec9 c\u1ea7n s\u1ea1c 15 ph\u00fat c\u00f3 th\u1ec3 \u0111\u00e0m tho\u1ea1i trong v\u00f2ng 7 gi\u1edd li\u00ean t\u1ee5c.<\/p>\n","protected":false},"excerpt":{"rendered":"<p><strong>Google Pixel 32GB c\u0169<\/strong>\u00a0l\u00e0 smartphone c\u00f3 ph\u1ea7n c\u1ee9ng v\u01b0\u1ee3t tr\u1ed9i nh\u1ea5t th\u1eddi \u0111i\u1ec3m ra m\u1eaft. B\u00ean c\u1ea1nh \u0111\u00f3, m\u00e1y c\u0169ng c\u00f3 ngo\u1ea1i h\u00ecnh \u0111\u1eb9p m\u1eaft v\u00e0 sang tr\u1ecdng. Ngo\u00e0i ra,<strong>\u00a0Google Pixel\u00a0<\/strong>c\u00f2n \u0111\u01b0\u1ee3c t\u00edch h\u1ee3p t\u00ednh n\u0103ng c\u1ea3m bi\u1ebfn v\u00e2n tay \u1edf m\u1eb7t sau l\u01b0ng, gi\u00fap ng\u01b0\u1eddi d\u00f9ng tho\u1ea3i m\u00e1i h\u01a1n khi s\u1eed d\u1ee5ng.<\/p>\n","protected":false},"featured_media":1932,"comment_status":"open","ping_status":"closed","template":"","meta":[],"_links":{"self":[{"href":"https:\/\/hosting.conasi.vn\/w\/googleshop2011\/wp-json\/wp\/v2\/product\/1931"}],"collection":[{"href":"https:\/\/hosting.conasi.vn\/w\/googleshop2011\/wp-json\/wp\/v2\/product"}],"about":[{"href":"https:\/\/hosting.conasi.vn\/w\/googleshop2011\/wp-json\/wp\/v2\/types\/product"}],"replies":[{"embeddable":true,"href":"https:\/\/hosting.conasi.vn\/w\/googleshop2011\/wp-json\/wp\/v2\/comments?post=1931"}],"wp:featuredmedia":[{"embeddable":true,"href":"https:\/\/hosting.conasi.vn\/w\/googleshop2011\/wp-json\/wp\/v2\/media\/1932"}],"wp:attachment":[{"href":"https:\/\/hosting.conasi.vn\/w\/googleshop2011\/wp-json\/wp\/v2\/media?parent=1931"}],"curies":[{"name":"wp","href":"https:\/\/api.w.org\/{rel}","templated":true}]}}