{"id":1929,"date":"2019-09-10T00:27:27","date_gmt":"2019-09-09T17:27:27","guid":{"rendered":"http:\/\/dienthoai4.w2steam.com\/?post_type=product&#038;p=1929"},"modified":"2019-09-10T00:27:28","modified_gmt":"2019-09-09T17:27:28","slug":"google-pixel-nobox-likenew-99","status":"publish","type":"product","link":"https:\/\/hosting.conasi.vn\/w\/googleshop2011\/san-pham\/google-pixel-nobox-likenew-99\/","title":{"rendered":"Google Pixel (Nobox &#8211; Likenew 99%)"},"content":{"rendered":"<h2><strong>THI\u1ebeT K\u1ebe GOOGLE PIXEL<\/strong><\/h2>\n<p>D\u00f2ng s\u1ea3n ph\u1ea9m Pixel c\u1ee7a Google \u0111\u00e3 ra m\u1eaft \u0111\u01b0\u1ee3c 2 n\u0103m nh\u01b0ng thi\u1ebft k\u1ebf c\u1ee7a s\u1ea3n ph\u1ea9m n\u00e0y v\u1eabn \u0111\u01b0\u1ee3c coi l\u00e0 h\u00ecnh m\u1eabu l\u00fd t\u01b0\u1edfng. M\u1eb7c d\u00f9 tho\u1ea1t nh\u00ecn ch\u00fang ta c\u00f3 th\u1ec3 nh\u1ea7m l\u1eabn chi\u1ebfc \u0111i\u1ec7n tho\u1ea1i n\u00e0y v\u1edbi d\u00f2ng iPhone nh\u01b0ng k\u00ec th\u1ef1c kh\u00f4ng ph\u1ea3i nh\u01b0 v\u1eady. Google \u0111\u00e3 t\u1ea1o n\u00ean m\u1ed9t si\u00eau ph\u1ea9m v\u1edbi thi\u1ebft k\u1ebf m\u1eb7t k\u00ednh b\u00f3ng b\u1ea9y \u0111\u01b0\u1ee3c bao b\u1ecdc b\u1edfi m\u1ed9t khung vi\u1ec1n &#8220;l\u00e1 ch\u1eafn&#8221; b\u1eb1ng kim lo\u1ea1i.<\/p>\n<p><img class=\" lazied\" src=\"https:\/\/bizweb.dktcdn.net\/100\/168\/366\/files\/px15-jpg-7d102466-330d-4231-8f7c-ac958d4e2e6a.jpg?v=1544434070408\" alt=\"Thi\u1ebft k\u1ebf Google Pixel\" data-thumb=\"original\" \/><\/p>\n<p><em>Thi\u1ebft k\u1ebf Google Pixel b\u00ean c\u1ea1nh Google Pixel XL<\/em><\/p>\n<p>M\u1eb7t l\u01b0ng c\u1ee7a m\u00e1y c\u0169ng c\u00f3 m\u1ed9t d\u1ea3i k\u00ednh c\u01b0\u1eddng l\u1ef1c ph\u1ee7 l\u00ean tr\u00ean\u00a0Camera v\u00e0 t\u00ednh n\u0103ng c\u1ea3m\u00a0c\u1ea3m bi\u1ebfn v\u00e2n tay. Google Pixel b\u1ed1 tr\u00ed ph\u00edm ngu\u1ed3n, ph\u00edm t\u0103ng gi\u1ea3m \u00e2m l\u01b0\u1ee3ng b\u00ean ph\u1ea3i, khe SIM \u1edf \u0111\u1ed9c l\u1eadp b\u00ean tr\u00e1i v\u00e0 Jack c\u1eafm tai nghe 3.5 mm \u1edf c\u1ea1nh b\u00ean tr\u00ean.<\/p>\n<p><img class=\" lazied\" src=\"https:\/\/bizweb.dktcdn.net\/100\/168\/366\/files\/px10-jpg.jpg?v=1516781378018\" alt=\"B\u1ed9 \u0111\u00f4i Google Pixel m\u00e0u tr\u1eafng v\u00e0 \u0111en\" data-thumb=\"original\" \/><\/p>\n<p><em>Hai phi\u00ean b\u1ea3n m\u00e0u \u0110en v\u00e0 Tr\u1eafng c\u1ee7a Google Pixel<\/em><\/p>\n<p>C\u00f3 ba phi\u00ean b\u1ea3n m\u00e0u c\u1ee7a Flagship n\u00e0y bao g\u1ed3m m\u00e0u xanh, m\u00e0u tr\u1eafng v\u00e0 m\u00e0u \u0111en.<\/p>\n<h2><strong>M\u00c0N H\u00ccNH GOOGLE PIXEL<\/strong><\/h2>\n<p><img class=\" lazied\" src=\"https:\/\/bizweb.dktcdn.net\/100\/168\/366\/files\/px1-88fd5240-8e9d-4d84-81b9-ce2f2b278779.jpg?v=1516781636220\" alt=\"M\u00e0n h\u00ecnh 5.0 inches AMOLED\" data-thumb=\"original\" \/><\/p>\n<p><em>M\u00e0n h\u00ecnh 5-inch c\u1ee7a Google Pixel<\/em><\/p>\n<p>M\u00e0n h\u00ecnh c\u1ee7a Pixel l\u00e0 m\u00e0n h\u00ecnh 5-inch \u0111\u1ed9 ph\u00e2n gi\u1ea3i 1920&#215;1080 pixels v\u00e0 \u0111\u01b0\u1ee3c b\u1ea3o v\u1ec7 b\u1edfi Gorilla Glass 4. B\u00ean c\u1ea1nh \u0111\u00f3, \u0111i\u1ec7n tho\u1ea1i n\u00e0y c\u00f2n \u0111\u01b0\u1ee3c t\u00edch h\u1ee3p c\u1ea3 c\u00f4ng ngh\u1ec7 AMOLED gi\u00fap ch\u1ea5t l\u01b0\u1ee3ng hi\u1ec3n th\u1ecb \u0111\u1ea1t \u1edf m\u1ee9c t\u1ed1i \u0111a.<\/p>\n<h2><strong>CAMERA GOOGLE PIXEL<\/strong><\/h2>\n<p>Trong ng\u00e0y ra m\u1eaft s\u1ea3n ph\u1ea9m, nh\u00e0 s\u1ea3n xu\u1ea5t \u0111\u00e3 nh\u1ea5n m\u1ea1nh kh\u1ea3 n\u0103ng ch\u1ee5p h\u00ecnh\u00a0c\u1ee7a Google Pixel. Cho\u00a0\u0111\u1ebfn t\u1eadn b\u00e2y gi\u1edd, \u0111\u00e2y v\u1eabn l\u00e0 chi\u1ebfc \u0111i\u1ec7n tho\u1ea1i c\u00f3 t\u00ednh n\u0103ng Camera xu\u1ea5t s\u1eafc nh\u1ea5t cho d\u00f9 c\u00f3 \u0111em so s\u00e1nh v\u1edbi nh\u1eefng \u0111\u1ed1i th\u1ee7 nh\u01b0 iPhone hay Samsung.<\/p>\n<p><img class=\" lazied\" src=\"https:\/\/bizweb.dktcdn.net\/100\/168\/366\/files\/px20.jpg?v=1516781715680\" alt=\"M\u1eb7t l\u01b0ng nh\u00f4m k\u1ebft h\u1ee3p t\u1ea5m k\u00ednh t\u1ea1o n\u00ean 2 t\u00f4ng m\u00e0u b\u1eaft m\u1eaft\" data-thumb=\"original\" \/><\/p>\n<p><em>Thi\u1ebft k\u1ebf Camera ch\u00ednh c\u1ee7a m\u00e1y<\/em><\/p>\n<p>Camera ch\u00ednh c\u00f3 \u0111\u1ed9 ph\u00e2n gi\u1ea3i trung b\u00ecnh 12 MP v\u00e0 kh\u1ea9u \u0111\u1ed9 f\/2.0\u00a0c\u00f9ng c\u00f4ng ngh\u1ec7 Dual-Led Flash s\u1ebd mang \u0111\u1ebfn cho ng\u01b0\u1eddi d\u00f9ng nh\u1eefng b\u1ee9c h\u00ecnh s\u1eafc n\u00e9t nh\u1ea5t k\u1ec3 c\u1ea3 trong \u0111i\u1ec1u ki\u1ec7n thi\u1ebfu s\u00e1ng. Camera tr\u01b0\u1edbc 8 MP kh\u1ea9u \u0111\u1ed9 f\/2.0 s\u1ebd \u0111em t\u1edbi nh\u1eefng cu\u1ed9c g\u1ecdi tho\u1ea1i Video Call hay nh\u1eefng t\u1ea5m h\u00ecnh Selfie ch\u1ea5t l\u01b0\u1ee3ng nh\u1ea5t..<\/p>\n<p><img class=\" lazied\" src=\"https:\/\/bizweb.dktcdn.net\/100\/168\/366\/files\/px21-jpg.jpg?v=1516781767226\" alt=\"Camera \u0111\u01b0\u1ee3c \u0111\u00e1nh gi\u00e1 \u0111\u1eb9p nh\u1ea5t cho \u0111\u1ebfn th\u1eddi \u0111i\u1ec3m hi\u1ec7n t\u1ea1i\" data-thumb=\"original\" \/><\/p>\n<p><em>H\u00ecnh \u1ea3nh ch\u1ee5p s\u1eafc n\u00e9t, chi ti\u1ebft<\/em><\/p>\n<p>Ngo\u00e0i ra, ch\u1ebf \u0111\u1ed9 h\u1ed7 tr\u1ee3\u00a0HDR+ c\u1ee7a Google Pixel c\u0169ng l\u00e0 ch\u1ebf \u0111\u1ed9 h\u1ebft s\u1ee9c tuy\u1ec7t v\u1eddi m\u00e0 kh\u00f4ng c\u00f3 ng\u00f4n t\u1eeb n\u00e0o c\u00f3 th\u1ec3 mi\u00eau t\u1ea3.<\/p>\n<h2><strong>PH\u1ea6N M\u1ec0M \u2013 HI\u1ec6U N\u0102NG GOOGLE PIXEL<\/strong><\/h2>\n<p>\u0110\u1ee9a con c\u01b0ng c\u1ee7a Google hi\u1ec7n nay \u0111\u00e3\u00a0l\u00ean \u0111\u01b0\u1ee3c h\u1ec7 \u0111i\u1ec1u h\u00e0nh Android 9.0 m\u1edbi nh\u1ea5t. \u0110\u1ed3ng th\u1eddi, Pixel c\u0169ng \u0111\u01b0\u1ee3c trang b\u1ecb chipset Snapdragon 821 v\u00e0 RAM 4 GB gi\u00fap cho b\u1ea1n tr\u1ea3i nghi\u1ec7m xem phim ch\u1ea5t l\u01b0\u1ee3ng cao, ch\u01a1i game c\u1ea5u h\u00ecnh n\u1eb7ng m\u1ed9t c\u00e1ch m\u01b0\u1ee3t m\u00e0 nh\u1ea5t.<\/p>\n","protected":false},"excerpt":{"rendered":"<p>D\u00f2ng s\u1ea3n ph\u1ea9m Pixel c\u1ee7a Google \u0111\u00e3 ra m\u1eaft \u0111\u01b0\u1ee3c 2 n\u0103m nh\u01b0ng thi\u1ebft k\u1ebf c\u1ee7a s\u1ea3n ph\u1ea9m n\u00e0y v\u1eabn \u0111\u01b0\u1ee3c coi l\u00e0 h\u00ecnh m\u1eabu l\u00fd t\u01b0\u1edfng. M\u1eb7c d\u00f9 tho\u1ea1t nh\u00ecn ch\u00fang ta c\u00f3 th\u1ec3 nh\u1ea7m l\u1eabn chi\u1ebfc \u0111i\u1ec7n tho\u1ea1i n\u00e0y v\u1edbi d\u00f2ng iPhone nh\u01b0ng k\u00ec th\u1ef1c kh\u00f4ng ph\u1ea3i nh\u01b0 v\u1eady. Google \u0111\u00e3 t\u1ea1o n\u00ean m\u1ed9t si\u00eau ph\u1ea9m v\u1edbi thi\u1ebft k\u1ebf m\u1eb7t k\u00ednh b\u00f3ng b\u1ea9y \u0111\u01b0\u1ee3c bao b\u1ecdc b\u1edfi m\u1ed9t khung vi\u1ec1n &#8220;l\u00e1 ch\u1eafn&#8221; b\u1eb1ng kim lo\u1ea1i.<\/p>\n","protected":false},"featured_media":1930,"comment_status":"open","ping_status":"closed","template":"","meta":[],"_links":{"self":[{"href":"https:\/\/hosting.conasi.vn\/w\/googleshop2011\/wp-json\/wp\/v2\/product\/1929"}],"collection":[{"href":"https:\/\/hosting.conasi.vn\/w\/googleshop2011\/wp-json\/wp\/v2\/product"}],"about":[{"href":"https:\/\/hosting.conasi.vn\/w\/googleshop2011\/wp-json\/wp\/v2\/types\/product"}],"replies":[{"embeddable":true,"href":"https:\/\/hosting.conasi.vn\/w\/googleshop2011\/wp-json\/wp\/v2\/comments?post=1929"}],"wp:featuredmedia":[{"embeddable":true,"href":"https:\/\/hosting.conasi.vn\/w\/googleshop2011\/wp-json\/wp\/v2\/media\/1930"}],"wp:attachment":[{"href":"https:\/\/hosting.conasi.vn\/w\/googleshop2011\/wp-json\/wp\/v2\/media?parent=1929"}],"curies":[{"name":"wp","href":"https:\/\/api.w.org\/{rel}","templated":true}]}}