{"id":1140,"date":"2019-07-24T22:43:43","date_gmt":"2019-07-24T15:43:43","guid":{"rendered":"http:\/\/dienthoai4.w2steam.com\/?post_type=product&#038;p=1140"},"modified":"2019-09-09T23:53:20","modified_gmt":"2019-09-09T16:53:20","slug":"dien-thoai-google-pixel-2-cu","status":"publish","type":"product","link":"https:\/\/hosting.conasi.vn\/w\/googleshop2011\/san-pham\/dien-thoai-google-pixel-2-cu\/","title":{"rendered":"\u0110i\u1ec7n tho\u1ea1i Google Pixel 2 c\u0169"},"content":{"rendered":"<p>\u0110i\u1ec7n tho\u1ea1i\u00a0<strong>Google Pixel 2 c\u0169<\/strong>\u00a0gi\u00e1 R\u1eba nh\u1ea5t H\u00e0 N\u1ed9i, \u0110\u00e0 N\u1eb5ng, TP HCM. Mua Google Pixel Uy t\u00edn, BH 6 Th\u00e1ng Ch\u00ednh h\u00e3ng.<\/p>\n<p>Ti\u1ebfp t\u1ee5c nh\u1eefng th\u00e0nh c\u00f4ng t\u1edbi t\u1eeb b\u1ed9 \u0111\u00f4i s\u1ea3n ph\u1ea9m Google Pixel, Pixel XL, Google tung ra s\u1ea3n ph\u1ea9m seri ti\u1ebfp theo \u0111\u00f3 l\u00e0 Goolge Pixel 2 v\u1eabn mang nh\u1eefng \u0111i\u1ec3m m\u1ea1nh nh\u01b0 thi\u1ebft k\u1ebf \u0111\u1eb9p, c\u1ea5u h\u00ecnh kh\u1ee7ng nh\u1ea5t, h\u1ec7 \u0111i\u1ec1u h\u00e0nh m\u01b0\u1ee3t m\u00e0 t\u1eeb \u0111\u00e0n anh \u0111i tr\u01b0\u1edbc.<\/p>\n<h2 id=\"mcetoc_1d5o3qk2b0\">Google Pixel 2 c\u0169 li\u1ec7u c\u00f2n c\u00f3 h\u1ea5p d\u1eabn, \u0111\u00e1ng \u0111\u1ec3 l\u1ef1a ch\u1ecdn ?<\/h2>\n<p>\u0110\u00e3 \u0111\u1ebfn n\u0103m 2019 li\u1ec7u nh\u01b0ng s\u1ea3n ph\u1ea9m t\u1edbi t\u1eeb Google v\u1edbi h\u1ec7 \u0111i\u1ec1u h\u00e0nh thu\u1ea7n Android nh\u01b0\u00a0Google Pixel 2 c\u0169\u00a0c\u00f3 c\u00f2n l\u00e0m anh em h\u1ea5p d\u1eabn. C\u00e1 nh\u00e2n m\u00ecnh v\u1edbi m\u1ed9t v\u00e0i \u0111i\u1ec3m c\u1ee7a google Pixel 2 khi\u1ebfn m\u00ecnh kh\u00f4ng th\u1ef1c s\u1ef1 th\u00edch th\u00fa nh\u01b0ng n\u1ebfu l\u1ef1a ch\u1ecdn m\u1ed9t s\u1ea3n ph\u1ea9m b\u1ec1n b\u1ec9 v\u1edbi th\u1eddi gian, h\u1ed7 tr\u1ee3 c\u1ea5p nh\u1eadt ph\u1ea7n m\u1ec1m kho\u1ea3n 2-3 n\u0103m n\u1eefa th\u00ec s\u1ea3n ph\u1ea9m t\u1edbi t\u1eeb Google l\u00e0 s\u1ef1 l\u1ef1a ch\u1ecdn ho\u00e0n to\u00e0n th\u00edch h\u1ee3p nh\u1ea5t th\u1eddi \u0111i\u1ec3m hi\u1ec7n t\u1ea1i<\/p>\n<h3 id=\"mcetoc_1d5o3qk2b1\">Google Pixel 2 c\u0169 : V\u1eabn thi\u1ebft k\u1ebf c\u0169 nh\u01b0ng tinh t\u1ebf h\u01a1n, m\u00e0n h\u00ecnh \u0111\u1eb9p<\/h3>\n<p>Google \u0111\u00e3 r\u1ea5t ch\u00fa tr\u1ecdng v\u00e0o thi\u1ebft k\u1ebf Pixel 2 c\u0169 khi trang b\u1ecb cho m\u00e1y m\u1ed9t th\u00e2n h\u00ecnh nguy\u00ean kh\u1ed1i, vi\u1ec1n m\u00e0n h\u00ecnh tr\u00e0n c\u1ea1nh, v\u00ec th\u1ebf \u0111\u01b0\u1ee3c trang b\u1ecb m\u1ed9t m\u00e0n h\u00ecnh l\u1edbn nh\u01b0ng k\u00edch th\u01b0\u1edbc t\u1ed5ng th\u1ec3 m\u00e1y kh\u00f4ng qu\u00e1 to, c\u00e1c c\u1ea1nh \u0111\u01b0\u1ee3c bo cong m\u1ec1m m\u1ea1i n\u00ean c\u1ea3m gi\u00e1c c\u1ea7m n\u1eafm r\u1ea5t d\u1ec5 ch\u1ecbu, kh\u00f4ng b\u1ecb c\u1ea5n tay trong qu\u00e1 tr\u00ecnh s\u1eed d\u1ee5ng l\u00e2u.Thi\u1ebft k\u1ebf sang tr\u1ecdng tr\u00ean Google Pixel 2 c\u0169.<\/p>\n<p>&nbsp;<\/p>\n<figure class=\"sudo-media-item\"><img class=\"lazy\" src=\"https:\/\/sudospaces.com\/mobilecity-vn\/images\/2019\/03\/google-pixel-21.jpg\" alt=\"\" data-original=\"https:\/\/sudospaces.com\/mobilecity-vn\/images\/2019\/03\/google-pixel-21.jpg\" data-pagespeed-url-hash=\"1397997619\" \/><\/figure>\n<p>&nbsp;<\/p>\n<p>\u0110\u01b0\u1ee3c trang b\u1ecb m\u00e0n h\u00ecnh c\u00f3 k\u00edch th\u01b0\u1edbc 5&#8242; \u0111\u1ed9 ph\u00e2n gi\u1ea3i FullHD v\u1edbi t\u1ec9 l\u1ec7 c\u0169 l\u00e0 16:9. \u0110i\u1ec1u m\u00ecnh kh\u00f4ng th\u00edch \u1edf s\u1ea3n ph\u1ea9m Google n\u0103m nay l\u00e0 v\u1edbi k\u00edch th\u01b0\u1edbc m\u00e0n h\u00ecnh ch\u1ec9 5&#8242; nh\u01b0ng vi\u1ec1n tr\u00ean v\u00e0 d\u01b0\u1edbi c\u1ee7a m\u00e1y l\u1ea1i kh\u00e1 d\u00e0y, kh\u00f4ng \u0111\u1eb9p \u0111\u01b0\u1ee3c nh\u01b0 nh\u1eefng s\u1ea3n ph\u1ea9m m\u1edbi hi\u1ec7n nay, nh\u01b0ng b\u00f9 l\u1ea1i c\u00f3 c\u1ea3m gi\u00e1c v\u00f4 c\u00f9ng ch\u1eafc ch\u1eafn. M\u00e0n h\u00ecnh Amoled \u0111\u01b0\u1ee3c trang b\u1ecb v\u00f4 c\u00f9ng xu\u1ea5t s\u1eafc b\u1edf \u0111\u1ed9 t\u01b0\u01a1ng ph\u1ea3n tuy\u1ec7t \u0111\u1ed1i m\u00e0 c\u00f4ng ngh\u1ec7 n\u00e0y mang l\u1ea1i.<\/p>\n<h3 id=\"mcetoc_1d5o3qk2b2\">Google Pixel 2 c\u0169: hi\u1ec7u n\u0103ng m\u1ea1nh, \u1ed5n \u0111\u1ecbnh<\/h3>\n<p>N\u1ebfu n\u00f3i hi\u1ec7u n\u0103ng c\u1ee7a Google Pixel 2 c\u0169 th\u00ec tr\u00ean th\u1ecb tr\u01b0\u1eddng \u0111i\u1ec7n tho\u1ea1i hi\u1ec7n nay kh\u00f4ng c\u00f3 m\u00e1y n\u00e0o \u0111\u1ee9ng nh\u1ea5t, \u0111\u01b0\u1ee3c trang b\u1ecb b\u1ed9 chip x\u1eed l\u00fd\u00a0Qualcomm Snapdragon 835 c\u00f9ng v\u1edbi RAM 4GB c\u00f9ng v\u1edbi s\u1ef1 t\u1ed1i \u01b0u c\u1ee7a h\u1ec7 \u0111i\u1ec1u h\u00e0nh \u0111\u1ebfn t\u1eeb Google n\u00ean m\u00e1y \u0111em l\u1ea1i tr\u1ea3i nghi\u1ec7m m\u01b0\u1ee3t m\u00e0, x\u1eed l\u00fd ngay th\u1ee9c th\u1eddi kh\u00f4ng c\u00f3 hi\u1ec7n t\u01b0\u1ee3ng gi\u1eadt, lag trong qu\u00e1 tr\u00ecnh s\u1eed d\u1ee5ng.<\/p>\n<figure class=\"sudo-media-item\"><img class=\"lazy\" src=\"https:\/\/sudospaces.com\/mobilecity-vn\/images\/2019\/03\/google-pixel-23.jpg\" alt=\"\" data-original=\"https:\/\/sudospaces.com\/mobilecity-vn\/images\/2019\/03\/google-pixel-23.jpg\" data-pagespeed-url-hash=\"1397997619\" \/><\/figure>\n<p>&nbsp;<\/p>\n<p>N\u00f3i t\u1edbi hi\u1ec7u n\u0103ng th\u00ec h\u1ec7 \u0111i\u1ec1u h\u00e0nh thu\u1ea7n google c\u0169ng l\u00e0 m\u1ed9t th\u1ee9 kh\u00f4ng th\u1ebf kh\u00f4ng nh\u1eafc t\u1edbi b\u1edf s\u1ef1 m\u01b0\u1ee3t m\u00e0 m\u00e0 n\u00f3 \u0111em l\u1ea1i cho seri Pixel. Anh em y\u00ean t\u00e2m l\u00e0 s\u1ea3n ph\u1ea9m ho\u00e0n to\u00e0n c\u00f3 th\u1ec3 s\u1eed d\u1ee5ng tho\u1ea3i m\u00e1i trong v\u00f2ng 2-3 n\u0103m n\u1eefa nh\u00e9 !<\/p>\n<h3 id=\"mcetoc_1d5o3qk2b3\">Google Pixel 2 c\u0169: camera xu\u1ea5t s\u1eafc<\/h3>\n<p>V\u1eabn nh\u01b0 truy\u1ec1n th\u1ed1ng h\u1eb1ng n\u0103m c\u1ee7a Pixel th\u00ec camera s\u1ea3n ph\u1ea9m lu\u00f4n l\u00e0 t\u1ed1t nh\u1ea5t, ch\u1ea5t \u1ea3nh m\u00e0 s\u1ea3n ph\u1ea9m mang l\u1ea1i v\u00f4 c\u00f9ng r\u1ef1c r\u1ee1, \u0111\u1ed9 chi ti\u1ebft cao, lu\u00f4n l\u00e0 camera t\u1ed1t nh\u1ea5t m\u00e0 th\u1eddi \u0111i\u1ec3m n\u00f3 ra m\u1eaft.<\/p>\n<figure class=\"sudo-media-item\"><img class=\"lazy\" src=\"https:\/\/sudospaces.com\/mobilecity-vn\/images\/2019\/03\/google-pixel-26.jpg\" alt=\"\" data-original=\"https:\/\/sudospaces.com\/mobilecity-vn\/images\/2019\/03\/google-pixel-26.jpg\" data-pagespeed-url-hash=\"1397997619\" \/><\/figure>\n<p>&nbsp;<\/p>\n<p>\u1ede c\u00e1c th\u1ebf h\u1ec7 tr\u01b0\u1edbc, camera Google \u0111\u00e3 l\u00e0m r\u1ea5t t\u1ed1t, \u0111\u1ebfn Google Pixel 2 th\u00ec \u0111\u00e2y l\u00e0 m\u1ed9t c\u1ea3i ti\u1ebfn v\u01b0\u1ee3t b\u1eadc, v\u1eabn gi\u1eef th\u00f4ng s\u1ed1 12 MP m\u1eb7t sau v\u00e0 8MP \u1edf camera tr\u01b0\u1edbc, nh\u01b0ng v\u1edbi s\u1ef1 t\u1ed1i \u01b0u ph\u1ea7n m\u1ec1m v\u00e0 thu\u1eadt to\u00e1n x\u1eed l\u00ed \u1ea3nh m\u1edbi, c\u00e1c b\u1ee9c h\u00ecnh ch\u1ee5p ra \u0111em l\u1ea1i m\u1ed9t ch\u1ea5t l\u01b0\u1ee3ng \u1ea5n t\u01b0\u1ee3ng, m\u00e0u s\u1eafc hi\u1ec7n th\u1ecb b\u1eaft m\u1eaft c\u00f9ng v\u1edbi nhi\u1ec1u ch\u1ebf \u0111\u1ed9 t\u00f9y ch\u1ec9nh ch\u1ee5p \u1ea3nh chuy\u00ean nghi\u1ec7p gi\u00fap ng\u01b0\u1eddi d\u00f9ng c\u00f3 th\u1ec3 d\u1ec5 d\u00e0ng ch\u1ee5p b\u1ee9c h\u00ecnh \u1edf m\u1ecdi \u0111i\u1ec1u ki\u1ec7n kh\u00e1c nhau.<\/p>\n<h3 id=\"mcetoc_1d5o3qk2b4\">Google Pixel 2 c\u0169: Th\u1eddi l\u01b0\u1ee3ng Pin trung b\u00ecnh, \u0111\u1ee7 \u0111\u1ec3 s\u1eed d\u1ee5ng trong v\u00f2ng 1 ng\u00e0y<\/h3>\n<p>Vi\u00ean pin tr\u00ean Google Pixel 2 c\u00f3 dung l\u01b0\u1ee3ng 2700mAh , trong c\u00e1c b\u00e0i ki\u1ec3m tra th\u1eddi gian s\u1eed d\u1ee5ng \u1ee9ng d\u1ee5ng th\u1ef1c t\u1ebf, m\u00e1y c\u00f3 th\u1ec3 s\u1eed d\u1ee5ng li\u00ean t\u1ee5c l\u00ean t\u1edbi 8 ti\u1ebfng v\u1edbi t\u00e1c v\u1ee5 th\u01b0\u1eddng d\u00f9ng h\u00e0ng ng\u00e0y nh\u01b0 xem phim, l\u01b0\u1edbt web, gi\u1ea3i tr\u00ed, n\u1ebfu v\u1edbi c\u00e1c t\u00e1c v\u1ee5 nghe g\u1ecdi, check mail th\u00ec m\u00e1y c\u00f3 th\u1ec3 s\u1eed d\u1ee5ng l\u00ean t\u1edbi 1 ng\u00e0y, v\u00ec v\u1eady b\u1ea1n kh\u00f4ng c\u1ea7n ph\u1ea3i mang theo c\u1ee5c s\u1ea1c theo ng\u01b0\u1eddi h\u00e0ng ng\u00e0y. Ngo\u00e0i ra m\u00e1y c\u00f2n h\u1ed7 tr\u1ee3 c\u00f4ng ngh\u1ec7 s\u1ea1c nhanh gi\u00fap b\u1ea1n ti\u1ebfp ki\u1ec7m th\u1eddi gian \u0111i m\u1ed9t ph\u1ea7n n\u00e0o.<\/p>\n<figure class=\"sudo-media-item\"><img class=\"lazy\" src=\"https:\/\/sudospaces.com\/mobilecity-vn\/images\/2019\/03\/google-pixel-215.jpg\" alt=\"\" data-original=\"https:\/\/sudospaces.com\/mobilecity-vn\/images\/2019\/03\/google-pixel-215.jpg\" data-pagespeed-url-hash=\"1397997619\" \/><\/figure>\n<p>&nbsp;<\/p>\n<h2 id=\"mcetoc_1d5o3qk2b5\">C\u00f3 n\u00ean mua Google Pixel 2 c\u0169 kh\u00f4ng?<\/h2>\n<p><strong>4 l\u00ed do n\u00ean mua Google Pixel 2 x\u00e1ch tay<\/strong><\/p>\n<ul>\n<li>M\u1ee9c gi\u00e1 Google Pixel 2 r\u1ea5t c\u1ea1nh tranh so v\u1edbi c\u00e1c \u0111\u1ed1i th\u1ee7 c\u00f9ng c\u1ea5u h\u00ecnh.<\/li>\n<li>Thi\u1ebft k\u1ebf m\u1ea1nh m\u1ebd, sang tr\u1ecdng v\u00e0 r\u1ea5t c\u1ee9ng c\u00e1p.<\/li>\n<li>H\u1ed7 tr\u1ee3 l\u00e2u d\u00e0i v\u1edbi h\u1ec7 \u0111i\u1ec1u h\u00e0nh Android nguy\u00ean g\u1ed1c c\u1ee7a Google.<\/li>\n<li>Mua tr\u1ea3 g\u00f3p d\u1ec5 d\u00e0ng v\u1edbi 15 ph\u00fat duy\u1ec7t h\u1ed3 s\u01a1 nhanh ch\u00f3ng.<\/li>\n<\/ul>\n<p>V\u1edbi r\u1ea5t nhi\u00eau \u01b0u \u0111i\u1ec3m k\u1ec3 tr\u00ean th\u00ec Google Pixel 2 l\u00e0 mu\u1ed9t l\u1ef1a ch\u1ecdn kh\u00f3 c\u00f3 th\u1ec3 b\u1ecf qua, thi\u1ebft k\u1ebf, c\u1ea5u h\u00ecnh, hi\u1ec7u n\u0103ng top \u0111\u1ea7u tr\u00ean th\u1ebf gi\u1edbi di \u0111\u1ed9ng. \u0110\u00e2y l\u00e0 m\u1ed9t \u0111i\u1ec7n tho\u1ea1i r\u1ea5t \u0111\u00e1ng mua \u1edf th\u1eddi \u0111i\u1ec3m hi\u1ec7n t\u1ea1i. Google Pixel 2 l\u00e0 \u0111i\u1ec7n tho\u1ea1i d\u00e1ng mua nh\u1ea5t<\/p>\n<h3 id=\"mcetoc_1d5o3qk2b6\">Mua Google Pixel 2 c\u0169 gi\u00e1 bao nhi\u00eau?<\/h3>\n<p>Sau b\u00e0i \u0111\u00e1nh gi\u00e1 b\u1ea1n mu\u1ed1n mua nh\u01b0ng ch\u01b0a bi\u1ebft Google Pixel 2 gi\u00e1 bao nhi\u00eau \u1edf th\u1eddi \u0111i\u1ec3m n\u00e0y? Hi\u1ec7n nay MobileCity \u0111ang b\u00e1n Google Pixel 2 nh\u1ea5t tr\u00ean th\u1ecb tr\u01b0\u1eddng, kh\u00e1ch h\u00e0ng \u0111\u1ebfn mua m\u00e1y \u0111\u01b0\u1ee3c nh\u00e2n vi\u00ean ti\u1ebfp \u0111\u00f3n nhi\u1ec7t t\u00ecnh c\u00f9ng v\u1edbi nhi\u1ec1u ph\u1ea7n qu\u00e0 \u0111i k\u00e8m h\u1ea5p d\u1eabn v\u00e0 \u01b0u \u0111\u00e3i \u0111\u1eb7c bi\u1ec7t cho kh\u00e1ch h\u00e0ng.<\/p>\n<h3 id=\"mcetoc_1d5o3qk2b7\">Mua Google Pixel 2 c\u0169 tr\u1ea3 g\u00f3p t\u1ea1i H\u00e0 N\u1ed9i, TpHCM<\/h3>\n<p>Hi\u1ec7n nay r\u1ea5t c\u00f3 nhi\u1ec1u b\u1ea1n mu\u1ed1n mua\u00a0Google Pixel 2 nh\u01b0ng \u0111i\u1ec1u ki\u1ec7n t\u00e0i ch\u00ednh c\u00f2n h\u1ea1n h\u1eb9p ch\u01b0a \u0111\u1ee7. H\u00e3y \u0111\u1ebfn ngay MobileCity, ch\u00fang t\u00f4i \u0111ang h\u1ed7 tr\u1ee3 kh\u00e1ch h\u00e0ng c\u00f3 nhu c\u1ea7u mua\u00a0Google Pixel 2 tr\u1ea3 g\u00f3p v\u1edbi l\u00e3i su\u1ea5t c\u1ef1c th\u1ea5p, th\u1ee7 t\u1ee5c r\u1ea5t \u0111\u01a1n gi\u1ea3n. Kh\u00e1ch h\u00e0ng t\u1eeb 20 tu\u1ed5i tr\u1edf l\u00ean ch\u1ec9 c\u1ea7n mang theo ch\u1ee9ng minh th\u01b0 nh\u00e2n d\u00e2n v\u00e0 gi\u1ea5y ph\u00e9p l\u00e1i xe l\u00e0 c\u00f3 th\u1ec3 ho\u00e0n th\u00e0nh th\u1ee7 t\u1ee5c mua tr\u1ea3 g\u00f3p v\u1edbi 15 ph\u00fat x\u00e9t duy\u1ec7t h\u1ed3 s\u01a1.<\/p>\n","protected":false},"excerpt":{"rendered":"<p>\u1ede c\u00e1c th\u1ebf h\u1ec7 tr\u01b0\u1edbc, camera Google \u0111\u00e3 l\u00e0m r\u1ea5t t\u1ed1t, \u0111\u1ebfn Google Pixel 2 th\u00ec \u0111\u00e2y l\u00e0 m\u1ed9t c\u1ea3i ti\u1ebfn v\u01b0\u1ee3t b\u1eadc, v\u1eabn gi\u1eef th\u00f4ng s\u1ed1 12 MP m\u1eb7t sau v\u00e0 8MP \u1edf camera tr\u01b0\u1edbc, nh\u01b0ng v\u1edbi s\u1ef1 t\u1ed1i \u01b0u ph\u1ea7n m\u1ec1m v\u00e0 thu\u1eadt to\u00e1n x\u1eed l\u00ed \u1ea3nh m\u1edbi, c\u00e1c b\u1ee9c h\u00ecnh ch\u1ee5p ra \u0111em l\u1ea1i m\u1ed9t ch\u1ea5t l\u01b0\u1ee3ng \u1ea5n t\u01b0\u1ee3ng, m\u00e0u s\u1eafc hi\u1ec7n th\u1ecb b\u1eaft m\u1eaft c\u00f9ng v\u1edbi nhi\u1ec1u ch\u1ebf \u0111\u1ed9 t\u00f9y ch\u1ec9nh ch\u1ee5p \u1ea3nh chuy\u00ean nghi\u1ec7p gi\u00fap ng\u01b0\u1eddi d\u00f9ng c\u00f3 th\u1ec3 d\u1ec5 d\u00e0ng ch\u1ee5p b\u1ee9c h\u00ecnh \u1edf m\u1ecdi \u0111i\u1ec1u ki\u1ec7n kh\u00e1c nhau.<\/p>\n","protected":false},"featured_media":1899,"comment_status":"open","ping_status":"closed","template":"","meta":[],"_links":{"self":[{"href":"https:\/\/hosting.conasi.vn\/w\/googleshop2011\/wp-json\/wp\/v2\/product\/1140"}],"collection":[{"href":"https:\/\/hosting.conasi.vn\/w\/googleshop2011\/wp-json\/wp\/v2\/product"}],"about":[{"href":"https:\/\/hosting.conasi.vn\/w\/googleshop2011\/wp-json\/wp\/v2\/types\/product"}],"replies":[{"embeddable":true,"href":"https:\/\/hosting.conasi.vn\/w\/googleshop2011\/wp-json\/wp\/v2\/comments?post=1140"}],"wp:featuredmedia":[{"embeddable":true,"href":"https:\/\/hosting.conasi.vn\/w\/googleshop2011\/wp-json\/wp\/v2\/media\/1899"}],"wp:attachment":[{"href":"https:\/\/hosting.conasi.vn\/w\/googleshop2011\/wp-json\/wp\/v2\/media?parent=1140"}],"curies":[{"name":"wp","href":"https:\/\/api.w.org\/{rel}","templated":true}]}}