{"id":237,"date":"2019-05-13T01:54:31","date_gmt":"2019-05-13T01:54:31","guid":{"rendered":"https:\/\/ford1.khowebseotop.vn\/?post_type=product&#038;p=237"},"modified":"2019-05-13T01:56:57","modified_gmt":"2019-05-13T01:56:57","slug":"ford-ecosport-1-5l-mt-ambiente","status":"publish","type":"product","link":"https:\/\/hosting.conasi.vn\/w\/ford2011\/san-pham\/ford-ecosport-1-5l-mt-ambiente\/","title":{"rendered":"Ford EcoSport 1.5L MT Ambiente"},"content":{"rendered":"<div id=\"TongQuan\">\n<h2 class=\"box-title\">T\u1ed4NG QUAN<\/h2>\n<div class=\"content detail-content\">\n<p>Phi\u00ean b\u1ea3n Ecosport 1.5L AT Trend m\u1edbi v\u1edbi v\u1ebb \u0111\u1eb9p khi\u1ebfn ai c\u0169ng ph\u1ea3i ngo\u00e1i nh\u00ecn, \u0111\u00e1p \u1ee9ng \u0111\u1ea7y \u0111\u1ee7 m\u1ecdi y\u00eau c\u1ea7u v\u1ec1 ti\u1ec7n nghi, kh\u1eb3ng \u0111\u1ecbnh phong c\u00e1ch SUV \u0111\u1ea7y \u1ea5n t\u01b0\u1ee3ng c\u1ee7a EcoSport.<\/p>\n<figure class=\"figure fluid\">\n<figure class=\"figure fluid\"><img class=\"figure-img\" title=\"Phong c\u00e1ch SUV \u0111\u1ea7y \u1ea5n t\u01b0\u1ee3ng c\u1ee7a EcoSport 1.5L MT Ambiente\" src=\"\/wp-content\/uploads\/2019\/05\/ford-ecosport-1-5l-mt-ambiente-237.jpg\" alt=\"Phong c\u00e1ch SUV \u0111\u1ea7y \u1ea5n t\u01b0\u1ee3ng c\u1ee7a EcoSport 1.5L MT Ambiente\" \/><figcaption>Phong c\u00e1ch SUV \u0111\u1ea7y \u1ea5n t\u01b0\u1ee3ng c\u1ee7a EcoSport 1.5L MT Ambiente<\/figcaption><\/figure>\n<\/figure>\n<p>EcoSport 1.5L MT Ambiente &#8211; Gi\u00e1\u00a0<strong>545 Tri\u1ec7u + T\u1eb7ng ph\u1ee5 ki\u1ec7n<\/strong><\/p>\n<p>EcoSport 1.5L AT Ambiente &#8211; Gi\u00e1\u00a0<strong>569 Tri\u1ec7u + T\u1eb7ng ph\u1ee5 ki\u1ec7n<\/strong><\/p>\n<p>EcoSport 1.5L AT Trend &#8211; Gi\u00e1\u00a0<strong>593 Tri\u1ec7u + T\u1eb7ng ph\u1ee5 ki\u1ec7n<\/strong><\/p>\n<p>EcoSport 1.5L AT Titanium &#8211; Gi\u00e1\u00a0<strong>648 Tri\u1ec7u + T\u1eb7ng ph\u1ee5 ki\u1ec7n<\/strong><\/p>\n<p>EcoSport 1.0L AT Titanium EcoBoost &#8211; Gi\u00e1\u00a0<strong>689 Tri\u1ec7u + T\u1eb7ng ph\u1ee5 ki\u1ec7n<\/strong><\/p>\n<div class=\"qua-tang\">\n<h3><img src=\"\/wp-content\/uploads\/2019\/05\/ford-ecosport-1-5l-mt-ambiente-237-1.jpg\" alt=\"\" \/>Mua xe Ford t\u1eb7ng c\u00e1c ph\u1ea7n qu\u00e0 sau:<img src=\"\/wp-content\/uploads\/2019\/05\/ford-ecosport-1-5l-mt-ambiente-237-1.jpg\" alt=\"\" \/><\/h3>\n<div class=\"content-noidung\">\n<p>? Th\u1ea3m l\u00f3t s\u00e0n<\/p>\n<p>? Phim c\u00e1ch nhi\u1ec7t llumar (h\u00e0ng USA)<\/p>\n<p>? Camera h\u00e0nh tr\u00ecnh, Camera de<\/p>\n<p>? Thi\u1ebft b\u1ecb \u0111\u1ecbnh v\u1ecb d\u1eabn \u0111\u01b0\u1eddng<\/p>\n<p>? 1 m\u00e1y h\u00fat b\u1ee5i cho xe \u00f4t\u00f4<\/p>\n<p>? 1 \u0111\u1ea7u \u0111\u0129a DVD cho xe<\/p>\n<p>? Ch\u01b0\u01a1ng tr\u00ecnh gi\u1ea3m gi\u00e1 l\u00ean \u0111\u1ebfn\u00a0<strong>20 Tri\u1ec7u<\/strong>.<\/p>\n<\/div>\n<\/div>\n<\/div>\n<\/div>\n<div id=\"NgoaiThat\">\n<h2 class=\"box-title\">NGO\u1ea0I TH\u1ea4T<\/h2>\n<div class=\"content detail-content\">\n<p>V\u1edbi thi\u1ebft k\u1ebf ngo\u1ea1i th\u1ea5t m\u1edbi m\u1ea1nh m\u1ebd, EcoSport s\u1edf h\u1eefu k\u00edch th\u01b0\u1edbc d\u00e0i, r\u1ed9ng, cao l\u1ea7n l\u01b0\u1ee3t 4325 x 1755 x 1.665 (mm). Tr\u1ee5c c\u01a1 s\u1edf xe \u1edf m\u1ee9c 2.519 mm.<\/p>\n<figure class=\"figure fluid\"><img class=\"figure-img\" title=\"EcoSport 1.5L MT Ambiente v\u1edbi thi\u1ebft k\u1ebf ngo\u1ea1i th\u1ea5t m\u1edbi m\u1ea1nh m\u1ebd\" src=\"\/wp-content\/uploads\/2019\/05\/ford-ecosport-1-5l-mt-ambiente-237-3.jpg\" alt=\"EcoSport 1.5L MT Ambiente v\u1edbi thi\u1ebft k\u1ebf ngo\u1ea1i th\u1ea5t m\u1edbi m\u1ea1nh m\u1ebd\" \/><figcaption>EcoSport 1.5L MT Ambiente v\u1edbi thi\u1ebft k\u1ebf ngo\u1ea1i th\u1ea5t m\u1edbi m\u1ea1nh m\u1ebd<\/figcaption><\/figure>\n<p>V\u1edbi kho\u1ea3ng s\u00e1ng g\u1ea7m xe t\u1ed1i \u01b0u v\u00e0 h\u1ec7 th\u1ed1ng ki\u1ec3m so\u00e1t c\u00e2n b\u1eb1ng th\u00f4ng minh, Ford EcoSport m\u1edbi lu\u00f4n s\u1eb5n s\u00e0ng \u0111\u1ec3 chinh ph\u1ee5c m\u1ecdi th\u1eed th\u00e1ch tr\u00ean \u0111\u01b0\u1eddng ph\u1ed1.<\/p>\n<figure class=\"figure fluid\"><img class=\"figure-img\" title=\"Kho\u1ea3ng s\u00e1ng g\u1ea7m xe t\u1ed1i \u01b0u s\u1eb5n s\u00e0ng chinh ph\u1ee5c m\u1ecdi \u0111\u01b0\u1eddng ph\u1ed1\" src=\"\/wp-content\/uploads\/2019\/05\/ford-ecosport-1-5l-mt-ambiente-237-4.jpg\" alt=\"Kho\u1ea3ng s\u00e1ng g\u1ea7m xe t\u1ed1i \u01b0u s\u1eb5n s\u00e0ng chinh ph\u1ee5c m\u1ecdi \u0111\u01b0\u1eddng ph\u1ed1\" \/><figcaption>Kho\u1ea3ng s\u00e1ng g\u1ea7m xe t\u1ed1i \u01b0u s\u1eb5n s\u00e0ng chinh ph\u1ee5c m\u1ecdi \u0111\u01b0\u1eddng ph\u1ed1<\/figcaption><\/figure>\n<p>L\u01b0\u1edbi t\u1ea3n nhi\u1ec7t thi\u1ebft k\u1ebf l\u1ea1i. Phi\u00ean b\u1ea3n Titanium c\u00f3 \u0111\u01b0\u1eddng vi\u1ec1n m\u1ea1 chrome quanh l\u01b0\u1edbi t\u1ea3n nhi\u1ec7t, trong khi phi\u00ean b\u1ea3n Trend ch\u1ec9 s\u01a1n b\u1ea1c. EcoSport v\u1eabn s\u1eed d\u1ee5ng \u0111\u00e8n halogen v\u00e0 projector.<\/p>\n<figure class=\"figure fluid\"><img class=\"figure-img\" title=\"L\u01b0\u1edbi t\u1ea3n nhi\u1ec7t\" src=\"\/wp-content\/uploads\/2019\/05\/ford-ecosport-1-5l-mt-ambiente-237-5.jpg\" alt=\"L\u01b0\u1edbi t\u1ea3n nhi\u1ec7t\" \/><figcaption>L\u01b0\u1edbi t\u1ea3n nhi\u1ec7t<\/figcaption><\/figure>\n<p>H\u1ec7 th\u1ed1ng \u0111\u00e8n pha Halogen m\u1edbi r\u1ea5t \u1ea5n t\u01b0\u1ee3ng c\u1ee7a EcoSport kh\u00f4ng ch\u1ec9 cho kh\u1ea3 n\u0103ng chi\u1ebfu s\u00e1ng t\u1ed1t h\u01a1n m\u00e0 c\u00f2n gi\u00fap ngo\u1ea1i h\u00ecnh EcoSport sang tr\u1ecdng h\u01a1n. K\u1ebft h\u1ee3p v\u1edbi \u0111\u00e8n s\u01b0\u01a1ng m\u00f9, ngo\u00e0i ra h\u1ed1c \u0111\u00e8n pha c\u00f3 t\u1ea1o h\u00ecnh h\u1eb9p v\u1ec1 chi\u1ec1u cao cho EcoSport m\u1ed9t di\u1ec7n m\u1ea1o s\u1eafc x\u1ea3o, l\u1ea1nh l\u00f9ng h\u01a1n.<\/p>\n<figure class=\"figure fluid\"><img class=\"figure-img\" title=\"\u0110\u00e8n pha Halogen m\u1edbi r\u1ea5t \u1ea5n t\u01b0\u1ee3ng \" src=\"\/wp-content\/uploads\/2019\/05\/ford-ecosport-1-5l-mt-ambiente-237-6.jpg\" alt=\"\u0110\u00e8n pha Halogen m\u1edbi r\u1ea5t \u1ea5n t\u01b0\u1ee3ng \" \/><\/figure>\n<div class=\"row gallery-group\">\n<div class=\"col-sm-6\">\n<figure class=\"figure fluid\"><img class=\"figure-img\" title=\"\u0110\u00e8n pha Halogen \" src=\"\/wp-content\/uploads\/2019\/05\/ford-ecosport-1-5l-mt-ambiente-237-7.jpg\" alt=\"\u0110\u00e8n pha Halogen \" \/><\/figure>\n<\/div>\n<div class=\"col-sm-6\">\n<figure class=\"figure fluid\"><img class=\"figure-img\" title=\"\u0110\u00e8n s\u01b0\u01a1ng m\u00f9 di\u1ec7n m\u1ea1o s\u1eafc s\u1ea3o\" src=\"\/wp-content\/uploads\/2019\/05\/ford-ecosport-1-5l-mt-ambiente-237-8.jpg\" alt=\"\u0110\u00e8n s\u01b0\u01a1ng m\u00f9 di\u1ec7n m\u1ea1o s\u1eafc s\u1ea3o\" \/><\/figure>\n<\/div>\n<\/div>\n<p>\u1ede th\u00e2n xe, ba chi ti\u1ebft n\u1eb1m trong &#8216;g\u00f3i \u0111\u1ed9&#8217;\u00a0Ecosport 1.5L AT Trend l\u00e0 m\u00e2m xe h\u1ee3p kim \u0111a ch\u1ea5u 16-inch thi\u1ebft k\u1ebf d\u1ea1ng nan hoa h\u00e1 l\u1ea1 m\u1eaft.<\/p>\n<figure class=\"figure fluid\"><img class=\"figure-img\" title=\"M\u00e2m xe h\u1ee3p kim \u0111a ch\u1ea5u 16-inch\" src=\"\/wp-content\/uploads\/2019\/05\/ford-ecosport-1-5l-mt-ambiente-237-9.jpg\" alt=\"M\u00e2m xe h\u1ee3p kim \u0111a ch\u1ea5u 16-inch\" \/><figcaption>M\u00e2m xe h\u1ee3p kim \u0111a ch\u1ea5u 16-inch<\/figcaption><\/figure>\n<p>G\u01b0\u01a1ng chi\u1ebfu h\u1eadu t\u00edch h\u1ee3p \u0111\u00e8n b\u00e1o r\u1ebd v\u1edbi l\u1edbp s\u01a1n \u0111en b\u00f3ng v\u00e0 b\u1ed9 tem d\u00e1n mang \u0111\u1eadm phong c\u00e1ch th\u1ec3 thao.<\/p>\n<figure class=\"figure fluid\"><img class=\"figure-img\" title=\"G\u01b0\u01a1ng chi\u1ebfu h\u1eadu t\u00edch h\u1ee3p \u0111\u00e8n b\u00e1o r\u1ebd\" src=\"\/wp-content\/uploads\/2019\/05\/ford-ecosport-1-5l-mt-ambiente-237-10.jpg\" alt=\"G\u01b0\u01a1ng chi\u1ebfu h\u1eadu t\u00edch h\u1ee3p \u0111\u00e8n b\u00e1o r\u1ebd\" \/><figcaption>G\u01b0\u01a1ng chi\u1ebfu h\u1eadu t\u00edch h\u1ee3p \u0111\u00e8n b\u00e1o r\u1ebd<\/figcaption><\/figure>\n<p>Ford \u0111i\u1ec3m th\u00eam c\u00e1c m\u1ea3ng \u1ed1p nh\u1ef1a c\u1ee9ng t\u1ed1i m\u00e0u quanh khung c\u1eeda k\u00ednh v\u00e0 ph\u1ea7n m\u00e9p d\u01b0\u1edbi c\u1eeda ra v\u00e0o, thanh g\u00e1 n\u00f3c xu\u1ea5t hi\u1ec7n c\u0169ng g\u00f3p ph\u1ea7n kh\u00f4ng nh\u1ecf v\u00e0o s\u1ef1 n\u0103ng \u0111\u1ed9ng c\u1ee7a xe.<\/p>\n<figure class=\"figure fluid\"><img class=\"figure-img\" title=\"C\u00e1c m\u1ea3ng \u1ed1p nh\u1ef1a c\u1ee9ng t\u1ed1i m\u00e0u\" src=\"\/wp-content\/uploads\/2019\/05\/ford-ecosport-1-5l-mt-ambiente-237-11.jpg\" alt=\"C\u00e1c m\u1ea3ng \u1ed1p nh\u1ef1a c\u1ee9ng t\u1ed1i m\u00e0u\" \/><figcaption>C\u00e1c m\u1ea3ng \u1ed1p nh\u1ef1a c\u1ee9ng t\u1ed1i m\u00e0u<\/figcaption><\/figure>\n<p>\u0110u\u00f4i xe thay \u0111\u1ed5i nh\u1eb9 \u1edf c\u1ea3n sau. M\u1eabu SUV h\u1ea1ng B n\u00e0y v\u1eabn trang b\u1ecb l\u1ed1p d\u1ef1 ph\u00f2ng \u1edf \u0111u\u00f4i xe mang c\u1ea3m gi\u00e1c c\u1ee7a m\u1ed9t chi\u1ebfc xe ch\u1ea1y \u0111\u01b0\u1eddng offroad.<\/p>\n<figure class=\"figure fluid\"><img class=\"figure-img\" title=\"L\u1ed1p d\u1ef1 ph\u00f2ng \u0111\u01b0\u1ee3c g\u1eafn \u1edf \u0111u\u00f4i xe\" src=\"\/wp-content\/uploads\/2019\/05\/ford-ecosport-1-5l-mt-ambiente-237-12.jpg\" alt=\"L\u1ed1p d\u1ef1 ph\u00f2ng \u0111\u01b0\u1ee3c g\u1eafn \u1edf \u0111u\u00f4i xe\" \/><figcaption>L\u1ed1p d\u1ef1 ph\u00f2ng \u0111\u01b0\u1ee3c g\u1eafn \u1edf \u0111u\u00f4i xe<\/figcaption><\/figure>\n<p>Ecosport v\u1eabn l\u00e0 l\u1ed1i thi\u1ebft k\u1ebf quen thu\u1ed9c v\u1edbi c\u1ee5m \u0111\u00e8n h\u1eadu \u0111a gi\u00e1c hai t\u1ea7ng. \u0110u\u00f4i l\u01b0\u1edbt gi\u00f3 t\u00edch h\u1ee3p d\u00e3y \u0111\u00e8n LED b\u00e1o phanh ph\u1ee5, c\u1ea3n sau h\u1ea7m h\u1ed1, c\u1eeda sau m\u1edf theo ph\u01b0\u01a1ng ngang v\u1edbi tay n\u1eafm \u1ea9n b\u00ean trong h\u1ed1c \u0111\u00e8n b\u00ean ph\u1ea3i v\u00e0 t\u00edch h\u1ee3p n\u00fat kh\u00f3a\/m\u1edf &#8216;Keyless Entry&#8217;.<\/p>\n<figure class=\"figure fluid\"><img class=\"figure-img\" title=\"\u0110u\u00f4i xe l\u01b0\u1edbt gi\u00f3 t\u00edch h\u1ee3p d\u00e3y \u0111\u00e8n LED \" src=\"\/wp-content\/uploads\/2019\/05\/ford-ecosport-1-5l-mt-ambiente-237-13.jpg\" alt=\"\u0110u\u00f4i xe l\u01b0\u1edbt gi\u00f3 t\u00edch h\u1ee3p d\u00e3y \u0111\u00e8n LED \" \/><\/figure>\n<div class=\"row gallery-group\">\n<div class=\"col-sm-6\">\n<figure class=\"figure fluid\"><img class=\"figure-img\" title=\"C\u1ee5m \u0111\u00e8n h\u1eadu d\u1ea1ng LED\" src=\"\/wp-content\/uploads\/2019\/05\/ford-ecosport-1-5l-mt-ambiente-237-14.jpg\" alt=\"C\u1ee5m \u0111\u00e8n h\u1eadu d\u1ea1ng LED\" \/><\/figure>\n<\/div>\n<div class=\"col-sm-6\">\n<figure class=\"figure fluid\"><img class=\"figure-img\" title=\"\u0110\u00e8n s\u01b0\u01a1ng m\u00f9 \" src=\"\/wp-content\/uploads\/2019\/05\/ford-ecosport-1-5l-mt-ambiente-237-15.jpg\" alt=\"\u0110\u00e8n s\u01b0\u01a1ng m\u00f9 \" \/><\/figure>\n<\/div>\n<\/div>\n<\/div>\n<\/div>\n<div id=\"NoiThat\">\n<h2 class=\"box-title\">N\u1ed8I TH\u1ea4T<\/h2>\n<div class=\"content detail-content\">\n<p>N\u1ed9i th\u1ea5t Ecosport 1.5L AT Trend tr\u00f4ng r\u1ea5t h\u00e0i ho\u00e0, c\u00e1c n\u00fat ch\u1ee9c n\u0103ng \u0111\u01b0\u1ee3c s\u1eafp x\u1ebfp g\u1ecdn g\u00e0ng d\u1ec3 thao t\u00e1c b\u1ea5m khi s\u1eed d\u1ee5ng, ph\u1ea3n h\u1ed3i nhanh nh\u1ea1y v\u00e0 ch\u00ednh x\u00e1c.<\/p>\n<figure class=\"figure fluid\"><img class=\"figure-img\" title=\"Ecosport kh\u00e1 r\u1ed9ng r\u00e3i so v\u1edbi ti\u00eau chu\u1ea9n c\u1ee7a m\u1ed9t chi\u1ebfc SUV \u0111\u00f4 th\u1ecb\" src=\"\/wp-content\/uploads\/2019\/05\/ford-ecosport-1-5l-mt-ambiente-237-16.jpg\" alt=\"Ecosport kh\u00e1 r\u1ed9ng r\u00e3i so v\u1edbi ti\u00eau chu\u1ea9n c\u1ee7a m\u1ed9t chi\u1ebfc SUV \u0111\u00f4 th\u1ecb\" \/><figcaption>Ecosport kh\u00e1 r\u1ed9ng r\u00e3i so v\u1edbi ti\u00eau chu\u1ea9n c\u1ee7a m\u1ed9t chi\u1ebfc SUV \u0111\u00f4 th\u1ecb<\/figcaption><\/figure>\n<p>B\u1ea1n kh\u00f4ng c\u1ea7n ph\u1ea3i l\u1ee5c t\u00ecm ch\u00eca kh\u00f3a. Lu\u00f4n mang ch\u00eca kh\u00f3a b\u00ean m\u00ecnh v\u00e0 b\u1ea1n ch\u1ec9 c\u1ea9n ch\u1ea1m v\u00e0o tay n\u1eafm c\u1eeda \u2013 chi\u1ebfc xe \u0111\u00e3 \u0111\u01b0\u1ee3c t\u1ef1 \u0111\u1ed9ng m\u1edf kh\u00f3a. B\u1ea5m n\u00fat kh\u1edfi \u0111\u1ed9ng xe v\u00e0 l\u00ean \u0111\u01b0\u1eddng th\u00f4i.<\/p>\n<figure class=\"figure fluid\"><img class=\"figure-img\" title=\"N\u00fat b\u1ea5m kh\u1edfi \u0111\u1ed9ng \u0111i\u1ec7n v\u00e0 kh\u00f3a th\u00f4ng minh v\u1edbi ch\u1ee9c n\u0103ng c\u1ea3m \u1ee9ng\" src=\"\/wp-content\/uploads\/2019\/05\/ford-ecosport-1-5l-mt-ambiente-237-17.jpg\" alt=\"N\u00fat b\u1ea5m kh\u1edfi \u0111\u1ed9ng \u0111i\u1ec7n v\u00e0 kh\u00f3a th\u00f4ng minh v\u1edbi ch\u1ee9c n\u0103ng c\u1ea3m \u1ee9ng\" \/><figcaption>N\u00fat b\u1ea5m kh\u1edfi \u0111\u1ed9ng \u0111i\u1ec7n v\u00e0 kh\u00f3a th\u00f4ng minh v\u1edbi ch\u1ee9c n\u0103ng c\u1ea3m \u1ee9ng<\/figcaption><\/figure>\n<p>V\u00f4 l\u0103ng 3 ch\u1ea5u b\u1ecdc da t\u00edch h\u1ee3p nhi\u1ec1u n\u00fat b\u1ea5m ch\u1ee9c n\u0103ng.<\/p>\n<figure class=\"figure fluid\"><img class=\"figure-img\" title=\"V\u00f4 l\u0103ng 3 ch\u1ea5u\" src=\"\/wp-content\/uploads\/2019\/05\/ford-ecosport-1-5l-mt-ambiente-237-18.jpg\" alt=\"V\u00f4 l\u0103ng 3 ch\u1ea5u\" \/><figcaption>V\u00f4 l\u0103ng 3 ch\u1ea5u<\/figcaption><\/figure>\n<p>Xe trang b\u1ecb \u0111i\u1ec1u h\u00f2a t\u1ef1 \u0111\u1ed9ng. Hai c\u1ed5ng k\u1ebft n\u1ed1i USB b\u1ed1 tr\u00ed ngay b\u00ean d\u01b0\u1edbi c\u1ee5m \u0111i\u1ec1u khi\u1ec3n \u0111i\u1ec1u h\u00f2a.<\/p>\n<figure class=\"figure fluid\"><img class=\"figure-img\" title=\"\u0110i\u1ec1u ho\u00e0 t\u1ef1 \u0111\u1ed9ng\" src=\"\/wp-content\/uploads\/2019\/05\/ford-ecosport-1-5l-mt-ambiente-237-19.jpg\" alt=\"\u0110i\u1ec1u ho\u00e0 t\u1ef1 \u0111\u1ed9ng\" \/><figcaption>\u0110i\u1ec1u ho\u00e0 t\u1ef1 \u0111\u1ed9ng<\/figcaption><\/figure>\n<p>Gh\u1ebf c\u1ee7a Ecosport 1.5L AT Trend c\u0169ng \u0111\u01b0\u1ee3c trau chu\u1ed1t v\u00e0 \u0111\u1ea7u t\u01b0 h\u01a1n, gh\u1ebf l\u00e1i ti\u1ec7n nghi v\u1edbi kh\u1ea3 n\u0103ng \u0111i\u1ec1u ch\u1ec9nh 4 h\u01b0\u1edbng.<\/p>\n<figure class=\"figure fluid\"><img class=\"figure-img\" title=\"Gh\u1ebf l\u00e1i \u0111i\u1ec1u ch\u1ec9nh 4 h\u01b0\u1edbng\" src=\"\/wp-content\/uploads\/2019\/05\/ford-ecosport-1-5l-mt-ambiente-237-20.jpg\" alt=\"Gh\u1ebf l\u00e1i \u0111i\u1ec1u ch\u1ec9nh 4 h\u01b0\u1edbng\" \/><figcaption>Gh\u1ebf l\u00e1i \u0111i\u1ec1u ch\u1ec9nh 4 h\u01b0\u1edbng<\/figcaption><\/figure>\n<p>H\u00e0ng gh\u1ebf sau c\u00f3 kho\u1ea3ng kh\u00f4ng gian tr\u1ea7n xe tho\u00e1ng \u0111\u00e3ng, \u0111\u1ed9 nghi\u00eang t\u1ef1a l\u01b0ng v\u1eeba \u0111\u1ee7, v\u1ecb tr\u00ed ng\u1ed3i gi\u1eefa c\u0169ng \u0111\u1ee7 tho\u1ea3i m\u00e1i cho c\u1ea3 ng\u01b0\u1eddi l\u1edbn.\u200b<\/p>\n<figure class=\"figure fluid\"><img class=\"figure-img\" title=\"H\u00e0ng gh\u1ebf sau c\u00f3 ch\u1ee9c n\u0103ng g\u1eadp 60:40\" src=\"\/wp-content\/uploads\/2019\/05\/ford-ecosport-1-5l-mt-ambiente-237-21.jpg\" alt=\"H\u00e0ng gh\u1ebf sau c\u00f3 ch\u1ee9c n\u0103ng g\u1eadp 60:40\" \/><figcaption>H\u00e0ng gh\u1ebf sau c\u00f3 ch\u1ee9c n\u0103ng g\u1eadp 60:40<\/figcaption><\/figure>\n<h3>Ti\u1ec7n nghi<\/h3>\n<p>\u1ede tr\u00ean phi\u00ean b\u1ea3n cao c\u1ea5p, Ecosport 1.5L AT Trend c\u0169ng \u0111\u01b0\u1ee3c trang b\u1ecb t\u00ednh n\u0103ng ng\u1eaft \u0111\u1ed9ng c\u01a1 t\u1ea1m th\u1eddi khi d\u1eebng \u0111\u00e8n \u0111\u1ecf, \u00a0gi\u00fap t\u0103ng hi\u1ec7u qu\u1ea3 ti\u1ebft ki\u1ec7m nhi\u00ean li\u1ec7u. H\u1ec7 th\u1ed1ng ch\u00eca kho\u00e1 th\u00f4ng minh m\u1edbi c\u1ee7a Ecosport 1.5L AT Trend c\u00f3 ch\u1ee9c n\u0103ng kh\u1edfi \u0111\u1ed9ng trong tr\u01b0\u1eddng h\u1ee3p kh\u1ea9n c\u1ea5p.<\/p>\n<figure class=\"figure fluid\"><img class=\"figure-img\" title=\"Ch\u1ee9c n\u0103ng kh\u1edfi \u0111\u1ed9ng trong tr\u01b0\u1eddng h\u1ee3p kh\u1ea9n c\u1ea5p.\" src=\"\/wp-content\/uploads\/2019\/05\/ford-ecosport-1-5l-mt-ambiente-237-22.jpg\" alt=\"Ch\u1ee9c n\u0103ng kh\u1edfi \u0111\u1ed9ng trong tr\u01b0\u1eddng h\u1ee3p kh\u1ea9n c\u1ea5p.\" \/><figcaption>Ch\u1ee9c n\u0103ng kh\u1edfi \u0111\u1ed9ng trong tr\u01b0\u1eddng h\u1ee3p kh\u1ea9n c\u1ea5p.<\/figcaption><\/figure>\n<p>H\u1ec7 th\u1ed1ng gi\u1ea3i tr\u00ed\u00a0\u0111\u01b0\u1ee3c b\u1ed1 tr\u00ed quanh xe. Ecosport 1.5L AT Trend c\u00f3 t\u00ednh n\u0103ng My Key gi\u00fap ng\u01b0\u1eddi l\u00e1i ki\u1ec3m so\u00e1t \u0111\u01b0\u1ee3c m\u1ed9t s\u1ed1 t\u00ednh n\u0103ng tr\u00ean xe theo m\u1ee5c \u0111\u00edch c\u00e1 nh\u00e2n nh\u01b0 c\u1ea3nh b\u00e1o t\u1ed1c \u0111\u1ed9, c\u1ea3nh b\u00e1o th\u1eaft d\u00e2y an to\u00e0n&#8230;<\/p>\n<figure class=\"figure fluid\"><img class=\"figure-img\" title=\"H\u1ec7 th\u1ed1ng gi\u1ea3i tr\u00ed\" src=\"\/wp-content\/uploads\/2019\/05\/ford-ecosport-1-5l-mt-ambiente-237-23.jpg\" alt=\"H\u1ec7 th\u1ed1ng gi\u1ea3i tr\u00ed\" \/><figcaption>H\u1ec7 th\u1ed1ng gi\u1ea3i tr\u00ed<\/figcaption><\/figure>\n<p>C\u1ed1p ch\u1ee9a \u0111\u1ed3 r\u1ed9ng r\u00e3i ph\u00eda sau xe c\u00f3 th\u1ec3 n\u00e2ng l\u00ean m\u1ee9c 1.145 l\u00edt khi g\u1eadp h\u00e0ng gh\u1ebf th\u1ee9 2.<\/p>\n<figure class=\"figure fluid\"><img class=\"figure-img\" title=\"C\u1ed1p ch\u1ee9a \u0111\u1ed3 r\u1ed9ng r\u00e3i \" src=\"\/wp-content\/uploads\/2019\/05\/ford-ecosport-1-5l-mt-ambiente-237-24.jpg\" alt=\"C\u1ed1p ch\u1ee9a \u0111\u1ed3 r\u1ed9ng r\u00e3i \" \/><figcaption>C\u1ed1p ch\u1ee9a \u0111\u1ed3 r\u1ed9ng r\u00e3i<\/figcaption><\/figure>\n<\/div>\n<\/div>\n<div id=\"VanHanh\">\n<h2 class=\"box-title\">V\u1eacN H\u00c0NH<\/h2>\n<div class=\"content detail-content\">\n<p>K\u1ebft h\u1ee3p c\u00f9ng m\u00e1y x\u0103ng s\u1ebd l\u00e0 h\u1ed9p s\u1ed1 s\u00e0n 5 c\u1ea5p ho\u1eb7c t\u00f9y ch\u1ecdn h\u1ed9p s\u1ed1 t\u1ef1 \u0111\u1ed9ng 6 c\u1ea5p ly h\u1ee3p k\u00e9p PowerShift. M\u1eabu CUV th\u00e0nh th\u1ecb trang b\u1ecb h\u1ec7 th\u1ed1ng treo tr\u01b0\u1edbc ki\u1ec3u thanh xo\u1eafn v\u00e0 treo sau Macpherson v\u1edbi thanh c\u00e2n b\u1eb1ng; h\u1ec7 th\u1ed1ng l\u00e1i tr\u1ee3 l\u1ef1c \u0111i\u1ec7n \u0111i\u1ec1u khi\u1ec3n \u0111i\u1ec7n t\u1eed EPAS.<\/p>\n<figure class=\"figure fluid\"><img class=\"figure-img\" title=\"\u0110\u1ed9ng c\u01a1 EcoSport 1.5L MT Ambiente m\u1ea1nh m\u1ebd\" src=\"\/wp-content\/uploads\/2019\/05\/ford-ecosport-1-5l-mt-ambiente-237-25.jpg\" alt=\"\u0110\u1ed9ng c\u01a1 EcoSport 1.5L MT Ambiente m\u1ea1nh m\u1ebd\" \/><figcaption>\u0110\u1ed9ng c\u01a1 EcoSport 1.5L AT Trend m\u1ea1nh m\u1ebd<\/figcaption><\/figure>\n<figure class=\"figure fluid\"><img class=\"figure-img\" title=\"D\u00f2ng xe n\u00e0y c\u00f3 phi\u00ean b\u1ea3n s\u1ed1 t\u1ef1 \u0111\u1ed9ng 6 c\u1ea5p.\" src=\"\/wp-content\/uploads\/2019\/05\/ford-ecosport-1-5l-mt-ambiente-237-26.jpg\" alt=\"D\u00f2ng xe n\u00e0y c\u00f3 phi\u00ean b\u1ea3n s\u1ed1 t\u1ef1 \u0111\u1ed9ng 6 c\u1ea5p.\" \/><figcaption>D\u00f2ng xe n\u00e0y c\u00f3 phi\u00ean b\u1ea3n s\u1ed1 s\u00e0n 5 c\u1ea5p.<\/figcaption><\/figure>\n<\/div>\n<\/div>\n<div id=\"AnToan\">\n<h2 class=\"box-title\">AN TO\u00c0N<\/h2>\n<div class=\"content detail-content\">\n<p>\u1ede hai phi\u00ean b\u1ea3n EcoSport Ambiente \u0111\u01b0\u1ee3c trang b\u1ecb h\u1ec7 th\u1ed1ng an to\u00e0n bao g\u1ed3m<\/p>\n<ul>\n<li>\u00a0H\u1ec7 th\u1ed1ng ch\u1ed1ng b\u00f3 c\u1ee9ng phanh ABS.<\/li>\n<li>\u00a0H\u1ec7 th\u1ed1ng ph\u00e2n b\u1ed5 l\u1ef1c phanh EDB.<\/li>\n<li>\u00a0H\u1ec7 th\u1ed1ng c\u00e2n b\u1eb1ng \u0111i\u1ec7n t\u1eed ESC.<\/li>\n<li>\u00a0H\u1ec7 th\u1ed1ng h\u1ed7 tr\u1ee3 kh\u1edfi h\u00e0nh ngang d\u1ed1c HLA.<\/li>\n<li>\u00a0T\u00fai kh\u00ed an to\u00e0n.<\/li>\n<li>\u00a0H\u1ec7 th\u1ed1ng ch\u1ed1ng tr\u1ed9m.<\/li>\n<\/ul>\n<\/div>\n<\/div>\n<p>&nbsp;<\/p>\n","protected":false},"excerpt":{"rendered":"<p class=\"product-row\">Xu\u1ea5t x\u1ee9 :Ford<\/p>\n<p class=\"product-row\">B\u1ea3o h\u00e0nh :3 N\u0103m ho\u1eb7c 100.000 KM<\/p>\n<p><b>Mua xe EcoSport 1.5L AT Ambiente t\u1eb7ng c\u00e1c ph\u1ea7n qu\u00e0 sau:<\/b><\/p>\n<p>************************************************************ <\/p>\n<p>? Th\u1ea3m l\u00f3t s\u00e0n <\/p>\n<p>? Phim c\u00e1ch nhi\u1ec7t 3M <\/p>\n<p>? Camera h\u00e0nh tr\u00ecnh, Camera l\u00f9i <\/p>\n<p>************************************************************ <\/p>\n<p><b>Gi\u1ea3m gi\u00e1 20 Tri\u1ec7u khi mua xe. L\/h ngay \u0111\u1ec3 \u0111\u01b0\u1ee3c gi\u1ea3m gi\u00e1 ti\u1ec1n m\u1eb7t khi mua xe<\/b><\/p>\n","protected":false},"featured_media":238,"comment_status":"open","ping_status":"closed","template":"","meta":[],"_links":{"self":[{"href":"https:\/\/hosting.conasi.vn\/w\/ford2011\/wp-json\/wp\/v2\/product\/237"}],"collection":[{"href":"https:\/\/hosting.conasi.vn\/w\/ford2011\/wp-json\/wp\/v2\/product"}],"about":[{"href":"https:\/\/hosting.conasi.vn\/w\/ford2011\/wp-json\/wp\/v2\/types\/product"}],"replies":[{"embeddable":true,"href":"https:\/\/hosting.conasi.vn\/w\/ford2011\/wp-json\/wp\/v2\/comments?post=237"}],"wp:featuredmedia":[{"embeddable":true,"href":"https:\/\/hosting.conasi.vn\/w\/ford2011\/wp-json\/wp\/v2\/media\/238"}],"wp:attachment":[{"href":"https:\/\/hosting.conasi.vn\/w\/ford2011\/wp-json\/wp\/v2\/media?parent=237"}],"curies":[{"name":"wp","href":"https:\/\/api.w.org\/{rel}","templated":true}]}}