{"id":215,"date":"2019-05-13T01:45:44","date_gmt":"2019-05-13T01:45:44","guid":{"rendered":"https:\/\/ford1.khowebseotop.vn\/?post_type=product&#038;p=215"},"modified":"2019-05-13T01:48:39","modified_gmt":"2019-05-13T01:48:39","slug":"ford-ranger-raptor-2-0l-4x4-at","status":"publish","type":"product","link":"https:\/\/hosting.conasi.vn\/w\/ford2011\/san-pham\/ford-ranger-raptor-2-0l-4x4-at\/","title":{"rendered":"Ford Ranger Raptor 2.0L 4&#215;4 AT"},"content":{"rendered":"<h2 class=\"detail-content-title\">T\u1ed4NG QUAN<\/h2>\n<p><strong>\u0110\u00e2y kh\u00f4ng ph\u1ea3i l\u00e0 chi\u1ebfc b\u00e1n t\u1ea3i th\u00f4ng th\u01b0\u1eddng, m\u00e0 l\u00e0 Si\u00eau b\u00e1n t\u1ea3i.<\/strong><\/p>\n<p>Ford Ranger Raptor kh\u00f4ng ph\u1ea3i l\u00e0 chi\u1ebfc b\u00e1n t\u1ea3i th\u00f4ng th\u01b0\u1eddng. L\u1ea7n \u0111\u1ea7u ti\u00ean t\u1ea1i ch\u00e2u \u00c1, m\u1ed9t chi\u1ebfc xe b\u00e1n t\u1ea3i \u0111\u01b0\u1ee3c thi\u1ebft k\u1ebf \u0111\u1eb7c th\u00f9 cho \u0111\u1ecba h\u00ecnh off-road. \u0110\u00e2y kh\u00f4ng ph\u1ea3i l\u00e0 m\u1ed9t phi\u00ean b\u1ea3n n\u00e2ng c\u1ea5p. Hay \u0111\u01b0\u1ee3c \u0111\u1ed9 th\u00eam trang thi\u1ebft b\u1ecb. \u0110\u00e2y l\u00e0 m\u1ed9t ki\u1ec7t t\u00e1c thi\u1ebft k\u1ebf 100% d\u00e0nh ri\u00eang \u0111\u1ec3 off-road, \u0111\u1ec3 chinh ph\u1ee5c b\u1ea5t c\u1ee9 \u0111\u1ecba h\u00ecnh n\u00e0o m\u00e0 b\u1ea1n mong mu\u1ed1n.<\/p>\n<p>Ford Ranger Raptor la\u0300 phi\u00ean ba\u0309n cao c\u00e2\u0301p nh\u00e2\u0301t cu\u0309a do\u0300ng xe ba\u0301n ta\u0309i Ford Ranger. M\u1eabu xe n\u00e0y s\u01a1\u0309 h\u01b0\u0303u nhi\u00ea\u0300u n\u00e2ng c\u00e2\u0301p \u0111a\u0301ng gia\u0301 so v\u01a1\u0301i phi\u00ean ba\u0309n Wildtrak. Xe \u0111\u01b0\u1ee3c trang b\u1ecb\u00a0 \u0111\u00f4\u0323ng c\u01a1, h\u00f4\u0323p s\u00f4\u0301 m\u01a1\u0301i, h\u00ea\u0323 th\u00f4\u0301ng treo \u0111\u0103\u0323c bi\u00ea\u0323t v\u00e0 \u0111\u01b0\u1ee3c t\u00edch h\u1ee3p ha\u0300ng loa\u0323t n\u00e2ng c\u00e2\u0301p \u0111\u00e1ng gi\u00e1 kha\u0301c.<\/p>\n<p><img title=\"Ford Ranger Raptor 2.0L 4x4 AT - H\u00ecnh 1\" src=\"\/wp-content\/uploads\/2019\/05\/ford-ranger-raptor-2-0l-4x4-at-215.jpg\" alt=\"Ford Ranger Raptor 2.0L 4x4 AT - H\u00ecnh 1\" \/><\/p>\n<p>Ford Ranger Raptor kh\u00f4ng ph\u1ea3i chi\u1ebfc b\u00e1n t\u1ea3i th\u00f4ng th\u01b0\u1eddng, m\u00e0 l\u00e0 Si\u00eau b\u00e1n t\u1ea3i chi\u1ebfc b\u00e1n t\u1ea3i th\u00f4ng th\u01b0\u1eddng<\/p>\n<h2 class=\"detail-content-title\">NGO\u1ea0I TH\u1ea4T<\/h2>\n<h3>Thi\u1ebft k\u1ebf<\/h3>\n<p>Tho\u00e1ng nh\u00ecn Ranger Raptor, b\u1ea1n s\u1ebd nh\u1eadn ra ngay \u0111\u00e2y kh\u00f4ng ph\u1ea3i l\u00e0 chi\u1ebfc b\u00e1n t\u1ea3i th\u00f4ng th\u01b0\u1eddng. T\u1eeb l\u01b0\u1edbi t\u1ea3n nhi\u1ec7t, c\u1ea3n tr\u01b0\u1edbc v\u00e0 sau, t\u1ea5m b\u1ea3o v\u1ec7 g\u1ea7m, \u1ed1p v\u00f2m b\u00e1nh tr\u01b0\u1edbc v\u00e0 sau r\u1ed9ng h\u01a1n, la-z\u0103ng h\u1ee3p kim, b\u1eadc l\u00ean xu\u1ed1ng v\u00e0 l\u1ed1p \u0111\u1ecba h\u00ecnh, Ranger Raptor \u0111\u01b0\u1ee3c thi\u1ebft k\u1ebf v\u00e0 ch\u1ebf t\u1ea1o ho\u00e0n h\u1ea3o, \u0111\u00e1p \u1ee9ng nh\u1eefng y\u00eau c\u1ea7u kh\u1eaft khe nh\u1ea5t c\u1ee7a Ford Performance DNA \u2013 d\u00f2ng xe hi\u1ec7u n\u0103ng cao c\u1ee7a Ford.<\/p>\n<p><img title=\"Ford Ranger Raptor 2.0L 4x4 AT - H\u00ecnh 2\" src=\"\/wp-content\/uploads\/2019\/05\/ford-ranger-raptor-2-0l-4x4-at-215-1.jpg\" alt=\"Ford Ranger Raptor 2.0L 4x4 AT - H\u00ecnh 2\" \/><\/p>\n<p>Ranger Raptor \u0111\u01b0\u1ee3c thi\u1ebft k\u1ebf v\u00e0 ch\u1ebf t\u1ea1o ho\u00e0n h\u1ea3o<\/p>\n<p>S\u1edf h\u1eefu v\u1ebb ngo\u00e0i h\u1ea7m h\u1ed1 v\u1edbi k\u00edch th\u01b0\u1edbc t\u1ed5ng th\u1ec3 l\u1ea7n l\u01b0\u1ee3t l\u00e0 5398 x 2180 x 1873 mm. \u0110\u1ea7u xe n\u1ed5i b\u1eadt v\u1edbi nh\u1eefng \u0111\u01b0\u1eddng n\u00e9t g\u00e2n gu\u1ed1c, c\u1ee5m \u0111\u00e8n tr\u01b0\u1edbc HID\/ Projector s\u1eafc n\u00e9t, d\u1ea3i \u0111\u00e8n LED ch\u1ea1y ban ng\u00e0y t\u1ef1 \u0111\u1ed9ng b\u1eadt \u0111\u00e8n v\u00e0 chuy\u1ebfn \u0111\u1ed5i g\u00f3c chi\u1ebfu.<\/p>\n<p><img title=\"Ford Ranger Raptor 2.0L 4x4 AT - H\u00ecnh 3\" src=\"\/wp-content\/uploads\/2019\/05\/ford-ranger-raptor-2-0l-4x4-at-215-2.jpg\" alt=\"Ford Ranger Raptor 2.0L 4x4 AT - H\u00ecnh 3\" \/><\/p>\n<p>S\u1edf h\u1eefu v\u1ebb ngo\u00e0i h\u1ea7m h\u1ed1<\/p>\n<p>Ch\u1eef \u201cFORD\u201d n\u1eb1m ch\u00ednh gi\u1eefa trung t\u00e2m \u0111\u1ea7u xe. B\u1ed9 l\u01b0\u1edbi t\u1ea3n nhi\u1ec7t d\u1ea1ng t\u1ed5 ong m\u00e0u \u0111en b\u1eaft m\u1eaft.<\/p>\n<p><img title=\"Ford Ranger Raptor 2.0L 4x4 AT - H\u00ecnh 4\" src=\"\/wp-content\/uploads\/2019\/05\/ford-ranger-raptor-2-0l-4x4-at-215-3.jpg\" alt=\"Ford Ranger Raptor 2.0L 4x4 AT - H\u00ecnh 4\" \/><\/p>\n<p>\u0110\u1ea7u xe h\u1ea7m h\u1ed1 v\u1edbi thi\u1ebft k\u1ebf l\u01b0\u1edbi t\u1ea3n nhi\u1ec7t v\u00e0 c\u1ea3n tr\u01b0\u1edbc, \u0111\u00e8n s\u01b0\u01a1ng m\u00f9 m\u1edbi<\/p>\n<p>Tr\u00ean mui xe l\u00e0 nh\u1eefng \u0111\u01b0\u1eddng d\u1eadp n\u1ed5i nh\u1eb1m t\u0103ng t\u00ednh kh\u00ed \u0111\u1ed9ng h\u1ecdc.<\/p>\n<p>Nh\u1eefng \u0111\u01b0\u1eddng g\u00e2n nh\u1eb9 ch\u1ea1y d\u1ecdc th\u00e2n xe gi\u00fap t\u0103ng v\u1ebb \u201cnam t\u00ednh\u201d cho xe. B\u1ed9 m\u00e2m 17 inch, b\u1ed9 l\u1ed1p c\u1ef1c d\u00e0y 285\/70R17, h\u1ed1c b\u00e1nh m\u1edf r\u1ed9ng t\u1ed1i \u0111a t\u1ea1o s\u1ef1 ph\u00f3ng kho\u00e1ng chinh ph\u1ee5c m\u1ecdi ch\u01b0\u1edbng ng\u1ea1i v\u1eadt.<\/p>\n<p><img title=\"Ford Ranger Raptor 2.0L 4x4 AT - H\u00ecnh 5\" src=\"\/wp-content\/uploads\/2019\/05\/ford-ranger-raptor-2-0l-4x4-at-215-4.jpg\" alt=\"Ford Ranger Raptor 2.0L 4x4 AT - H\u00ecnh 5\" \/><\/p>\n<p>B\u1ed9 m\u00e2m 17 inch, b\u1ed9 l\u1ed1p c\u1ef1c d\u00e0y 285\/70R17<\/p>\n<p>Th\u00e2n xe \u0111\u01b0\u1ee3c gia c\u1ed1 th\u00eam th\u00e9p c\u01b0\u1eddng l\u1ef1c. B\u1eadc l\u00ean xu\u1ed1ng c\u00f3 b\u1ec1 m\u1eb7t l\u1ed7 tho\u00e1ng nh\u1eb1m gi\u1ea3m \u0111\u1ed9 b\u00e1m b\u00f9n \u0111\u1ea5t khi xe v\u1eadn h\u00e0nh \u1edf t\u1ed1c \u0111\u1ed9 cao.<\/p>\n<p><img title=\"Ford Ranger Raptor 2.0L 4x4 AT - H\u00ecnh 6\" src=\"\/wp-content\/uploads\/2019\/05\/ford-ranger-raptor-2-0l-4x4-at-215-5.jpg\" alt=\"Ford Ranger Raptor 2.0L 4x4 AT - H\u00ecnh 6\" \/><\/p>\n<p>B\u1eadc l\u00ean xu\u1ed1ng c\u00f3 b\u1ec1 m\u1eb7t l\u1ed7 tho\u00e1ng nh\u1eb1m gi\u1ea3m \u0111\u1ed9 b\u00e1m b\u00f9n \u0111\u1ea5t khi xe v\u1eadn h\u00e0nh \u1edf t\u1ed1c \u0111\u1ed9 cao<\/p>\n<p>Khoang ch\u1edf h\u00e0ng ph\u00eda sau r\u1ed9ng r\u00e3i v\u1edbi th\u1ec3 t\u00edch ch\u1ee9a l\u00ean t\u1edbi 1.21m\u00b3.<\/p>\n<p><img title=\"Ford Ranger Raptor 2.0L 4x4 AT - H\u00ecnh 7\" src=\"\/wp-content\/uploads\/2019\/05\/ford-ranger-raptor-2-0l-4x4-at-215-6.jpg\" alt=\"Ford Ranger Raptor 2.0L 4x4 AT - H\u00ecnh 7\" \/><\/p>\n<p>Khoang ch\u1edf h\u00e0ng ph\u00eda sau r\u1ed9ng r\u00e3i<\/p>\n<p>\u0110u\u00f4i xe c\u1ee9ng c\u00e1p v\u1edbi nh\u1eefng \u0111\u01b0\u1eddng c\u1eaft d\u1ee9t kho\u00e1t t\u1ea1o h\u00ecnh vu\u00f4ng v\u1eafn. C\u1ee5m \u0111\u00e8n h\u1eadu h\u00ecnh tr\u1ee5 d\u1ea1ng LED, c\u1ea3n sau t\u1ed1i m\u00e0u nh\u00f4 cao t\u0103ng th\u00eam s\u1ef1 c\u1ee9ng c\u00e1p cho xe.<\/p>\n<p><img title=\"Ford Ranger Raptor 2.0L 4x4 AT - H\u00ecnh 8\" src=\"\/wp-content\/uploads\/2019\/05\/ford-ranger-raptor-2-0l-4x4-at-215-7.jpg\" alt=\"Ford Ranger Raptor 2.0L 4x4 AT - H\u00ecnh 8\" \/><\/p>\n<p>\u0110u\u00f4i xe c\u1ee9ng c\u00e1p v\u1edbi nh\u1eefng \u0111\u01b0\u1eddng c\u1eaft d\u1ee9t kho\u00e1t t\u1ea1o h\u00ecnh vu\u00f4ng v\u1eafn<\/p>\n<p>\u0110\u1ea7u xe h\u1ea7m h\u1ed1 v\u1edbi thi\u1ebft k\u1ebf l\u01b0\u1edbi t\u1ea3n nhi\u1ec7t v\u00e0 c\u1ea3n tr\u01b0\u1edbc, \u0111\u00e8n s\u01b0\u01a1ng m\u00f9 m\u1edbi. H\u1ed9c b\u00e1nh xe c\u00f3 \u1ed1p ch\u1eafn b\u00f9n l\u1ed3i ra ngo\u00e0i, t\u0103ng kh\u1ea3 n\u0103ng b\u1ea3o v\u1ec7 th\u00e2n xe kh\u1ecfi \u0111\u00e1, b\u00f9n b\u1eafn l\u00ean khi ch\u1ea1y off-road.<\/p>\n<p><img title=\"Ford Ranger Raptor 2.0L 4x4 AT - H\u00ecnh 9\" src=\"\/wp-content\/uploads\/2019\/05\/ford-ranger-raptor-2-0l-4x4-at-215-8.jpg\" alt=\"Ford Ranger Raptor 2.0L 4x4 AT - H\u00ecnh 9\" \/><\/p>\n<p>\u0110\u1ea7u xe h\u1ea7m h\u1ed1 v\u1edbi thi\u1ebft k\u1ebf l\u01b0\u1edbi t\u1ea3n nhi\u1ec7t v\u00e0 c\u1ea3n tr\u01b0\u1edbc, \u0111\u00e8n s\u01b0\u01a1ng m\u00f9 m\u1edbi<\/p>\n<p>Kh\u00f3a \u0111i\u1ec1u khi\u1ec3n th\u00f4ng minh kh\u1edfi \u0111\u1ed9ng b\u1eb1ng n\u00fat b\u1ea5m.<\/p>\n<h3>Khung g\u1ea7m<\/h3>\n<p>H\u1ec7 th\u1ed1ng khung g\u1ea7m d\u1ea1ng h\u00ecnh thang c\u1ee7a Ranger Raptor \u0111\u01b0\u1ee3c ch\u1ebf t\u1ea1o v\u00e0 gia c\u1ed1 b\u1eb1ng lo\u1ea1i th\u00e9p c\u01b0\u1eddng l\u1ef1c High Strength Low Alloy (HSLA), gi\u00fap chi\u1ebfc xe c\u00f3 th\u1ec3 \u0111\u00e1p \u1ee9ng m\u1ecdi th\u1eed th\u00e1ch kh\u1eafc nghi\u1ec7t \u0111\u01b0\u1ee3c \u0111\u1eb7t ra trong qu\u00e1 tr\u00ecnh v\u01b0\u1ee3t \u0111\u1ecba h\u00ecnh. \u0110\u01b0\u1ee3c th\u1eed nghi\u1ec7m r\u1ed9ng r\u00e3i tr\u00ean \u0111\u1ecba h\u00ecnh sa m\u1ea1c kh\u1eafc nghi\u1ec7t nh\u1ea5t \u1edf \u00dac v\u00e0 M\u1ef9, h\u1ec7 th\u1ed1ng khung g\u1ea7m c\u1ee7a Ranger Raptor cho hi\u1ec7u su\u1ea5t l\u00e0m vi\u1ec7c cao v\u00e0 b\u1ec1n b\u1ec9 t\u1ed1i \u0111a.<\/p>\n<p><img title=\"Ford Ranger Raptor 2.0L 4x4 AT - H\u00ecnh 10\" src=\"\/wp-content\/uploads\/2019\/05\/ford-ranger-raptor-2-0l-4x4-at-215-9.jpg\" alt=\"Ford Ranger Raptor 2.0L 4x4 AT - H\u00ecnh 10\" \/><\/p>\n<p>H\u1ec7 th\u1ed1ng khung g\u1ea7m d\u1ea1ng h\u00ecnh thang c\u1ee7a Ranger Raptor \u0111\u01b0\u1ee3c ch\u1ebf t\u1ea1o v\u00e0 gia c\u1ed1 b\u1eb1ng lo\u1ea1i th\u00e9p c\u01b0\u1eddng l\u1ef1c High Strength Low Alloy<\/p>\n<h2 class=\"detail-content-title\">N\u1ed8I TH\u1ea4T<\/h2>\n<p><img title=\"Ford Ranger Raptor 2.0L 4x4 AT - H\u00ecnh 11\" src=\"\/wp-content\/uploads\/2019\/05\/ford-ranger-raptor-2-0l-4x4-at-215-10.jpg\" alt=\"Ford Ranger Raptor 2.0L 4x4 AT - H\u00ecnh 11\" \/><\/p>\n<p>N\u1ed9i th\u1ea5t thi\u1ebft sang tr\u1ecdng, r\u1ed9ng r\u00e3i<\/p>\n<p>T\u00e1p l\u00f4 xe hi\u1ec7n \u0111\u1ea1i v\u1edbi c\u00e1c \u0111\u01b0\u1eddng c\u1eaft bo tr\u00f2n. C\u00e1c thi\u1ebft b\u1ecb th\u00f4ng tin k\u1ef9 thu\u1eadt \u0111\u01b0\u1ee3c trau chu\u1ed1t v\u00e0 b\u1ed1 tr\u00ed khoa h\u1ecdc.<\/p>\n<p><img title=\"Ford Ranger Raptor 2.0L 4x4 AT - H\u00ecnh 12\" src=\"\/wp-content\/uploads\/2019\/05\/ford-ranger-raptor-2-0l-4x4-at-215-11.jpg\" alt=\"Ford Ranger Raptor 2.0L 4x4 AT - H\u00ecnh 12\" \/><\/p>\n<p>T\u00e1p l\u00f4 xe hi\u1ec7n \u0111\u1ea1i v\u1edbi c\u00e1c \u0111\u01b0\u1eddng c\u1eaft bo tr\u00f2n<\/p>\n<p>Thi\u1ebft k\u1ebf v\u00f4 l\u0103ng 3 ch\u1ea5u b\u1ecdc da c\u00f3 l\u1eaby chuy\u1ec3n s\u1ed1 ph\u00eda sau tay l\u00e1i t\u00edch h\u1ee3p c\u00e1c n\u00fat b\u1ea5m ti\u1ec7n l\u1ee3i. Xe d\u00f9ng gh\u1ebf b\u1ecdc da, v\u1ecb tr\u00ed gh\u1ebf l\u00e1i cao, t\u1ea7m quan s\u00e1t r\u1ed9ng t\u00edch h\u1ee3p \u0111a d\u1ea1ng t\u00ednh n\u0103ng h\u1ed7 tr\u1ee3 ng\u01b0\u1eddi l\u00e1i.<\/p>\n<p><img title=\"Ford Ranger Raptor 2.0L 4x4 AT - H\u00ecnh 13\" src=\"\/wp-content\/uploads\/2019\/05\/ford-ranger-raptor-2-0l-4x4-at-215-12.jpg\" alt=\"Ford Ranger Raptor 2.0L 4x4 AT - H\u00ecnh 13\" \/><\/p>\n<p>Thi\u1ebft k\u1ebf v\u00f4 l\u0103ng 3 ch\u1ea5u b\u1ecdc da c\u00f3 l\u1eaby chuy\u1ec3n s\u1ed1 ph\u00eda sau tay l\u00e1i t\u00edch h\u1ee3p c\u00e1c n\u00fat b\u1ea5m ti\u1ec7n l\u1ee3i<\/p>\n<p>L\u1eaby m\u1edf c\u1eeda ph\u00eda trong b\u1ecdc nh\u00f4m, tay n\u1eafm c\u1eeda trong v\u00e0 g\u01b0\u01a1ng chi\u1ebfu h\u1eadu trong.<\/p>\n<p>H\u1ec7 th\u1ed1ng \u0111i\u1ec1u h\u00f2a 2 v\u00f9ng t\u1ef1 \u0111\u1ed9ng cho ph\u00e9p Kh\u00e1ch h\u00e0ng t\u00f9y ch\u1ec9nh nhi\u1ec7t \u0111\u1ed9 theo \u00fd th\u00edch ngay t\u1ea1i v\u1ecb tr\u00ed b\u1ea1n \u0111ang ng\u1ed3i.<\/p>\n<p><img title=\"Ford Ranger Raptor 2.0L 4x4 AT - H\u00ecnh 14\" src=\"\/wp-content\/uploads\/2019\/05\/ford-ranger-raptor-2-0l-4x4-at-215-13.jpg\" alt=\"Ford Ranger Raptor 2.0L 4x4 AT - H\u00ecnh 14\" \/><\/p>\n<p>H\u1ec7 th\u1ed1ng \u0111i\u1ec1u h\u00f2a 2 v\u00f9ng t\u1ef1 \u0111\u1ed9ng<\/p>\n<p>Xe trang b\u1ecb h\u1ec7 th\u1ed1ng th\u00f4ng tin gi\u1ea3i tr\u00ed SYNC 3 v\u1edbi m\u00e0n h\u00ecnh 8 inch cho ph\u00e9p ra l\u1ec7nh g\u1ecdi v\u00e0 n\u00f3i chuy\u1ec7n b\u1eb1ng \u0111i\u1ec7n tho\u1ea1i, k\u1ebft n\u1ed1i Radio v\u00e0 ch\u1ecdn t\u00ean b\u00e0i h\u00e1t hay t\u00ean ca s\u1ef9 khi nghe nh\u1ea1c tr\u00ean USB.<\/p>\n<p><img title=\"Ford Ranger Raptor 2.0L 4x4 AT - H\u00ecnh 15\" src=\"\/wp-content\/uploads\/2019\/05\/ford-ranger-raptor-2-0l-4x4-at-215-14.jpg\" alt=\"Ford Ranger Raptor 2.0L 4x4 AT - H\u00ecnh 15\" \/><\/p>\n<p>Xe trang b\u1ecb h\u1ec7 th\u1ed1ng th\u00f4ng tin gi\u1ea3i tr\u00ed SYNC 3 v\u1edbi m\u00e0n h\u00ecnh 8 inch<\/p>\n<p>Xe trang b\u1ecb gi\u1eafc c\u1eafm USB, ngu\u1ed3n \u0111i\u1ec7n 12 V, ng\u0103n \u0111\u1ef1ng c\u1ed1c, t\u1ea5m ch\u1eafn n\u1eafng ph\u00eda tr\u01b0\u1edbc t\u00edch h\u1ee3p g\u01b0\u01a1ng soi.<\/p>\n<h2 class=\"detail-content-title\">V\u1eacN H\u00c0NH<\/h2>\n<h3>\u0110\u1ed9ng c\u01a1<\/h3>\n<p>T\u01b0\u01a1ng t\u1ef1 nh\u01b0 xe m\u00f4 t\u00f4 \u0111\u1ecba h\u00ecnh, h\u1ec7 th\u1ed1ng truy\u1ec1n \u0111\u1ed9ng c\u1ee7a Ranger Raptor \u0111\u01b0\u1ee3c thi\u1ebft k\u1ebf sao cho \u0111\u00e1p \u1ee9ng nh\u1ea1y b\u00e9n nh\u1ea5t nh\u01b0ng l\u1ea1i c\u00f3 tr\u1ecdng l\u01b0\u1ee3ng th\u1ea5p nh\u1ea5t. \u0110\u1ed9ng c\u01a1 diesel 2.0L BiTurbo c\u00f4ng ngh\u1ec7 m\u1edbi nh\u1ea5t c\u1ee7a Ford cho c\u00f4ng su\u1ea5t 213Ps v\u00e0 s\u1ee9c k\u00e9o 500Nm \u1edf d\u1ea3i v\u00f2ng tua r\u1ed9ng b\u1eb1ng c\u00e1ch k\u1ebft h\u1ee3p \u0111\u1ed3ng th\u1eddi gi\u1eefa turbo \u00e1p su\u1ea5t n\u00e9n cao v\u00e0 turbo \u00e1p su\u1ea5t n\u00e9n th\u1ea5p, v\u1edbi t\u1ed1c \u0111\u1ed9 quay t\u1edbi 240.000v\/ph nh\u1edd s\u1eed d\u1ee5ng v\u1eadt li\u1ec7u c\u00f4ng ngh\u1ec7 cao Inconel, m\u1ed9t lo\u1ea1i h\u1ee3p kim v\u1ed1n \u0111\u01b0\u1ee3c d\u00f9ng trong \u0111\u1ed9ng c\u01a1 t\u00ean l\u1eeda.<\/p>\n<p><img title=\"Ford Ranger Raptor 2.0L 4x4 AT - H\u00ecnh 16\" src=\"\/wp-content\/uploads\/2019\/05\/ford-ranger-raptor-2-0l-4x4-at-215-15.jpg\" alt=\"Ford Ranger Raptor 2.0L 4x4 AT - H\u00ecnh 16\" \/><\/p>\n<p>\u0110\u1ed9ng c\u01a1 diesel 2.0L BiTurbo c\u00f4ng ngh\u1ec7 m\u1edbi m\u1ea1nh m\u1ebd<\/p>\n<h3>H\u1ed9p s\u1ed1<\/h3>\n<p>C\u00f9ng chung v\u1edbi c\u00e1c m\u1eabu xe danh ti\u1ebfng F-150 Raptor 2018 v\u00e0 Mustang GT, h\u1ed9p s\u1ed1 t\u1ef1 \u0111\u1ed9ng 10 c\u1ea5p c\u1ee7a Ford Ranger Raptor \u0111\u01b0\u1ee3c ch\u1ebf t\u00e1c t\u1eeb th\u00e9p si\u00eau c\u1ee9ng, h\u1ee3p kim nh\u00f4m v\u00e0 composite \u0111\u1ec3 t\u1ed1i \u01b0u \u0111\u1ed9 b\u1ec1n v\u00e0 tr\u1ecdng l\u01b0\u1ee3ng. \u0110\u01b0\u1ee3c thi\u1ebft k\u1ebf \u0111\u1eb7c bi\u1ec7t \u0111\u1ec3 \u0111\u1ea1t \u0111\u1ed9 nh\u1ea1y b\u00e9n v\u00e0 hi\u1ec7u qu\u1ea3 cao nh\u1ea5t, h\u1ed9p s\u1ed1 c\u00f4ng ngh\u1ec7 \u0111\u1ec9nh cao n\u00e0y c\u00f3 kh\u1ea3 n\u0103ng \u201cChuy\u1ec3n s\u1ed1 Tr\u1ef1c ti\u1ebfp\u201d nh\u1edd c\u00e1c l\u1eaby chuy\u1ec3n s\u1ed1 tr\u00ean v\u00f4 l\u0103ng c\u1ee7a Ranger Raptor lu\u00f4n s\u1eb5n s\u00e0ng \u0111\u1ec3 b\u1ea1n chuy\u1ec3n c\u1ea5p s\u1ed1 ngay l\u1eadp t\u1ee9c theo \u00fd mu\u1ed1n.<\/p>\n<p><img title=\"Ford Ranger Raptor 2.0L 4x4 AT - H\u00ecnh 17\" src=\"\/wp-content\/uploads\/2019\/05\/ford-ranger-raptor-2-0l-4x4-at-215-16.jpg\" alt=\"Ford Ranger Raptor 2.0L 4x4 AT - H\u00ecnh 17\" \/><\/p>\n<p>H\u1ed9p s\u1ed1 t\u1ef1 \u0111\u1ed9ng 10 c\u1ea5p<\/p>\n<h3>H\u1ec7 th\u1ed1ng treo<\/h3>\n<p>H\u1ec7 th\u1ed1ng treo ki\u1ec3u xe \u0111ua \u0111\u1ecba h\u00ecnh c\u1ee7a Raptor \u0111\u01b0\u1ee3c ch\u1ebf t\u1ea1o \u0111\u1eb7c bi\u1ec7t \u0111\u1ec3 chinh ph\u1ee5c nh\u1eefng \u0111\u1ecba h\u00ecnh kh\u1eafc nghi\u1ec7t nh\u1ea5t.<\/p>\n<p>Ranger Raptor s\u1eed d\u1ee5ng gi\u1ea3m x\u00f3c Fox Racing Shox USA v\u1ed1n \u0111\u01b0\u1ee3c trang b\u1ecb tr\u00ean \u201cqu\u00e1i th\u00fa\u201d F-150 Raptor, v\u1eabn r\u1ea5t \u00eam \u00e1i ngay c\u1ea3 khi th\u1ef1c hi\u1ec7n nh\u1eefng c\u00fa phi t\u1eeb tr\u00ean cao, l\u01b0\u1edbt tr\u00ean \u0111\u1ecba h\u00ecnh g\u1eadp gh\u1ec1nh hay v\u01b0\u1ee3t ch\u01b0\u1edbng ng\u1ea1i v\u1eadt gian nan nh\u1ea5t.<\/p>\n<p><img title=\"Ford Ranger Raptor 2.0L 4x4 AT - H\u00ecnh 18\" src=\"\/wp-content\/uploads\/2019\/05\/ford-ranger-raptor-2-0l-4x4-at-215-17.jpg\" alt=\"Ford Ranger Raptor 2.0L 4x4 AT - H\u00ecnh 18\" \/><\/p>\n<p>H\u1ec7 th\u1ed1ng treo ki\u1ec3u xe \u0111ua \u0111\u1ecba h\u00ecnh c\u1ee7a Raptor \u0111\u01b0\u1ee3c ch\u1ebf t\u1ea1o \u0111\u1eb7c bi\u1ec7t \u0111\u1ec3 chinh ph\u1ee5c nh\u1eefng \u0111\u1ecba h\u00ecnh kh\u1eafc nghi\u1ec7t nh\u1ea5t<\/p>\n<h3>H\u1ec7 th\u1ed1ng Ki\u1ec3m so\u00e1t \u0110\u1ecba h\u00ecnh \u2013 TMS<\/h3>\n<p>H\u1ec7 th\u1ed1ng Ki\u1ec3m so\u00e1t \u0110\u1ecba h\u00ecnh (Terrain Management System &#8211; TMS) cung c\u1ea5p t\u1edbi 6 ch\u1ebf \u0111\u1ed9 v\u1eadn h\u00e0nh \u0111\u00e1p \u1ee9ng m\u1ecdi \u0111\u1ecba h\u00ecnh. C\u1ee5m n\u00fat b\u1ea5m \u0111\u01b0\u1ee3c b\u1ed1 tr\u00ed ngay tr\u00ean v\u00f4-l\u0103ng gi\u00fap b\u1ea1n chuy\u1ec3n c\u00e1c ch\u1ebf \u0111\u1ed9 v\u00f4 c\u00f9ng thu\u1eadn ti\u1ec7n, t\u1eeb Normal (ch\u1ebf \u0111\u1ed9 B\u00ecnh th\u01b0\u1eddng) t\u1edbi Sport (Th\u1ec3 thao), Grass\/Gravel\/Snow (\u0111\u1ecba h\u00ecnh c\u1ecf\/s\u1ecfi\/tuy\u1ebft), Mud\/ Sand (\u0111\u1ecba h\u00ecnh b\u00f9n\/c\u00e1t) hay Rock (\u0111\u1ecba h\u00ecnh \u0110\u00e1), th\u1eadm ch\u00ed ch\u1ebf \u0111\u1ed9 off-road Baja \u2013 ch\u1ea1y \u0111\u1ecba h\u00ecnh v\u1edbi t\u1ed1c \u0111\u1ed9 cao.<\/p>\n<p><img title=\"Ford Ranger Raptor 2.0L 4x4 AT - H\u00ecnh 19\" src=\"\/wp-content\/uploads\/2019\/05\/ford-ranger-raptor-2-0l-4x4-at-215-18.jpg\" alt=\"Ford Ranger Raptor 2.0L 4x4 AT - H\u00ecnh 19\" \/><\/p>\n<p>H\u1ec7 th\u1ed1ng Ki\u1ec3m so\u00e1t \u0110\u1ecba h\u00ecnh<\/p>\n<h2 class=\"detail-content-title\">AN TO\u00c0N<\/h2>\n<p>C\u00e1c trang b\u1ecb an to\u00e0n tr\u00ean xe nh\u01b0: SYNC 3 v\u1edbi ch\u1ee9c n\u0103ng d\u1eabn \u0111\u01b0\u1eddng b\u1eb1ng h\u1ec7 th\u1ed1ng \u0111\u1ecbnh v\u1ecb to\u00e0n c\u1ea7u, c\u1ea3m bi\u1ebfn 4 \u0111i\u1ec3m, 6 t\u00fai kh\u00ed,camera l\u00f9i, c\u1ea3m bi\u1ebfn trong xe, ki\u1ec3m so\u00e1t \u00e1p su\u1ea5t l\u1ed1p, H\u1ec7 th\u1ed1ng phanh tr\u01b0\u1edbc\/sau d\u1ea1ng \u0111\u0129a, h\u1ec7 th\u1ed1ng ch\u1ed1ng b\u00f3 c\u1ee9ng phanh, ph\u00e2n b\u1ed5 l\u1ef1c phanh \u0111i\u1ec7n t\u1eed, h\u1ed7 tr\u1ee3 l\u1ef1c phanh \u0111i\u1ec7n t\u1eed, ki\u1ec3m so\u00e1t ch\u1ed1ng l\u1eadt xe, c\u00e2n b\u1eb1ng \u0111i\u1ec7n t\u1eed, h\u1ec7 th\u1ed1ng ch\u1ed1ng tr\u01b0\u1ee3t, kh\u1edfi h\u00e0nh ngang d\u1ed1c v\u00e0 h\u1ed7 tr\u1ee3 \u0111\u1ed5 \u0111\u00e8o.<\/p>\n<p>&nbsp;<\/p>\n","protected":false},"excerpt":{"rendered":"<p class=\"product-row\">Xu\u1ea5t x\u1ee9 :Ford<\/p>\n<p class=\"product-row\">B\u1ea3o h\u00e0nh :3 N\u0103m ho\u1eb7c 100.000 KM<\/p>\n<p><b>Mua xe Ranger Raptor t\u1eb7ng c\u00e1c ph\u1ea7n qu\u00e0 sau:<\/b><\/p>\n<p>************************************************************ <\/p>\n<p>? Th\u1ea3m l\u00f3t s\u00e0n <\/p>\n<p>? Phim c\u00e1ch nhi\u1ec7t 3M <\/p>\n<p>? Camera h\u00e0nh tr\u00ecnh, Camera l\u00f9i <\/p>\n<p>************************************************************ <\/p>\n<p><b> L\/h ngay \u0111\u1ec3 \u0111\u01b0\u1ee3c gi\u1ea3m gi\u00e1 ti\u1ec1n m\u1eb7t khi mua xe<\/b><\/p>\n","protected":false},"featured_media":216,"comment_status":"open","ping_status":"closed","template":"","meta":[],"_links":{"self":[{"href":"https:\/\/hosting.conasi.vn\/w\/ford2011\/wp-json\/wp\/v2\/product\/215"}],"collection":[{"href":"https:\/\/hosting.conasi.vn\/w\/ford2011\/wp-json\/wp\/v2\/product"}],"about":[{"href":"https:\/\/hosting.conasi.vn\/w\/ford2011\/wp-json\/wp\/v2\/types\/product"}],"replies":[{"embeddable":true,"href":"https:\/\/hosting.conasi.vn\/w\/ford2011\/wp-json\/wp\/v2\/comments?post=215"}],"wp:featuredmedia":[{"embeddable":true,"href":"https:\/\/hosting.conasi.vn\/w\/ford2011\/wp-json\/wp\/v2\/media\/216"}],"wp:attachment":[{"href":"https:\/\/hosting.conasi.vn\/w\/ford2011\/wp-json\/wp\/v2\/media?parent=215"}],"curies":[{"name":"wp","href":"https:\/\/api.w.org\/{rel}","templated":true}]}}