{"id":267,"date":"2019-05-13T02:04:46","date_gmt":"2019-05-13T02:04:46","guid":{"rendered":"https:\/\/ford1.khowebseotop.vn\/?page_id=267"},"modified":"2019-05-13T03:00:21","modified_gmt":"2019-05-13T03:00:21","slug":"bang-gia-xe-ford","status":"publish","type":"page","link":"https:\/\/hosting.conasi.vn\/w\/ford2011\/bang-gia-xe-ford\/","title":{"rendered":"B\u1ea3ng gi\u00e1 xe Ford"},"content":{"rendered":"<h1>B\u1ea3ng gi\u00e1 xe Ford Th\u00e1ng 5-2019 t\u1ea1i Ford H\u00e0 N\u1ed9i<\/h1>\n<p><em><strong>\u01afU \u0110\u00c3I TH\u00c1NG 5 C\u1ef0C H\u1ea4P D\u1eaaN<\/strong><\/em><\/p>\n<div class=\"group row\">\n<div class=\"col large-3\">\n<h3><strong>FORD FOCUS<\/strong><\/h3>\n<p><img class=\"mm\" src=\"\/wp-content\/uploads\/2019\/05\/bang-gia-xe-ford-267.jpg\" alt=\"\" \/><\/p>\n<\/div>\n<div class=\"col large-9\">\n<h3><strong>T\u1eb6NG PH\u1ee4 KI\u1ec6N + GI\u1ea2M GI\u00c1 \u0110\u1ebeN 40 TRI\u1ec6U<\/strong><\/h3>\n<table border=\"1\" cellspacing=\"1\" cellpadding=\"1\">\n<tbody>\n<tr>\n<td><strong>M\u1eaaU XE<\/strong><\/td>\n<td><strong>GI\u00c1 B\u00c1N CHU\u1ea8N<\/strong><\/td>\n<\/tr>\n<tr>\n<td>Focus Trend 1.5L 5 C\u01b0\u0309a<\/td>\n<td>626,000,000<\/td>\n<\/tr>\n<tr>\n<td>Focus Trend 1.5L 4 C\u01b0\u0309a<\/td>\n<td>626,000,000<\/td>\n<\/tr>\n<tr>\n<td>Focus 1.5L Sport 5 C\u01b0\u0309a<\/td>\n<td>770,000,000<\/td>\n<\/tr>\n<tr>\n<td>Focus 1.5L Titanium 4 C\u01b0\u0309a<\/td>\n<td>770,000,000<\/td>\n<\/tr>\n<\/tbody>\n<\/table>\n<p><em>* Ch\u01b0\u01a1ng tr\u00ecnh c\u00f3 th\u1ec3 k\u1ebft th\u00fac tr\u01b0\u1edbc th\u1eddi h\u1ea1n. Xin vui l\u00f2ng li\u00ean h\u1ec7 s\u1ed1 hotline: 0982.932.020 Mr.\u0110\u1ed3ng \u0111\u1ec3 bi\u1ebft th\u00eam chi ti\u1ebft<\/em><\/p>\n<\/div>\n<\/div>\n<div class=\"group row\">\n<div class=\"col large-3\">\n<h3><strong>FORD ECOSPORT<\/strong><\/h3>\n<p><img class=\"mm\" src=\"\/wp-content\/uploads\/2019\/05\/bang-gia-xe-ford-267-1.jpg\" alt=\"\" \/>\n<\/div>\n<div class=\"col large-9\">\n<h3><strong>T\u1eb6NG PH\u1ee4 KI\u1ec6N + GI\u1ea2M GI\u00c1 \u0110\u1ebeN 30 TRI\u1ec6U<\/strong><\/h3>\n<table border=\"1\" cellspacing=\"1\" cellpadding=\"1\">\n<tbody>\n<tr>\n<td><strong>M\u1eaaU XE<\/strong><\/td>\n<td><strong>GI\u00c1 B\u00c1N CHU\u1ea8N<\/strong><\/td>\n<\/tr>\n<tr>\n<td>EcoSport 1.5L MT Ambiente<\/td>\n<td>545,000,000<\/td>\n<\/tr>\n<tr>\n<td>EcoSport 1.5L AT Ambiente<\/td>\n<td>569,000,000<\/td>\n<\/tr>\n<tr>\n<td>EcoSport 1.5L AT Trend<\/td>\n<td>593,000,000<\/td>\n<\/tr>\n<tr>\n<td>EcoSport 1.5L AT Titanium<\/td>\n<td>648,000,000<\/td>\n<\/tr>\n<tr>\n<td>EcoSport 1.0L AT Titanium<\/td>\n<td>689,000,000<\/td>\n<\/tr>\n<\/tbody>\n<\/table>\n<p><em>* Ch\u01b0\u01a1ng tr\u00ecnh c\u00f3 th\u1ec3 k\u1ebft th\u00fac tr\u01b0\u1edbc th\u1eddi h\u1ea1n. Xin vui l\u00f2ng li\u00ean h\u1ec7 s\u1ed1 hotline: 0982.932.020 Mr.\u0110\u1ed3ng \u0111\u1ec3 bi\u1ebft th\u00eam chi ti\u1ebft<\/em><\/p>\n<\/div>\n<\/div>\n<div class=\"group row\">\n<div class=\"col large-3\">\n<h3><strong>FORD EVEREST<\/strong><\/h3>\n<p><img class=\"mm\" src=\"\/wp-content\/uploads\/2019\/05\/bang-gia-xe-ford-267-2.jpg\" alt=\"\" \/>\n<\/div>\n<div class=\"col large-9\">\n<h3><strong>T\u1eb6NG PH\u1ee4 KI\u1ec6N + GI\u1ea2M GI\u00c1 \u0110\u1ebeN 60 TRI\u1ec6U<\/strong><\/h3>\n<table border=\"1\" cellspacing=\"1\" cellpadding=\"1\">\n<tbody>\n<tr>\n<td><strong>M\u1eaaU XE<\/strong><\/td>\n<td><strong>GI\u00c1 B\u00c1N CHU\u1ea8N<\/strong><\/td>\n<\/tr>\n<tr>\n<td>Everest Trend 2.2L 4X2 AT<\/td>\n<td>1,089,000,000<\/td>\n<\/tr>\n<tr>\n<td>Everest Titanium 2.2L AT 4X2<\/td>\n<td>1,139,000,000<\/td>\n<\/tr>\n<tr>\n<td>Everest Titanium+ 3.2L AT 4&#215;4<\/td>\n<td>1,249,000,000<\/td>\n<\/tr>\n<\/tbody>\n<\/table>\n<p><em>* Ch\u01b0\u01a1ng tr\u00ecnh c\u00f3 th\u1ec3 k\u1ebft th\u00fac tr\u01b0\u1edbc th\u1eddi h\u1ea1n. Xin vui l\u00f2ng li\u00ean h\u1ec7 s\u1ed1 hotline: 0982.932.020 Mr.\u0110\u1ed3ng \u0111\u1ec3 bi\u1ebft th\u00eam chi ti\u1ebft<\/em><\/p>\n<\/div>\n<\/div>\n<div class=\"group row\">\n<div class=\"col large-3\">\n<h3><strong>FORD RANGER<\/strong><\/h3>\n<p><img class=\"mm\" src=\"\/wp-content\/uploads\/2019\/05\/bang-gia-xe-ford-267-3.jpg\" alt=\"\" \/><\/p>\n<\/div>\n<div class=\"col large-9\">\n<h3><strong>T\u1eb6NG PH\u1ee4 KI\u1ec6N + GI\u1ea2M GI\u00c1 \u0110\u1ebeN 60 TRI\u1ec6U<\/strong><\/h3>\n<table border=\"1\" cellspacing=\"1\" cellpadding=\"1\">\n<tbody>\n<tr>\n<td><strong>M\u1eaaU XE<\/strong><\/td>\n<td><strong>GI\u00c1 B\u00c1N CHU\u1ea8N<\/strong><\/td>\n<\/tr>\n<tr>\n<td>Ranger Wildtrak 2.2L AT 4X2<\/td>\n<td>837,000,000<\/td>\n<\/tr>\n<tr>\n<td>Ranger Wildtrak 2.2L AT 4X4<\/td>\n<td>866,000,000<\/td>\n<\/tr>\n<tr>\n<td>Ranger Wildtrak 3.2L AT 4X4<\/td>\n<td>925,000,000<\/td>\n<\/tr>\n<tr>\n<td>Ranger XLS 2.2L 4X2 MT<\/td>\n<td>659,000,000<\/td>\n<\/tr>\n<tr>\n<td>Ranger XLS 2.2L 4X2 AT<\/td>\n<td>685,000,000<\/td>\n<\/tr>\n<tr>\n<td>Ranger XLT 2.2L 4X4 MT<\/td>\n<td>790,000,000<\/td>\n<\/tr>\n<tr>\n<td>Ranger XL 2.2L 4X4 MT<\/td>\n<td>619,000,000<\/td>\n<\/tr>\n<\/tbody>\n<\/table>\n<p><em>* Ch\u01b0\u01a1ng tr\u00ecnh c\u00f3 th\u1ec3 k\u1ebft th\u00fac tr\u01b0\u1edbc th\u1eddi h\u1ea1n. Xin vui l\u00f2ng li\u00ean h\u1ec7 s\u1ed1 hotline: 0982.932.020 Mr.\u0110\u1ed3ng \u0111\u1ec3 bi\u1ebft th\u00eam chi ti\u1ebft<\/em><\/p>\n<\/div>\n<\/div>\n<div class=\"group row\">\n<div class=\"col large-3\">\n<h3><strong>FORD TRANSIT<\/strong><\/h3>\n<p><img class=\"mm\" src=\"\/wp-content\/uploads\/2019\/05\/bang-gia-xe-ford-267-4.jpg\" alt=\"\" \/><\/p>\n<\/div>\n<div class=\"col large-9\">\n<h3><strong>T\u1eb6NG PH\u1ee4 KI\u1ec6N + GI\u1ea2M GI\u00c1 \u0110\u1ebeN 60 TRI\u1ec6U<\/strong><\/h3>\n<p>&nbsp;<\/p>\n<table border=\"1\" cellspacing=\"1\" cellpadding=\"1\">\n<tbody>\n<tr>\n<td><strong>M\u1eaaU XE<\/strong><\/td>\n<td><strong>GI\u00c1 B\u00c1N CHU\u1ea8N<\/strong><\/td>\n<\/tr>\n<tr>\n<td>Transit Ti\u00eau Chu\u1ea9n<\/td>\n<td>820,000,000<\/td>\n<\/tr>\n<tr>\n<td>Transit Cao C\u1ea5p<\/td>\n<td>830,000,000<\/td>\n<\/tr>\n<tr>\n<td>Transit Ti\u00eau Chu\u1ea9n (G\u00f3i trang b\u1ecb th\u00eam)<\/td>\n<td>865,000,000<\/td>\n<\/tr>\n<\/tbody>\n<\/table>\n<p><em>* Ch\u01b0\u01a1ng tr\u00ecnh c\u00f3 th\u1ec3 k\u1ebft th\u00fac tr\u01b0\u1edbc th\u1eddi h\u1ea1n. Xin vui l\u00f2ng li\u00ean h\u1ec7 s\u1ed1 hotline: 0982.932.020 Mr.\u0110\u1ed3ng \u0111\u1ec3 bi\u1ebft th\u00eam chi ti\u1ebft<\/em><\/p>\n<\/div>\n<\/div>\n<div class=\"group row\">\n<div class=\"col large_3\">\n<h3><strong>FORD EXPLORER<\/strong><\/h3>\n<p>&nbsp;<\/p>\n<p><img class=\"mm\" src=\"\/wp-content\/uploads\/2019\/05\/bang-gia-xe-ford-267-5.jpg\" alt=\"\" \/><\/p>\n<\/div>\n<div class=\"col large_9\">\n<h3><strong>T\u1eb6NG PH\u1ee4 KI\u1ec6N + GI\u1ea2M GI\u00c1 \u0110\u1ebeN 40 TRI\u1ec6U<\/strong><\/h3>\n<p>&nbsp;<\/p>\n<table border=\"1\" cellspacing=\"1\" cellpadding=\"1\">\n<tbody>\n<tr>\n<td><strong>M\u1eaaU XE<\/strong><\/td>\n<td><strong>GI\u00c1 B\u00c1N CHU\u1ea8N<\/strong><\/td>\n<\/tr>\n<tr>\n<td>Explorer Limited 2.3 Ecoboost AT 4WD<\/td>\n<td>2,180,000,000<\/td>\n<\/tr>\n<\/tbody>\n<\/table>\n<p><em>* Ch\u01b0\u01a1ng tr\u00ecnh c\u00f3 th\u1ec3 k\u1ebft th\u00fac tr\u01b0\u1edbc th\u1eddi h\u1ea1n. Xin vui l\u00f2ng li\u00ean h\u1ec7 s\u1ed1 hotline: 0982.932.020 Mr.\u0110\u1ed3ng \u0111\u1ec3 bi\u1ebft th\u00eam chi ti\u1ebft<\/em><\/p>\n<\/div>\n<\/div>\n","protected":false},"excerpt":{"rendered":"<p>B\u1ea3ng gi\u00e1 xe Ford Th\u00e1ng 5-2019 t\u1ea1i Ford H\u00e0 N\u1ed9i \u01afU \u0110\u00c3I TH\u00c1NG 5 C\u1ef0C H\u1ea4P D\u1eaaN FORD FOCUS T\u1eb6NG PH\u1ee4 KI\u1ec6N + GI\u1ea2M GI\u00c1 \u0110\u1ebeN 40 TRI\u1ec6U M\u1eaaU XE GI\u00c1 B\u00c1N CHU\u1ea8N Focus Trend 1.5L 5 C\u01b0\u0309a 626,000,000 Focus Trend 1.5L 4 C\u01b0\u0309a 626,000,000 Focus 1.5L Sport 5 C\u01b0\u0309a 770,000,000 Focus 1.5L Titanium 4&#8230;<\/p>\n","protected":false},"author":1,"featured_media":0,"parent":0,"menu_order":0,"comment_status":"closed","ping_status":"closed","template":"","meta":[],"_links":{"self":[{"href":"https:\/\/hosting.conasi.vn\/w\/ford2011\/wp-json\/wp\/v2\/pages\/267"}],"collection":[{"href":"https:\/\/hosting.conasi.vn\/w\/ford2011\/wp-json\/wp\/v2\/pages"}],"about":[{"href":"https:\/\/hosting.conasi.vn\/w\/ford2011\/wp-json\/wp\/v2\/types\/page"}],"author":[{"embeddable":true,"href":"https:\/\/hosting.conasi.vn\/w\/ford2011\/wp-json\/wp\/v2\/users\/1"}],"replies":[{"embeddable":true,"href":"https:\/\/hosting.conasi.vn\/w\/ford2011\/wp-json\/wp\/v2\/comments?post=267"}],"version-history":[{"count":6,"href":"https:\/\/hosting.conasi.vn\/w\/ford2011\/wp-json\/wp\/v2\/pages\/267\/revisions"}],"predecessor-version":[{"id":300,"href":"https:\/\/hosting.conasi.vn\/w\/ford2011\/wp-json\/wp\/v2\/pages\/267\/revisions\/300"}],"wp:attachment":[{"href":"https:\/\/hosting.conasi.vn\/w\/ford2011\/wp-json\/wp\/v2\/media?parent=267"}],"curies":[{"name":"wp","href":"https:\/\/api.w.org\/{rel}","templated":true}]}}