{"id":109,"date":"2019-05-11T02:33:45","date_gmt":"2019-05-11T02:33:45","guid":{"rendered":"https:\/\/ford1.khowebseotop.vn\/?page_id=109"},"modified":"2019-05-11T02:33:56","modified_gmt":"2019-05-11T02:33:56","slug":"chinh-sach-bao-hanh","status":"publish","type":"page","link":"https:\/\/hosting.conasi.vn\/w\/ford2011\/chinh-sach-bao-hanh\/","title":{"rendered":"Ch\u00ednh s\u00e1ch b\u1ea3o h\u00e0nh"},"content":{"rendered":"<p>ch\u00ednh s\u00e1ch b\u1ea3o h\u00e0nh<\/p>\n<p>&nbsp;<\/p>\n","protected":false},"excerpt":{"rendered":"<p>ch\u00ednh s\u00e1ch b\u1ea3o h\u00e0nh &nbsp;<\/p>\n","protected":false},"author":1,"featured_media":0,"parent":0,"menu_order":0,"comment_status":"closed","ping_status":"closed","template":"","meta":[],"_links":{"self":[{"href":"https:\/\/hosting.conasi.vn\/w\/ford2011\/wp-json\/wp\/v2\/pages\/109"}],"collection":[{"href":"https:\/\/hosting.conasi.vn\/w\/ford2011\/wp-json\/wp\/v2\/pages"}],"about":[{"href":"https:\/\/hosting.conasi.vn\/w\/ford2011\/wp-json\/wp\/v2\/types\/page"}],"author":[{"embeddable":true,"href":"https:\/\/hosting.conasi.vn\/w\/ford2011\/wp-json\/wp\/v2\/users\/1"}],"replies":[{"embeddable":true,"href":"https:\/\/hosting.conasi.vn\/w\/ford2011\/wp-json\/wp\/v2\/comments?post=109"}],"version-history":[{"count":2,"href":"https:\/\/hosting.conasi.vn\/w\/ford2011\/wp-json\/wp\/v2\/pages\/109\/revisions"}],"predecessor-version":[{"id":111,"href":"https:\/\/hosting.conasi.vn\/w\/ford2011\/wp-json\/wp\/v2\/pages\/109\/revisions\/111"}],"wp:attachment":[{"href":"https:\/\/hosting.conasi.vn\/w\/ford2011\/wp-json\/wp\/v2\/media?parent=109"}],"curies":[{"name":"wp","href":"https:\/\/api.w.org\/{rel}","templated":true}]}}