{"id":53,"date":"2019-07-10T17:02:05","date_gmt":"2019-07-10T09:02:05","guid":{"rendered":"http:\/\/edu8.w2steam.com\/?page_id=53"},"modified":"2019-07-11T16:17:51","modified_gmt":"2019-07-11T08:17:51","slug":"ly-do-chon-acet","status":"publish","type":"page","link":"https:\/\/hosting.conasi.vn\/w\/edu72011\/ly-do-chon-acet\/","title":{"rendered":"L\u00fd do ch\u1ecdn acet"},"content":{"rendered":"\t<div class=\"img has-hover x md-x lg-x y md-y lg-y\" id=\"image_1438234081\">\n\t\t\t\t\t\t\t\t<div class=\"img-inner dark\" >\n\t\t\t<img width=\"1365\" height=\"600\" src=\"https:\/\/hosting.conasi.vn\/w\/edu72011\/wp-content\/uploads\/2019\/07\/banner-1.jpg\" class=\"attachment-original size-original\" alt=\"\" loading=\"lazy\" srcset=\"https:\/\/hosting.conasi.vn\/w\/edu72011\/wp-content\/uploads\/2019\/07\/banner-1.jpg 1365w, https:\/\/hosting.conasi.vn\/w\/edu72011\/wp-content\/uploads\/2019\/07\/banner-1-300x132.jpg 300w, https:\/\/hosting.conasi.vn\/w\/edu72011\/wp-content\/uploads\/2019\/07\/banner-1-768x338.jpg 768w, https:\/\/hosting.conasi.vn\/w\/edu72011\/wp-content\/uploads\/2019\/07\/banner-1-1024x450.jpg 1024w\" sizes=\"(max-width: 1365px) 100vw, 1365px\" \/>\t\t\t\t\t\t\n\t\t\t\t\t<\/div>\n\t\t\t\t\t\t\t\t\n<style>\n#image_1438234081 {\n  width: 100%;\n}\n<\/style>\n\t<\/div>\n\t\n\t<section class=\"section li-do-chon-chung-toi\" id=\"section_1125871458\">\n\t\t<div class=\"bg section-bg fill bg-fill  bg-loaded\" >\n\n\t\t\t\n\t\t\t\n\t\t\t\n\n\t\t<\/div>\n\n\t\t<div class=\"section-content relative\">\n\t\t\t\n<div class=\"row\" style=\"max-width:1000px\" id=\"row-555001427\">\n\n\t<div id=\"col-894480253\" class=\"col small-12 large-12\"  >\n\t\t<div class=\"col-inner\"  >\n\t\t\t\n\t\t\t\n<h2><span style=\"font-size: 120%;\"><strong><span style=\"color: #333333;\">8 L\u00dd DO CH\u1eccN ACET<\/span><\/strong><\/span><\/h2>\n<p><span style=\"font-size: 95%;\">L\u00e0 nh\u00e0 ti\u00ean phong v\u1edbi h\u01a1n 15 n\u0103m kinh nghi\u1ec7m \u0111\u00e0o t\u1ea1o \u0111\u1ed9c quy\u1ec1n Anh ng\u1eef H\u1ecdc thu\u1eadt theo ti\u00eau chu\u1ea9n c\u1ee7a \u00dac t\u1ea1i Vi\u1ec7t Nam, ACET l\u00e0 Trung t\u00e2m ti\u1ebfng Anh qu\u1ed1c t\u1ebf h\u00e0ng \u0111\u1ea7u chuy\u00ean gi\u1ea3ng d\u1ea1y ch\u01b0\u01a1ng tr\u00ecnh Anh ng\u1eef H\u1ecdc thu\u1eadt v\u00e0 Luy\u1ec7n thi IELTS \u0111\u1ec3 chu\u1ea9n b\u1ecb n\u1ec1n t\u1ea3ng ng\u00f4n ng\u1eef cho vi\u1ec7c du h\u1ecdc v\u00e0 k\u1ef9 n\u0103ng h\u1ecdc t\u1eadp trong m\u00f4i tr\u01b0\u1eddng \u0111\u1ea1i h\u1ecdc qu\u1ed1c t\u1ebf. ACET c\u0169ng cung c\u1ea5p c\u00e1c kh\u00f3a k\u1ef9 n\u0103ng Ti\u1ebfng Anh H\u1ecdc thu\u1eadt chuy\u00ean bi\u1ec7t v\u00e0 Ti\u1ebfng Anh H\u1ecdc thu\u1eadt d\u00e0nh cho h\u1ecdc sinh THCS.<\/span><\/p>\n\t<div id=\"gap-446356199\" class=\"gap-element clearfix\" style=\"display:block; height:auto;\">\n\t\t\n<style>\n#gap-446356199 {\n  padding-top: 30px;\n}\n<\/style>\n\t<\/div>\n\t\n\n\t\t<div class=\"icon-box featured-box icon-box-left text-left\"  >\n\t\t\t\t\t<div class=\"icon-box-img\" style=\"width: 160px\">\n\t\t\t\t<div class=\"icon\">\n\t\t\t\t\t<div class=\"icon-inner\" >\n\t\t\t\t\t\t<img width=\"149\" height=\"82\" src=\"https:\/\/hosting.conasi.vn\/w\/edu72011\/wp-content\/uploads\/2019\/07\/partner1.png\" class=\"attachment-medium size-medium\" alt=\"\" loading=\"lazy\" \/>\t\t\t\t\t<\/div>\n\t\t\t\t<\/div>\n\t\t\t<\/div>\n\t\t\t\t<div class=\"icon-box-text last-reset\">\n\t\t\t\t\t\t\t\t\t\n<h3>QU\u1ea2N L\u00dd B\u1edeI T\u1ed4 CH\u1ee8C GI\u00c1O D\u1ee4C QU\u1ed0C T\u1ebe IDP EDUCATION<\/h3>\n<div class=\"description\"><span style=\"font-size: 95%;\">ACET \u0111\u01b0\u1ee3c qu\u1ea3n l\u00fd b\u1edfi IDP Education, t\u1ed5 ch\u1ee9c gi\u00e1o d\u1ee5c qu\u1ed1c t\u1ebf, c\u00f3 tr\u1ee5 s\u1edf ch\u00ednh t\u1ea1i \u00dac v\u00e0 c\u00f3 m\u1eb7t t\u1ea1i h\u01a1n 32 qu\u1ed1c gia tr\u00ean to\u00e0n c\u1ea7u. IDP chuy\u00ean cung c\u1ea5p c\u00e1c d\u1ecbch v\u1ee5 gi\u1ea3ng d\u1ea1y ti\u1ebfng Anh v\u00e0 t\u01b0 v\u1ea5n du h\u1ecdc, c\u0169ng nh\u01b0 \u0111\u1ed3ng s\u1edf h\u1eefu v\u00e0 t\u1ed5 ch\u1ee9c k\u1ef3 thi IELTS tr\u00ean to\u00e0n th\u1ebf gi\u1edbi.<\/span><\/div>\n\t\t<\/div>\n\t<\/div>\n\t\n\t\n\n\t\t<div class=\"icon-box featured-box icon-box-left text-left\"  >\n\t\t\t\t\t<div class=\"icon-box-img\" style=\"width: 160px\">\n\t\t\t\t<div class=\"icon\">\n\t\t\t\t\t<div class=\"icon-inner\" >\n\t\t\t\t\t\t<img width=\"187\" height=\"100\" src=\"https:\/\/hosting.conasi.vn\/w\/edu72011\/wp-content\/uploads\/2019\/07\/partner2.png\" class=\"attachment-medium size-medium\" alt=\"\" loading=\"lazy\" \/>\t\t\t\t\t<\/div>\n\t\t\t\t<\/div>\n\t\t\t<\/div>\n\t\t\t\t<div class=\"icon-box-text last-reset\">\n\t\t\t\t\t\t\t\t\t\n<h3>80% H\u1eccC VI\u00caN \u0110\u1ea0T \u0110I\u1ec2M IELTS T\u1eea 6.0 TR\u1ede L\u00caN<\/h3>\n<div class=\"description\"><span style=\"font-size: 95%;\">ACET t\u1ef1 h\u00e0o v\u1edbi 80% h\u1ecdc vi\u00ean \u0111\u1ea1t \u0111i\u1ec3m IELTS t\u1eeb 6.0 tr\u1edf l\u00ean, m\u1ee9c \u0111i\u1ec3m m\u01a1 \u01b0\u1edbc \u0111\u1ec3 b\u1ea1n ho\u00e0n th\u00e0nh \u01b0\u1edbc m\u01a1 du h\u1ecdc, gi\u00e0nh \u0111\u01b0\u1ee3c c\u00e1c h\u1ecdc b\u1ed5ng danh gi\u00e1, t\u1ef1 tin v\u1edbi n\u0103ng l\u1ef1c Anh ng\u1eef H\u1ecdc thu\u1eadt, t\u1eeb \u0111\u00f3 th\u00e0nh c\u00f4ng v\u1edbi c\u01a1 h\u1ed9i ngh\u1ec1 nghi\u1ec7p to\u00e0n c\u1ea7u.<\/span><\/div>\n\t\t<\/div>\n\t<\/div>\n\t\n\t\n\n\t\t<div class=\"icon-box featured-box icon-box-left text-left\"  >\n\t\t\t\t\t<div class=\"icon-box-img\" style=\"width: 160px\">\n\t\t\t\t<div class=\"icon\">\n\t\t\t\t\t<div class=\"icon-inner\" >\n\t\t\t\t\t\t<img width=\"120\" height=\"109\" src=\"https:\/\/hosting.conasi.vn\/w\/edu72011\/wp-content\/uploads\/2019\/07\/giaovien.png\" class=\"attachment-medium size-medium\" alt=\"\" loading=\"lazy\" \/>\t\t\t\t\t<\/div>\n\t\t\t\t<\/div>\n\t\t\t<\/div>\n\t\t\t\t<div class=\"icon-box-text last-reset\">\n\t\t\t\t\t\t\t\t\t\n<h3>\u0110\u1ed8I NG\u0168 GI\u00c1O VI\u00caN CHUY\u00caN NGHI\u1ec6P<\/h3>\n<div class=\"description\"><span style=\"font-size: 95%;\">\u0110\u1ed9i ng\u0169 gi\u00e1o vi\u00ean t\u1ea1i ACET \u0111\u1ebfn t\u1eeb c\u00e1c qu\u1ed1c gia \u00dac, Anh, M\u1ef9, Canada\u2026, c\u00f3 th\u1ec3 \u0111\u01b0\u1ee3c xem l\u00e0 \u0111\u1ed9i ng\u0169 t\u1ed1t nh\u1ea5t trong l\u0129nh v\u1ef1c gi\u1ea3ng d\u1ea1y ti\u1ebfng Anh t\u1ea1i Vi\u1ec7t Nam hi\u1ec7n nay v\u1edbi chuy\u00ean m\u00f4n \u0111\u01b0\u1ee3c \u0111\u00e0o t\u1ea1o b\u00e0i b\u1ea3n, gi\u00e0u kinh nghi\u1ec7m v\u00e0 c\u00f3 ch\u1ee9ng ch\u1ec9 s\u01b0 ph\u1ea1m uy t\u00edn \u0111\u1ea1t chu\u1ea9n qu\u1ed1c t\u1ebf (TESOL, CELTA\u2026). \u0110\u01b0\u1ee3c ACET tuy\u1ec3n ch\u1ecdn qua ph\u1ecfng v\u1ea5n theo quy chu\u1ea9n khi\u00eam ng\u1eb7t c\u1ee7a t\u1ed5 ch\u1ee9c Ki\u1ec3m \u0111\u1ecbnh ch\u1ea5t l\u01b0\u1ee3ng gi\u00e1o d\u1ee5c qu\u1ed1c t\u1ebf NEAS<\/span><\/div>\n\t\t<\/div>\n\t<\/div>\n\t\n\t\n\n\t\t<div class=\"icon-box featured-box icon-box-left text-left\"  >\n\t\t\t\t\t<div class=\"icon-box-img\" style=\"width: 160px\">\n\t\t\t\t<div class=\"icon\">\n\t\t\t\t\t<div class=\"icon-inner\" >\n\t\t\t\t\t\t<img width=\"149\" height=\"82\" src=\"https:\/\/hosting.conasi.vn\/w\/edu72011\/wp-content\/uploads\/2019\/07\/partner1.png\" class=\"attachment-medium size-medium\" alt=\"\" loading=\"lazy\" \/>\t\t\t\t\t<\/div>\n\t\t\t\t<\/div>\n\t\t\t<\/div>\n\t\t\t\t<div class=\"icon-box-text last-reset\">\n\t\t\t\t\t\t\t\t\t\n<h3>DU H\u1eccC TH\u00c0NH C\u00d4NG \u0110\u01af\u1ee2C HO\u00c0N H\u1eccC PH\u00cd ANH NG\u1eee T\u1eea C\u00c1C TR\u01af\u1edcNG \u0110\u1ea0I H\u1eccC H\u00c0NG \u0110\u1ea6U T\u1ea0I \u00daC<\/h3>\n<div class=\"description\"><span style=\"font-size: 95%;\">H\u1ecdc ti\u1ebfng Anh t\u1ea1i ACET h\u1ecdc vi\u00ean kh\u00f4ng nh\u1eefng nh\u1eadn \u0111\u01b0\u1ee3c ch\u1ee9ng ch\u1ec9 Anh ng\u1eef qu\u1ed1c t\u1ebf m\u00e0 c\u00f2n c\u00f3 c\u01a1 h\u1ed9i nh\u1eadn t\u00e0i tr\u1ee3 h\u1ecdc ph\u00ed ti\u1ebfng Anh c\u00f3 gi\u00e1 tr\u1ecb l\u00ean \u0111\u1ebfn 2.500 AUD t\u1eeb 4 tr\u01b0\u1eddng \u0111\u1ea1i h\u1ecdc uy t\u00edn h\u00e0ng \u0111\u1ea7u n\u01b0\u1edbc \u00dac: UTS Insearch (h\u1ecdc vi\u1ec7n \u0111\u00e0o t\u1ea1o li\u00ean k\u1ebft h\u00e0ng \u0111\u1ea7u v\u1edbi University of Technology Sydney (UTS), Swinburne University of Technology, Queensland University of Technology v\u00e0 Deakin University.<\/span><\/div>\n\t\t<\/div>\n\t<\/div>\n\t\n\t\n\t<div class=\"img has-hover x md-x lg-x y md-y lg-y\" id=\"image_190324482\">\n\t\t\t\t\t\t\t\t<div class=\"img-inner dark\" >\n\t\t\t<img width=\"1000\" height=\"438\" src=\"https:\/\/hosting.conasi.vn\/w\/edu72011\/wp-content\/uploads\/2019\/07\/section6-image.jpg\" class=\"attachment-original size-original\" alt=\"\" loading=\"lazy\" srcset=\"https:\/\/hosting.conasi.vn\/w\/edu72011\/wp-content\/uploads\/2019\/07\/section6-image.jpg 1000w, https:\/\/hosting.conasi.vn\/w\/edu72011\/wp-content\/uploads\/2019\/07\/section6-image-300x131.jpg 300w, https:\/\/hosting.conasi.vn\/w\/edu72011\/wp-content\/uploads\/2019\/07\/section6-image-768x336.jpg 768w\" sizes=\"(max-width: 1000px) 100vw, 1000px\" \/>\t\t\t\t\t\t\n\t\t\t\t\t<\/div>\n\t\t\t\t\t\t\t\t\n<style>\n#image_190324482 {\n  width: 100%;\n}\n<\/style>\n\t<\/div>\n\t\n\t\t<\/div>\n\t\t\t<\/div>\n\n\t\n<\/div>\n\t\t<\/div>\n\n\t\t\n<style>\n#section_1125871458 {\n  padding-top: 30px;\n  padding-bottom: 30px;\n}\n<\/style>\n\t<\/section>\n\t\n\t<section class=\"section dang-ky-section\" id=\"section_646379531\">\n\t\t<div class=\"bg section-bg fill bg-fill  \" >\n\n\t\t\t\n\t\t\t\n\t\t\t\n\n\t\t<\/div>\n\n\t\t<div class=\"section-content relative\">\n\t\t\t\n<div class=\"row\"  id=\"row-944454191\">\n\n\t<div id=\"col-2005752819\" class=\"col medium-6 small-12 large-6\"  >\n\t\t<div class=\"col-inner\"  >\n\t\t\t\n\t\t\t\n\t\t<\/div>\n\t\t\t<\/div>\n\n\t\n\n\t<div id=\"col-1026411954\" class=\"col medium-6 small-12 large-6\"  >\n\t\t<div class=\"col-inner\"  >\n\t\t\t\n\t\t\t\n<h3><span style=\"font-size: 140%;\">Ki\u1ec3m tra ti\u1ebfng Anh tr\u1ef1c tuy\u1ebfn<\/span><\/h3>\n<h5>B\u1ea1n \u0111\u00e3 bi\u1ebft tr\u00ecnh \u0111\u1ed9 ti\u1ebfng Anh hi\u1ec7n t\u1ea1i c\u1ee7a m\u00ecnh ch\u01b0a?<\/h5>\n<a href=\"\/kiem-tra-trinh-do\/\" target=\"_self\" class=\"button primary lowercase nut-xem-tat-ca\"  style=\"border-radius:99px;\">\n    <span>B\u1eaft \u0111\u1ea7u l\u00e0m b\u00e0i ki\u1ec3m tra<\/span>\n  <i class=\"icon-angle-right\" ><\/i><\/a>\n\n\t\t<\/div>\n\t\t\t<\/div>\n\n\t\n<\/div>\n\t\t<\/div>\n\n\t\t\n<style>\n#section_646379531 {\n  padding-top: 30px;\n  padding-bottom: 30px;\n}\n#section_646379531 .section-bg.bg-loaded {\n  background-image: url(https:\/\/hosting.conasi.vn\/w\/edu72011\/wp-content\/uploads\/2019\/07\/testonline-adv.jpg);\n}\n<\/style>\n\t<\/section>\n\t\n\t<section class=\"section form-dang-ky-row\" id=\"section_890471071\">\n\t\t<div class=\"bg section-bg fill bg-fill  bg-loaded\" >\n\n\t\t\t\n\t\t\t\n\t\t\t\n\n\t\t<\/div>\n\n\t\t<div class=\"section-content relative\">\n\t\t\t\n<div class=\"row\"  id=\"row-1065754665\">\n\n\t<div id=\"col-55842723\" class=\"col small-12 large-12\"  >\n\t\t<div class=\"col-inner text-center\"  >\n\t\t\t\n\t\t\t\n<h2 style=\"text-align: center;\"><strong><span style=\"color: #ed1c24; font-size: 130%;\">Nh\u1eadn t\u01b0 v\u1ea5n l\u1ed9 tr\u00ecnh t\u1eeb ACET<\/span><\/strong><\/h2>\n<p style=\"text-align: center;\">H\u00e3y \u0111\u1ec3 l\u1ea1i th\u00f4ng tin, t\u01b0 v\u1ea5n vi\u00ean c\u1ee7a ACET s\u1ebd li\u00ean l\u1ea1c v\u1edbi b\u1ea1n trong th\u1eddi gian s\u1edbm nh\u1ea5t.<\/p>\n<div role=\"form\" class=\"wpcf7\" id=\"wpcf7-f832-o1\" lang=\"vi\" dir=\"ltr\">\n<div class=\"screen-reader-response\"><p role=\"status\" aria-live=\"polite\" aria-atomic=\"true\"><\/p> <ul><\/ul><\/div>\n<form action=\"\/w\/edu72011\/wp-json\/wp\/v2\/pages\/53#wpcf7-f832-o1\" method=\"post\" class=\"wpcf7-form init\" novalidate=\"novalidate\" data-status=\"init\">\n<div style=\"display: none;\">\n<input type=\"hidden\" name=\"_wpcf7\" value=\"832\" \/>\n<input type=\"hidden\" name=\"_wpcf7_version\" value=\"5.3\" \/>\n<input type=\"hidden\" name=\"_wpcf7_locale\" value=\"vi\" \/>\n<input type=\"hidden\" name=\"_wpcf7_unit_tag\" value=\"wpcf7-f832-o1\" \/>\n<input type=\"hidden\" name=\"_wpcf7_container_post\" value=\"0\" \/>\n<input type=\"hidden\" name=\"_wpcf7_posted_data_hash\" value=\"\" \/>\n<\/div>\n<div class=\"form-dang-ky\">\n<label>Th\u00f4ng tin c\u01a1 b\u1ea3n<\/label><br \/>\n<span class=\"wpcf7-form-control-wrap text-437\"><input type=\"text\" name=\"text-437\" value=\"\" size=\"40\" class=\"wpcf7-form-control wpcf7-text wpcf7-validates-as-required\" aria-required=\"true\" aria-invalid=\"false\" placeholder=\"H\u1ecd v\u00e0 t\u00ean...\" \/><\/span><br \/>\n<span class=\"wpcf7-form-control-wrap tel-193\"><input type=\"tel\" name=\"tel-193\" value=\"\" size=\"40\" class=\"wpcf7-form-control wpcf7-text wpcf7-tel wpcf7-validates-as-required wpcf7-validates-as-tel\" aria-required=\"true\" aria-invalid=\"false\" placeholder=\"S\u1ed1 \u0111i\u1ec7n tho\u1ea1i...\" \/><\/span><br \/>\n<label>L\u1ef1a ch\u1ecdn<\/label><\/p>\n<div class=\"row-form\">\n<div class=\"left\">\n<span class=\"wpcf7-form-control-wrap menu-714\"><select name=\"menu-714\" class=\"wpcf7-form-control wpcf7-select\" aria-invalid=\"false\"><option value=\"Khu v\u1ef1c\">Khu v\u1ef1c<\/option><option value=\"H\u00e0 N\u1ed9i\">H\u00e0 N\u1ed9i<\/option><option value=\"Tp. H\u1ed3 Ch\u00ed Minh\">Tp. H\u1ed3 Ch\u00ed Minh<\/option><\/select><\/span>\n<\/div>\n<div class=\"right\">\n<span class=\"wpcf7-form-control-wrap text-3656\"><input type=\"text\" name=\"text-3656\" value=\"\" size=\"40\" class=\"wpcf7-form-control wpcf7-text\" aria-invalid=\"false\" placeholder=\"\u0110\u1ed9 tu\u1ed5i\" \/><\/span>\n<\/div>\n<\/div>\n<p><input type=\"submit\" value=\"G\u1eedi th\u00f4ng tin\" class=\"wpcf7-form-control wpcf7-submit\" \/>\n<\/p><\/div>\n<div class=\"wpcf7-response-output\" aria-hidden=\"true\"><\/div><\/form><\/div>\n\t\t<\/div>\n\t\t\t<\/div>\n\n\t\n<\/div>\n\t\t<\/div>\n\n\t\t\n<style>\n#section_890471071 {\n  padding-top: 30px;\n  padding-bottom: 30px;\n  background-color: rgb(247, 247, 247);\n}\n<\/style>\n\t<\/section>\n\t\n","protected":false},"excerpt":{"rendered":"","protected":false},"author":1,"featured_media":0,"parent":0,"menu_order":0,"comment_status":"closed","ping_status":"closed","template":"page-transparent-header.php","meta":[],"_links":{"self":[{"href":"https:\/\/hosting.conasi.vn\/w\/edu72011\/wp-json\/wp\/v2\/pages\/53"}],"collection":[{"href":"https:\/\/hosting.conasi.vn\/w\/edu72011\/wp-json\/wp\/v2\/pages"}],"about":[{"href":"https:\/\/hosting.conasi.vn\/w\/edu72011\/wp-json\/wp\/v2\/types\/page"}],"author":[{"embeddable":true,"href":"https:\/\/hosting.conasi.vn\/w\/edu72011\/wp-json\/wp\/v2\/users\/1"}],"replies":[{"embeddable":true,"href":"https:\/\/hosting.conasi.vn\/w\/edu72011\/wp-json\/wp\/v2\/comments?post=53"}],"version-history":[{"count":0,"href":"https:\/\/hosting.conasi.vn\/w\/edu72011\/wp-json\/wp\/v2\/pages\/53\/revisions"}],"wp:attachment":[{"href":"https:\/\/hosting.conasi.vn\/w\/edu72011\/wp-json\/wp\/v2\/media?parent=53"}],"curies":[{"name":"wp","href":"https:\/\/api.w.org\/{rel}","templated":true}]}}