{"id":96,"date":"2019-03-12T08:22:13","date_gmt":"2019-03-12T08:22:13","guid":{"rendered":"https:\/\/edu4.khowebseotop.vn\/?post_type=product&#038;p=96"},"modified":"2021-03-16T10:58:45","modified_gmt":"2021-03-16T03:58:45","slug":"luyen-thi-toefl","status":"publish","type":"product","link":"https:\/\/hosting.conasi.vn\/w\/edu52011\/san-pham\/luyen-thi-toefl\/","title":{"rendered":"Luy\u1ec7n thi TOEFL"},"content":{"rendered":"<p>TOEFL (Test Of English as a Foreign Language) l\u00e0 ch\u1ee9ng ch\u1ec9 Ti\u1ebfng Anh qu\u1ed1c t\u1ebf quan tr\u1ecdng \u0111\u1ec3 n\u1ed9p h\u1ed3 s\u01a1 v\u00e0 xin h\u1ecdc b\u1ed5ng v\u00e0 c\u00e1c tr\u01b0\u1eddng \u0111\u1ea1i h\u1ecdc h\u00e0ng \u0111\u1ea7u Hoa K\u1ef3. TOEFL hi\u1ec7n l\u00e0 m\u1ed9t trong nh\u1eefng ch\u01b0\u01a1ng tr\u00ecnh ti\u1ebfng anh qu\u1ed1c t\u1ebf ph\u1ed5 bi\u1ebfn tr\u00ean th\u1ebf gi\u1edbi, ki\u1ec3m tra 4 k\u1ef9 n\u0103ng ng\u00f4n ng\u1eef quan tr\u1ecdng nh\u1ea5t: Nghe \u2013 N\u00f3i \u2013 \u0110\u1ecdc \u2013 Vi\u1ebft.<\/p>\n<p>\u0110i\u1ec3m n\u1ed5i b\u1eadt:<\/p>\n<ul>\n<li>Theo d\u00f5i qu\u00e1 tr\u00ecnh h\u1ecdc t\u1eadp v\u00e0 k\u1ecbp th\u1eddi th\u00f4ng b\u00e1o \u0111\u1ec3 h\u1ecdc vi\u00ean bi\u1ebft \u0111\u01b0\u1ee3c \u0111i\u1ec3m m\u1ea1nh v\u00e0 \u0111i\u1ec3m y\u1ebfu c\u1ee7a m\u00ecnh khi luy\u1ec7n thi TOEFL.<\/li>\n<li>L\u1edbp h\u1ecdc nh\u00f3m v\u1edbi s\u0129 s\u1ed1 3 \u2013 6 h\u1ecdc vi\u00ean\/l\u1edbp l\u1ea5y h\u1ecdc vi\u00ean l\u00e0m tr\u1ecdng t\u00e2m v\u00e0 khuy\u1ebfn kh\u00edch t\u1ed1i \u0111a s\u1ef1 ch\u1ee7 \u0111\u1ed9ng c\u1ee7a h\u1ecdc vi\u00ean.<\/li>\n<li>Ch\u01b0\u01a1ng tr\u00ecnh gi\u1ea3ng d\u1ea1y TOEFL \u0111\u01b0\u1ee3c t\u00f9y ch\u1ec9nh v\u1edbi c\u00e1c T\u00e0i li\u1ec7u TOEFL m\u1edbi nh\u1ea5t v\u00e0 th\u01b0\u1eddng xuy\u00ean cung c\u1ea5p t\u00e0i li\u1ec7u v\u00e0 b\u00e0i Ki\u1ec3m tra th\u1eed nghi\u1ec7m iBT xu h\u01b0\u1edbng m\u1edbi nh\u1ea5t<\/li>\n<\/ul>\n<p>\u0110i\u1ec1u ki\u1ec7n nh\u1eadp h\u1ecdc:<\/p>\n<ul>\n<li>Tr\u00ecnh \u0111\u1ed9 c\u0103n b\u1ea3n : TOEFL iBT: 40<\/li>\n<li>Ki\u1ec3m tra \u0111\u1ea7u v\u00e0o 4 k\u1ef9 n\u0103ng ch\u00ednh, ki\u1ec3m tra n\u00e2ng c\u1ea5p tr\u00ecnh \u0111\u1ed9 h\u00e0ng th\u00e1ng<\/li>\n<\/ul>\n<p>Th\u1eddi gian \u0111\u0103ng k\u00fd: t\u1ed1i thi\u1ec3u 4 tu\u1ea7n<\/p>\n<p>&nbsp;<\/p>\n","protected":false},"excerpt":{"rendered":"<p>Kh\u00f3a h\u1ecdc chuy\u00ean s\u00e2u nh\u1eb1m chu\u1ea9n b\u1ecb cho h\u1ecdc vi\u00ean \u0111\u1ea1t \u0111\u01b0\u1ee3c \u0111i\u1ec3m t\u1ed1i \u0111a trong k\u1ef3 thi TOEFL, bao g\u1ed3m 4 k\u1ef9 n\u0103ng ch\u1ee7 y\u1ebfu: Nghe, n\u00f3i, \u0111\u1ecdc, vi\u1ebft \u0111\u1ed3ng th\u1eddi h\u01b0\u1edbng d\u1eabn c\u00e1c chi\u1ebfn l\u01b0\u1ee3c l\u00e0m b\u00e0i thi TOEFL.<\/p>\n<p>&nbsp;<\/p>\n","protected":false},"featured_media":286,"comment_status":"open","ping_status":"closed","template":"","meta":[],"_links":{"self":[{"href":"https:\/\/hosting.conasi.vn\/w\/edu52011\/wp-json\/wp\/v2\/product\/96"}],"collection":[{"href":"https:\/\/hosting.conasi.vn\/w\/edu52011\/wp-json\/wp\/v2\/product"}],"about":[{"href":"https:\/\/hosting.conasi.vn\/w\/edu52011\/wp-json\/wp\/v2\/types\/product"}],"replies":[{"embeddable":true,"href":"https:\/\/hosting.conasi.vn\/w\/edu52011\/wp-json\/wp\/v2\/comments?post=96"}],"wp:featuredmedia":[{"embeddable":true,"href":"https:\/\/hosting.conasi.vn\/w\/edu52011\/wp-json\/wp\/v2\/media\/286"}],"wp:attachment":[{"href":"https:\/\/hosting.conasi.vn\/w\/edu52011\/wp-json\/wp\/v2\/media?parent=96"}],"curies":[{"name":"wp","href":"https:\/\/api.w.org\/{rel}","templated":true}]}}