{"id":101,"date":"2019-03-12T08:24:06","date_gmt":"2019-03-12T08:24:06","guid":{"rendered":"https:\/\/edu4.khowebseotop.vn\/?post_type=product&#038;p=101"},"modified":"2021-03-16T10:58:43","modified_gmt":"2021-03-16T03:58:43","slug":"luyen-thi-toeic","status":"publish","type":"product","link":"https:\/\/hosting.conasi.vn\/w\/edu52011\/san-pham\/luyen-thi-toeic\/","title":{"rendered":"Luy\u1ec7n thi TOEIC"},"content":{"rendered":"<p><strong>Ch\u1ee9ng ch\u1ec9 TOEIC<\/strong>\u00a0\u0111\u01b0\u1ee3c coi l\u00e0 ph\u1ed5 bi\u1ebfn v\u00e0 c\u1ea7n thi\u1ebft h\u01a1n cho ng\u01b0\u1eddi c\u00f3 ti\u1ebfng Anh kh\u00f4ng ph\u1ea3i l\u00e0 ti\u1ebfng m\u1eb9 \u0111\u1ebb. TOEIC L\u00e0 vi\u1ebft t\u1eaft c\u1ee7a Test of English for International Communication, \u0111\u01b0\u1ee3c coi l\u00e0 ph\u1ed5 bi\u1ebfn v\u00e0 c\u1ea7n thi\u1ebft h\u01a1n cho ng\u01b0\u1eddi c\u00f3 ti\u1ebfng Anh kh\u00f4ng ph\u1ea3i l\u00e0 ti\u1ebfng m\u1eb9 \u0111\u1ebb. \u0110\u00e2y l\u00e0 b\u00e0i ki\u1ec3m tra anh ng\u1eef trong giao ti\u1ebfp qu\u1ed1c t\u1ebf trong ho\u00e0n c\u1ea3nh c\u00f4ng vi\u1ec7c, th\u01b0\u01a1ng m\u1ea1i, kinh doanh, c\u00f4ng nghi\u1ec7p, v\u00ec v\u1eady c\u00f3 th\u1ec3 n\u00f3i\u00a0<strong>TOEIC<\/strong>\u00a0ch\u00ednh l\u00e0 ch\u1ee9ng ch\u1ec9 ti\u1ebfng Anh d\u00e0nh cho ng\u01b0\u1eddi \u0111i l\u00e0m.<\/p>\n<p><strong>\u0110i\u1ec3m n\u1ed5i b\u1eadt:<\/strong><\/p>\n<ul>\n<li>C\u00e1c l\u1edbp h\u1ecdc 1:1 \u0111\u01b0\u1ee3c thi\u1ebft k\u1ebf linh ho\u1ea1t v\u00e0 t\u1eadp trung v\u00e0o nghe, n\u00f3i, vi\u1ebft, t\u1eeb v\u1ef1ng v\u00e0 chi\u1ebfn l\u01b0\u1ee3c l\u00e0m b\u00e0i thi.<\/li>\n<\/ul>\n<ul>\n<li>Kh\u00f4ng gi\u1edbi h\u1ea1n c\u00e1c b\u00e0i ki\u1ec3m tra r\u00e8n luy\u1ec7n gi\u00fap h\u1ecdc vi\u00ean \u0111\u00e1nh gi\u00e1 \u0111\u01b0\u1ee3c li\u00ean t\u1ee5c v\u00e0 \u0111\u1ea3m b\u1ea3o m\u1ee9c \u0111i\u1ec3m \u0111\u1ec1 ra.<\/li>\n<li>Ch\u01b0\u01a1ng tr\u00ecnh \u0111\u1ea3m b\u1ea3o \u0111i\u1ec3m TOEIC: Gi\u00e1m s\u00e1t v\u00e0 \u0111\u00e1nh gi\u00e1 k\u1ebft qu\u1ea3 h\u1ecdc c\u1ee7a h\u1ecdc vi\u00ean sau \u0111\u00f3 \u0111\u01b0a ra nh\u1eefng \u0111i\u1ec1u ch\u1ec9nh c\u1ea7n thi\u1ebft \u0111\u1ec3 \u0111\u1ea3m b\u1ea3o qu\u00e1 tr\u00ecnh h\u1ecdc c\u1ee7a h\u1ecdc vi\u00ean t\u1eeb \u0111\u1ea7u \u0111\u1ebfn cu\u1ed1i.<\/li>\n<li>H\u00e0ng tu\u1ea7n h\u1ecdc vi\u00ean s\u1ebd ph\u1ea3i tham gia b\u00e0i thi th\u1eed TOEIC \u0111\u1ec3 theo d\u00f5i \u0111\u01b0\u1ee3c s\u1ef1 ti\u1ebfn b\u1ed9 c\u1ee7a m\u00ecnh.<\/li>\n<\/ul>\n<ul>\n<li>H\u1ecdc vi\u00ean c\u00f3 th\u1ec3 th\u1ef1c h\u00e0nh TOEIC trong c\u00e1c t\u00ecnh hu\u1ed1ng th\u1ef1c t\u1ebf nh\u1eb1m ph\u00e1t huy k\u1ef9 n\u0103ng ng\u00f4n ng\u1eef t\u1ed1t nh\u1ea5t.<\/li>\n<\/ul>\n<p><strong>Th\u1eddi gian h\u1ecdc<\/strong>: T\u1ed1i thi\u1ebfu 4 tu\u1ea7n<\/p>\n<p><strong>Y\u00eau c\u1ea7u \u0111\u1ea7u v\u00e0o:<\/strong><\/p>\n<ul>\n<li>Kh\u00f3a Pre \u2013 Toeic: Toeic 250<\/li>\n<li>Kh\u00f3a Power Toeic 400<\/li>\n<\/ul>\n","protected":false},"excerpt":{"rendered":"<p>Kh\u00f3a h\u1ecdc ph\u00f9 h\u1ee3p cho c\u00e1c h\u1ecdc vi\u00ean mu\u1ed1n \u0111\u1ea1t \u0111\u01b0\u1ee3c \u0111i\u1ec3m s\u1ed1 xu\u1ea5t s\u1eafc trong k\u1ef3 thi TOEIC v\u00e0 \u0111\u1ec3 d\u1ec5 d\u00e0ng th\u0103ng ti\u1ebfn c\u1ea3 trong h\u1ecdc t\u1eadp v\u00e0 ngh\u1ec1 nghi\u1ec7p<\/p>\n<p>&nbsp;<\/p>\n","protected":false},"featured_media":285,"comment_status":"open","ping_status":"closed","template":"","meta":[],"_links":{"self":[{"href":"https:\/\/hosting.conasi.vn\/w\/edu52011\/wp-json\/wp\/v2\/product\/101"}],"collection":[{"href":"https:\/\/hosting.conasi.vn\/w\/edu52011\/wp-json\/wp\/v2\/product"}],"about":[{"href":"https:\/\/hosting.conasi.vn\/w\/edu52011\/wp-json\/wp\/v2\/types\/product"}],"replies":[{"embeddable":true,"href":"https:\/\/hosting.conasi.vn\/w\/edu52011\/wp-json\/wp\/v2\/comments?post=101"}],"wp:featuredmedia":[{"embeddable":true,"href":"https:\/\/hosting.conasi.vn\/w\/edu52011\/wp-json\/wp\/v2\/media\/285"}],"wp:attachment":[{"href":"https:\/\/hosting.conasi.vn\/w\/edu52011\/wp-json\/wp\/v2\/media?parent=101"}],"curies":[{"name":"wp","href":"https:\/\/api.w.org\/{rel}","templated":true}]}}