{"id":299,"date":"2020-03-01T01:23:49","date_gmt":"2020-02-29T18:23:49","guid":{"rendered":"http:\/\/denled2.muathemewordpress.net\/?post_type=product&#038;p=299"},"modified":"2020-03-01T01:23:49","modified_gmt":"2020-02-29T18:23:49","slug":"den-mam-pha-le-cmt-6869-800","status":"publish","type":"product","link":"https:\/\/hosting.conasi.vn\/w\/denled12011\/den-mam-pha-le-cmt-6869-800\/","title":{"rendered":"\u0110\u00e8n m\u00e2m pha l\u00ea CMT-6869-800"},"content":{"rendered":"<div>\n<p>Ph\u00f2ng kh\u00e1ch l\u00e0 n\u01a1i c\u1eeda ng\u00f5 \u0111\u1eb7c bi\u1ec7t c\u1ee7a ng\u00f4i nh\u00e0, l\u00e0 n\u01a1i t\u1ee5 h\u1ecdp th\u00e2n\u00a0 m\u1eadt c\u1ee7a m\u1ecdi ng\u01b0\u1eddi. M\u1ed9t kh\u00f4ng gian ph\u00f2ng kh\u00e1ch \u0111\u1eb9p s\u1ebd gi\u00fap cho kh\u00f4ng gian th\u00eam \u1ea5m c\u00fang v\u00e0 \u1ea5m \u00e1p h\u01a1n. \u0110\u1ec3 g\u00f3p ph\u1ea7n quan tr\u1ecdng l\u00e0m n\u00ean \u0111i\u1ec1u h\u1eefu \u00edch \u0111\u00f3 c\u00f3 s\u1ef1 \u0111\u00f3ng g\u00f3p s\u1ea3n ph\u1ea9m \u0111\u00e8n trang tr\u00ed. Ch\u1ecdn\u00a0<strong>\u0111\u00e8n trang tr\u00ed ph\u00f2ng kh\u00e1ch<\/strong>\u00a0ph\u00f9 h\u1ee3p nh\u1ea5t v\u1edbi kh\u00f4ng gian, l\u1ea1i th\u1ec3 hi\u1ec7n \u0111\u01b0\u1ee3c c\u00e1 t\u00ednh c\u1ee7a b\u1ea3n th\u00e2n kh\u00e1ch h\u00e0ng.<\/p>\n<p>H\u00e3y t\u00ecm hi\u1ec3u m\u1eabu\u00a0<b>\u0111\u00e8n m\u00e2m pha l\u00ea CMT-6869-800<\/b>. \u0110\u01a1n gi\u1ea3n nh\u01b0ng l\u1ea1i kh\u00f4ng h\u1ec1 k\u00e9m ph\u1ea7n quan tr\u1ecdng, t\u1ea1o n\u00ean \u0111\u01b0\u1ee3c nh\u1eefng n\u00e9t ri\u00eang bi\u1ec7t, n\u00e9t \u0111\u1eb9p ri\u00eang t\u1eeb s\u1ea3n ph\u1ea9m \u0111\u00e8n m\u00e2m pha l\u00ea trang tr\u00ed. \u0110\u00e2y l\u00e0 xu h\u01b0\u1edbng m\u1edbi nh\u1ea5t t\u1eeb m\u1eabu \u0111\u00e8n m\u00e2m pha l\u00ea Casani k\u00ednh g\u1eedi t\u1edbi qu\u00fd kh\u00e1ch h\u00e0ng c\u1ee7a m\u00ecnh.<\/p>\n<h2><b>Th\u00f4ng s\u1ed1 k\u0129 thu\u1eadt:<\/b><b><\/b><\/h2>\n<ul>\n<li>T\u00ean SP: \u0110\u00e8n m\u00e2m pha l\u00ea<\/li>\n<li>M\u00e3 SP: CMT-6869-800<\/li>\n<li>Xu\u1ea5t x\u1ee9: Nh\u1eadp kh\u1ea9u<\/li>\n<li>K\u00edch th\u01b0\u1edbc: \u00d8800 x H 350.<\/li>\n<li>Ch\u1ea5t li\u1ec7u: Pha l\u00ea<\/li>\n<li>\u1ee8ng d\u1ee5ng: Ph\u00f2ng kh\u00e1ch, chung c\u01b0, bi\u1ec7t th\u1ef1<\/li>\n<li>B\u1ea3o h\u00e0nh: 1 n\u0103m<\/li>\n<li>\u00c1nh s\u00e1ng: Led<\/li>\n<li>T\u00ednh n\u0103ng: C\u00f3 3 ch\u1ebf \u0111\u1ed9 \u00e1nh s\u00e1ng, c\u00f3 remote \u0111i\u1ec1u khi\u1ec3n<\/li>\n<\/ul>\n<h2><b>\u01afu \u0111i\u1ec3m n\u1ed5i b\u1eadt c\u1ee7a \u0111\u00e8n m\u00e2m pha l\u00ea<br \/>\n<\/b><\/h2>\n<p><b><img src=\"https:\/\/casani.vn\/img\/image\/den-mam\/CMT-6869-1.jpg\" alt=\"\u0110\u00e8n m\u00e2m pha l\u00ea\" \/><br \/>\n<\/b><\/p>\n<h3><b><i>Thi\u1ebft k\u1ebf tinh t\u1ebf, t\u1ec9 m\u1ec9<\/i><\/b><b><i><\/i><\/b><\/h3>\n<p>S\u1ea3n ph\u1ea9m\u00a0<strong>\u0111\u00e8n m\u00e2m pha l\u00ea H\u00e0 N\u1ed9i<\/strong>\u00a0CMT-6869-800 \u0111\u01b0\u1ee3c thi\u1ebft k\u1ebf v\u1edbi c\u00e1c chi ti\u1ebft tinh t\u1ebf v\u00e0 t\u1ec9 m\u1ec9 v\u1edbi c\u00e1c \u0111\u01b0\u1eddng n\u00e9t, k\u0129 x\u1ea3o \u1ea5n t\u01b0\u1ee3ng t\u1ea1o n\u00ean s\u1ef1 m\u1ec1m m\u1ea1i \u0111\u1ea7y cu\u1ed1n h\u00fat cho m\u1ecdi ng\u01b0\u1eddi ngay t\u1eeb c\u00e1i nh\u00ecn \u0111\u1ea7u ti\u00ean.<\/p>\n<h3><b><i>K\u1ebft c\u1ea5u b\u1ec1n \u0111\u1eb9p<\/i><\/b><b><i><\/i><\/b><\/h3>\n<p>Lo\u1ea1i\u00a0<strong>\u0111\u00e8n m\u00e2m \u00e1p tr\u1ea7n<\/strong>\u00a0n\u00e0y c\u00f3 c\u1ea5u t\u1ea1o kh\u00e1 b\u1ec1n \u0111\u1eb9p v\u00e0 ch\u1eafc ch\u1eafn v\u00e0. Trong \u0111\u00f3, v\u1eadt li\u1ec7u m\u00e2m \u0111\u00e8n b\u1eb1ng inox c\u00f3 t\u00e1c d\u1ee5ng ch\u1ed1ng han g\u1ec9 r\u1ea5t t\u1ed1t. \u0110\u00e8n cho th\u1eddi gian s\u1eed d\u1ee5ng d\u00e0i l\u00e2u m\u00e0 v\u1eabn \u0111\u1eb9p m\u00e3i v\u1edbi th\u1eddi gian.<\/p>\n<\/div>\n<h3><i>Th\u00edch h\u1ee3p cho nhi\u1ec1u kh\u00f4ng gian<br \/>\n<\/i><\/h3>\n<p>\u0110\u00e8n m\u00e2m pha l\u00ea cao c\u1ea5p n\u00e0y d\u00f9ng l\u00e0m v\u1eadt trang tr\u00ed v\u00e0 n\u00f3 th\u00edch h\u1ee3p v\u1edbi nhi\u1ec1u c\u00e1c kh\u00f4ng gian kh\u00e1c nhau nh\u01b0 ph\u00f2ng kh\u00e1ch, ph\u00f2ng ng\u1ee7, t\u1eeb nh\u00e0 bi\u1ec7t th\u1ef1 cho t\u1edbi c\u00e1c c\u0103n h\u1ed9 chung c\u01b0&#8230;<\/p>\n<h2><b>Casani chuy\u00ean cung c\u1ea5p c\u00e1c lo\u1ea1i \u0111\u00e8n m\u00e2m pha l\u00ea cao c\u1ea5p gi\u00e1 r\u1ebb<\/b><b><\/b><\/h2>\n<p>N\u1ebfu nh\u01b0 b\u1ea1n, hay ng\u01b0\u1eddi th\u00e2n c\u1ee7a b\u1ea1n v\u1eabn c\u00f2n \u0111ang b\u0103n kho\u0103n v\u1ec1 v\u1ea5n \u0111\u1ec1 ch\u1ecdn \u0111\u00e8n m\u00e2m pha l\u00ea cho kh\u00f4ng gian ph\u00f2ng kh\u00e1ch hay c\u00e1c kh\u00f4ng gian kh\u00e1c nh\u01b0 th\u1ebf n\u00e0o cho h\u1ee3p l\u00fd nh\u1ea5t c\u1ea3 v\u1ec1 th\u1ea9m m\u1ef9 v\u00e0 gi\u00e1 th\u00e0nh th\u00ec h\u00e3y \u0111\u1ebfn ngay v\u1edbi si\u00eau th\u1ecb \u0111\u00e8n trang tr\u00ed Casani ch\u00fang t\u00f4i \u0111\u1ec3 \u0111\u01b0\u01a1c t\u01b0 v\u1ea5n v\u00e0 ch\u1ecdn mua nh\u1eefng m\u1eabu \u0111\u00e8n ph\u00f9 h\u1ee3p nh\u1ea5t cho ph\u00f2ng kh\u00e1ch c\u1ee7a b\u1ea1n.<\/p>\n","protected":false},"excerpt":{"rendered":"<ul class=\"cc\">\n<li class=\"l\">M\u00e3 SP: CMT-6869-800<\/li>\n<li class=\"l\">B\u1ea3o h\u00e0nh: 12 Th\u00e1ng<\/li>\n<li>K\u00edch th\u01b0\u1edbc: \u00d8800 x H 350<\/li>\n<li>T\u00ecnh tr\u1ea1ng: C\u00f2n h\u00e0ng<\/li>\n<\/ul>\n","protected":false},"featured_media":300,"comment_status":"open","ping_status":"closed","template":"","meta":[],"_links":{"self":[{"href":"https:\/\/hosting.conasi.vn\/w\/denled12011\/wp-json\/wp\/v2\/product\/299"}],"collection":[{"href":"https:\/\/hosting.conasi.vn\/w\/denled12011\/wp-json\/wp\/v2\/product"}],"about":[{"href":"https:\/\/hosting.conasi.vn\/w\/denled12011\/wp-json\/wp\/v2\/types\/product"}],"replies":[{"embeddable":true,"href":"https:\/\/hosting.conasi.vn\/w\/denled12011\/wp-json\/wp\/v2\/comments?post=299"}],"wp:featuredmedia":[{"embeddable":true,"href":"https:\/\/hosting.conasi.vn\/w\/denled12011\/wp-json\/wp\/v2\/media\/300"}],"wp:attachment":[{"href":"https:\/\/hosting.conasi.vn\/w\/denled12011\/wp-json\/wp\/v2\/media?parent=299"}],"curies":[{"name":"wp","href":"https:\/\/api.w.org\/{rel}","templated":true}]}}