{"id":267,"date":"2020-03-01T01:11:29","date_gmt":"2020-02-29T18:11:29","guid":{"rendered":"http:\/\/denled2.muathemewordpress.net\/?post_type=product&#038;p=267"},"modified":"2020-03-01T01:11:29","modified_gmt":"2020-02-29T18:11:29","slug":"den-chum-dong-ccd-7014-15","status":"publish","type":"product","link":"https:\/\/hosting.conasi.vn\/w\/denled12011\/den-chum-dong-ccd-7014-15\/","title":{"rendered":"\u0110\u00e8n Ch\u00f9m \u0110\u1ed3ng CCD-7014-15"},"content":{"rendered":"<p>\u0110\u00e8n ch\u00f9m \u0111\u1ed3ng CCD-7014-15 l\u00e0 s\u1ea3n ph\u1ea9m n\u1ed5i b\u1eadt v\u1edbi thi\u1ebft k\u1ebf t\u1ec9 m\u1ec9 t\u1eeb hoa v\u0103n tay \u0111\u1ebfn khung \u0111\u00e8n. S\u1ea3n ph\u1ea9m \u0111\u01b0\u1ee3c l\u00e0m t\u1eeb nh\u1eefng v\u1eadt li\u1ec7u cao c\u1ea5p nh\u01b0: pha l\u00ea k9, th\u1ee7y tinh\u2026 \u0111\u1ec3 l\u00e0m b\u00e1t \u0111\u00e1 v\u1edbi 1 ph\u1ea7n tay c\u1ee7a s\u1ea3n ph\u1ea9m. D\u01b0\u1edbi \u0111\u00e2y l\u00e0 th\u00f4ng tin v\u1ec1 s\u1ea3n ph\u1ea9m.<\/p>\n<p><img loading=\"lazy\" src=\"http:\/\/casani.vn\/img\/p\/den-chum-dong-ccd-7014-15-p580.jpg\" alt=\"\u0110\u00e8n Ch\u00f9m \u0110\u1ed3ng CCD-7014-15\" width=\"600\" height=\"600\" \/><\/p>\n<h2>\u0110\u00e8n ch\u00f9m \u0111\u1ed3ng cao c\u1ea5p, qu\u00fd t\u1ed9c<\/h2>\n<p><b>Th\u00f4ng s\u1ed1 k\u0129 thu\u1eadt:<\/b><b><\/b><\/p>\n<p>Lo\u1ea1i \u0111\u00e8n: \u0110\u00e8n ch\u00f9m \u0111\u1ed3ng chao \u0111\u00e1<\/p>\n<p>Khung \u0111\u00e8n: Ch\u1eafc ch\u1eafn<\/p>\n<p>Ki\u1ec3u d\u00e1ng :\u00a0<b>\u0110\u00e8n ch\u00f9m ki\u1ec3u d\u00e1ng tr\u00f2n ng\u1ecdn n\u1ebfn<\/b><\/p>\n<p>Phong c\u00e1ch thi\u1ebft k\u1ebf: Sang tr\u1ecdng, t\u00e2n c\u1ed5 \u0111i\u1ec3n<\/p>\n<p>\u00c1nh s\u00e1ng: Kh\u00f4ng ch\u00f3i l\u00f3a, th\u00e2n thi\u1ec7n<\/p>\n<p>Gi\u00e1 \u0111\u1ee1: gi\u00e1 \u0111\u1ee1 c\u1ee7a b\u1ed9 \u0111\u00e8n b\u1eb1ng \u0111\u1ed3ng c\u00f3 kh\u1ea3 n\u0103ng ch\u1ed1ng oxy h\u00f3a, g\u1ec9 s\u00e9t<\/p>\n<p>M\u00e0u \u0111\u00e8n:\u00a0n\u00e2u v\u00e0ng nh\u1ea1t<\/p>\n<p>V\u1ec7 sinh th\u00e1o d\u1ee1 : \u0110\u01a1n gi\u1ea3n, d\u1ec5 d\u00e0ng<\/p>\n<p>\u1ee8ng d\u1ee5ng: Trang tr\u00ed ph\u00f2ng kh\u00e1ch, bi\u1ec7t th\u1ef1, kh\u00e1ch s\u1ea1n\u2026c\u00e1c kh\u00f4ng gian c\u00f3 tr\u1ea7n cao.<\/p>\n<p>M\u1eabu \u0111\u00e8n ch\u00f9m \u0111\u1ed3ng CCD \u2013 7014-15 \u0111\u01b0\u1ee3c thi\u1ebft k\u1ebf theo phong c\u00e1ch t\u00e2n c\u1ed5 \u0111i\u1ec3n.S\u1ea3n ph\u1ea9m v\u1eabn gi\u1eef \u0111\u01b0\u1ee3c n\u00e9t c\u1ed5 \u0111i\u1ec3n \u0111\u1eb7c tr\u01b0ng c\u1ee7a m\u1eabu \u0111\u00e8n ch\u00f9m c\u1ed5. \u0110i\u1ec3m nh\u1ea5n c\u00e1ch t\u00e2n \u1edf \u0111\u00e2y s\u1eed d\u1ee5ng th\u00eam v\u1eadt li\u1ec7u \u0111\u00e1 pha l\u00ea k9 \u0111\u1ec3 l\u00e0m b\u00e1t chao \u0111\u00e1. M\u00e0u s\u1eafc s\u1eed d\u1ee5ng ch\u1ee7 \u0111\u1ea1o s\u1eed d\u1ee5ng l\u00e0 m\u00e0u n\u00e2u v\u00e0ng nh\u1ea1t gi\u00fap l\u00e0m d\u1ecbu nh\u1eb9 kh\u00f4ng kh\u00ed c\u1ee7a c\u0103n ph\u00f2ng.<\/p>\n<p><b>Ti\u1ec7n \u00edch t\u1ecfa s\u00e1ng:<\/b><b><\/b><\/p>\n<p>S\u1ea3n ph\u1ea9m \u0111\u00e8n ch\u00f9m \u0111\u1ed3ng CCD \u2013 7014-15 s\u1edf h\u1eefu nh\u1eefng t\u00ednh n\u0103ng v\u01b0\u1ee3t tr\u1ed9i. \u0110\u01b0\u1ee3c trang b\u1ecb c\u00f4ng ngh\u1ec7 \u0111\u00e8n led gi\u00fap \u0111\u1ea3m b\u1ea3o \u0111\u01b0\u1ee3c l\u01b0\u1ee3ng \u00e1nh s\u00e1ng c\u1ea7n \u0111\u1ee7 cho c\u0103n ph\u00f2ng v\u00e0 c\u00f2n gi\u00fap ti\u1ebft ki\u1ec7m \u0111i\u1ec7n n\u0103ng ti\u00eau hao m\u1ed9t c\u00e1ch \u0111\u00e1ng k\u1ec3. B\u00f3ng \u0111\u00e8n \u0111\u01b0\u1ee3c thi\u1ebft k\u1ebf theo h\u00ecnh ng\u1ecdn n\u1ebfn v\u1eeba gi\u1eef \u0111\u01b0\u1ee3c n\u00e9t c\u1ee7a \u0111\u00e8n ch\u00f9m \u0111\u1ed3ng c\u1ed5 v\u1eeba l\u00e0m t\u0103ng s\u1ef1 sang tr\u1ecdng cho c\u0103n ph\u00f2ng.<\/p>\n<h3><b>Casani \u2013 \u00c1nh s\u00e1ng tr\u01b0\u1eddng t\u1ed3n<\/b><b><\/b><\/h3>\n<p>Casani l\u00e0 th\u01b0\u01a1ng hi\u1ec7u n\u1ed5i ti\u1ebfng tr\u00ean th\u1ecb tr\u01b0\u1eddng \u0111\u00e8n trang tr\u00ed Vi\u1ec7t Nam. V\u1edbi kinh nghi\u1ec7m ho\u1ea1t \u0111\u1ed9ng l\u00ean \u0111\u1ebfn 10 n\u0103m trong l\u0129nh v\u1ef1c trang tr\u00ed thi\u1ebft k\u1ebf n\u1ed9i th\u1ea5t n\u00f3i chung v\u00e0 cung c\u1ea5p \u00e1nh s\u00e1ng ho\u00e0n h\u1ea3o \u0111\u00e8n trang tr\u00ed n\u00f3i ri\u00eang. Ch\u00fang t\u00f4i cam k\u1ebft lu\u00f4n mang \u0111\u1ebfn tay ng\u01b0\u1eddi ti\u00eau d\u00f9ng nh\u1eefng m\u1eabu s\u1ea3n ph\u1ea9m \u0111\u00e8n trang tr\u00ed, \u0111\u00e8n ch\u00f9m pha l\u00ea,\u00a0<a href=\"https:\/\/casani.vn\/den-chum-dong.html\"><strong>\u0111\u00e8n ch\u00f9m \u0111\u1ed3ng ch\u00e2u \u00e2u<\/strong><\/a>\u2026 v\u1edbi ch\u1ea5t l\u01b0\u1ee3ng \u0111\u1ea1t chu\u1ea9n qu\u1ed1c t\u1ebf.<\/p>\n<p>Ch\u00fang t\u00f4i lu\u00f4n s\u1eb5n s\u00e0ng t\u01b0 v\u1ea5n v\u00e0 gi\u1ea3i \u0111\u00e1p nh\u1eefng th\u1eafc m\u1eafc m\u00e0 kh\u00e1ch h\u00e0ng g\u1eb7p ph\u1ea3i khi l\u1ef1a ch\u1ecdn \u0111\u00e8n trang tr\u00ed cho c\u0103n ph\u00f2ng c\u1ee7a m\u00ecnh. H\u00e3y li\u00ean h\u1ec7 v\u1edbi ch\u00fang t\u00f4i theo s\u1ed1 0965.69.8866 \u0111\u1ec3 \u0111\u01b0\u1ee3c t\u01b0 v\u1ea5n v\u00e0 gi\u1ea3i \u0111\u00e1p th\u1eafc m\u1eafc.<\/p>\n","protected":false},"excerpt":{"rendered":"<ul class=\"cc\">\n<li class=\"l\">M\u00e3 SP: CCD-7014-15<\/li>\n<li class=\"l\">B\u1ea3o h\u00e0nh: 12 Th\u00e1ng<\/li>\n<li>K\u00edch th\u01b0\u1edbc: D100cm<\/li>\n<li>T\u00ecnh tr\u1ea1ng: C\u00f2n h\u00e0ng<\/li>\n<\/ul>\n","protected":false},"featured_media":268,"comment_status":"open","ping_status":"closed","template":"","meta":[],"_links":{"self":[{"href":"https:\/\/hosting.conasi.vn\/w\/denled12011\/wp-json\/wp\/v2\/product\/267"}],"collection":[{"href":"https:\/\/hosting.conasi.vn\/w\/denled12011\/wp-json\/wp\/v2\/product"}],"about":[{"href":"https:\/\/hosting.conasi.vn\/w\/denled12011\/wp-json\/wp\/v2\/types\/product"}],"replies":[{"embeddable":true,"href":"https:\/\/hosting.conasi.vn\/w\/denled12011\/wp-json\/wp\/v2\/comments?post=267"}],"wp:featuredmedia":[{"embeddable":true,"href":"https:\/\/hosting.conasi.vn\/w\/denled12011\/wp-json\/wp\/v2\/media\/268"}],"wp:attachment":[{"href":"https:\/\/hosting.conasi.vn\/w\/denled12011\/wp-json\/wp\/v2\/media?parent=267"}],"curies":[{"name":"wp","href":"https:\/\/api.w.org\/{rel}","templated":true}]}}