{"id":960,"date":"2023-08-16T10:45:39","date_gmt":"2023-08-16T03:45:39","guid":{"rendered":"https:\/\/hosting.conasi.vn\/w\/congtycophanapollotechnologies\/?page_id=960"},"modified":"2023-08-16T10:56:45","modified_gmt":"2023-08-16T03:56:45","slug":"thiet-bi-van-phong","status":"publish","type":"page","link":"https:\/\/hosting.conasi.vn\/w\/congtycophanapollotechnologies\/thiet-bi-van-phong\/","title":{"rendered":"S\u1ea3n ph\u1ea9m &#8211; Thi\u1ebft b\u1ecb v\u0103n ph\u00f2ng"},"content":{"rendered":"\n<div class=\"slider-wrapper relative\" id=\"slider-1142991257\" >\n    <div class=\"slider slider-nav-circle slider-nav-large slider-nav-light slider-style-normal\"\n        data-flickity-options='{\n            \"cellAlign\": \"center\",\n            \"imagesLoaded\": true,\n            \"lazyLoad\": 1,\n            \"freeScroll\": false,\n            \"wrapAround\": true,\n            \"autoPlay\": 6000,\n            \"pauseAutoPlayOnHover\" : true,\n            \"prevNextButtons\": true,\n            \"contain\" : true,\n            \"adaptiveHeight\" : true,\n            \"dragThreshold\" : 10,\n            \"percentPosition\": true,\n            \"pageDots\": true,\n            \"rightToLeft\": false,\n            \"draggable\": true,\n            \"selectedAttraction\": 0.1,\n            \"parallax\" : 0,\n            \"friction\": 0.6        }'\n        >\n        \n\n\n  <div class=\"banner has-hover\" id=\"banner-343299233\">\n          <div class=\"banner-inner fill\">\n        <div class=\"banner-bg fill\" >\n            <div class=\"bg fill bg-fill \"><\/div>\n                        <div class=\"overlay\"><\/div>            \n                    <\/div>\n        <div class=\"banner-layers container\">\n            <div class=\"fill banner-link\"><\/div>            \n\n\n        <\/div>\n      <\/div>\n\n            \n<style>\n#banner-343299233 {\n  padding-top: 380px;\n}\n#banner-343299233 .bg.bg-loaded {\n  background-image: url(https:\/\/hosting.conasi.vn\/w\/congtycophanapollotechnologies\/wp-content\/uploads\/2023\/08\/e520f273e61e34406d0f1-1024x263.jpg);\n}\n#banner-343299233 .overlay {\n  background-color: rgba(0, 0, 0, 0.02);\n}\n#banner-343299233 .bg {\n  background-position: 58% 63%;\n}\n<\/style>\n  <\/div>\n\n\n\n     <\/div>\n\n     <div class=\"loading-spin dark large centered\"><\/div>\n\n     <\/div>\n\n\n<div class=\"row\"  id=\"row-340731976\">\n\n\n\t<div id=\"col-38649941\" class=\"col small-12 large-12\"  >\n\t\t<div class=\"col-inner text-center\"  >\n\t\t\t\n\t\t\t\n\n<a href=\"#lg\" target=\"_self\" class=\"button primary is-outline is-large\"  style=\"border-radius:7px;\">\n    <span>Laptop<\/span>\n  <\/a>\n\n\n<a href=\"#samsung\" target=\"_self\" class=\"button primary is-outline is-large\"  style=\"border-radius:7px;\">\n    <span>pc<\/span>\n  <\/a>\n\n\n<a href=\"#dakin\" target=\"_self\" class=\"button primary is-outline is-large\"  style=\"border-radius:7px;\">\n    <span>M\u00c1Y IN<\/span>\n  <\/a>\n\n\n<a href=\"https:\/\/hosting.conasi.vn\/w\/congtycophanapollotechnologies\/may-phat-dien-wandi\" target=\"_self\" class=\"button primary is-outline is-large\"  style=\"border-radius:7px;\">\n    <span>B\u00c0N GH\u1ebe<\/span>\n  <\/a>\n\n\n\n\t\t<\/div>\n\t\t\t<\/div>\n\n\t\n\n<\/div>\n<div class=\"row\"  id=\"row-2086453188\">\n\n\n\t<div id=\"col-853289025\" class=\"col medium-4 small-12 large-4\"  >\n\t\t<div class=\"col-inner\"  >\n\t\t\t\n\t\t\t\n\n\t<div class=\"img has-hover x md-x lg-x y md-y lg-y\" id=\"image_297839725\">\n\t\t\t\t\t\t\t\t<div class=\"img-inner dark\" >\n\t\t\t<img width=\"210\" height=\"145\" src=\"https:\/\/hosting.conasi.vn\/w\/congtycophanapollotechnologies\/wp-content\/uploads\/2023\/08\/10053500-laptop-asus-vivobook-x1402za-eb100w-1.jpg\" class=\"attachment-large size-large\" alt=\"\" loading=\"lazy\" \/>\t\t\t\t\t\t\n\t\t\t\t\t<\/div>\n\t\t\t\t\t\t\t\t\n<style>\n#image_297839725 {\n  width: 100%;\n}\n<\/style>\n\t<\/div>\n\t\n\n\t<div id=\"text-496397545\" class=\"text\">\n\t\t\n\n<div class=\"card-info__title text-blue\"><strong>Laptop Asus Vivobook\u00a0 X1402ZA-EB100W<\/strong><\/div>\n<div>i3-1220P\/8GB\/256GB\/Win11<\/div>\n\t\t\n<style>\n#text-496397545 {\n  text-align: center;\n}\n<\/style>\n\t<\/div>\n\t\n\n\t\t<\/div>\n\t\t\t<\/div>\n\n\t\n\n\t<div id=\"col-367191317\" class=\"col medium-4 small-12 large-4\"  >\n\t\t<div class=\"col-inner\"  >\n\t\t\t\n\t\t\t\n\n\t<div class=\"img has-hover x md-x lg-x y md-y lg-y\" id=\"image_443581068\">\n\t\t\t\t\t\t\t\t<div class=\"img-inner dark\" >\n\t\t\t<img width=\"210\" height=\"144\" src=\"https:\/\/hosting.conasi.vn\/w\/congtycophanapollotechnologies\/wp-content\/uploads\/2023\/08\/10055546-laptop-msi-modern-14-i7-1355u-c13m-607vn-1.jpg\" class=\"attachment-large size-large\" alt=\"\" loading=\"lazy\" \/>\t\t\t\t\t\t\n\t\t\t\t\t<\/div>\n\t\t\t\t\t\t\t\t\n<style>\n#image_443581068 {\n  width: 100%;\n}\n<\/style>\n\t<\/div>\n\t\n\n\t<div id=\"text-958334518\" class=\"text\">\n\t\t\n\n<div class=\"card-info__title text-blue\">\n<div class=\"card-info__title text-blue\">\n<div class=\"card-info__title text-blue\"><strong>Laptop MSI Modern 14 (C13M-607VN) <\/strong><\/div>\n<div class=\"card-info__title text-blue\">i7-1355U\/16GB\/512GB\/Win11\u00a0<\/div>\n<\/div>\n<\/div>\n\t\t\n<style>\n#text-958334518 {\n  line-height: 1.25;\n  text-align: center;\n}\n<\/style>\n\t<\/div>\n\t\n\n\t\t<\/div>\n\t\t\t<\/div>\n\n\t\n\n\t<div id=\"col-1105026380\" class=\"col medium-4 small-12 large-4\"  >\n\t\t<div class=\"col-inner\"  >\n\t\t\t\n\t\t\t\n\n\t<div class=\"img has-hover x md-x lg-x y md-y lg-y\" id=\"image_1898063889\">\n\t\t\t\t\t\t\t\t<div class=\"img-inner dark\" >\n\t\t\t<img width=\"210\" height=\"136\" src=\"https:\/\/hosting.conasi.vn\/w\/congtycophanapollotechnologies\/wp-content\/uploads\/2023\/08\/10019602-may-in-laser-trang-den-canon-lbp6030-trang.jpg\" class=\"attachment-large size-large\" alt=\"\" loading=\"lazy\" \/>\t\t\t\t\t\t\n\t\t\t\t\t<\/div>\n\t\t\t\t\t\t\t\t\n<style>\n#image_1898063889 {\n  width: 100%;\n}\n<\/style>\n\t<\/div>\n\t\n\n\t<div id=\"text-4109386895\" class=\"text\">\n\t\t\n\n<div class=\"card-info__title text-blue\">\n<div class=\"card-info__title text-blue\">\n<div class=\"card-info__title text-blue\"><strong>M\u00e1y in laser tr\u1eafng \u0111en <\/strong><\/div>\n<div class=\"card-info__title text-blue\"><strong>Canon LBP6030<\/strong><\/div>\n<\/div>\n<\/div>\n\t\t\n<style>\n#text-4109386895 {\n  text-align: center;\n}\n<\/style>\n\t<\/div>\n\t\n\n\t\t<\/div>\n\t\t\t<\/div>\n\n\t\n\n<\/div>\n<div class=\"row\"  id=\"row-1016798172\">\n\n\n\t<div id=\"col-1396853678\" class=\"col medium-4 small-12 large-4\"  >\n\t\t<div class=\"col-inner\"  >\n\t\t\t\n\t\t\t\n\n\t<div class=\"img has-hover x md-x lg-x y md-y lg-y\" id=\"image_408383927\">\n\t\t\t\t\t\t\t\t<div class=\"img-inner dark\" >\n\t\t\t<img width=\"210\" height=\"209\" src=\"https:\/\/hosting.conasi.vn\/w\/congtycophanapollotechnologies\/wp-content\/uploads\/2023\/08\/10022865-may-in-laser-da-nang-brother-mfc-l2701dw-den-1.jpg\" class=\"attachment-large size-large\" alt=\"\" loading=\"lazy\" srcset=\"https:\/\/hosting.conasi.vn\/w\/congtycophanapollotechnologies\/wp-content\/uploads\/2023\/08\/10022865-may-in-laser-da-nang-brother-mfc-l2701dw-den-1.jpg 210w, https:\/\/hosting.conasi.vn\/w\/congtycophanapollotechnologies\/wp-content\/uploads\/2023\/08\/10022865-may-in-laser-da-nang-brother-mfc-l2701dw-den-1-150x150.jpg 150w\" sizes=\"(max-width: 210px) 100vw, 210px\" \/>\t\t\t\t\t\t\n\t\t\t\t\t<\/div>\n\t\t\t\t\t\t\t\t\n<style>\n#image_408383927 {\n  width: 100%;\n}\n<\/style>\n\t<\/div>\n\t\n\n\t<div id=\"text-1973858326\" class=\"text\">\n\t\t\n\n<div class=\"card-info__title text-blue\">\n<div class=\"card-info__title text-blue\"><strong>M\u00e1y in laser \u0111a n\u0103ng <\/strong><\/div>\n<div class=\"card-info__title text-blue\"><strong>Brother MFC-L2701D<\/strong><\/div>\n<\/div>\n\t\t\n<style>\n#text-1973858326 {\n  text-align: center;\n}\n<\/style>\n\t<\/div>\n\t\n\n\t\t<\/div>\n\t\t\t<\/div>\n\n\t\n\n\t<div id=\"col-1507323306\" class=\"col medium-4 small-12 large-4\"  >\n\t\t<div class=\"col-inner\"  >\n\t\t\t\n\t\t\t\n\n\t<div class=\"img has-hover x md-x lg-x y md-y lg-y\" id=\"image_2066570632\">\n\t\t\t\t\t\t\t\t<div class=\"img-inner dark\" >\n\t\t\t<img width=\"300\" height=\"168\" src=\"https:\/\/hosting.conasi.vn\/w\/congtycophanapollotechnologies\/wp-content\/uploads\/2023\/08\/10053665-may-tinh-de-ban-hp-205-pro-g4-aio-r5-4500u-31y21pa-1-300x168.jpg\" class=\"attachment-medium size-medium\" alt=\"\" loading=\"lazy\" srcset=\"https:\/\/hosting.conasi.vn\/w\/congtycophanapollotechnologies\/wp-content\/uploads\/2023\/08\/10053665-may-tinh-de-ban-hp-205-pro-g4-aio-r5-4500u-31y21pa-1-300x168.jpg 300w, https:\/\/hosting.conasi.vn\/w\/congtycophanapollotechnologies\/wp-content\/uploads\/2023\/08\/10053665-may-tinh-de-ban-hp-205-pro-g4-aio-r5-4500u-31y21pa-1.jpg 600w\" sizes=\"(max-width: 300px) 100vw, 300px\" \/>\t\t\t\t\t\t\n\t\t\t\t\t<\/div>\n\t\t\t\t\t\t\t\t\n<style>\n#image_2066570632 {\n  width: 100%;\n}\n<\/style>\n\t<\/div>\n\t\n\n\t<div id=\"text-3436644937\" class=\"text\">\n\t\t\n\n<div class=\"card-info__title text-blue\">\n<div class=\"card-info__title text-blue\"><strong>M\u00e1y t\u00ednh \u0111\u1ec3 b\u00e0n\u00a0 AIO 31Y21PA<\/strong><\/div>\n<div>R5-4500U\/8GB\/256GB\/Win10<\/div>\n<div class=\"card-info__content\">\n<div class=\"card-info__desc \">\n<p class=\"card-info__desc-key\"><b>Model:<\/b> HP 205 Pro G4<\/p>\n<\/div>\n<\/div>\n<\/div>\n\t\t\n<style>\n#text-3436644937 {\n  text-align: center;\n}\n<\/style>\n\t<\/div>\n\t\n\n\t\t<\/div>\n\t\t\t<\/div>\n\n\t\n\n\t<div id=\"col-1648318994\" class=\"col medium-4 small-12 large-4\"  >\n\t\t<div class=\"col-inner\"  >\n\t\t\t\n\t\t\t\n\n\t<div class=\"img has-hover x md-x lg-x y md-y lg-y\" id=\"image_72833651\">\n\t\t\t\t\t\t\t\t<div class=\"img-inner dark\" >\n\t\t\t<img width=\"600\" height=\"336\" src=\"https:\/\/hosting.conasi.vn\/w\/congtycophanapollotechnologies\/wp-content\/uploads\/2023\/08\/10054260-pc-hp-205-pro-g8-r5-5500u-5r3f2pa-1.jpg\" class=\"attachment-large size-large\" alt=\"\" loading=\"lazy\" srcset=\"https:\/\/hosting.conasi.vn\/w\/congtycophanapollotechnologies\/wp-content\/uploads\/2023\/08\/10054260-pc-hp-205-pro-g8-r5-5500u-5r3f2pa-1.jpg 600w, https:\/\/hosting.conasi.vn\/w\/congtycophanapollotechnologies\/wp-content\/uploads\/2023\/08\/10054260-pc-hp-205-pro-g8-r5-5500u-5r3f2pa-1-300x168.jpg 300w\" sizes=\"(max-width: 600px) 100vw, 600px\" \/>\t\t\t\t\t\t\n\t\t\t\t\t<\/div>\n\t\t\t\t\t\t\t\t\n<style>\n#image_72833651 {\n  width: 100%;\n}\n<\/style>\n\t<\/div>\n\t\n\n\t<div id=\"text-2546794166\" class=\"text\">\n\t\t\n\n<div class=\"card-info__title text-blue\">\n<div class=\"card-info__title text-blue\"><strong>PC HP 205 Pro G8 (5R3F2PA)<\/strong><\/div>\n<div><strong>R5-5500U\/8GB\/256GB\/Win11<\/strong><\/div>\n<div class=\"card-info__content\">\n<div class=\"card-info__desc \">\n<p class=\"card-info__desc-key\"><b>Model:<\/b> 205 Pro G8<\/p>\n<\/div>\n<\/div>\n<\/div>\n\t\t\n<style>\n#text-2546794166 {\n  text-align: center;\n}\n<\/style>\n\t<\/div>\n\t\n\n\t\t<\/div>\n\t\t\t<\/div>\n\n\t\n\n<\/div>\n\n","protected":false},"excerpt":{"rendered":"","protected":false},"author":1,"featured_media":0,"parent":0,"menu_order":0,"comment_status":"closed","ping_status":"closed","template":"page-blank.php","meta":[],"_links":{"self":[{"href":"https:\/\/hosting.conasi.vn\/w\/congtycophanapollotechnologies\/wp-json\/wp\/v2\/pages\/960"}],"collection":[{"href":"https:\/\/hosting.conasi.vn\/w\/congtycophanapollotechnologies\/wp-json\/wp\/v2\/pages"}],"about":[{"href":"https:\/\/hosting.conasi.vn\/w\/congtycophanapollotechnologies\/wp-json\/wp\/v2\/types\/page"}],"author":[{"embeddable":true,"href":"https:\/\/hosting.conasi.vn\/w\/congtycophanapollotechnologies\/wp-json\/wp\/v2\/users\/1"}],"replies":[{"embeddable":true,"href":"https:\/\/hosting.conasi.vn\/w\/congtycophanapollotechnologies\/wp-json\/wp\/v2\/comments?post=960"}],"version-history":[{"count":3,"href":"https:\/\/hosting.conasi.vn\/w\/congtycophanapollotechnologies\/wp-json\/wp\/v2\/pages\/960\/revisions"}],"predecessor-version":[{"id":974,"href":"https:\/\/hosting.conasi.vn\/w\/congtycophanapollotechnologies\/wp-json\/wp\/v2\/pages\/960\/revisions\/974"}],"wp:attachment":[{"href":"https:\/\/hosting.conasi.vn\/w\/congtycophanapollotechnologies\/wp-json\/wp\/v2\/media?parent=960"}],"curies":[{"name":"wp","href":"https:\/\/api.w.org\/{rel}","templated":true}]}}