{"id":951,"date":"2023-08-16T10:06:50","date_gmt":"2023-08-16T03:06:50","guid":{"rendered":"https:\/\/hosting.conasi.vn\/w\/congtycophanapollotechnologies\/?page_id=951"},"modified":"2023-08-16T10:28:17","modified_gmt":"2023-08-16T03:28:17","slug":"may-dieu-hoa-khong-khi","status":"publish","type":"page","link":"https:\/\/hosting.conasi.vn\/w\/congtycophanapollotechnologies\/may-dieu-hoa-khong-khi\/","title":{"rendered":"M\u00e1y \u0111i\u1ec1u h\u00f2a kh\u00f4ng kh\u00ed"},"content":{"rendered":"\n<div class=\"slider-wrapper relative\" id=\"slider-1691308454\" >\n    <div class=\"slider slider-nav-circle slider-nav-large slider-nav-light slider-style-normal\"\n        data-flickity-options='{\n            \"cellAlign\": \"center\",\n            \"imagesLoaded\": true,\n            \"lazyLoad\": 1,\n            \"freeScroll\": false,\n            \"wrapAround\": true,\n            \"autoPlay\": 6000,\n            \"pauseAutoPlayOnHover\" : true,\n            \"prevNextButtons\": true,\n            \"contain\" : true,\n            \"adaptiveHeight\" : true,\n            \"dragThreshold\" : 10,\n            \"percentPosition\": true,\n            \"pageDots\": true,\n            \"rightToLeft\": false,\n            \"draggable\": true,\n            \"selectedAttraction\": 0.1,\n            \"parallax\" : 0,\n            \"friction\": 0.6        }'\n        >\n        \n\n\n  <div class=\"banner has-hover\" id=\"banner-1795633088\">\n          <div class=\"banner-inner fill\">\n        <div class=\"banner-bg fill\" >\n            <div class=\"bg fill bg-fill \"><\/div>\n                        <div class=\"overlay\"><\/div>            \n                    <\/div>\n        <div class=\"banner-layers container\">\n            <div class=\"fill banner-link\"><\/div>            \n\n\n        <\/div>\n      <\/div>\n\n            \n<style>\n#banner-1795633088 {\n  padding-top: 380px;\n}\n#banner-1795633088 .bg.bg-loaded {\n  background-image: url(https:\/\/hosting.conasi.vn\/w\/congtycophanapollotechnologies\/wp-content\/uploads\/2023\/08\/85459116857b57250e6a4-1024x263.jpg);\n}\n#banner-1795633088 .overlay {\n  background-color: rgba(0, 0, 0, 0.02);\n}\n#banner-1795633088 .bg {\n  background-position: 58% 63%;\n}\n<\/style>\n  <\/div>\n\n\n\n     <\/div>\n\n     <div class=\"loading-spin dark large centered\"><\/div>\n\n     <\/div>\n\n\n<div class=\"row\"  id=\"row-1265808633\">\n\n\n\t<div id=\"col-329291785\" class=\"col small-12 large-12\"  >\n\t\t<div class=\"col-inner text-center\"  >\n\t\t\t\n\t\t\t\n\n<a href=\"#lg\" target=\"_self\" class=\"button primary is-outline is-large\"  style=\"border-radius:7px;\">\n    <span>LG<\/span>\n  <\/a>\n\n\n<a href=\"#samsung\" target=\"_self\" class=\"button primary is-outline is-large\"  style=\"border-radius:7px;\">\n    <span>Samsung<\/span>\n  <\/a>\n\n\n<a href=\"#dakin\" target=\"_self\" class=\"button primary is-outline is-large\"  style=\"border-radius:7px;\">\n    <span>Dakin<\/span>\n  <\/a>\n\n\n<a href=\"https:\/\/hosting.conasi.vn\/w\/congtycophanapollotechnologies\/may-phat-dien-wandi\" target=\"_self\" class=\"button primary is-outline is-large\"  style=\"border-radius:7px;\">\n    <span>Wandi<\/span>\n  <\/a>\n\n\n\n\t\t<\/div>\n\t\t\t<\/div>\n\n\t\n\n<\/div>\n<div class=\"row\"  id=\"row-2092401139\">\n\n\n\t<div id=\"col-383526146\" class=\"col medium-4 small-12 large-4\"  >\n\t\t<div class=\"col-inner\"  >\n\t\t\t\n\t\t\t\n\n\t<div class=\"img has-hover x md-x lg-x y md-y lg-y\" id=\"image_582762762\">\n\t\t\t\t\t\t\t\t<div class=\"img-inner dark\" >\n\t\t\t<img width=\"1020\" height=\"680\" src=\"https:\/\/hosting.conasi.vn\/w\/congtycophanapollotechnologies\/wp-content\/uploads\/2023\/08\/may-lanh-lg-inverter-15-hp-v13win2.jpg\" class=\"attachment-large size-large\" alt=\"\" loading=\"lazy\" srcset=\"https:\/\/hosting.conasi.vn\/w\/congtycophanapollotechnologies\/wp-content\/uploads\/2023\/08\/may-lanh-lg-inverter-15-hp-v13win2.jpg 1020w, https:\/\/hosting.conasi.vn\/w\/congtycophanapollotechnologies\/wp-content\/uploads\/2023\/08\/may-lanh-lg-inverter-15-hp-v13win2-300x200.jpg 300w, https:\/\/hosting.conasi.vn\/w\/congtycophanapollotechnologies\/wp-content\/uploads\/2023\/08\/may-lanh-lg-inverter-15-hp-v13win2-768x512.jpg 768w\" sizes=\"(max-width: 1020px) 100vw, 1020px\" \/>\t\t\t\t\t\t\n\t\t\t\t\t<\/div>\n\t\t\t\t\t\t\t\t\n<style>\n#image_582762762 {\n  width: 100%;\n}\n<\/style>\n\t<\/div>\n\t\n\n\t<div id=\"text-115236193\" class=\"text\">\n\t\t\n\n<div class=\"card-info__title text-blue\">\u0110i\u1ec1u h\u00f2a LG DUALCOOL\u2122Inverter 1 chi\u1ec1u\u00a0<\/div>\n<div class=\"card-info__subtitle\">9.000 BTU (1HP)<\/div>\n<div class=\"card-info__content\">\n<div class=\"card-info__desc \">\n<p class=\"card-info__desc-key\"><b>Model:<\/b> V10APFP<br \/><b>K\u00edch th\u01b0\u1edbc:<\/b>\u00a06.0&#215;2.5&#215;3.1 m<br \/><b>Kh\u1ed1i l\u01b0\u1ee3ng:<\/b>\u00a020010 kg<\/p>\n<\/div>\n<\/div>\n\t\t\n<style>\n#text-115236193 {\n  text-align: center;\n}\n<\/style>\n\t<\/div>\n\t\n\n\t\t<\/div>\n\t\t\t<\/div>\n\n\t\n\n\t<div id=\"col-79007617\" class=\"col medium-4 small-12 large-4\"  >\n\t\t<div class=\"col-inner\"  >\n\t\t\t\n\t\t\t\n\n\t<div class=\"img has-hover x md-x lg-x y md-y lg-y\" id=\"image_1112226187\">\n\t\t\t\t\t\t\t\t<div class=\"img-inner dark\" >\n\t\t\t<img width=\"1020\" height=\"680\" src=\"https:\/\/hosting.conasi.vn\/w\/congtycophanapollotechnologies\/wp-content\/uploads\/2023\/08\/may-lanh-lg-inverter-15-hp-v13win2.jpg\" class=\"attachment-large size-large\" alt=\"\" loading=\"lazy\" srcset=\"https:\/\/hosting.conasi.vn\/w\/congtycophanapollotechnologies\/wp-content\/uploads\/2023\/08\/may-lanh-lg-inverter-15-hp-v13win2.jpg 1020w, https:\/\/hosting.conasi.vn\/w\/congtycophanapollotechnologies\/wp-content\/uploads\/2023\/08\/may-lanh-lg-inverter-15-hp-v13win2-300x200.jpg 300w, https:\/\/hosting.conasi.vn\/w\/congtycophanapollotechnologies\/wp-content\/uploads\/2023\/08\/may-lanh-lg-inverter-15-hp-v13win2-768x512.jpg 768w\" sizes=\"(max-width: 1020px) 100vw, 1020px\" \/>\t\t\t\t\t\t\n\t\t\t\t\t<\/div>\n\t\t\t\t\t\t\t\t\n<style>\n#image_1112226187 {\n  width: 100%;\n}\n<\/style>\n\t<\/div>\n\t\n\n\t<div id=\"text-176329861\" class=\"text\">\n\t\t\n\n<div class=\"card-info__title text-blue\">\n<div class=\"card-info__title text-blue\">\n<div class=\"card-info__title text-blue\">\u0110i\u1ec1u h\u00f2a LG DUALCOOL\u2122Inverter\u00a0<\/div>\n<div class=\"card-info__subtitle\">1 chi\u1ec1u 9.000 BTU (1HP)<\/div>\n<div class=\"card-info__content\">\n<div class=\"card-info__desc \">\n<p class=\"card-info__desc-key\"><b>Model:<\/b> V10API1<br \/><b>K\u00edch th\u01b0\u1edbc:<\/b>\u00a06.0&#215;2.5&#215;3.1 m<br \/><b>Kh\u1ed1i l\u01b0\u1ee3ng:<\/b>\u00a020010 kg<\/p>\n<\/div>\n<\/div>\n<\/div>\n<\/div>\n\t\t\n<style>\n#text-176329861 {\n  text-align: center;\n}\n<\/style>\n\t<\/div>\n\t\n\n\t\t<\/div>\n\t\t\t<\/div>\n\n\t\n\n\t<div id=\"col-765602656\" class=\"col medium-4 small-12 large-4\"  >\n\t\t<div class=\"col-inner\"  >\n\t\t\t\n\t\t\t\n\n\t<div class=\"img has-hover x md-x lg-x y md-y lg-y\" id=\"image_965962853\">\n\t\t\t\t\t\t\t\t<div class=\"img-inner dark\" >\n\t\t\t<img width=\"1020\" height=\"680\" src=\"https:\/\/hosting.conasi.vn\/w\/congtycophanapollotechnologies\/wp-content\/uploads\/2023\/08\/may-lanh-lg-inverter-15-hp-v13win2.jpg\" class=\"attachment-large size-large\" alt=\"\" loading=\"lazy\" srcset=\"https:\/\/hosting.conasi.vn\/w\/congtycophanapollotechnologies\/wp-content\/uploads\/2023\/08\/may-lanh-lg-inverter-15-hp-v13win2.jpg 1020w, https:\/\/hosting.conasi.vn\/w\/congtycophanapollotechnologies\/wp-content\/uploads\/2023\/08\/may-lanh-lg-inverter-15-hp-v13win2-300x200.jpg 300w, https:\/\/hosting.conasi.vn\/w\/congtycophanapollotechnologies\/wp-content\/uploads\/2023\/08\/may-lanh-lg-inverter-15-hp-v13win2-768x512.jpg 768w\" sizes=\"(max-width: 1020px) 100vw, 1020px\" \/>\t\t\t\t\t\t\n\t\t\t\t\t<\/div>\n\t\t\t\t\t\t\t\t\n<style>\n#image_965962853 {\n  width: 100%;\n}\n<\/style>\n\t<\/div>\n\t\n\n\t<div id=\"text-3405981251\" class=\"text\">\n\t\t\n\n<div class=\"card-info__title text-blue\">\n<div class=\"card-info__title text-blue\">\n<div class=\"card-info__title text-blue\">\u0110i\u1ec1u h\u00f2a LG DUALCOOL\u2122Inverter 1 chi\u1ec1u\u00a0<\/div>\n<div class=\"card-info__subtitle\">12.000 BTU (1.5HP)<\/div>\n<div class=\"card-info__content\">\n<div class=\"card-info__desc \">\n<p class=\"card-info__desc-key\"><b>Model:<\/b> V13APFP<br \/><b>K\u00edch th\u01b0\u1edbc:<\/b>\u00a06.0&#215;2.5&#215;3.1 m<br \/><b>Kh\u1ed1i l\u01b0\u1ee3ng:<\/b>\u00a020010 kg<\/p>\n<\/div>\n<\/div>\n<\/div>\n<\/div>\n\t\t\n<style>\n#text-3405981251 {\n  text-align: center;\n}\n<\/style>\n\t<\/div>\n\t\n\n\t\t<\/div>\n\t\t\t<\/div>\n\n\t\n\n<\/div>\n<div class=\"row\"  id=\"row-1213931443\">\n\n\n\t<div id=\"col-1342892916\" class=\"col medium-4 small-12 large-4\"  >\n\t\t<div class=\"col-inner\"  >\n\t\t\t\n\t\t\t\n\n\t<div class=\"img has-hover x md-x lg-x y md-y lg-y\" id=\"image_764371539\">\n\t\t\t\t\t\t\t\t<div class=\"img-inner dark\" >\n\t\t\t<img width=\"1020\" height=\"680\" src=\"https:\/\/hosting.conasi.vn\/w\/congtycophanapollotechnologies\/wp-content\/uploads\/2023\/08\/may-lanh-lg-inverter-15-hp-v13win2.jpg\" class=\"attachment-large size-large\" alt=\"\" loading=\"lazy\" srcset=\"https:\/\/hosting.conasi.vn\/w\/congtycophanapollotechnologies\/wp-content\/uploads\/2023\/08\/may-lanh-lg-inverter-15-hp-v13win2.jpg 1020w, https:\/\/hosting.conasi.vn\/w\/congtycophanapollotechnologies\/wp-content\/uploads\/2023\/08\/may-lanh-lg-inverter-15-hp-v13win2-300x200.jpg 300w, https:\/\/hosting.conasi.vn\/w\/congtycophanapollotechnologies\/wp-content\/uploads\/2023\/08\/may-lanh-lg-inverter-15-hp-v13win2-768x512.jpg 768w\" sizes=\"(max-width: 1020px) 100vw, 1020px\" \/>\t\t\t\t\t\t\n\t\t\t\t\t<\/div>\n\t\t\t\t\t\t\t\t\n<style>\n#image_764371539 {\n  width: 100%;\n}\n<\/style>\n\t<\/div>\n\t\n\n\t<div id=\"text-1090152989\" class=\"text\">\n\t\t\n\n<div class=\"card-info__title text-blue\">\n<div class=\"card-info__title text-blue\">\u0110i\u1ec1u h\u00f2a LG DUALCOOL\u2122Inverter 1 chi\u1ec1u |<\/div>\n<div class=\"card-info__subtitle\">12.000 BTU (1.5HP)<\/div>\n<div class=\"card-info__content\">\n<div class=\"card-info__desc \">\n<p class=\"card-info__desc-key\"><b>Model: V13APFUV<\/b><br \/><b>K\u00edch th\u01b0\u1edbc:<\/b>\u00a06.0&#215;2.5&#215;3.1 m<br \/><b>Kh\u1ed1i l\u01b0\u1ee3ng:<\/b>\u00a013330 kg<\/p>\n<\/div>\n<\/div>\n<\/div>\n\t\t\n<style>\n#text-1090152989 {\n  text-align: center;\n}\n<\/style>\n\t<\/div>\n\t\n\n\t\t<\/div>\n\t\t\t<\/div>\n\n\t\n\n\t<div id=\"col-1299122063\" class=\"col medium-4 small-12 large-4\"  >\n\t\t<div class=\"col-inner\"  >\n\t\t\t\n\t\t\t\n\n\t<div class=\"img has-hover x md-x lg-x y md-y lg-y\" id=\"image_1464077460\">\n\t\t\t\t\t\t\t\t<div class=\"img-inner dark\" >\n\t\t\t<img width=\"1020\" height=\"680\" src=\"https:\/\/hosting.conasi.vn\/w\/congtycophanapollotechnologies\/wp-content\/uploads\/2023\/08\/may-lanh-lg-inverter-15-hp-v13win2.jpg\" class=\"attachment-large size-large\" alt=\"\" loading=\"lazy\" srcset=\"https:\/\/hosting.conasi.vn\/w\/congtycophanapollotechnologies\/wp-content\/uploads\/2023\/08\/may-lanh-lg-inverter-15-hp-v13win2.jpg 1020w, https:\/\/hosting.conasi.vn\/w\/congtycophanapollotechnologies\/wp-content\/uploads\/2023\/08\/may-lanh-lg-inverter-15-hp-v13win2-300x200.jpg 300w, https:\/\/hosting.conasi.vn\/w\/congtycophanapollotechnologies\/wp-content\/uploads\/2023\/08\/may-lanh-lg-inverter-15-hp-v13win2-768x512.jpg 768w\" sizes=\"(max-width: 1020px) 100vw, 1020px\" \/>\t\t\t\t\t\t\n\t\t\t\t\t<\/div>\n\t\t\t\t\t\t\t\t\n<style>\n#image_1464077460 {\n  width: 100%;\n}\n<\/style>\n\t<\/div>\n\t\n\n\t<div id=\"text-2779035624\" class=\"text\">\n\t\t\n\n<div class=\"card-info__title text-blue\">\n<div class=\"card-info__title text-blue\">\u0110i\u1ec1u h\u00f2a LG DUALCOOL\u2122Inverter 1 chi\u1ec1u |<\/div>\n<div class=\"card-info__subtitle\">12.000 BTU (1.5HP)<\/div>\n<div class=\"card-info__content\">\n<div class=\"card-info__desc \">\n<p class=\"card-info__desc-key\"><b>Model:<\/b> V13API1<br \/><b>K\u00edch th\u01b0\u1edbc:<\/b>\u00a04.7&#215;2.2&#215;2.6 m<br \/><b>Kh\u1ed1i l\u01b0\u1ee3ng:<\/b>\u00a010540 kg<\/p>\n<\/div>\n<\/div>\n<\/div>\n\t\t\n<style>\n#text-2779035624 {\n  text-align: center;\n}\n<\/style>\n\t<\/div>\n\t\n\n\t\t<\/div>\n\t\t\t<\/div>\n\n\t\n\n\t<div id=\"col-374403014\" class=\"col medium-4 small-12 large-4\"  >\n\t\t<div class=\"col-inner\"  >\n\t\t\t\n\t\t\t\n\n\t<div class=\"img has-hover x md-x lg-x y md-y lg-y\" id=\"image_1729466805\">\n\t\t\t\t\t\t\t\t<div class=\"img-inner dark\" >\n\t\t\t<img width=\"1020\" height=\"680\" src=\"https:\/\/hosting.conasi.vn\/w\/congtycophanapollotechnologies\/wp-content\/uploads\/2023\/08\/may-lanh-lg-inverter-15-hp-v13win2.jpg\" class=\"attachment-large size-large\" alt=\"\" loading=\"lazy\" srcset=\"https:\/\/hosting.conasi.vn\/w\/congtycophanapollotechnologies\/wp-content\/uploads\/2023\/08\/may-lanh-lg-inverter-15-hp-v13win2.jpg 1020w, https:\/\/hosting.conasi.vn\/w\/congtycophanapollotechnologies\/wp-content\/uploads\/2023\/08\/may-lanh-lg-inverter-15-hp-v13win2-300x200.jpg 300w, https:\/\/hosting.conasi.vn\/w\/congtycophanapollotechnologies\/wp-content\/uploads\/2023\/08\/may-lanh-lg-inverter-15-hp-v13win2-768x512.jpg 768w\" sizes=\"(max-width: 1020px) 100vw, 1020px\" \/>\t\t\t\t\t\t\n\t\t\t\t\t<\/div>\n\t\t\t\t\t\t\t\t\n<style>\n#image_1729466805 {\n  width: 100%;\n}\n<\/style>\n\t<\/div>\n\t\n\n\t<div id=\"text-4107372471\" class=\"text\">\n\t\t\n\n<div class=\"card-info__title text-blue\">\n<div class=\"card-info__title text-blue\">\u0110i\u1ec1u h\u00f2a LG DUALCOOL\u2122Inverter 1 chi\u1ec1u |<\/div>\n<div class=\"card-info__subtitle\">12.000 BTU (1.5HP)<\/div>\n<div class=\"card-info__content\">\n<div class=\"card-info__desc \">\n<p class=\"card-info__desc-key\"><b>Model:<\/b> V13APIG<br \/><b>K\u00edch th\u01b0\u1edbc:<\/b>\u00a06.1&#215;2.25&#215;2.3 m<br \/><b>Kh\u1ed1i l\u01b0\u1ee3ng:<\/b>\u00a08890 kg<\/p>\n<\/div>\n<\/div>\n<\/div>\n\t\t\n<style>\n#text-4107372471 {\n  text-align: center;\n}\n<\/style>\n\t<\/div>\n\t\n\n\t\t<\/div>\n\t\t\t<\/div>\n\n\t\n\n<\/div>\n\n","protected":false},"excerpt":{"rendered":"","protected":false},"author":1,"featured_media":0,"parent":0,"menu_order":0,"comment_status":"closed","ping_status":"closed","template":"page-blank.php","meta":[],"_links":{"self":[{"href":"https:\/\/hosting.conasi.vn\/w\/congtycophanapollotechnologies\/wp-json\/wp\/v2\/pages\/951"}],"collection":[{"href":"https:\/\/hosting.conasi.vn\/w\/congtycophanapollotechnologies\/wp-json\/wp\/v2\/pages"}],"about":[{"href":"https:\/\/hosting.conasi.vn\/w\/congtycophanapollotechnologies\/wp-json\/wp\/v2\/types\/page"}],"author":[{"embeddable":true,"href":"https:\/\/hosting.conasi.vn\/w\/congtycophanapollotechnologies\/wp-json\/wp\/v2\/users\/1"}],"replies":[{"embeddable":true,"href":"https:\/\/hosting.conasi.vn\/w\/congtycophanapollotechnologies\/wp-json\/wp\/v2\/comments?post=951"}],"version-history":[{"count":4,"href":"https:\/\/hosting.conasi.vn\/w\/congtycophanapollotechnologies\/wp-json\/wp\/v2\/pages\/951\/revisions"}],"predecessor-version":[{"id":957,"href":"https:\/\/hosting.conasi.vn\/w\/congtycophanapollotechnologies\/wp-json\/wp\/v2\/pages\/951\/revisions\/957"}],"wp:attachment":[{"href":"https:\/\/hosting.conasi.vn\/w\/congtycophanapollotechnologies\/wp-json\/wp\/v2\/media?parent=951"}],"curies":[{"name":"wp","href":"https:\/\/api.w.org\/{rel}","templated":true}]}}