{"id":929,"date":"2023-08-15T15:21:06","date_gmt":"2023-08-15T08:21:06","guid":{"rendered":"https:\/\/hosting.conasi.vn\/w\/congtycophanapollotechnologies\/?page_id=929"},"modified":"2023-08-15T15:36:24","modified_gmt":"2023-08-15T08:36:24","slug":"giai-phap-ups-banh-da-flywheel-rotary","status":"publish","type":"page","link":"https:\/\/hosting.conasi.vn\/w\/congtycophanapollotechnologies\/giai-phap-ups-banh-da-flywheel-rotary\/","title":{"rendered":"UPS-flywheel-rotary"},"content":{"rendered":"\n<div class=\"slider-wrapper relative\" id=\"slider-1412714495\" >\n    <div class=\"slider slider-nav-circle slider-nav-large slider-nav-light slider-style-normal\"\n        data-flickity-options='{\n            \"cellAlign\": \"center\",\n            \"imagesLoaded\": true,\n            \"lazyLoad\": 1,\n            \"freeScroll\": false,\n            \"wrapAround\": true,\n            \"autoPlay\": 6000,\n            \"pauseAutoPlayOnHover\" : true,\n            \"prevNextButtons\": true,\n            \"contain\" : true,\n            \"adaptiveHeight\" : true,\n            \"dragThreshold\" : 10,\n            \"percentPosition\": true,\n            \"pageDots\": true,\n            \"rightToLeft\": false,\n            \"draggable\": true,\n            \"selectedAttraction\": 0.1,\n            \"parallax\" : 0,\n            \"friction\": 0.6        }'\n        >\n        \n\n\n  <div class=\"banner has-hover\" id=\"banner-1918667583\">\n          <div class=\"banner-inner fill\">\n        <div class=\"banner-bg fill\" >\n            <div class=\"bg fill bg-fill \"><\/div>\n                        <div class=\"overlay\"><\/div>            \n                    <\/div>\n        <div class=\"banner-layers container\">\n            <div class=\"fill banner-link\"><\/div>            \n\n\n        <\/div>\n      <\/div>\n\n            \n<style>\n#banner-1918667583 {\n  padding-top: 380px;\n}\n#banner-1918667583 .bg.bg-loaded {\n  background-image: url(https:\/\/hosting.conasi.vn\/w\/congtycophanapollotechnologies\/wp-content\/uploads\/2023\/08\/41fe59ad4dc09f9ec6d13-1024x263.jpg);\n}\n#banner-1918667583 .overlay {\n  background-color: rgba(0, 0, 0, 0.02);\n}\n#banner-1918667583 .bg {\n  background-position: 58% 63%;\n}\n<\/style>\n  <\/div>\n\n\n\n     <\/div>\n\n     <div class=\"loading-spin dark large centered\"><\/div>\n\n     <\/div>\n\n\n<div class=\"row\"  id=\"row-1914160704\">\n\n\n\t<div id=\"col-596179236\" class=\"col small-12 large-12\"  >\n\t\t<div class=\"col-inner text-center\"  >\n\t\t\t\n\t\t\t\n\n<a href=\"https:\/\/hosting.conasi.vn\/w\/congtycophanapollotechnologies\/giai-phap-ups-banh-da-basic\/\" target=\"_self\" class=\"button primary is-outline is-large\"  style=\"border-radius:7px;\">\n    <span>Battery Static UPS<\/span>\n  <\/a>\n\n\n<a href=\"https:\/\/hosting.conasi.vn\/w\/congtycophanapollotechnologies\/giai-phap-ups-banh-da-diesel\" target=\"_self\" class=\"button primary is-outline is-large\"  style=\"border-radius:7px;\">\n    <span>Diesel rotary UPS<\/span>\n  <\/a>\n\n\n<a href=\"https:\/\/hosting.conasi.vn\/w\/congtycophanapollotechnologies\/giai-phap-ups-banh-da-flywheel-static\" target=\"_self\" class=\"button primary is-outline is-large\"  style=\"border-radius:7px;\">\n    <span>Flywheel static UPS<\/span>\n  <\/a>\n\n\n<a href=\"https:\/\/hosting.conasi.vn\/w\/congtycophanapollotechnologies\/giai-phap-ups-banh-da-flywheel-rotary\/\" target=\"_self\" class=\"button primary is-outline is-large\"  style=\"border-radius:7px;\">\n    <span>Flywheel rotary UPS<\/span>\n  <\/a>\n\n\n\n\t\t<\/div>\n\t\t\t<\/div>\n\n\t\n\n<\/div>\n<div class=\"row\"  id=\"row-803575648\">\n\n\n\t<div id=\"col-1155423579\" class=\"col medium-6 small-12 large-6\"  >\n\t\t<div class=\"col-inner\"  >\n\t\t\t\n\t\t\t\n\n\t<div class=\"img has-hover x md-x lg-x y md-y lg-y\" id=\"image_1592571910\">\n\t\t\t\t\t\t\t\t<div class=\"img-inner dark\" >\n\t\t\t<img width=\"600\" height=\"372\" src=\"https:\/\/hosting.conasi.vn\/w\/congtycophanapollotechnologies\/wp-content\/uploads\/2023\/08\/drups-3.jpg\" class=\"attachment-large size-large\" alt=\"\" loading=\"lazy\" srcset=\"https:\/\/hosting.conasi.vn\/w\/congtycophanapollotechnologies\/wp-content\/uploads\/2023\/08\/drups-3.jpg 600w, https:\/\/hosting.conasi.vn\/w\/congtycophanapollotechnologies\/wp-content\/uploads\/2023\/08\/drups-3-300x186.jpg 300w\" sizes=\"(max-width: 600px) 100vw, 600px\" \/>\t\t\t\t\t\t\n\t\t\t\t\t<\/div>\n\t\t\t\t\t\t\t\t\n<style>\n#image_1592571910 {\n  width: 100%;\n}\n<\/style>\n\t<\/div>\n\t\n\n\n\t\t<\/div>\n\t\t\t<\/div>\n\n\t\n\n\t<div id=\"col-1450845158\" class=\"col medium-6 small-12 large-6\"  >\n\t\t<div class=\"col-inner\"  >\n\t\t\t\n\t\t\t\n\n\t<div id=\"text-3259508903\" class=\"text\">\n\t\t\n\n<p>Piller \u0111\u01b0\u1ee3c th\u00e0nh l\u1eadp t\u1ea1i Hamburg v\u00e0o n\u0103m 1909 b\u1edfi k\u1ef9 s\u01b0 ng\u01b0\u1eddi \u0110\u1ee9c Anton Piller. D\u1ef1a tr\u00ean h\u01a1n 100 n\u0103m c\u1ee7a s\u1ef1 xu\u1ea5t s\u1eafc trong k\u1ef9 thu\u1eadt \u0110\u1ee9c, Piller ti\u1ebfp t\u1ee5c \u0111\u1ecbnh h\u01b0\u1edbng ng\u00e0nh c\u00f4ng ngh\u1ec7 ngu\u1ed3n \u0111i\u1ec7n kh\u00f4ng gi\u00e1n \u0111o\u1ea1n, ph\u00e1t tri\u1ec3n c\u00e1c s\u1ea3n ph\u1ea9m ti\u00ean ti\u1ebfn h\u00e0ng \u0111\u1ea7u trong ng\u00e0nh v\u1edbi \u0111a d\u1ea1ng gi\u1ea3i ph\u00e1p UPS. Piller chi\u1ebfm m\u1ed9t v\u1ecb tr\u00ed \u0111\u1ed9c \u0111\u00e1o khi l\u00e0 c\u00f4ng ty duy nh\u1ea5t s\u1ea3n xu\u1ea5t m\u1ed9t lo\u1ea1t c\u00e1c c\u00f4ng ngh\u1ec7 UPS quay v\u00e0 t\u0129nh, bao g\u1ed3m h\u1ec7 th\u1ed1ng l\u01b0u tr\u1eef n\u0103ng l\u01b0\u1ee3ng \u0111\u1ed9ng ho\u1eb7c pin, \u0111\u01a1n v\u1ecb cung c\u1ea5p \u0111i\u1ec7n \u0111\u1ea5t v\u00e0 bi\u1ebfn t\u1ea7n t\u1ea7n s\u1ed1 50\/60Hz. C\u00f4ng ngh\u1ec7 v\u01b0\u1ee3t tr\u1ed9i c\u1ee7a Piller \u0111\u1ee9ng sau nhi\u1ec1u t\u1ed5 ch\u1ee9c t\u00e0i ch\u00ednh l\u1edbn tr\u00ean th\u1ebf gi\u1edbi, trung t\u00e2m d\u1eef li\u1ec7u, s\u00e2n bay, ng\u00e0nh c\u00f4ng nghi\u1ec7p s\u1ea3n xu\u1ea5t v\u00e0 ch\u1ebf bi\u1ebfn, c\u01a1 s\u1edf qu\u1ed1c ph\u00f2ng, vi\u1ec5n th\u00f4ng v\u00e0 c\u00e1c nh\u00e0 cung c\u1ea5p ch\u0103m s\u00f3c s\u1ee9c kh\u1ecfe, \u0111\u1ea3m b\u1ea3o t\u00ednh li\u00ean t\u1ee5c ngu\u1ed3n cung c\u1ea5p \u0111i\u1ec7n cho c\u00e1c h\u1ec7 th\u1ed1ng quan tr\u1ecdng nhi\u1ec7m v\u1ee5 n\u01a1i ngay c\u1ea3 s\u1ef1 c\u1ed1 ngu\u1ed3n \u0111i\u1ec7n nh\u1ecf nh\u1ea5t c\u0169ng kh\u00f4ng th\u1ec3 ch\u1ea5p nh\u1eadn \u0111\u01b0\u1ee3c.<\/p>\n<p>UPS quay c\u1ee7a Piller kh\u00f4ng gi\u1ed1ng b\u1ea5t k\u1ef3 UPS n\u00e0o kh\u00e1c. Bao g\u1ed3m m\u1ed9t s\u1ef1 k\u1ebft h\u1ee3p \u0111\u1eb7c bi\u1ec7t c\u1ee7a \u0111\u1ed9ng c\u01a1-generator \u0111\u1ed9c quy\u1ec1n v\u00e0 t\u1eafc, UPS n\u00e0y cung c\u1ea5p m\u1ed9t gi\u1ea3i ph\u00e1p ngu\u1ed3n \u0111i\u1ec7n kh\u00f4ng b\u1ecb gi\u00e1n \u0111o\u1ea1n r\u1ea5t \u0111\u01a1n gi\u1ea3n v\u00e0 \u0111\u00e1ng tin c\u1eady v\u1edbi hi\u1ec7u su\u1ea5t c\u1ef1c k\u1ef3 cao.<\/p>\n<p>H\u1ec7 th\u1ed1ng UPS Piller UNIBLOCK UBT+ c\u00f3 c\u00f4ng ngh\u1ec7 ti\u00ean ti\u1ebfn. Thi\u1ebft k\u1ebf \u0111\u1ed9c \u0111\u00e1o v\u1edbi c\u00e1c t\u00f9y ch\u1ecdn linh ho\u1ea1t khi\u1ebfn UBT+ ho\u00e0n h\u1ea3o cho c\u00e1c c\u00e0i \u0111\u1eb7t hi\u1ec7n c\u00f3 ho\u1eb7c m\u1edbi.<\/p>\n<p>UBT+ mang l\u1ea1i hi\u1ec7u su\u1ea5t v\u00e0 hi\u1ec7u qu\u1ea3 cao nh\u1ea5t v\u1edbi s\u1ed1 l\u01b0\u1ee3ng th\u00e0nh ph\u1ea7n t\u1ed1i thi\u1ec3u v\u00e0 k\u1ebft h\u1ee3p l\u1ee3i \u00edch c\u1ee7a t\u1ea5t c\u1ea3 c\u00e1c c\u1ea5u h\u00ecnh cung c\u1ea5p \u0111i\u1ec7n kh\u00e1c nhau cho vi\u1ec7c ch\u1ed1ng \u0111\u1ee9t ng\u1eaft ng\u1eafn h\u1ea1n ho\u1eb7c d\u00e0i h\u1ea1n, v\u1edbi th\u1ebf h\u1ec7 d\u1ef1 ph\u00f2ng ho\u1eb7c k\u1ebft h\u1ee3p th\u1ebf h\u1ec7. UBT+ c\u00f3 th\u1ec3 \u0111\u01b0\u1ee3c s\u1eed d\u1ee5ng trong c\u00e1c \u1ee9ng d\u1ee5ng \u0111i\u1ec7n \u00e1p th\u1ea5p v\u00e0 trung b\u00ecnh, l\u00e0m m\u00e1t c\u00f3 th\u1ec3 b\u1eb1ng kh\u00f4ng kh\u00ed ho\u1eb7c n\u01b0\u1edbc ngu\u1ed9i, vi\u1ec7c l\u01b0u tr\u1eef khi g\u1eb7p s\u1ef1 c\u1ed1 c\u00f3 th\u1ec3 l\u00e0 pin ho\u1eb7c b\u00e1nh xe quay.<\/p>\n<p>C\u00e1c m\u00e1y \u0111\u01a1n c\u00f3 dung l\u01b0\u1ee3ng t\u1eeb 500 kW \u0111\u1ebfn 2700 kW c\u00f3 th\u1ec3 song song trong c\u1ea5u h\u00ecnh ti\u00eau chu\u1ea9n ho\u1eb7c IP-Bus \u0111\u1ec3 \u0111\u1ea3m b\u1ea3o t\u00ednh d\u1ef1 ph\u00f2ng v\u00e0 t\u0103ng th\u00eam dung l\u01b0\u1ee3ng.<\/p>\n<p>T\u00ednh n\u0103ng UNIBLOCK\u2122 UBT+:<\/p>\n<p>C\u00e1c m\u00e1y \u0111\u01a1n c\u00f3 dung l\u01b0\u1ee3ng t\u1eeb 500kW \u0111\u1ebfn 2700kW Song song l\u00ean \u0111\u1ebfn 40MW \u0110\u1ed9 tin c\u1eady cao h\u01a1n so v\u1edbi c\u00e1c c\u00f4ng ngh\u1ec7 kh\u00e1c Hi\u1ec7u su\u1ea5t cao nh\u1ea5t, l\u00ean \u0111\u1ebfn 97% v\u1edbi k\u1ebft n\u1ed1i l\u01b0u tr\u1eef n\u0103ng l\u01b0\u1ee3ng Qu\u1ea3n l\u00fd ngu\u1ed3n d\u1ef1 ph\u00f2ng t\u1ef1 \u0111\u1ed9ng T\u00ednh linh ho\u1ea1t thi\u1ebft k\u1ebf to\u00e0n di\u1ec7n T\u00f9y ch\u1ecdn t\u1ef1 do c\u1ee7a m\u00e1y ph\u00e1t d\u1ef1 ph\u00f2ng T\u00f9y ch\u1ecdn \u0111i\u1ec7n \u00e1p trung v\u00e0 th\u1ea5p C\u00f3 th\u1ec3 l\u00e0m m\u00e1t b\u1eb1ng n\u01b0\u1edbc s\u1eed d\u1ee5ng n\u01b0\u1edbc ngu\u1ed9i t\u00f2a nh\u00e0 Phi\u00ean b\u1ea3n \u0111\u01b0\u1ee3c h\u1ed7 tr\u1ee3 b\u1edfi pin ho\u1eb7c b\u00e1nh xe quay Th\u1eddi gian gi\u1eef c\u1ea7u g\u1ea5p 3 l\u1ea7n so v\u1edbi Piller POWERBRIDGE\u2122 so v\u1edbi c\u00e1c UPS quay kh\u00e1c Th\u1eddi gian n\u1ea1p nhanh nh\u1ea5t v\u1edbi Piller POWERBRIDGE\u2122 Y\u1ebfu t\u1ed1 c\u00f4ng su\u1ea5t t\u1ea3i d\u1eabn v\u00e0 tr\u1ec5 m\u00e0 kh\u00f4ng c\u1ea7n gi\u1ea3m c\u00f4ng su\u1ea5t Kh\u1ea3 n\u0103ng t\u1ea3i b\u01b0\u1edbc 100% ngay c\u1ea3 trong ho\u1ea1t \u0111\u1ed9ng c\u1ee7a m\u00e1y ph\u00e1t d\u1ef1 ph\u00f2ng Kh\u1ea3 n\u0103ng lo\u1ea1i b\u1ecf l\u1ed7i k\u1ef9 thu\u1eadt cho ng\u1eafn m\u1ea1ch h\u1ea1 t\u1ea7ng d\u00f2ng m\u00e0 kh\u00f4ng c\u1ea7n b\u1ecf qua Y\u1ebfu t\u1ed1 c\u00f4ng su\u1ea5t \u0111\u1ea7u v\u00e0o g\u1ea7n nh\u01b0 th\u1ed1ng nh\u1ea5t C\u00e1ch ly nhi\u1ec5u \u0111\u1ea7u v\u00e0o\/\u0111\u1ea7u ra 99% D\u1ea5u ch\u00e2n nh\u1ecf v\u00e0 m\u1eadt \u0111\u1ed9 c\u00f4ng su\u1ea5t cao Y\u00eau c\u1ea7u b\u1ea3o tr\u00ec \u0111\u01a1n gi\u1ea3n<\/p>\n\t\t\n<style>\n#text-3259508903 {\n  line-height: 1;\n}\n<\/style>\n\t<\/div>\n\t\n\n\t\t<\/div>\n\t\t\t<\/div>\n\n\t\n\n<\/div>\n\n","protected":false},"excerpt":{"rendered":"","protected":false},"author":1,"featured_media":0,"parent":0,"menu_order":0,"comment_status":"closed","ping_status":"closed","template":"page-blank.php","meta":[],"_links":{"self":[{"href":"https:\/\/hosting.conasi.vn\/w\/congtycophanapollotechnologies\/wp-json\/wp\/v2\/pages\/929"}],"collection":[{"href":"https:\/\/hosting.conasi.vn\/w\/congtycophanapollotechnologies\/wp-json\/wp\/v2\/pages"}],"about":[{"href":"https:\/\/hosting.conasi.vn\/w\/congtycophanapollotechnologies\/wp-json\/wp\/v2\/types\/page"}],"author":[{"embeddable":true,"href":"https:\/\/hosting.conasi.vn\/w\/congtycophanapollotechnologies\/wp-json\/wp\/v2\/users\/1"}],"replies":[{"embeddable":true,"href":"https:\/\/hosting.conasi.vn\/w\/congtycophanapollotechnologies\/wp-json\/wp\/v2\/comments?post=929"}],"version-history":[{"count":9,"href":"https:\/\/hosting.conasi.vn\/w\/congtycophanapollotechnologies\/wp-json\/wp\/v2\/pages\/929\/revisions"}],"predecessor-version":[{"id":949,"href":"https:\/\/hosting.conasi.vn\/w\/congtycophanapollotechnologies\/wp-json\/wp\/v2\/pages\/929\/revisions\/949"}],"wp:attachment":[{"href":"https:\/\/hosting.conasi.vn\/w\/congtycophanapollotechnologies\/wp-json\/wp\/v2\/media?parent=929"}],"curies":[{"name":"wp","href":"https:\/\/api.w.org\/{rel}","templated":true}]}}