{"id":920,"date":"2023-08-15T15:14:26","date_gmt":"2023-08-15T08:14:26","guid":{"rendered":"https:\/\/hosting.conasi.vn\/w\/congtycophanapollotechnologies\/?page_id=920"},"modified":"2023-09-19T16:18:12","modified_gmt":"2023-09-19T09:18:12","slug":"giai-phap-ups-banh-da-basic","status":"publish","type":"page","link":"https:\/\/hosting.conasi.vn\/w\/congtycophanapollotechnologies\/giai-phap-ups-banh-da-basic\/","title":{"rendered":"UPS &#8211; GP"},"content":{"rendered":"\n<div class=\"slider-wrapper relative\" id=\"slider-1396358294\" >\n    <div class=\"slider slider-nav-circle slider-nav-large slider-nav-light slider-style-normal\"\n        data-flickity-options='{\n            \"cellAlign\": \"center\",\n            \"imagesLoaded\": true,\n            \"lazyLoad\": 1,\n            \"freeScroll\": false,\n            \"wrapAround\": true,\n            \"autoPlay\": 6000,\n            \"pauseAutoPlayOnHover\" : true,\n            \"prevNextButtons\": true,\n            \"contain\" : true,\n            \"adaptiveHeight\" : true,\n            \"dragThreshold\" : 10,\n            \"percentPosition\": true,\n            \"pageDots\": true,\n            \"rightToLeft\": false,\n            \"draggable\": true,\n            \"selectedAttraction\": 0.1,\n            \"parallax\" : 0,\n            \"friction\": 0.6        }'\n        >\n        \n\n\n  <div class=\"banner has-hover\" id=\"banner-866554237\">\n          <div class=\"banner-inner fill\">\n        <div class=\"banner-bg fill\" >\n            <div class=\"bg fill bg-fill \"><\/div>\n                        <div class=\"overlay\"><\/div>            \n                    <\/div>\n        <div class=\"banner-layers container\">\n            <div class=\"fill banner-link\"><\/div>            \n\n\n        <\/div>\n      <\/div>\n\n            \n<style>\n#banner-866554237 {\n  padding-top: 380px;\n}\n#banner-866554237 .bg.bg-loaded {\n  background-image: url(https:\/\/hosting.conasi.vn\/w\/congtycophanapollotechnologies\/wp-content\/uploads\/2023\/08\/41fe59ad4dc09f9ec6d13-1024x263.jpg);\n}\n#banner-866554237 .overlay {\n  background-color: rgba(0, 0, 0, 0.02);\n}\n#banner-866554237 .bg {\n  background-position: 58% 63%;\n}\n<\/style>\n  <\/div>\n\n\n\n     <\/div>\n\n     <div class=\"loading-spin dark large centered\"><\/div>\n\n     <\/div>\n\n\n<div class=\"row\"  id=\"row-1449529938\">\n\n\n\t<div id=\"col-2012144632\" class=\"col small-12 large-12\"  >\n\t\t<div class=\"col-inner text-center\"  >\n\t\t\t\n\t\t\t\n\n<a href=\"https:\/\/hosting.conasi.vn\/w\/congtycophanapollotechnologies\/giai-phap-ups-banh-da-basic\/\" target=\"_self\" class=\"button primary is-outline is-large\"  style=\"border-radius:7px;\">\n    <span>Battery Static UPS<\/span>\n  <\/a>\n\n\n<a href=\"https:\/\/hosting.conasi.vn\/w\/congtycophanapollotechnologies\/giai-phap-ups-banh-da-diesel\/\" target=\"_self\" class=\"button primary is-outline is-large\"  style=\"border-radius:7px;\">\n    <span>Diesel rotary UPS<\/span>\n  <\/a>\n\n\n<a href=\"https:\/\/hosting.conasi.vn\/w\/congtycophanapollotechnologies\/giai-phap-ups-banh-da-flywheel-static\/\" target=\"_self\" class=\"button primary is-outline is-large\"  style=\"border-radius:7px;\">\n    <span>Flywheel static UPS<\/span>\n  <\/a>\n\n\n<a href=\"https:\/\/hosting.conasi.vn\/w\/congtycophanapollotechnologies\/giai-phap-ups-banh-da-flywheel-rotary\/\" target=\"_self\" class=\"button primary is-outline is-large\"  style=\"border-radius:7px;\">\n    <span>Flywheel rotary UPS<\/span>\n  <\/a>\n\n\n\n\t\t<\/div>\n\t\t\t<\/div>\n\n\t\n\n<\/div>\n<div class=\"row\"  id=\"row-557623277\">\n\n\n\t<div id=\"col-2036432349\" class=\"col medium-4 small-12 large-4\"  >\n\t\t<div class=\"col-inner\"  >\n\t\t\t\n\t\t\t\n\n\t<div class=\"img has-hover x md-x lg-x y md-y lg-y\" id=\"image_755867096\">\n\t\t\t\t\t\t\t\t<div class=\"img-inner dark\" >\n\t\t\t<img width=\"480\" height=\"480\" src=\"https:\/\/hosting.conasi.vn\/w\/congtycophanapollotechnologies\/wp-content\/uploads\/2023\/08\/show_Riello-UPS-Riello-Solartech-ESS-Lithium-Batteries-01.jpg\" class=\"attachment-large size-large\" alt=\"\" loading=\"lazy\" srcset=\"https:\/\/hosting.conasi.vn\/w\/congtycophanapollotechnologies\/wp-content\/uploads\/2023\/08\/show_Riello-UPS-Riello-Solartech-ESS-Lithium-Batteries-01.jpg 480w, https:\/\/hosting.conasi.vn\/w\/congtycophanapollotechnologies\/wp-content\/uploads\/2023\/08\/show_Riello-UPS-Riello-Solartech-ESS-Lithium-Batteries-01-300x300.jpg 300w, https:\/\/hosting.conasi.vn\/w\/congtycophanapollotechnologies\/wp-content\/uploads\/2023\/08\/show_Riello-UPS-Riello-Solartech-ESS-Lithium-Batteries-01-150x150.jpg 150w\" sizes=\"(max-width: 480px) 100vw, 480px\" \/>\t\t\t\t\t\t\n\t\t\t\t\t<\/div>\n\t\t\t\t\t\t\t\t\n<style>\n#image_755867096 {\n  width: 100%;\n}\n<\/style>\n\t<\/div>\n\t\n\n\n\t\t<\/div>\n\t\t\t<\/div>\n\n\t\n\n\t<div id=\"col-559406066\" class=\"col medium-8 small-12 large-8\"  >\n\t\t<div class=\"col-inner\"  >\n\t\t\t\n\t\t\t\n\n\t<div id=\"text-25286922\" class=\"text\">\n\t\t\n\n<p>H\u1ec7 th\u1ed1ng UPS v\u00e0 L\u01b0u tr\u1eef N\u0103ng l\u01b0\u1ee3ng (ESS) \u0111\u01b0\u1ee3c cung c\u1ea5p b\u1edfi c\u00e1c gi\u1ea3i ph\u00e1p pin lithium.<\/p>\n<p>\u0110\u1ec1 xu\u1ea5t v\u1ec1 pin Lithium c\u1ee7a Riello UPS bao g\u1ed3m nhi\u1ec1u gi\u1ea3i ph\u00e1p ph\u00f9 h\u1ee3p v\u1edbi nhi\u1ec1u y\u00eau c\u1ea7u \u1ee9ng d\u1ee5ng kh\u00e1c nhau \u0111\u1ec3 \u0111\u00e1p \u1ee9ng nhu c\u1ea7u th\u1ecb tr\u01b0\u1eddng c\u1ea5p b\u00e1ch nh\u1ea5t. \u0110i\u1ec1u n\u00e0y \u0111\u01b0\u1ee3c th\u1ef1c hi\u1ec7n th\u00f4ng qua m\u1ed9t lo\u1ea1t s\u1ea3n ph\u1ea9m c\u00f3 \u0111\u1eb7c \u0111i\u1ec3m v\u1ec1 th\u1eddi gian x\u1ea3, s\u1ed1 chu k\u1ef3 s\u1ea1c\/\u0111i\u1ec7n v\u00e0 t\u1ed1c \u0111\u1ed9 s\u1ea1c\/\u0111i\u1ec7n.<\/p>\n<p>\u0110\u1ec1 xu\u1ea5t v\u1ec1 pin Lithium c\u1ee7a Riello UPS ph\u00f9 h\u1ee3p cho:<\/p>\n<p>Trung t\u00e2m d\u1eef li\u1ec7u (v\u00ed d\u1ee5: trung t\u00e2m \u0111\u1eb7t ch\u1ed7 chung, ph\u00f2ng \u0111i\u1ec1u khi\u1ec3n);<\/p>\n<p>Vi\u1ec5n th\u00f4ng (v\u00ed d\u1ee5: nh\u00e0 \u0111i\u1ec1u h\u00e0nh c\u1ed1 \u0111\u1ecbnh v\u00e0 di \u0111\u1ed9ng);<\/p>\n<p>Ch\u0103m s\u00f3c s\u1ee9c kh\u1ecfe (v\u00ed d\u1ee5: b\u1ec7nh vi\u1ec7n v\u00e0 trung t\u00e2m y t\u1ebf);<\/p>\n<p>C\u01a1 s\u1edf h\u1ea1 t\u1ea7ng x\u00e2y d\u1ef1ng (v\u00ed d\u1ee5: c\u00e1c t\u1ed5 ch\u1ee9c t\u00e0i ch\u00ednh, trung t\u00e2m gi\u00e1o d\u1ee5c);<\/p>\n<p>Giao th\u00f4ng (v\u00ed d\u1ee5: h\u1ea1 t\u1ea7ng \u0111\u01b0\u1eddng s\u1eaft v\u00e0 s\u00e2n bay);<\/p>\n<p>S\u1ea3n xu\u1ea5t (v\u00ed d\u1ee5: ng\u00e0nh th\u1ef1c ph\u1ea9m v\u00e0 \u0111\u1ed3 u\u1ed1ng);<\/p>\n<p>L\u01b0u tr\u1eef n\u0103ng l\u01b0\u1ee3ng (v\u00ed d\u1ee5: \u1ee9ng d\u1ee5ng n\u0103ng l\u01b0\u1ee3ng m\u1eb7t tr\u1eddi, gi\u00f3 v\u00e0 ch\u1ea5t ph\u00e1t nhi\u1ec7t h\u1ee3p nh\u1ea5t, l\u01b0\u1edbi \u0111i\u1ec7n th\u00f4ng minh v\u00e0 \u1ee9ng d\u1ee5ng ngo\u1ea1i l\u01b0\u1edbi).<\/p>\n\t\t\n<style>\n#text-25286922 {\n  line-height: 1;\n}\n<\/style>\n\t<\/div>\n\t\n\n\t\t<\/div>\n\t\t\t<\/div>\n\n\t\n\n<\/div>\n","protected":false},"excerpt":{"rendered":"","protected":false},"author":1,"featured_media":0,"parent":0,"menu_order":0,"comment_status":"closed","ping_status":"closed","template":"page-blank.php","meta":[],"_links":{"self":[{"href":"https:\/\/hosting.conasi.vn\/w\/congtycophanapollotechnologies\/wp-json\/wp\/v2\/pages\/920"}],"collection":[{"href":"https:\/\/hosting.conasi.vn\/w\/congtycophanapollotechnologies\/wp-json\/wp\/v2\/pages"}],"about":[{"href":"https:\/\/hosting.conasi.vn\/w\/congtycophanapollotechnologies\/wp-json\/wp\/v2\/types\/page"}],"author":[{"embeddable":true,"href":"https:\/\/hosting.conasi.vn\/w\/congtycophanapollotechnologies\/wp-json\/wp\/v2\/users\/1"}],"replies":[{"embeddable":true,"href":"https:\/\/hosting.conasi.vn\/w\/congtycophanapollotechnologies\/wp-json\/wp\/v2\/comments?post=920"}],"version-history":[{"count":4,"href":"https:\/\/hosting.conasi.vn\/w\/congtycophanapollotechnologies\/wp-json\/wp\/v2\/pages\/920\/revisions"}],"predecessor-version":[{"id":946,"href":"https:\/\/hosting.conasi.vn\/w\/congtycophanapollotechnologies\/wp-json\/wp\/v2\/pages\/920\/revisions\/946"}],"wp:attachment":[{"href":"https:\/\/hosting.conasi.vn\/w\/congtycophanapollotechnologies\/wp-json\/wp\/v2\/media?parent=920"}],"curies":[{"name":"wp","href":"https:\/\/api.w.org\/{rel}","templated":true}]}}