{"id":910,"date":"2023-08-15T09:15:34","date_gmt":"2023-08-15T02:15:34","guid":{"rendered":"https:\/\/hosting.conasi.vn\/w\/congtycophanapollotechnologies\/?page_id=910"},"modified":"2023-08-15T15:36:06","modified_gmt":"2023-08-15T08:36:06","slug":"giai-phap-ups-banh-da-diesel","status":"publish","type":"page","link":"https:\/\/hosting.conasi.vn\/w\/congtycophanapollotechnologies\/giai-phap-ups-banh-da-diesel\/","title":{"rendered":"UPS-Diesel"},"content":{"rendered":"\n<div class=\"slider-wrapper relative\" id=\"slider-349980819\" >\n    <div class=\"slider slider-nav-circle slider-nav-large slider-nav-light slider-style-normal\"\n        data-flickity-options='{\n            \"cellAlign\": \"center\",\n            \"imagesLoaded\": true,\n            \"lazyLoad\": 1,\n            \"freeScroll\": false,\n            \"wrapAround\": true,\n            \"autoPlay\": 6000,\n            \"pauseAutoPlayOnHover\" : true,\n            \"prevNextButtons\": true,\n            \"contain\" : true,\n            \"adaptiveHeight\" : true,\n            \"dragThreshold\" : 10,\n            \"percentPosition\": true,\n            \"pageDots\": true,\n            \"rightToLeft\": false,\n            \"draggable\": true,\n            \"selectedAttraction\": 0.1,\n            \"parallax\" : 0,\n            \"friction\": 0.6        }'\n        >\n        \n\n\n  <div class=\"banner has-hover\" id=\"banner-97207448\">\n          <div class=\"banner-inner fill\">\n        <div class=\"banner-bg fill\" >\n            <div class=\"bg fill bg-fill \"><\/div>\n                        <div class=\"overlay\"><\/div>            \n                    <\/div>\n        <div class=\"banner-layers container\">\n            <div class=\"fill banner-link\"><\/div>            \n\n\n        <\/div>\n      <\/div>\n\n            \n<style>\n#banner-97207448 {\n  padding-top: 380px;\n}\n#banner-97207448 .bg.bg-loaded {\n  background-image: url(https:\/\/hosting.conasi.vn\/w\/congtycophanapollotechnologies\/wp-content\/uploads\/2023\/08\/41fe59ad4dc09f9ec6d13-1024x263.jpg);\n}\n#banner-97207448 .overlay {\n  background-color: rgba(0, 0, 0, 0.02);\n}\n#banner-97207448 .bg {\n  background-position: 58% 63%;\n}\n<\/style>\n  <\/div>\n\n\n\n     <\/div>\n\n     <div class=\"loading-spin dark large centered\"><\/div>\n\n     <\/div>\n\n\n<div class=\"row\"  id=\"row-1311571679\">\n\n\n\t<div id=\"col-1204839530\" class=\"col small-12 large-12\"  >\n\t\t<div class=\"col-inner text-center\"  >\n\t\t\t\n\t\t\t\n\n<a href=\"https:\/\/hosting.conasi.vn\/w\/congtycophanapollotechnologies\/giai-phap-ups-banh-da-basic\/\" target=\"_self\" class=\"button primary is-outline is-large\"  style=\"border-radius:7px;\">\n    <span>Battery Static UPS<\/span>\n  <\/a>\n\n\n<a href=\"https:\/\/hosting.conasi.vn\/w\/congtycophanapollotechnologies\/giai-phap-ups-banh-da-diesel\/\" target=\"_self\" class=\"button primary is-outline is-large\"  style=\"border-radius:7px;\">\n    <span>Diesel rotary UPS<\/span>\n  <\/a>\n\n\n<a href=\"https:\/\/hosting.conasi.vn\/w\/congtycophanapollotechnologies\/giai-phap-ups-banh-da-flywheel-static\/\" target=\"_self\" class=\"button primary is-outline is-large\"  style=\"border-radius:7px;\">\n    <span>Flywheel static UPS<\/span>\n  <\/a>\n\n\n<a href=\"https:\/\/hosting.conasi.vn\/w\/congtycophanapollotechnologies\/giai-phap-ups-banh-da-flywheel-rotary\/\" target=\"_self\" class=\"button primary is-outline is-large\"  style=\"border-radius:7px;\">\n    <span>Flywheel rotary UPS<\/span>\n  <\/a>\n\n\n\n\t\t<\/div>\n\t\t\t<\/div>\n\n\t\n\n<\/div>\n<div class=\"row\"  id=\"row-343717278\">\n\n\n\t<div id=\"col-2017917217\" class=\"col medium-4 small-12 large-4\"  >\n\t\t<div class=\"col-inner\"  >\n\t\t\t\n\t\t\t\n\n\t<div class=\"img has-hover x md-x lg-x y md-y lg-y\" id=\"image_1657828690\">\n\t\t\t\t\t\t\t\t<div class=\"img-inner dark\" >\n\t\t\t<img width=\"350\" height=\"211\" src=\"https:\/\/hosting.conasi.vn\/w\/congtycophanapollotechnologies\/wp-content\/uploads\/2023\/08\/uniblock-ubtd-rotary-diesel-ups-from-500-kw-up-to-40-mw.jpeg\" class=\"attachment-large size-large\" alt=\"\" loading=\"lazy\" srcset=\"https:\/\/hosting.conasi.vn\/w\/congtycophanapollotechnologies\/wp-content\/uploads\/2023\/08\/uniblock-ubtd-rotary-diesel-ups-from-500-kw-up-to-40-mw.jpeg 350w, https:\/\/hosting.conasi.vn\/w\/congtycophanapollotechnologies\/wp-content\/uploads\/2023\/08\/uniblock-ubtd-rotary-diesel-ups-from-500-kw-up-to-40-mw-300x181.jpeg 300w\" sizes=\"(max-width: 350px) 100vw, 350px\" \/>\t\t\t\t\t\t\n\t\t\t\t\t<\/div>\n\t\t\t\t\t\t\t\t\n<style>\n#image_1657828690 {\n  width: 100%;\n}\n<\/style>\n\t<\/div>\n\t\n\n\n\t\t<\/div>\n\t\t\t<\/div>\n\n\t\n\n\t<div id=\"col-229969673\" class=\"col medium-8 small-12 large-8\"  >\n\t\t<div class=\"col-inner\"  >\n\t\t\t\n\t\t\t\n\n\t<div id=\"text-1613329027\" class=\"text\">\n\t\t\n\n<p>Piller \u0111\u01b0\u1ee3c th\u00e0nh l\u1eadp t\u1ea1i Hamburg n\u0103m 1909 b\u1edfi k\u1ef9 s\u01b0 ng\u01b0\u1eddi \u0110\u1ee9c Anton Piller. X\u00e2y d\u1ef1ng tr\u00ean h\u01a1n 100 n\u0103m c\u1ee7a s\u1ef1 xu\u1ea5t s\u1eafc trong k\u1ef9 thu\u1eadt \u0110\u1ee9c, Piller ti\u1ebfp t\u1ee5c \u0111\u1ecbnh l\u1eadp l\u0129nh v\u1ef1c c\u00f4ng ngh\u1ec7 ngu\u1ed3n \u0111i\u1ec7n kh\u00f4ng b\u1ecb gi\u00e1n \u0111o\u1ea1n, ph\u00e1t tri\u1ec3n c\u00e1c s\u1ea3n ph\u1ea9m ti\u00ean ti\u1ebfn h\u00e0ng \u0111\u1ea7u trong ng\u00e0nh cho m\u1ed9t lo\u1ea1t \u0111\u1ea7y \u0111\u1ee7 c\u00e1c gi\u1ea3i ph\u00e1p UPS. Piller \u0111ang gi\u1eef m\u1ed9t v\u1ecb tr\u00ed \u0111\u1ed9c \u0111\u00e1o, l\u00e0 c\u00f4ng ty duy nh\u1ea5t s\u1ea3n xu\u1ea5t m\u1ed9t lo\u1ea1t c\u00f4ng ngh\u1ec7 UPS quay v\u00e0 UPS t\u0129nh, bao g\u1ed3m h\u1ec7 th\u1ed1ng l\u01b0u tr\u1eef n\u0103ng l\u01b0\u1ee3ng \u0111\u1ed9ng ho\u1eb7c pin, c\u00e1c \u0111\u01a1n v\u1ecb ngu\u1ed3n \u0111i\u1ec7n \u0111\u1ea5t v\u00e0 bi\u1ebfn t\u1ea7n t\u1ea7n s\u1ed1 50\/60Hz. C\u00f4ng ngh\u1ec7 \u01b0u vi\u1ec7t c\u1ee7a Piller \u0111\u1ee9ng sau nhi\u1ec1u t\u1ed5 ch\u1ee9c t\u00e0i ch\u00ednh l\u1edbn tr\u00ean th\u1ebf gi\u1edbi, trung t\u00e2m d\u1eef li\u1ec7u, s\u00e2n bay, ng\u00e0nh s\u1ea3n xu\u1ea5t v\u00e0 quy tr\u00ecnh c\u00f4ng nghi\u1ec7p, c\u01a1 s\u1edf qu\u1ed1c ph\u00f2ng, nh\u00e0 cung c\u1ea5p vi\u1ec5n th\u00f4ng v\u00e0 ch\u0103m s\u00f3c s\u1ee9c kh\u1ecfe, \u0111\u1ea3m b\u1ea3o li\u00ean t\u1ee5c ngu\u1ed3n cung c\u1ea5p \u0111i\u1ec7n cho c\u00e1c h\u1ec7 th\u1ed1ng quan tr\u1ecdng nhi\u1ec7m v\u1ee5 trong tr\u01b0\u1eddng h\u1ee3p ngay c\u1ea3 s\u1ef1 c\u1eaft \u0111i\u1ec7n nh\u1ecf nh\u1ea5t c\u0169ng kh\u00f4ng th\u1ec3 ch\u1ea5p nh\u1eadn \u0111\u01b0\u1ee3c.<\/p>\n<p>UPS quay kh\u00f4ng gi\u1ed1ng b\u1ea5t k\u1ef3 UPS n\u00e0o kh\u00e1c. G\u1ed3m m\u1ed9t k\u1ebft h\u1ee3p \u0111\u1eb7c bi\u1ec7t c\u1ee7a \u0111\u1ed9ng c\u01a1 ph\u00e1t \u0111i\u1ec7n v\u00e0 choke ch\u1ee7 quy\u1ec1n, UPS n\u00e0y cung c\u1ea5p m\u1ed9t gi\u1ea3i ph\u00e1p ngu\u1ed3n \u0111i\u1ec7n kh\u00f4ng b\u1ecb gi\u00e1n \u0111o\u1ea1n r\u1ea5t \u0111\u01a1n gi\u1ea3n v\u00e0 r\u1ea5t \u0111\u00e1ng tin c\u1eady v\u1edbi hi\u1ec7u su\u1ea5t c\u1ef1c k\u1ef3 cao.<\/p>\n<p>H\u1ec7 th\u1ed1ng UPS Diesel quay UNIBLOCK b\u1eb1ng c\u00f4ng ngh\u1ec7 b\u1eb1ng s\u00e1ng ch\u1ebf c\u1ee7a Piller \u0111\u1ea1i di\u1ec7n cho s\u1ef1 k\u1ebft h\u1ee3p cung c\u1ea5p ngu\u1ed3n \u0111i\u1ec7n hi\u1ec7u qu\u1ea3 v\u00e0 \u0111\u00e1ng tin c\u1eady nh\u1ea5t cho c\u00e1c \u1ee9ng d\u1ee5ng quan tr\u1ecdng.<\/p>\n<p>Kh\u1ea3 n\u0103ng linh ho\u1ea1t trong thi\u1ebft k\u1ebf c\u1ee7a UBTD+ l\u00e0 duy nh\u1ea5t cho m\u1ed9t h\u1ec7 th\u1ed1ng UPS, n\u00f3 c\u00f3 th\u1ec3 \u0111\u01b0\u1ee3c s\u1eed d\u1ee5ng \u0111\u1ec3 gi\u1ea3i quy\u1ebft c\u00e1c \u1ee9ng d\u1ee5ng \u0111i\u1ec7n \u00e1p th\u1ea5p v\u00e0 trung b\u00ecnh, l\u00e0m m\u00e1t c\u00f3 th\u1ec3 b\u1eb1ng kh\u00f4ng kh\u00ed ho\u1eb7c n\u01b0\u1edbc l\u1ea1nh, cung c\u1ea5p quan tr\u1ecdng v\u00e0 kh\u1ea9n c\u1ea5p c\u00f3 th\u1ec3 c\u00e1ch ly ho\u1eb7c k\u1ebft h\u1ee3p trong m\u1ed9t h\u1ec7 th\u1ed1ng ph\u00e2n ph\u1ed1i duy nh\u1ea5t. Vi\u1ec7c tr\u1ec5 kh\u1edfi \u0111\u1ed9ng Diesel c\u00f3 th\u1ec3 bi\u1ebfn \u0111\u1ed5i t\u1eeb v\u00e0i gi\u00e2y \u0111\u1ebfn v\u00e0i ph\u00fat v\u00e0 c\u00f3 th\u1ec3 ch\u1ee9a nhi\u1ec1u thi\u1ebft k\u1ebf \u0111\u1ed9ng c\u01a1.<\/p>\n<p>UNIBLOCK UBTD+ Diesel Rotary UPS k\u1ebft h\u1ee3p t\u1ea5t c\u1ea3 c\u00e1c l\u1ee3i \u00edch c\u1ee7a m\u1ed9t UPS quay v\u1edbi \u0111\u1ed9ng c\u01a1 Diesel trong m\u1ed9t \u0111\u01a1n v\u1ecb t\u00edch h\u1ee3p v\u00e0 c\u00f3 th\u1ec3 ho\u1ea1t \u0111\u1ed9ng v\u1edbi t\u1ea5t c\u1ea3 c\u00e1c th\u01b0\u01a1ng hi\u1ec7u \u0111\u1ed9ng c\u01a1 Diesel \u0111\u01b0\u1ee3c s\u1eed d\u1ee5ng cho c\u00e1c \u1ee9ng d\u1ee5ng UPS. UBTD+ c\u00f3 s\u1eb5n v\u1edbi h\u1ec7 th\u1ed1ng l\u01b0u \u0111\u1ed9ng ho\u1eb7c pin l\u01b0u tr\u1eef qua c\u1ea7u.<\/p>\n<p>C\u00e1c m\u00e1y \u0111\u01a1n c\u00f3 c\u00f4ng su\u1ea5t t\u1eeb 500 kW \u0111\u1ebfn 2700 kW c\u00f3 th\u1ec3 song song trong c\u00e1c c\u1ea5u h\u00ecnh ti\u00eau chu\u1ea9n ho\u1eb7c IP-Bus \u0111\u1ec3 \u0111\u1ea3m b\u1ea3o t\u00ednh d\u1ef1 ph\u00f2ng v\u00e0 kh\u1ea3 n\u0103ng t\u0103ng th\u00eam.<\/p>\n<p>C\u00e1c \u0111\u1eb7c \u0111i\u1ec3m c\u1ee7a UNIBLOCK\u2122 UBTD+:<\/p>\n<p>C\u00e1c m\u00e1y \u0111\u01a1n c\u00f3 c\u00f4ng su\u1ea5t t\u1eeb 500 kW \u0111\u1ebfn 2700 kW Song song l\u00ean \u0111\u1ebfn 40MW \u0110\u1ed9 tin c\u1eady cao h\u01a1n so v\u1edbi c\u00e1c c\u00f4ng ngh\u1ec7 kh\u00e1c Hi\u1ec7u su\u1ea5t t\u1ea7n s\u1ed1 b\u00e1n v\u00e0 to\u00e0n t\u1ea3i cao nh\u1ea5t v\u1edbi ngu\u1ed3n l\u01b0u n\u0103ng k\u1ebft n\u1ed1i T\u00ednh linh ho\u1ea1t thi\u1ebft k\u1ebf to\u00e0n di\u1ec7n T\u00f9y ch\u1ecdn \u0111i\u1ec7n \u00e1p th\u1ea5p v\u00e0 trung b\u00ecnh Phi\u00ean b\u1ea3n pin ho\u1eb7c l\u01b0u n\u0103ng \u0111\u1ed9ng Th\u1eddi gian gi\u1eef c\u1ea7u g\u1ea5p 3 l\u1ea7n so v\u1edbi POWERBRIDGE\u2122 so v\u1edbi c\u00e1c UPS quay kh\u00e1c Th\u1eddi gian n\u1ea1p nhanh nh\u1ea5t v\u1edbi POWERBRIDGE\u2122 Ngu\u1ed3n cung c\u1ea5p \u0111i\u1ec7n d\u1ef1 ph\u00f2ng tr\u00ean bo m\u1ea1ch H\u1ec7 s\u1ed1 c\u00f4ng su\u1ea5t t\u1ea3i ti\u00ean v\u00e0 ch\u1eadm r\u1ed9ng m\u00e0 kh\u00f4ng gi\u1ea3m c\u00f4ng su\u1ea5t Kh\u1ea3 n\u0103ng lo\u1ea1i b\u1ecf l\u1ed7i k\u1ef9 thu\u1eadt cho ng\u1eafn m\u1ea1ch h\u1ea1 t\u1ea7ng d\u00f2ng Kh\u1ea3 n\u0103ng t\u1ea3i b\u01b0\u1edbc 100% C\u00e1ch bi\u1ec7t t\u1ea7n s\u1ed1 \u0111\u1ea7u v\u00e0o\/\u0111\u1ea7u ra 99% D\u1ea5u ch\u00e2n nh\u1ecf v\u00e0 m\u1eadt \u0111\u1ed9 c\u00f4ng su\u1ea5t cao Y\u00eau c\u1ea7u b\u1ea3o tr\u00ec \u0111\u01a1n gi\u1ea3n<\/p>\n\t\t\n<style>\n#text-1613329027 {\n  line-height: 1;\n}\n<\/style>\n\t<\/div>\n\t\n\n\t\t<\/div>\n\t\t\t<\/div>\n\n\t\n\n<\/div>\n\n","protected":false},"excerpt":{"rendered":"","protected":false},"author":1,"featured_media":0,"parent":0,"menu_order":0,"comment_status":"closed","ping_status":"closed","template":"page-blank.php","meta":[],"_links":{"self":[{"href":"https:\/\/hosting.conasi.vn\/w\/congtycophanapollotechnologies\/wp-json\/wp\/v2\/pages\/910"}],"collection":[{"href":"https:\/\/hosting.conasi.vn\/w\/congtycophanapollotechnologies\/wp-json\/wp\/v2\/pages"}],"about":[{"href":"https:\/\/hosting.conasi.vn\/w\/congtycophanapollotechnologies\/wp-json\/wp\/v2\/types\/page"}],"author":[{"embeddable":true,"href":"https:\/\/hosting.conasi.vn\/w\/congtycophanapollotechnologies\/wp-json\/wp\/v2\/users\/1"}],"replies":[{"embeddable":true,"href":"https:\/\/hosting.conasi.vn\/w\/congtycophanapollotechnologies\/wp-json\/wp\/v2\/comments?post=910"}],"version-history":[{"count":12,"href":"https:\/\/hosting.conasi.vn\/w\/congtycophanapollotechnologies\/wp-json\/wp\/v2\/pages\/910\/revisions"}],"predecessor-version":[{"id":947,"href":"https:\/\/hosting.conasi.vn\/w\/congtycophanapollotechnologies\/wp-json\/wp\/v2\/pages\/910\/revisions\/947"}],"wp:attachment":[{"href":"https:\/\/hosting.conasi.vn\/w\/congtycophanapollotechnologies\/wp-json\/wp\/v2\/media?parent=910"}],"curies":[{"name":"wp","href":"https:\/\/api.w.org\/{rel}","templated":true}]}}