{"id":874,"date":"2023-07-31T09:10:51","date_gmt":"2023-07-31T02:10:51","guid":{"rendered":"https:\/\/hosting.conasi.vn\/w\/congtycophanapollotechnologies\/?page_id=874"},"modified":"2023-07-31T09:15:32","modified_gmt":"2023-07-31T02:15:32","slug":"giai-phap-trinh-chieu","status":"publish","type":"page","link":"https:\/\/hosting.conasi.vn\/w\/congtycophanapollotechnologies\/giai-phap-trinh-chieu\/","title":{"rendered":"Giai phap tr\u00ecnh chi\u1ebfu"},"content":{"rendered":"\n<div class=\"slider-wrapper relative\" id=\"slider-1565062029\" >\n    <div class=\"slider slider-nav-circle slider-nav-large slider-nav-light slider-style-normal\"\n        data-flickity-options='{\n            \"cellAlign\": \"center\",\n            \"imagesLoaded\": true,\n            \"lazyLoad\": 1,\n            \"freeScroll\": false,\n            \"wrapAround\": true,\n            \"autoPlay\": 6000,\n            \"pauseAutoPlayOnHover\" : true,\n            \"prevNextButtons\": true,\n            \"contain\" : true,\n            \"adaptiveHeight\" : true,\n            \"dragThreshold\" : 10,\n            \"percentPosition\": true,\n            \"pageDots\": true,\n            \"rightToLeft\": false,\n            \"draggable\": true,\n            \"selectedAttraction\": 0.1,\n            \"parallax\" : 0,\n            \"friction\": 0.6        }'\n        >\n        \n\n\n  <div class=\"banner has-hover\" id=\"banner-322450818\">\n          <div class=\"banner-inner fill\">\n        <div class=\"banner-bg fill\" >\n            <div class=\"bg fill bg-fill \"><\/div>\n                                    \n                    <\/div>\n        <div class=\"banner-layers container\">\n            <div class=\"fill banner-link\"><\/div>            \n\n\n        <\/div>\n      <\/div>\n\n            \n<style>\n#banner-322450818 {\n  padding-top: 240px;\n}\n#banner-322450818 .bg.bg-loaded {\n  background-image: url(https:\/\/hosting.conasi.vn\/w\/congtycophanapollotechnologies\/wp-content\/uploads\/2018\/02\/3123442.jpg);\n}\n#banner-322450818 .bg {\n  background-position: 62% 60%;\n}\n<\/style>\n  <\/div>\n\n\n\n     <\/div>\n\n     <div class=\"loading-spin dark large centered\"><\/div>\n\n     <\/div>\n\n\n\t<section class=\"section\" id=\"section_2112959290\">\n\t\t<div class=\"bg section-bg fill bg-fill  bg-loaded\" >\n\n\t\t\t\n\t\t\t<div class=\"section-bg-overlay absolute fill\"><\/div>\n\t\t\t\n\t<div class=\"is-border\"\n\t\tstyle=\"border-width:1px 0px 1px 0px;\">\n\t<\/div>\n\n\t\t<\/div>\n\n\t\t<div class=\"section-content relative\">\n\t\t\t\n\n<div class=\"row row-large align-middle\"  id=\"row-1776546445\">\n\n\n\t<div id=\"col-2016973774\" class=\"col medium-6 small-12 large-6\"  >\n\t\t<div class=\"col-inner\"  >\n\t\t\t\n\t\t\t\n\n\t<div class=\"img has-hover x md-x lg-x y md-y lg-y\" id=\"image_1391580854\">\n\t\t\t\t\t\t\t\t<div class=\"img-inner dark\" >\n\t\t\t<img width=\"608\" height=\"456\" src=\"https:\/\/hosting.conasi.vn\/w\/congtycophanapollotechnologies\/wp-content\/uploads\/2023\/07\/trinh-chieu1.jpg\" class=\"attachment-large size-large\" alt=\"\" loading=\"lazy\" srcset=\"https:\/\/hosting.conasi.vn\/w\/congtycophanapollotechnologies\/wp-content\/uploads\/2023\/07\/trinh-chieu1.jpg 608w, https:\/\/hosting.conasi.vn\/w\/congtycophanapollotechnologies\/wp-content\/uploads\/2023\/07\/trinh-chieu1-300x225.jpg 300w\" sizes=\"(max-width: 608px) 100vw, 608px\" \/>\t\t\t\t\t\t\n\t\t\t\t\t<\/div>\n\t\t\t\t\t\t\t\t\n<style>\n#image_1391580854 {\n  width: 100%;\n}\n<\/style>\n\t<\/div>\n\t\n\n\t<div class=\"img has-hover x md-x lg-x y md-y lg-y\" id=\"image_784368790\">\n\t\t\t\t\t\t\t\t<div class=\"img-inner box-shadow-2 dark\" >\n\t\t\t\t\t\t\t\t\t\n\t\t\t\t\t<\/div>\n\t\t\t\t\t\t\t\t\n<style>\n#image_784368790 {\n  width: 100%;\n}\n<\/style>\n\t<\/div>\n\t\n\n\n\t\t<\/div>\n\t\t\t<\/div>\n\n\t\n\n\t<div id=\"col-1738695892\" class=\"col medium-6 small-12 large-6\"  >\n\t\t<div class=\"col-inner text-left\"  >\n\t\t\t\n\t\t\t\n\n\t<div id=\"text-545614410\" class=\"text\">\n\t\t\n\n<h2 class=\"uppercase\"><a class=\"collapse collapsed\" data-bs-toggle=\"collapse\" data-bs-target=\"#accordion-list-1\" aria-expanded=\"false\"><strong>GI\u1ea2I PH\u00c1P tr\u00ecnh chi\u1ebfu<\/strong><\/a><\/h2>\n<p>\u0110\u1ed1i v\u1edbi m\u1ed7i ng\u01b0\u1eddi, c\u00f3 t\u1edbi 70% l\u01b0\u1ee3ng th\u00f4ng tin ch\u00fang ta thu nh\u1eadn \u0111\u01b0\u1ee3c l\u00e0 nh\u1edd \u0111\u00f4i m\u1eaft. \u0110i\u1ec1u \u0111\u00f3 cho th\u1ea5y c\u00e1c th\u00f4ng tin \u0111\u01b0\u1ee3c nh\u00ecn tr\u1ef1c ti\u1ebfp b\u1eb1ng m\u1eaft c\u00f3 hi\u1ec7u qu\u1ea3 r\u1ea5t cao. \u0110\u1ec3 truy\u1ec1n \u0111\u1ea1t th\u00f4ng tin, t\u1eeb x\u01b0a con ng\u01b0\u1eddi \u0111\u00e3 ph\u00e1t minh ra nhi\u1ec1u c\u00f4ng c\u1ee5 nh\u01b0 ch\u1eef vi\u1ebft, h\u00ecnh v\u1ebd, k\u00fd hi\u1ec7u,.v.v.v Ch\u00fang \u0111\u01b0\u1ee3c vi\u1ebft l\u00ean gi\u1ea5y, kh\u1eafc l\u00ean \u0111\u00e1 ho\u1eb7c v\u1ebd l\u00ean v\u1ea3i. \u0110\u1ebfn ng\u00e0y nay, v\u1edbi s\u1ef1 ph\u00e1t tri\u1ec3n m\u1ea1nh m\u1ebd c\u1ee7a c\u00f4ng ngh\u1ec7 \u0111\u00e3 gi\u00fap l\u0129nh v\u1ef1c tr\u00ecnh chi\u1ebfu hi\u1ec3n th\u1ecb ph\u00e1t tri\u1ec3n m\u1ea1nh m\u1ebd v\u1edbi s\u1ef1 ra \u0111\u1eddi c\u1ee7a c\u00e1c thi\u1ebft b\u1ecb nh\u01b0: M\u00e0n h\u00ecnh LED, m\u00e1y chi\u1ebfu, m\u00e0n h\u00ecnh gh\u00e9p, m\u00e0n h\u00ecnh c\u1ea3m \u1ee9ng\u2026. gi\u00fap hi\u1ec3n th\u1ecb hi\u1ec7u qu\u1ea3 h\u01a1n v\u00e0 tr\u1edf th\u00e0nh nhu c\u1ea7u kh\u00f4ng th\u1ec3 thi\u1ebfu trong cu\u1ed9c s\u1ed1ng ng\u00e0y nay.<\/p>\n\t\t\n<style>\n#text-545614410 {\n  line-height: 1.25;\n}\n<\/style>\n\t<\/div>\n\t\n\n\t\t<\/div>\n\t\t\t<\/div>\n\n\t\n\n<\/div>\n<div class=\"row row-large align-middle\"  id=\"row-848131664\">\n\n\n\t<div id=\"col-1588644663\" class=\"col medium-6 small-12 large-6\"  >\n\t\t<div class=\"col-inner text-left\"  >\n\t\t\t\n\t\t\t\n\n\t<div id=\"text-106207740\" class=\"text\">\n\t\t\n\n<p>Hi\u1ec3u r\u00f5 nhu c\u1ea7u \u0111\u00f3, AIC Trading., JSC coi m\u1ea3ng s\u1ea3n ph\u1ea9m tr\u00ecnh chi\u1ebfu v\u00e0 hi\u1ec3n th\u1ecb l\u00e0 m\u1ed9t trong nh\u1eefng m\u1ea3ng s\u1ea3n ph\u1ea9m quan tr\u1ecdng c\u1ee7a c\u00f4ng ty. Hi\u1ec7n nay AIC Trading., JSC s\u1eb5n s\u00e0ng t\u01b0 v\u1ea5n &amp; cung c\u1ea5p c\u00e1c gi\u1ea3i ph\u00e1p, tri\u1ec3n khai, l\u1eafp \u0111\u1eb7t v\u1edbi c\u00e1c thi\u1ebft b\u1ecb tr\u00ecnh chi\u1ebfu v\u00e0 hi\u1ec3n th\u1ecb cho nhi\u1ec1u \u0111\u1ed1i t\u01b0\u1ee3ng kh\u00e1ch h\u00e0ng nh\u01b0:<\/p>\n<ul>\n<li>Thi\u1ebft b\u1ecb chi\u1ebfu c\u00f4ng su\u1ea5t l\u1edbn<\/li>\n<li>M\u00e1y chi\u1ebfu c\u1ee1 v\u1eeba v\u00e0 nh\u1ecf<\/li>\n<li>M\u00e0n h\u00ecnh LED k\u00edch th\u01b0\u1edbc l\u1edbn<\/li>\n<li>M\u00e0n h\u00ecnh gh\u00e9p PLASMA<\/li>\n<li>M\u00e0n h\u00ecnh gh\u00e9p LCD<\/li>\n<li>M\u00e0n h\u00ecnh c\u1ea3m \u1ee9ng KIOSK<\/li>\n<li>M\u00e0n h\u00ecnh OLED, QLED<\/li>\n<li>M\u00e1y chi\u1ebfu sau, m\u00e1y chi\u1ebfu g\u1ea7n<\/li>\n<\/ul>\n\t\t\n<style>\n#text-106207740 {\n  line-height: 1.25;\n}\n<\/style>\n\t<\/div>\n\t\n\n\t\t<\/div>\n\t\t\t<\/div>\n\n\t\n\n\t<div id=\"col-1824510593\" class=\"col medium-6 small-12 large-6\"  >\n\t\t<div class=\"col-inner\"  >\n\t\t\t\n\t\t\t\n\n\t<div class=\"img has-hover x md-x lg-x y md-y lg-y\" id=\"image_716029753\">\n\t\t\t\t\t\t\t\t<div class=\"img-inner dark\" >\n\t\t\t<img width=\"386\" height=\"220\" src=\"https:\/\/hosting.conasi.vn\/w\/congtycophanapollotechnologies\/wp-content\/uploads\/2023\/07\/trinh-chieu2.png\" class=\"attachment-large size-large\" alt=\"\" loading=\"lazy\" srcset=\"https:\/\/hosting.conasi.vn\/w\/congtycophanapollotechnologies\/wp-content\/uploads\/2023\/07\/trinh-chieu2.png 386w, https:\/\/hosting.conasi.vn\/w\/congtycophanapollotechnologies\/wp-content\/uploads\/2023\/07\/trinh-chieu2-300x171.png 300w\" sizes=\"(max-width: 386px) 100vw, 386px\" \/>\t\t\t\t\t\t\n\t\t\t\t\t<\/div>\n\t\t\t\t\t\t\t\t\n<style>\n#image_716029753 {\n  width: 100%;\n}\n<\/style>\n\t<\/div>\n\t\n\n\t<div class=\"img has-hover x md-x lg-x y md-y lg-y\" id=\"image_916469531\">\n\t\t\t\t\t\t\t\t<div class=\"img-inner box-shadow-2 dark\" >\n\t\t\t\t\t\t\t\t\t\n\t\t\t\t\t<\/div>\n\t\t\t\t\t\t\t\t\n<style>\n#image_916469531 {\n  width: 100%;\n}\n<\/style>\n\t<\/div>\n\t\n\n\n\t\t<\/div>\n\t\t\t<\/div>\n\n\t\n\n<\/div>\n\n\t\t<\/div>\n\n\t\t\n<style>\n#section_2112959290 {\n  padding-top: 60px;\n  padding-bottom: 60px;\n  background-color: rgb(193, 193, 193);\n}\n#section_2112959290 .section-bg-overlay {\n  background-color: rgba(255, 255, 255, 0.85);\n}\n<\/style>\n\t<\/section>\n\t\n\n","protected":false},"excerpt":{"rendered":"","protected":false},"author":1,"featured_media":0,"parent":0,"menu_order":0,"comment_status":"closed","ping_status":"closed","template":"page-blank.php","meta":[],"_links":{"self":[{"href":"https:\/\/hosting.conasi.vn\/w\/congtycophanapollotechnologies\/wp-json\/wp\/v2\/pages\/874"}],"collection":[{"href":"https:\/\/hosting.conasi.vn\/w\/congtycophanapollotechnologies\/wp-json\/wp\/v2\/pages"}],"about":[{"href":"https:\/\/hosting.conasi.vn\/w\/congtycophanapollotechnologies\/wp-json\/wp\/v2\/types\/page"}],"author":[{"embeddable":true,"href":"https:\/\/hosting.conasi.vn\/w\/congtycophanapollotechnologies\/wp-json\/wp\/v2\/users\/1"}],"replies":[{"embeddable":true,"href":"https:\/\/hosting.conasi.vn\/w\/congtycophanapollotechnologies\/wp-json\/wp\/v2\/comments?post=874"}],"version-history":[{"count":3,"href":"https:\/\/hosting.conasi.vn\/w\/congtycophanapollotechnologies\/wp-json\/wp\/v2\/pages\/874\/revisions"}],"predecessor-version":[{"id":879,"href":"https:\/\/hosting.conasi.vn\/w\/congtycophanapollotechnologies\/wp-json\/wp\/v2\/pages\/874\/revisions\/879"}],"wp:attachment":[{"href":"https:\/\/hosting.conasi.vn\/w\/congtycophanapollotechnologies\/wp-json\/wp\/v2\/media?parent=874"}],"curies":[{"name":"wp","href":"https:\/\/api.w.org\/{rel}","templated":true}]}}