{"id":845,"date":"2023-07-26T08:56:33","date_gmt":"2023-07-26T01:56:33","guid":{"rendered":"https:\/\/hosting.conasi.vn\/w\/congtycophanapollotechnologies\/?page_id=845"},"modified":"2023-08-17T09:17:37","modified_gmt":"2023-08-17T02:17:37","slug":"giai-phap-dieu-hoa-khong-khi","status":"publish","type":"page","link":"https:\/\/hosting.conasi.vn\/w\/congtycophanapollotechnologies\/giai-phap-dieu-hoa-khong-khi\/","title":{"rendered":"Giai phap \u0111i\u1ec1u h\u00f2a kh\u00f4ng kh\u00ed"},"content":{"rendered":"\n<div class=\"slider-wrapper relative\" id=\"slider-1587788546\" >\n    <div class=\"slider slider-nav-circle slider-nav-large slider-nav-light slider-style-normal\"\n        data-flickity-options='{\n            \"cellAlign\": \"center\",\n            \"imagesLoaded\": true,\n            \"lazyLoad\": 1,\n            \"freeScroll\": false,\n            \"wrapAround\": true,\n            \"autoPlay\": 6000,\n            \"pauseAutoPlayOnHover\" : true,\n            \"prevNextButtons\": true,\n            \"contain\" : true,\n            \"adaptiveHeight\" : true,\n            \"dragThreshold\" : 10,\n            \"percentPosition\": true,\n            \"pageDots\": true,\n            \"rightToLeft\": false,\n            \"draggable\": true,\n            \"selectedAttraction\": 0.1,\n            \"parallax\" : 0,\n            \"friction\": 0.6        }'\n        >\n        \n\n\n  <div class=\"banner has-hover\" id=\"banner-618799395\">\n          <div class=\"banner-inner fill\">\n        <div class=\"banner-bg fill\" >\n            <div class=\"bg fill bg-fill \"><\/div>\n                                    \n                    <\/div>\n        <div class=\"banner-layers container\">\n            <div class=\"fill banner-link\"><\/div>            \n\n\n        <\/div>\n      <\/div>\n\n            \n<style>\n#banner-618799395 {\n  padding-top: 240px;\n}\n#banner-618799395 .bg.bg-loaded {\n  background-image: url(https:\/\/hosting.conasi.vn\/w\/congtycophanapollotechnologies\/wp-content\/uploads\/2018\/02\/3123442.jpg);\n}\n#banner-618799395 .bg {\n  background-position: 62% 60%;\n}\n<\/style>\n  <\/div>\n\n\n\n     <\/div>\n\n     <div class=\"loading-spin dark large centered\"><\/div>\n\n     <\/div>\n\n\n\t<section class=\"section\" id=\"section_1325236353\">\n\t\t<div class=\"bg section-bg fill bg-fill  bg-loaded\" >\n\n\t\t\t\n\t\t\t<div class=\"section-bg-overlay absolute fill\"><\/div>\n\t\t\t\n\t<div class=\"is-border\"\n\t\tstyle=\"border-width:1px 0px 1px 0px;\">\n\t<\/div>\n\n\t\t<\/div>\n\n\t\t<div class=\"section-content relative\">\n\t\t\t\n\n<div class=\"row row-large align-middle\"  id=\"row-889537998\">\n\n\n\t<div id=\"col-1202995971\" class=\"col medium-6 small-12 large-6\"  >\n\t\t<div class=\"col-inner\"  >\n\t\t\t\n\t\t\t\n\n\t<div class=\"img has-hover x md-x lg-x y md-y lg-y\" id=\"image_1419615291\">\n\t\t\t\t\t\t\t\t<div class=\"img-inner dark\" >\n\t\t\t<img width=\"1020\" height=\"765\" src=\"https:\/\/hosting.conasi.vn\/w\/congtycophanapollotechnologies\/wp-content\/uploads\/2023\/07\/tel-data-1024x768.png\" class=\"attachment-large size-large\" alt=\"\" loading=\"lazy\" srcset=\"https:\/\/hosting.conasi.vn\/w\/congtycophanapollotechnologies\/wp-content\/uploads\/2023\/07\/tel-data-1024x768.png 1024w, https:\/\/hosting.conasi.vn\/w\/congtycophanapollotechnologies\/wp-content\/uploads\/2023\/07\/tel-data-300x225.png 300w, https:\/\/hosting.conasi.vn\/w\/congtycophanapollotechnologies\/wp-content\/uploads\/2023\/07\/tel-data-768x576.png 768w, https:\/\/hosting.conasi.vn\/w\/congtycophanapollotechnologies\/wp-content\/uploads\/2023\/07\/tel-data.png 1200w\" sizes=\"(max-width: 1020px) 100vw, 1020px\" \/>\t\t\t\t\t\t\n\t\t\t\t\t<\/div>\n\t\t\t\t\t\t\t\t\n<style>\n#image_1419615291 {\n  width: 100%;\n}\n<\/style>\n\t<\/div>\n\t\n\n\t<div class=\"img has-hover x md-x lg-x y md-y lg-y\" id=\"image_1187160641\">\n\t\t\t\t\t\t\t\t<div class=\"img-inner box-shadow-2 dark\" >\n\t\t\t\t\t\t\t\t\t\n\t\t\t\t\t<\/div>\n\t\t\t\t\t\t\t\t\n<style>\n#image_1187160641 {\n  width: 100%;\n}\n<\/style>\n\t<\/div>\n\t\n\n\n\t\t<\/div>\n\t\t\t<\/div>\n\n\t\n\n\t<div id=\"col-1429112977\" class=\"col medium-6 small-12 large-6\"  >\n\t\t<div class=\"col-inner text-left\"  >\n\t\t\t\n\t\t\t\n\n\t<div id=\"text-3945663152\" class=\"text\">\n\t\t\n\n<h2 class=\"uppercase\"><a class=\"collapse collapsed\" data-bs-toggle=\"collapse\" data-bs-target=\"#accordion-list-1\" aria-expanded=\"false\"><strong>GI\u1ea2I PH\u00c1P \u0110I\u1ec0U H\u00d2A KH\u00d4NG KH\u00cd<\/strong><\/a><\/h2>\n<p>Gi\u1ea3i ph\u00e1p \u0111i\u1ec1u h\u00f2a kh\u00f4ng kh\u00ed l\u00e0 m\u1ed9t c\u00f4ng ngh\u1ec7 ti\u00ean ti\u1ebfn v\u00e0 hi\u1ec7u qu\u1ea3 \u0111\u1ec3 ki\u1ec3m so\u00e1t nhi\u1ec7t \u0111\u1ed9, \u0111\u1ed9 \u1ea9m v\u00e0 ch\u1ea5t l\u01b0\u1ee3ng kh\u00f4ng kh\u00ed trong c\u00e1c kh\u00f4ng gian s\u1ed1ng v\u00e0 l\u00e0m vi\u1ec7c. B\u1eb1ng c\u00e1ch s\u1eed d\u1ee5ng c\u00e1c thi\u1ebft b\u1ecb v\u00e0 h\u1ec7 th\u1ed1ng \u0111i\u1ec1u h\u00f2a ti\u00ean ti\u1ebfn, ch\u00fang ta c\u00f3 th\u1ec3 t\u1ea1o ra m\u00f4i tr\u01b0\u1eddng tho\u1ea3i m\u00e1i v\u00e0 l\u00fd t\u01b0\u1edfng, t\u0103ng c\u01b0\u1eddng s\u1ef1 t\u1eadp trung v\u00e0 hi\u1ec7u su\u1ea5t l\u00e0m vi\u1ec7c, v\u00e0 c\u1ea3i thi\u1ec7n ch\u1ea5t l\u01b0\u1ee3ng cu\u1ed9c s\u1ed1ng.<\/p>\n<p>Gi\u1ea3i ph\u00e1p \u0111i\u1ec1u h\u00f2a kh\u00f4ng kh\u00ed bao g\u1ed3m c\u00e1c h\u1ec7 th\u1ed1ng v\u00e0 thi\u1ebft b\u1ecb nh\u01b0 m\u00e1y \u0111i\u1ec1u h\u00f2a, qu\u1ea1t th\u00f4ng gi\u00f3, h\u1ec7 th\u1ed1ng l\u1ecdc kh\u00f4ng kh\u00ed v\u00e0 c\u1ea3m bi\u1ebfn t\u1ef1 \u0111\u1ed9ng. Nh\u1edd v\u00e0o c\u00e1c c\u00f4ng ngh\u1ec7 ti\u00ean ti\u1ebfn n\u00e0y, ch\u00fang ta c\u00f3 th\u1ec3 \u0111i\u1ec1u ch\u1ec9nh nhi\u1ec7t \u0111\u1ed9 v\u00e0 \u0111\u1ed9 \u1ea9m theo \u00fd mu\u1ed1n, lo\u1ea1i b\u1ecf c\u00e1c h\u1ea1t b\u1ee5i, vi khu\u1ea9n v\u00e0 c\u00e1c ch\u1ea5t g\u00e2y \u00f4 nhi\u1ec5m kh\u00e1c trong kh\u00f4ng kh\u00ed, \u0111\u1ed3ng th\u1eddi c\u1ea3i thi\u1ec7n l\u01b0u th\u00f4ng kh\u00f4ng kh\u00ed v\u00e0 s\u1ef1 th\u00f4ng tho\u00e1ng c\u1ee7a kh\u00f4ng gian.<\/p>\n<p>V\u1edbi vi\u1ec7c s\u1eed d\u1ee5ng gi\u1ea3i ph\u00e1p \u0111i\u1ec1u h\u00f2a kh\u00f4ng kh\u00ed th\u00f4ng minh v\u00e0 ti\u1ebft ki\u1ec7m n\u0103ng l\u01b0\u1ee3ng, ch\u00fang ta kh\u00f4ng ch\u1ec9 \u0111\u1ea3m b\u1ea3o s\u1ef1 tho\u1ea3i m\u00e1i v\u00e0 ti\u1ec7n nghi cho ng\u01b0\u1eddi d\u00f9ng m\u00e0 c\u00f2n \u0111\u00f3ng g\u00f3p v\u00e0o vi\u1ec7c b\u1ea3o v\u1ec7 m\u00f4i tr\u01b0\u1eddng v\u00e0 gi\u1ea3m thi\u1ec3u t\u00e1c \u0111\u1ed9ng ti\u00eau c\u1ef1c \u0111\u1ebfn kh\u00ed h\u1eadu.<\/p>\n\t\t\n<style>\n#text-3945663152 {\n  line-height: 1.25;\n}\n<\/style>\n\t<\/div>\n\t\n\n\t\t<\/div>\n\t\t\t<\/div>\n\n\t\n\n<\/div>\n<div class=\"row row-large align-middle\"  id=\"row-406505258\">\n\n\n\t<div id=\"col-1440327847\" class=\"col medium-6 small-12 large-6\"  >\n\t\t<div class=\"col-inner text-left\"  >\n\t\t\t\n\t\t\t\n\n\t<div id=\"text-2509366197\" class=\"text\">\n\t\t\n\n<p><img loading=\"lazy\" class=\"size-medium wp-image-1010 aligncenter\" src=\"https:\/\/hosting.conasi.vn\/w\/congtycophanapollotechnologies\/wp-content\/uploads\/2023\/08\/LG-300x92.png\" alt=\"\" width=\"300\" height=\"92\" srcset=\"https:\/\/hosting.conasi.vn\/w\/congtycophanapollotechnologies\/wp-content\/uploads\/2023\/08\/LG-300x92.png 300w, https:\/\/hosting.conasi.vn\/w\/congtycophanapollotechnologies\/wp-content\/uploads\/2023\/08\/LG.png 325w\" sizes=\"(max-width: 300px) 100vw, 300px\" \/><\/p>\n<p>\u0110i\u1ec1u h\u00f2a trung t\u00e2m Multi V LG s\u1edf h\u1eefu nhi\u1ec1u t\u00ednh n\u0103ng hi\u1ec7n<br \/>\u0111\u1ea1i gi\u00fap \u0111\u00e1p \u1ee9ng t\u1ed1t nh\u1ea5t nh\u1eefng nhu c\u1ea7u c\u1ee7a kh\u00e1ch h\u00e0ng v\u00e0<br \/>d\u1ec5 d\u00e0ng l\u1eafp \u0111\u1eb7t.<br \/>Bao g\u1ed3m: \u0110i\u1ec1u ho\u00e0 trung t\u00e2m Multi V5, Multi V S, Multi V<br \/>Water IV<\/p>\n<p><img loading=\"lazy\" class=\"size-medium wp-image-1006 aligncenter\" src=\"https:\/\/hosting.conasi.vn\/w\/congtycophanapollotechnologies\/wp-content\/uploads\/2023\/08\/lg-may-300x281.png\" alt=\"\" width=\"300\" height=\"281\" srcset=\"https:\/\/hosting.conasi.vn\/w\/congtycophanapollotechnologies\/wp-content\/uploads\/2023\/08\/lg-may-300x281.png 300w, https:\/\/hosting.conasi.vn\/w\/congtycophanapollotechnologies\/wp-content\/uploads\/2023\/08\/lg-may.png 308w\" sizes=\"(max-width: 300px) 100vw, 300px\" \/><\/p>\n\t\t\n<style>\n#text-2509366197 {\n  line-height: 1.25;\n}\n<\/style>\n\t<\/div>\n\t\n\n\t\t<\/div>\n\t\t\t<\/div>\n\n\t\n\n\t<div id=\"col-1102846126\" class=\"col medium-6 small-12 large-6\"  >\n\t\t<div class=\"col-inner text-left\"  >\n\t\t\t\n\t\t\t\n\n\t<div id=\"text-28809796\" class=\"text\">\n\t\t\n\n<p><img loading=\"lazy\" class=\"alignnone size-full wp-image-1007 aligncenter\" src=\"https:\/\/hosting.conasi.vn\/w\/congtycophanapollotechnologies\/wp-content\/uploads\/2023\/08\/stulz.png\" alt=\"\" width=\"155\" height=\"123\" \/><\/p>\n<p>H\u00e3ng STULZ &#8211; \u0110\u1ee9c \u0111\u00e3 \u0111\u01b0a ra c\u00e1c gi\u1ea3i ph\u00e1p l\u00e0m m\u00e1t ti\u00ean ti\u1ebfn. \u0110\u00e2y l\u00e0<br \/>d\u00f2ng m\u00e1y l\u1ea1nh ch\u00ednh x\u00e1c, \u0111\u01b0\u1ee3c thi\u1ebft k\u1ebf v\u00e0 ph\u00e1t tri\u1ec3n cho c\u00e1c nh\u00e0<br \/>cung c\u1ea5p Internet, trung t\u00e2m x\u1eed l\u00fd d\u1eef li\u1ec7u, ph\u00f2ng m\u00e1y vi\u1ec5n th\u00f4ng<br \/>ho\u1eb7c c\u00e1c trung t\u00e2m x\u1eed l\u00fd m\u00f4i tr\u01b0\u1eddng, n\u01a1i s\u1eed d\u1ee5ng c\u00e1c thi\u1ebft b\u1ecb c\u00f3 t\u1ea3i<br \/>nhi\u1ec7t l\u1edbn\u2026<br \/>&#8211; Ho\u1ea1t \u0111\u1ed9ng li\u00ean t\u1ee5c 24 gi\u1edd\/ng\u00e0y, 365 ng\u00e0y\/n\u0103m.<br \/>&#8211; \u0110i\u1ec1u khi\u1ec3n ch\u00ednh x\u00e1c nhi\u1ec7t \u0111\u1ed9 &amp; \u0111\u1ed9 \u1ea9m c\u1ee7a m\u00f4i tr\u01b0\u1eddng xung quanh.<br \/>&#8211; Hi\u1ec7u su\u1ea5t cao.<br \/>&#8211; \u0110i\u1ec1u khi\u1ec3n l\u01b0u l\u01b0\u1ee3ng kh\u00ed l\u1edbn.<br \/>&#8211; B\u1ed9 l\u1ecdc kh\u00f4ng kh\u00ed<br \/>\u0111\u1ea1t ti\u00eau chu\u1ea9n cao.<\/p>\n\t\t\n<style>\n#text-28809796 {\n  line-height: 1.25;\n}\n<\/style>\n\t<\/div>\n\t\n\n\t\t<\/div>\n\t\t\t<\/div>\n\n\t\n\n<\/div>\n<div class=\"row row-large align-middle\"  id=\"row-1022263339\">\n\n\n\t<div id=\"col-91728630\" class=\"col medium-6 small-12 large-6\"  >\n\t\t<div class=\"col-inner text-left\"  >\n\t\t\t\n\t\t\t\n\n\t<div id=\"text-219633032\" class=\"text\">\n\t\t\n\n<p><img loading=\"lazy\" class=\"size-full wp-image-1009 aligncenter\" src=\"https:\/\/hosting.conasi.vn\/w\/congtycophanapollotechnologies\/wp-content\/uploads\/2023\/08\/Dakin.png\" alt=\"\" width=\"285\" height=\"88\" \/><\/p>\n<p>Daikin l\u00e0 nh\u00e0 s\u1ea3n xu\u1ea5t m\u00e1y \u0111i\u1ec1u h\u00f2a kh\u00f4ng kh\u00ed h\u00e0ng \u0111\u1ea7u th\u1ebf gi\u1edbi v\u00e0 c\u00e1c s\u1ea3n ph\u1ea9m c\u1ee7a ch\u00fang t\u00f4i \u0111\u01b0\u1ee3c b\u00e1n t\u1ea1i h\u01a1n 140 qu\u1ed1c gia. K\u1ec3 t\u1eeb \u0111\u1ea7u nh\u1eefng n\u0103m 1930, ch\u00fang t\u00f4i \u0111\u00e3 ti\u1ebfn m\u1ed9t b\u01b0\u1edbc d\u00e0i trong vi\u1ec7c hi\u1ec7n th\u1ef1c h\u00f3a m\u1ed9t m\u00f4i tr\u01b0\u1eddng v\u00e0 ch\u1ea5t l\u01b0\u1ee3ng cu\u1ed9c s\u1ed1ng t\u1ed1t h\u01a1n th\u00f4ng qua vi\u1ec7c cung c\u1ea5p c\u00e1c gi\u1ea3i ph\u00e1p \u0111i\u1ec1u h\u00f2a kh\u00f4ng kh\u00ed. Kh\u00e1m ph\u00e1 ti\u1ebfng n\u00f3i c\u1ee7a kh\u00e1ch h\u00e0ng, c\u00f4ng ngh\u1ec7 quan tr\u1ecdng v\u00e0 c\u00e2u chuy\u1ec7n c\u1ee7a ch\u00fang t\u00f4i. Kh\u00e1m ph\u00e1 Daikin.<\/p>\n<p><img loading=\"lazy\" class=\"size-full wp-image-1005 aligncenter\" src=\"https:\/\/hosting.conasi.vn\/w\/congtycophanapollotechnologies\/wp-content\/uploads\/2023\/08\/dakin-may.png\" alt=\"\" width=\"277\" height=\"169\" \/><\/p>\n\t\t\n<style>\n#text-219633032 {\n  line-height: 1.25;\n}\n<\/style>\n\t<\/div>\n\t\n\n\t\t<\/div>\n\t\t\t<\/div>\n\n\t\n\n\t<div id=\"col-1955825266\" class=\"col medium-6 small-12 large-6\"  >\n\t\t<div class=\"col-inner text-left\"  >\n\t\t\t\n\t\t\t\n\n\t<div id=\"text-1273674428\" class=\"text\">\n\t\t\n\n<p><img loading=\"lazy\" class=\"size-full wp-image-1008 aligncenter\" src=\"https:\/\/hosting.conasi.vn\/w\/congtycophanapollotechnologies\/wp-content\/uploads\/2023\/08\/Samsung.png\" alt=\"\" width=\"288\" height=\"73\" \/><\/p>\n<p>C\u00f4ng ngh\u1ec7 \u0111\u1ed9t ph\u00e1 WindFree\u2122 t\u1eeb Samsung<br \/>ASHRAE (H\u1ed9i k\u1ef9 s\u01b0 nghi\u00ean c\u1ee9u v\u1ec1 T\u1ee7 l\u1ea1nh, M\u00e1y S\u01b0\u1edfi v\u00e0 \u0110i\u1ec1u H\u00f2a<br \/>Kh\u00f4ng Kh\u00ed t\u1ea1i M\u1ef9) \u0111\u1ecbnh ngh\u0129a \u201clu\u1ed3ng kh\u00f4ng kh\u00ed d\u1ec5 ch\u1ecbu&#8221; l\u00e0<br \/>kh\u00f4ng kh\u00ed \u0111\u1ea1t t\u1ed1c \u0111\u1ed9 d\u01b0\u1edbi 0,15m\/s v\u00e0 kh\u00f4ng c\u00f3 s\u1ef1 hi\u1ec7n di\u1ec7n c\u1ee7a<br \/>gi\u00f3 bu\u1ed1t.<\/p>\n<p><img loading=\"lazy\" class=\"size-medium wp-image-1004 aligncenter\" src=\"https:\/\/hosting.conasi.vn\/w\/congtycophanapollotechnologies\/wp-content\/uploads\/2023\/08\/samsung-may-300x98.png\" alt=\"\" width=\"300\" height=\"98\" srcset=\"https:\/\/hosting.conasi.vn\/w\/congtycophanapollotechnologies\/wp-content\/uploads\/2023\/08\/samsung-may-300x98.png 300w, https:\/\/hosting.conasi.vn\/w\/congtycophanapollotechnologies\/wp-content\/uploads\/2023\/08\/samsung-may.png 520w\" sizes=\"(max-width: 300px) 100vw, 300px\" \/><\/p>\n\t\t\n<style>\n#text-1273674428 {\n  line-height: 1.25;\n}\n<\/style>\n\t<\/div>\n\t\n\n\t\t<\/div>\n\t\t\t<\/div>\n\n\t\n\n<\/div>\n\n\t\t<\/div>\n\n\t\t\n<style>\n#section_1325236353 {\n  padding-top: 60px;\n  padding-bottom: 60px;\n  background-color: rgb(193, 193, 193);\n}\n#section_1325236353 .section-bg-overlay {\n  background-color: rgba(255, 255, 255, 0.85);\n}\n<\/style>\n\t<\/section>\n\t\n\n","protected":false},"excerpt":{"rendered":"","protected":false},"author":1,"featured_media":0,"parent":0,"menu_order":0,"comment_status":"closed","ping_status":"closed","template":"page-blank.php","meta":[],"_links":{"self":[{"href":"https:\/\/hosting.conasi.vn\/w\/congtycophanapollotechnologies\/wp-json\/wp\/v2\/pages\/845"}],"collection":[{"href":"https:\/\/hosting.conasi.vn\/w\/congtycophanapollotechnologies\/wp-json\/wp\/v2\/pages"}],"about":[{"href":"https:\/\/hosting.conasi.vn\/w\/congtycophanapollotechnologies\/wp-json\/wp\/v2\/types\/page"}],"author":[{"embeddable":true,"href":"https:\/\/hosting.conasi.vn\/w\/congtycophanapollotechnologies\/wp-json\/wp\/v2\/users\/1"}],"replies":[{"embeddable":true,"href":"https:\/\/hosting.conasi.vn\/w\/congtycophanapollotechnologies\/wp-json\/wp\/v2\/comments?post=845"}],"version-history":[{"count":5,"href":"https:\/\/hosting.conasi.vn\/w\/congtycophanapollotechnologies\/wp-json\/wp\/v2\/pages\/845\/revisions"}],"predecessor-version":[{"id":1011,"href":"https:\/\/hosting.conasi.vn\/w\/congtycophanapollotechnologies\/wp-json\/wp\/v2\/pages\/845\/revisions\/1011"}],"wp:attachment":[{"href":"https:\/\/hosting.conasi.vn\/w\/congtycophanapollotechnologies\/wp-json\/wp\/v2\/media?parent=845"}],"curies":[{"name":"wp","href":"https:\/\/api.w.org\/{rel}","templated":true}]}}