{"id":822,"date":"2023-07-25T15:23:48","date_gmt":"2023-07-25T08:23:48","guid":{"rendered":"https:\/\/hosting.conasi.vn\/w\/congtycophanapollotechnologies\/?page_id=822"},"modified":"2023-08-14T08:32:48","modified_gmt":"2023-08-14T01:32:48","slug":"may-phat-dien-perkins","status":"publish","type":"page","link":"https:\/\/hosting.conasi.vn\/w\/congtycophanapollotechnologies\/may-phat-dien-perkins\/","title":{"rendered":"M\u00e1y ph\u00e1t \u0111i\u1ec7n &#8211; perkins"},"content":{"rendered":"\n<div class=\"slider-wrapper relative\" id=\"slider-1198201249\" >\n    <div class=\"slider slider-nav-circle slider-nav-large slider-nav-light slider-style-normal\"\n        data-flickity-options='{\n            \"cellAlign\": \"center\",\n            \"imagesLoaded\": true,\n            \"lazyLoad\": 1,\n            \"freeScroll\": false,\n            \"wrapAround\": true,\n            \"autoPlay\": 6000,\n            \"pauseAutoPlayOnHover\" : true,\n            \"prevNextButtons\": true,\n            \"contain\" : true,\n            \"adaptiveHeight\" : true,\n            \"dragThreshold\" : 10,\n            \"percentPosition\": true,\n            \"pageDots\": true,\n            \"rightToLeft\": false,\n            \"draggable\": true,\n            \"selectedAttraction\": 0.1,\n            \"parallax\" : 0,\n            \"friction\": 0.6        }'\n        >\n        \n\n\n  <div class=\"banner has-hover\" id=\"banner-2044018717\">\n          <div class=\"banner-inner fill\">\n        <div class=\"banner-bg fill\" >\n            <div class=\"bg fill bg-fill \"><\/div>\n                        <div class=\"overlay\"><\/div>            \n                    <\/div>\n        <div class=\"banner-layers container\">\n            <div class=\"fill banner-link\"><\/div>            \n\n\n        <\/div>\n      <\/div>\n\n            \n<style>\n#banner-2044018717 {\n  padding-top: 380px;\n}\n#banner-2044018717 .bg.bg-loaded {\n  background-image: url(https:\/\/hosting.conasi.vn\/w\/congtycophanapollotechnologies\/wp-content\/uploads\/2023\/08\/may-phat-dien2-1024x263.jpg);\n}\n#banner-2044018717 .overlay {\n  background-color: rgba(0, 0, 0, 0.02);\n}\n#banner-2044018717 .bg {\n  background-position: 58% 63%;\n}\n<\/style>\n  <\/div>\n\n\n\n     <\/div>\n\n     <div class=\"loading-spin dark large centered\"><\/div>\n\n     <\/div>\n\n\n<div class=\"row\"  id=\"row-1219058902\">\n\n\n\t<div id=\"col-931114731\" class=\"col small-12 large-12\"  >\n\t\t<div class=\"col-inner text-center\"  >\n\t\t\t\n\t\t\t\n\n<a href=\"https:\/\/hosting.conasi.vn\/w\/congtycophanapollotechnologies\/may-phat-dien\/\" target=\"_self\" class=\"button primary is-outline is-large\"  style=\"border-radius:7px;\">\n    <span>Baudouin<\/span>\n  <\/a>\n\n\n<a href=\"https:\/\/hosting.conasi.vn\/w\/congtycophanapollotechnologies\/may-phat-dien-fpt\/\" target=\"_self\" class=\"button primary is-outline is-large\"  style=\"border-radius:7px;\">\n    <span>FPT<\/span>\n  <\/a>\n\n\n<a href=\"https:\/\/hosting.conasi.vn\/w\/congtycophanapollotechnologies\/may-phat-dien-perkins\/\" target=\"_self\" class=\"button primary is-outline is-large\"  style=\"border-radius:7px;\">\n    <span>Perkins<\/span>\n  <\/a>\n\n\n<a href=\"https:\/\/hosting.conasi.vn\/w\/congtycophanapollotechnologies\/may-phat-dien-lister-petter\" target=\"_self\" class=\"button primary is-outline is-large\"  style=\"border-radius:7px;\">\n    <span>Lister Petter<\/span>\n  <\/a>\n\n\n<a href=\"https:\/\/hosting.conasi.vn\/w\/congtycophanapollotechnologies\/may-phat-dien-wandi\" target=\"_self\" class=\"button primary is-outline is-large\"  style=\"border-radius:7px;\">\n    <span>Wandi<\/span>\n  <\/a>\n\n\n\n\t\t<\/div>\n\t\t\t<\/div>\n\n\t\n\n<\/div>\n<div class=\"row\"  id=\"row-1138954702\">\n\n\n\t<div id=\"col-586499656\" class=\"col medium-4 small-12 large-4\"  >\n\t\t<div class=\"col-inner\"  >\n\t\t\t\n\t\t\t\n\n\t<div class=\"img has-hover x md-x lg-x y md-y lg-y\" id=\"image_1710930867\">\n\t\t\t\t\t\t\t\t<div class=\"img-inner dark\" >\n\t\t\t<img width=\"427\" height=\"276\" src=\"https:\/\/hosting.conasi.vn\/w\/congtycophanapollotechnologies\/wp-content\/uploads\/2023\/07\/126845237_222874382735991_4521912268779557297_n.png\" class=\"attachment-large size-large\" alt=\"\" loading=\"lazy\" srcset=\"https:\/\/hosting.conasi.vn\/w\/congtycophanapollotechnologies\/wp-content\/uploads\/2023\/07\/126845237_222874382735991_4521912268779557297_n.png 427w, https:\/\/hosting.conasi.vn\/w\/congtycophanapollotechnologies\/wp-content\/uploads\/2023\/07\/126845237_222874382735991_4521912268779557297_n-300x194.png 300w\" sizes=\"(max-width: 427px) 100vw, 427px\" \/>\t\t\t\t\t\t\n\t\t\t\t\t<\/div>\n\t\t\t\t\t\t\t\t\n<style>\n#image_1710930867 {\n  width: 100%;\n}\n<\/style>\n\t<\/div>\n\t\n\n\t<div id=\"text-533238498\" class=\"text\">\n\t\t\n\n<div class=\"card-info__title text-blue\">Perkins<\/div>\n<div class=\"card-info__subtitle\">2270\/2520 kVA<\/div>\n<div class=\"card-info__content\">\n<div class=\"card-info__desc \">\n<p class=\"card-info__desc-key\"><b>Model:<\/b>\u00a0<a class=\"btn-model\" href=\"https:\/\/dzima.com\/wp-content\/uploads\/2021\/02\/VG2270P5.pdf\" target=\"_blank\" rel=\"noopener\">VG2270P5<\/a><br \/><b>\u0110\u1ed9ng c\u01a1:<\/b>\u00a0<a class=\"btn-engine\" href=\"https:\/\/dzima.com\/wp-content\/uploads\/2020\/11\/Perkins-4016-61TRG3.pdf\" target=\"_blank\" rel=\"noopener\">4016-61TRG3<\/a><br \/><b>K\u00edch th\u01b0\u1edbc:<\/b>\u00a06.0&#215;2.5&#215;3.1 m<br \/><b>Kh\u1ed1i l\u01b0\u1ee3ng:<\/b>\u00a020010 kg<\/p>\n<\/div>\n<\/div>\n\t\t\n<style>\n#text-533238498 {\n  text-align: center;\n}\n<\/style>\n\t<\/div>\n\t\n\n\t\t<\/div>\n\t\t\t<\/div>\n\n\t\n\n\t<div id=\"col-1270445505\" class=\"col medium-4 small-12 large-4\"  >\n\t\t<div class=\"col-inner\"  >\n\t\t\t\n\t\t\t\n\n\t<div class=\"img has-hover x md-x lg-x y md-y lg-y\" id=\"image_478092551\">\n\t\t\t\t\t\t\t\t<div class=\"img-inner dark\" >\n\t\t\t<img width=\"427\" height=\"276\" src=\"https:\/\/hosting.conasi.vn\/w\/congtycophanapollotechnologies\/wp-content\/uploads\/2023\/07\/126845237_222874382735991_4521912268779557297_n.png\" class=\"attachment-large size-large\" alt=\"\" loading=\"lazy\" srcset=\"https:\/\/hosting.conasi.vn\/w\/congtycophanapollotechnologies\/wp-content\/uploads\/2023\/07\/126845237_222874382735991_4521912268779557297_n.png 427w, https:\/\/hosting.conasi.vn\/w\/congtycophanapollotechnologies\/wp-content\/uploads\/2023\/07\/126845237_222874382735991_4521912268779557297_n-300x194.png 300w\" sizes=\"(max-width: 427px) 100vw, 427px\" \/>\t\t\t\t\t\t\n\t\t\t\t\t<\/div>\n\t\t\t\t\t\t\t\t\n<style>\n#image_478092551 {\n  width: 100%;\n}\n<\/style>\n\t<\/div>\n\t\n\n\t<div id=\"text-3132613570\" class=\"text\">\n\t\t\n\n<div class=\"card-info__title text-blue\">\n<div class=\"card-info__title text-blue\">Perkins<\/div>\n<div class=\"card-info__subtitle\">2000\/2200 kVA<\/div>\n<div class=\"card-info__content\">\n<div class=\"card-info__desc \">\n<article class=\"card-info mb-3\">\n<div class=\"card-info__container\">\n<div class=\"card-info__content-wrapper\">\n<div class=\"card-info__content\">\n<div class=\"card-info__desc \">\n<p class=\"card-info__desc-key\"><b>Model:<\/b>\u00a0<a class=\"btn-model\" href=\"https:\/\/dzima.com\/wp-content\/uploads\/2021\/02\/VG2000P5.pdf\" target=\"_blank\" rel=\"noopener\">VG2000P5<\/a><br \/><b>\u0110\u1ed9ng c\u01a1:<\/b>\u00a0<a class=\"btn-engine\" href=\"https:\/\/dzima.com\/wp-content\/uploads\/2020\/11\/Perkins-4016TAG2A.pdf\" target=\"_blank\" rel=\"noopener\">4016TAG2A<\/a><br \/><b>K\u00edch th\u01b0\u1edbc:<\/b>\u00a06.0&#215;2.5&#215;3.1 m<br \/><b>Kh\u1ed1i l\u01b0\u1ee3ng:<\/b>\u00a019610 kg<\/p>\n<\/div>\n<\/div>\n<\/div>\n<\/div>\n<\/article>\n<article class=\"card-info mb-3\">\n<div class=\"card-info__container\">\u00a0<\/div>\n<\/article>\n<\/div>\n<\/div>\n<\/div>\n\t\t\n<style>\n#text-3132613570 {\n  text-align: center;\n}\n<\/style>\n\t<\/div>\n\t\n\n\t\t<\/div>\n\t\t\t<\/div>\n\n\t\n\n\t<div id=\"col-133358399\" class=\"col medium-4 small-12 large-4\"  >\n\t\t<div class=\"col-inner\"  >\n\t\t\t\n\t\t\t\n\n\t<div class=\"img has-hover x md-x lg-x y md-y lg-y\" id=\"image_1684372165\">\n\t\t\t\t\t\t\t\t<div class=\"img-inner dark\" >\n\t\t\t<img width=\"427\" height=\"276\" src=\"https:\/\/hosting.conasi.vn\/w\/congtycophanapollotechnologies\/wp-content\/uploads\/2023\/07\/126845237_222874382735991_4521912268779557297_n.png\" class=\"attachment-large size-large\" alt=\"\" loading=\"lazy\" srcset=\"https:\/\/hosting.conasi.vn\/w\/congtycophanapollotechnologies\/wp-content\/uploads\/2023\/07\/126845237_222874382735991_4521912268779557297_n.png 427w, https:\/\/hosting.conasi.vn\/w\/congtycophanapollotechnologies\/wp-content\/uploads\/2023\/07\/126845237_222874382735991_4521912268779557297_n-300x194.png 300w\" sizes=\"(max-width: 427px) 100vw, 427px\" \/>\t\t\t\t\t\t\n\t\t\t\t\t<\/div>\n\t\t\t\t\t\t\t\t\n<style>\n#image_1684372165 {\n  width: 100%;\n}\n<\/style>\n\t<\/div>\n\t\n\n\t<div id=\"text-2025910028\" class=\"text\">\n\t\t\n\n<div class=\"card-info__title text-blue\">\n<div class=\"card-info__title text-blue\">Perkins<\/div>\n<div class=\"card-info__subtitle\">1740\/1910 kVA<\/div>\n<div class=\"card-info__content\">\n<div class=\"card-info__desc \">\n<p class=\"card-info__desc-key\"><b>Model:<\/b>\u00a0<a class=\"btn-model\" href=\"https:\/\/dzima.com\/wp-content\/uploads\/2021\/02\/VG1700P5.pdf\" target=\"_blank\" rel=\"noopener\">VG1700P5<\/a><br \/><b>\u0110\u1ed9ng c\u01a1:<\/b>\u00a0<a class=\"btn-engine\" href=\"https:\/\/dzima.com\/wp-content\/uploads\/2020\/11\/Perkins-4012-46TAG3A.pdf\" target=\"_blank\" rel=\"noopener\">4012-46TAG3A<\/a><br \/><b>K\u00edch th\u01b0\u1edbc:<\/b>\u00a06.0&#215;2.5&#215;3.1 m<br \/><b>Kh\u1ed1i l\u01b0\u1ee3ng:<\/b>\u00a014130 kg<\/p>\n<\/div>\n<\/div>\n<\/div>\n\t\t\n<style>\n#text-2025910028 {\n  text-align: center;\n}\n<\/style>\n\t<\/div>\n\t\n\n\t\t<\/div>\n\t\t\t<\/div>\n\n\t\n\n<\/div>\n<div class=\"row\"  id=\"row-171947644\">\n\n\n\t<div id=\"col-1677193622\" class=\"col medium-4 small-12 large-4\"  >\n\t\t<div class=\"col-inner\"  >\n\t\t\t\n\t\t\t\n\n\t<div class=\"img has-hover x md-x lg-x y md-y lg-y\" id=\"image_1002137591\">\n\t\t\t\t\t\t\t\t<div class=\"img-inner dark\" >\n\t\t\t<img width=\"427\" height=\"276\" src=\"https:\/\/hosting.conasi.vn\/w\/congtycophanapollotechnologies\/wp-content\/uploads\/2023\/07\/126845237_222874382735991_4521912268779557297_n.png\" class=\"attachment-large size-large\" alt=\"\" loading=\"lazy\" srcset=\"https:\/\/hosting.conasi.vn\/w\/congtycophanapollotechnologies\/wp-content\/uploads\/2023\/07\/126845237_222874382735991_4521912268779557297_n.png 427w, https:\/\/hosting.conasi.vn\/w\/congtycophanapollotechnologies\/wp-content\/uploads\/2023\/07\/126845237_222874382735991_4521912268779557297_n-300x194.png 300w\" sizes=\"(max-width: 427px) 100vw, 427px\" \/>\t\t\t\t\t\t\n\t\t\t\t\t<\/div>\n\t\t\t\t\t\t\t\t\n<style>\n#image_1002137591 {\n  width: 100%;\n}\n<\/style>\n\t<\/div>\n\t\n\n\t<div id=\"text-105405561\" class=\"text\">\n\t\t\n\n<div class=\"card-info__title text-blue\">\n<div class=\"card-info__title text-blue\">Perkins<\/div>\n<div class=\"card-info__subtitle\">1500\/1650 kVA<\/div>\n<div class=\"card-info__content\">\n<div class=\"card-info__desc \">\n<p class=\"card-info__desc-key\"><b>Model:<\/b>\u00a0<a class=\"btn-model\" href=\"https:\/\/dzima.com\/wp-content\/uploads\/2021\/02\/VG1500P5.pdf\" target=\"_blank\" rel=\"noopener\">VG1500P5<\/a><br \/><b>\u0110\u1ed9ng c\u01a1:<\/b>\u00a0<a class=\"btn-engine\" href=\"https:\/\/dzima.com\/wp-content\/uploads\/2020\/11\/Perkins-4012-46TAG2A.pdf\" target=\"_blank\" rel=\"noopener\">4012-46TAG2A<\/a><br \/><b>K\u00edch th\u01b0\u1edbc:<\/b>\u00a06.0&#215;2.5&#215;3.1 m<br \/><b>Kh\u1ed1i l\u01b0\u1ee3ng:<\/b>\u00a013330 kg<\/p>\n<\/div>\n<\/div>\n<\/div>\n\t\t\n<style>\n#text-105405561 {\n  text-align: center;\n}\n<\/style>\n\t<\/div>\n\t\n\n\t\t<\/div>\n\t\t\t<\/div>\n\n\t\n\n\t<div id=\"col-333597437\" class=\"col medium-4 small-12 large-4\"  >\n\t\t<div class=\"col-inner\"  >\n\t\t\t\n\t\t\t\n\n\t<div class=\"img has-hover x md-x lg-x y md-y lg-y\" id=\"image_1824338193\">\n\t\t\t\t\t\t\t\t<div class=\"img-inner dark\" >\n\t\t\t<img width=\"427\" height=\"276\" src=\"https:\/\/hosting.conasi.vn\/w\/congtycophanapollotechnologies\/wp-content\/uploads\/2023\/07\/126845237_222874382735991_4521912268779557297_n.png\" class=\"attachment-large size-large\" alt=\"\" loading=\"lazy\" srcset=\"https:\/\/hosting.conasi.vn\/w\/congtycophanapollotechnologies\/wp-content\/uploads\/2023\/07\/126845237_222874382735991_4521912268779557297_n.png 427w, https:\/\/hosting.conasi.vn\/w\/congtycophanapollotechnologies\/wp-content\/uploads\/2023\/07\/126845237_222874382735991_4521912268779557297_n-300x194.png 300w\" sizes=\"(max-width: 427px) 100vw, 427px\" \/>\t\t\t\t\t\t\n\t\t\t\t\t<\/div>\n\t\t\t\t\t\t\t\t\n<style>\n#image_1824338193 {\n  width: 100%;\n}\n<\/style>\n\t<\/div>\n\t\n\n\t<div id=\"text-3806841467\" class=\"text\">\n\t\t\n\n<div class=\"card-info__title text-blue\">\n<div class=\"card-info__title text-blue\">Perkins<\/div>\n<div class=\"card-info__subtitle\">1270\/1400 kVA<\/div>\n<div class=\"card-info__content\">\n<div class=\"card-info__desc \">\n<p class=\"card-info__desc-key\"><b>Model:<\/b>\u00a0<a class=\"btn-model\" href=\"https:\/\/dzima.com\/wp-content\/uploads\/2021\/02\/VG1270P5.pdf\" target=\"_blank\" rel=\"noopener\">VG1270P5<\/a><br \/><b>\u0110\u1ed9ng c\u01a1:<\/b>\u00a0<a class=\"btn-engine\" href=\"https:\/\/dzima.com\/wp-content\/uploads\/2020\/11\/Perkins-4012-46TWG2A.pdf\" target=\"_blank\" rel=\"noopener\">4012-46TWG2A<\/a><br \/><b>K\u00edch th\u01b0\u1edbc:<\/b>\u00a04.7&#215;2.2&#215;2.6 m<br \/><b>Kh\u1ed1i l\u01b0\u1ee3ng:<\/b>\u00a010540 kg<\/p>\n<\/div>\n<\/div>\n<\/div>\n\t\t\n<style>\n#text-3806841467 {\n  text-align: center;\n}\n<\/style>\n\t<\/div>\n\t\n\n\t\t<\/div>\n\t\t\t<\/div>\n\n\t\n\n\t<div id=\"col-584843876\" class=\"col medium-4 small-12 large-4\"  >\n\t\t<div class=\"col-inner\"  >\n\t\t\t\n\t\t\t\n\n\t<div class=\"img has-hover x md-x lg-x y md-y lg-y\" id=\"image_1125618680\">\n\t\t\t\t\t\t\t\t<div class=\"img-inner dark\" >\n\t\t\t<img width=\"427\" height=\"276\" src=\"https:\/\/hosting.conasi.vn\/w\/congtycophanapollotechnologies\/wp-content\/uploads\/2023\/07\/126845237_222874382735991_4521912268779557297_n.png\" class=\"attachment-large size-large\" alt=\"\" loading=\"lazy\" srcset=\"https:\/\/hosting.conasi.vn\/w\/congtycophanapollotechnologies\/wp-content\/uploads\/2023\/07\/126845237_222874382735991_4521912268779557297_n.png 427w, https:\/\/hosting.conasi.vn\/w\/congtycophanapollotechnologies\/wp-content\/uploads\/2023\/07\/126845237_222874382735991_4521912268779557297_n-300x194.png 300w\" sizes=\"(max-width: 427px) 100vw, 427px\" \/>\t\t\t\t\t\t\n\t\t\t\t\t<\/div>\n\t\t\t\t\t\t\t\t\n<style>\n#image_1125618680 {\n  width: 100%;\n}\n<\/style>\n\t<\/div>\n\t\n\n\t<div id=\"text-1659566655\" class=\"text\">\n\t\t\n\n<div class=\"card-info__title text-blue\">\n<div class=\"card-info__title text-blue\">Perkins<\/div>\n<div class=\"card-info__subtitle\">1000\/1100 kVA<\/div>\n<div class=\"card-info__content\">\n<div class=\"card-info__desc \">\n<p class=\"card-info__desc-key\"><b>Model:<\/b>\u00a0<a class=\"btn-model\" href=\"https:\/\/dzima.com\/wp-content\/uploads\/2021\/02\/VG1000P5.pdf\" target=\"_blank\" rel=\"noopener\">VG1000P5<\/a><br \/><b>\u0110\u1ed9ng c\u01a1:<\/b>\u00a0<a class=\"btn-engine\" href=\"https:\/\/dzima.com\/wp-content\/uploads\/2020\/11\/Perkins-4008TAG2A.pdf\" target=\"_blank\" rel=\"noopener\">4008TAG2A<\/a><br \/><b>K\u00edch th\u01b0\u1edbc:<\/b>\u00a06.1&#215;2.25&#215;2.3 m<br \/><b>Kh\u1ed1i l\u01b0\u1ee3ng:<\/b>\u00a08890 kg<\/p>\n<\/div>\n<\/div>\n<\/div>\n\t\t\n<style>\n#text-1659566655 {\n  text-align: center;\n}\n<\/style>\n\t<\/div>\n\t\n\n\t\t<\/div>\n\t\t\t<\/div>\n\n\t\n\n<\/div>\n<div class=\"row\"  id=\"row-232337168\">\n\n\n\t<div id=\"col-416220477\" class=\"col medium-4 small-12 large-4\"  >\n\t\t<div class=\"col-inner\"  >\n\t\t\t\n\t\t\t\n\n\t<div class=\"img has-hover x md-x lg-x y md-y lg-y\" id=\"image_620464401\">\n\t\t\t\t\t\t\t\t<div class=\"img-inner dark\" >\n\t\t\t<img width=\"747\" height=\"484\" src=\"https:\/\/hosting.conasi.vn\/w\/congtycophanapollotechnologies\/wp-content\/uploads\/2023\/07\/may-phat-dien-per2.png\" class=\"attachment-large size-large\" alt=\"\" loading=\"lazy\" srcset=\"https:\/\/hosting.conasi.vn\/w\/congtycophanapollotechnologies\/wp-content\/uploads\/2023\/07\/may-phat-dien-per2.png 747w, https:\/\/hosting.conasi.vn\/w\/congtycophanapollotechnologies\/wp-content\/uploads\/2023\/07\/may-phat-dien-per2-300x194.png 300w\" sizes=\"(max-width: 747px) 100vw, 747px\" \/>\t\t\t\t\t\t\n\t\t\t\t\t<\/div>\n\t\t\t\t\t\t\t\t\n<style>\n#image_620464401 {\n  width: 100%;\n}\n<\/style>\n\t<\/div>\n\t\n\n\t<div id=\"text-4093170832\" class=\"text\">\n\t\t\n\n<div class=\"card-info__title text-blue\">\n<div class=\"card-info__title text-blue\">Perkins<\/div>\n<div class=\"card-info__subtitle\">800\/880 kVA<\/div>\n<div class=\"card-info__content\">\n<div class=\"card-info__desc \">\n<p class=\"card-info__desc-key\"><b>Model:<\/b>\u00a0<a class=\"btn-model\" href=\"https:\/\/dzima.com\/wp-content\/uploads\/2021\/02\/VG800P5.pdf\" target=\"_blank\" rel=\"noopener\">VG800P5<\/a><br \/><b>\u0110\u1ed9ng c\u01a1:<\/b>\u00a0<a class=\"btn-engine\" href=\"https:\/\/dzima.com\/wp-content\/uploads\/2020\/11\/Perkins-4006-23TAG3A.pdf\" target=\"_blank\" rel=\"noopener\">4006-23TAG3A<\/a><br \/><b>K\u00edch th\u01b0\u1edbc:<\/b>\u00a05.5&#215;2.0x2.5 m<br \/><b>Kh\u1ed1i l\u01b0\u1ee3ng:<\/b>\u00a08640 kg<\/p>\n<\/div>\n<\/div>\n<\/div>\n\t\t\n<style>\n#text-4093170832 {\n  text-align: center;\n}\n<\/style>\n\t<\/div>\n\t\n\n\t\t<\/div>\n\t\t\t<\/div>\n\n\t\n\n\t<div id=\"col-669200027\" class=\"col medium-4 small-12 large-4\"  >\n\t\t<div class=\"col-inner\"  >\n\t\t\t\n\t\t\t\n\n\t<div class=\"img has-hover x md-x lg-x y md-y lg-y\" id=\"image_1863949619\">\n\t\t\t\t\t\t\t\t<div class=\"img-inner dark\" >\n\t\t\t<img width=\"747\" height=\"484\" src=\"https:\/\/hosting.conasi.vn\/w\/congtycophanapollotechnologies\/wp-content\/uploads\/2023\/07\/may-phat-dien-per2.png\" class=\"attachment-large size-large\" alt=\"\" loading=\"lazy\" srcset=\"https:\/\/hosting.conasi.vn\/w\/congtycophanapollotechnologies\/wp-content\/uploads\/2023\/07\/may-phat-dien-per2.png 747w, https:\/\/hosting.conasi.vn\/w\/congtycophanapollotechnologies\/wp-content\/uploads\/2023\/07\/may-phat-dien-per2-300x194.png 300w\" sizes=\"(max-width: 747px) 100vw, 747px\" \/>\t\t\t\t\t\t\n\t\t\t\t\t<\/div>\n\t\t\t\t\t\t\t\t\n<style>\n#image_1863949619 {\n  width: 100%;\n}\n<\/style>\n\t<\/div>\n\t\n\n\t<div id=\"text-527423190\" class=\"text\">\n\t\t\n\n<div class=\"card-info__title text-blue\">\n<div class=\"card-info__title text-blue\">Perkins<\/div>\n<div class=\"card-info__subtitle\">750\/825 kVA<\/div>\n<div class=\"card-info__content\">\n<div class=\"card-info__desc \">\n<p class=\"card-info__desc-key\"><b>Model:<\/b>\u00a0<a class=\"btn-model\" href=\"https:\/\/dzima.com\/wp-content\/uploads\/2021\/02\/VG750P5.pdf\" target=\"_blank\" rel=\"noopener\">VG750P5<\/a><br \/><b>\u0110\u1ed9ng c\u01a1:<\/b>\u00a0<a class=\"btn-engine\" href=\"https:\/\/dzima.com\/wp-content\/uploads\/2020\/11\/Perkins-2806A-E18.pdf\" target=\"_blank\" rel=\"noopener\">2806-E18TTAG5<\/a><br \/><b>K\u00edch th\u01b0\u1edbc:<\/b>\u00a05.5&#215;2.0x2.5 m<br \/><b>Kh\u1ed1i l\u01b0\u1ee3ng:<\/b>\u00a07350 kg<\/p>\n<\/div>\n<\/div>\n<\/div>\n\t\t\n<style>\n#text-527423190 {\n  text-align: center;\n}\n<\/style>\n\t<\/div>\n\t\n\n\t\t<\/div>\n\t\t\t<\/div>\n\n\t\n\n\t<div id=\"col-816813329\" class=\"col medium-4 small-12 large-4\"  >\n\t\t<div class=\"col-inner\"  >\n\t\t\t\n\t\t\t\n\n\t<div class=\"img has-hover x md-x lg-x y md-y lg-y\" id=\"image_1809333453\">\n\t\t\t\t\t\t\t\t<div class=\"img-inner dark\" >\n\t\t\t<img width=\"747\" height=\"484\" src=\"https:\/\/hosting.conasi.vn\/w\/congtycophanapollotechnologies\/wp-content\/uploads\/2023\/07\/may-phat-dien-per2.png\" class=\"attachment-large size-large\" alt=\"\" loading=\"lazy\" srcset=\"https:\/\/hosting.conasi.vn\/w\/congtycophanapollotechnologies\/wp-content\/uploads\/2023\/07\/may-phat-dien-per2.png 747w, https:\/\/hosting.conasi.vn\/w\/congtycophanapollotechnologies\/wp-content\/uploads\/2023\/07\/may-phat-dien-per2-300x194.png 300w\" sizes=\"(max-width: 747px) 100vw, 747px\" \/>\t\t\t\t\t\t\n\t\t\t\t\t<\/div>\n\t\t\t\t\t\t\t\t\n<style>\n#image_1809333453 {\n  width: 100%;\n}\n<\/style>\n\t<\/div>\n\t\n\n\t<div id=\"text-1260672476\" class=\"text\">\n\t\t\n\n<div class=\"card-info__title text-blue\">\n<div class=\"card-info__title text-blue\">Perkins<\/div>\n<div class=\"card-info__subtitle\">700\/770 kVA<\/div>\n<div class=\"card-info__content\">\n<div class=\"card-info__desc \">\n<p class=\"card-info__desc-key\"><b>Model:<\/b>\u00a0<a class=\"btn-model\" href=\"https:\/\/dzima.com\/wp-content\/uploads\/2021\/02\/VG700P5.pdf\" target=\"_blank\" rel=\"noopener\">VG700P5<\/a><br \/><b>\u0110\u1ed9ng c\u01a1:<\/b>\u00a0<a class=\"btn-engine\" href=\"https:\/\/dzima.com\/wp-content\/uploads\/2020\/11\/Perkins-2806A-E18.pdf\" target=\"_blank\" rel=\"noopener\">2806-E18TTAG4<\/a><br \/><b>K\u00edch th\u01b0\u1edbc:<\/b>\u00a05.5&#215;2.0x2.5 m<br \/><b>Kh\u1ed1i l\u01b0\u1ee3ng:<\/b>\u00a07100 kg<\/p>\n<\/div>\n<\/div>\n<\/div>\n\t\t\n<style>\n#text-1260672476 {\n  text-align: center;\n}\n<\/style>\n\t<\/div>\n\t\n\n\t\t<\/div>\n\t\t\t<\/div>\n\n\t\n\n<\/div>\n<div class=\"row\"  id=\"row-1931249527\">\n\n\n\t<div id=\"col-300755647\" class=\"col medium-4 small-12 large-4\"  >\n\t\t<div class=\"col-inner\"  >\n\t\t\t\n\t\t\t\n\n\t<div class=\"img has-hover x md-x lg-x y md-y lg-y\" id=\"image_1925090790\">\n\t\t\t\t\t\t\t\t<div class=\"img-inner dark\" >\n\t\t\t<img width=\"747\" height=\"484\" src=\"https:\/\/hosting.conasi.vn\/w\/congtycophanapollotechnologies\/wp-content\/uploads\/2023\/07\/may-phat-dien-per2.png\" class=\"attachment-large size-large\" alt=\"\" loading=\"lazy\" srcset=\"https:\/\/hosting.conasi.vn\/w\/congtycophanapollotechnologies\/wp-content\/uploads\/2023\/07\/may-phat-dien-per2.png 747w, https:\/\/hosting.conasi.vn\/w\/congtycophanapollotechnologies\/wp-content\/uploads\/2023\/07\/may-phat-dien-per2-300x194.png 300w\" sizes=\"(max-width: 747px) 100vw, 747px\" \/>\t\t\t\t\t\t\n\t\t\t\t\t<\/div>\n\t\t\t\t\t\t\t\t\n<style>\n#image_1925090790 {\n  width: 100%;\n}\n<\/style>\n\t<\/div>\n\t\n\n\t<div id=\"text-1809833230\" class=\"text\">\n\t\t\n\n<div class=\"card-info__title text-blue\">\n<div class=\"card-info__title text-blue\">Perkins<\/div>\n<div class=\"card-info__subtitle\">650\/715 kVA<\/div>\n<div class=\"card-info__content\">\n<div class=\"card-info__desc \">\n<p class=\"card-info__desc-key\"><b>Model:<\/b>\u00a0<a class=\"btn-model\" href=\"https:\/\/dzima.com\/wp-content\/uploads\/2021\/02\/VG650P5.pdf\" target=\"_blank\" rel=\"noopener\">VG650P5<\/a><br \/><b>\u0110\u1ed9ng c\u01a1:<\/b>\u00a0<a class=\"btn-engine\" href=\"https:\/\/dzima.com\/wp-content\/uploads\/2020\/11\/Perkins-2806A-E18.pdf\" target=\"_blank\" rel=\"noopener\">2806-E18TAG2<\/a><br \/><b>K\u00edch th\u01b0\u1edbc:<\/b>\u00a05.5&#215;2.0x2.5 m<br \/><b>Kh\u1ed1i l\u01b0\u1ee3ng:<\/b>\u00a07100 kg<\/p>\n<\/div>\n<\/div>\n<\/div>\n\t\t\n<style>\n#text-1809833230 {\n  text-align: center;\n}\n<\/style>\n\t<\/div>\n\t\n\n\t\t<\/div>\n\t\t\t<\/div>\n\n\t\n\n\t<div id=\"col-136462495\" class=\"col medium-4 small-12 large-4\"  >\n\t\t<div class=\"col-inner\"  >\n\t\t\t\n\t\t\t\n\n\t<div class=\"img has-hover x md-x lg-x y md-y lg-y\" id=\"image_1321431143\">\n\t\t\t\t\t\t\t\t<div class=\"img-inner dark\" >\n\t\t\t<img width=\"747\" height=\"484\" src=\"https:\/\/hosting.conasi.vn\/w\/congtycophanapollotechnologies\/wp-content\/uploads\/2023\/07\/may-phat-dien-per2.png\" class=\"attachment-large size-large\" alt=\"\" loading=\"lazy\" srcset=\"https:\/\/hosting.conasi.vn\/w\/congtycophanapollotechnologies\/wp-content\/uploads\/2023\/07\/may-phat-dien-per2.png 747w, https:\/\/hosting.conasi.vn\/w\/congtycophanapollotechnologies\/wp-content\/uploads\/2023\/07\/may-phat-dien-per2-300x194.png 300w\" sizes=\"(max-width: 747px) 100vw, 747px\" \/>\t\t\t\t\t\t\n\t\t\t\t\t<\/div>\n\t\t\t\t\t\t\t\t\n<style>\n#image_1321431143 {\n  width: 100%;\n}\n<\/style>\n\t<\/div>\n\t\n\n\t<div id=\"text-1445213560\" class=\"text\">\n\t\t\n\n<div class=\"card-info__title text-blue\">\n<div class=\"card-info__title text-blue\">Perkins<\/div>\n<div class=\"card-info__subtitle\">620\/683 kVA<\/div>\n<div class=\"card-info__content\">\n<div class=\"card-info__desc \">\n<p class=\"card-info__desc-key\"><b>Model:<\/b>\u00a0<a class=\"btn-model\" href=\"https:\/\/dzima.com\/wp-content\/uploads\/2021\/02\/VG620P5.pdf\" target=\"_blank\" rel=\"noopener\">VG620P5<\/a><br \/><b>\u0110\u1ed9ng c\u01a1:<\/b>\u00a0<a class=\"btn-engine\" href=\"https:\/\/dzima.com\/wp-content\/uploads\/2020\/11\/Perkins-2806A-E18.pdf\" target=\"_blank\" rel=\"noopener\">2806-E18TAG1A<\/a><br \/><b>K\u00edch th\u01b0\u1edbc:<\/b>\u00a05.5 x 2.0 x 2.5 m<br \/><b>Kh\u1ed1i l\u01b0\u1ee3ng:<\/b>\u00a07100 kg<\/p>\n<\/div>\n<\/div>\n<\/div>\n\t\t\n<style>\n#text-1445213560 {\n  text-align: center;\n}\n<\/style>\n\t<\/div>\n\t\n\n\t\t<\/div>\n\t\t\t<\/div>\n\n\t\n\n<\/div>\n\n","protected":false},"excerpt":{"rendered":"","protected":false},"author":1,"featured_media":0,"parent":0,"menu_order":0,"comment_status":"closed","ping_status":"closed","template":"page-blank.php","meta":[],"_links":{"self":[{"href":"https:\/\/hosting.conasi.vn\/w\/congtycophanapollotechnologies\/wp-json\/wp\/v2\/pages\/822"}],"collection":[{"href":"https:\/\/hosting.conasi.vn\/w\/congtycophanapollotechnologies\/wp-json\/wp\/v2\/pages"}],"about":[{"href":"https:\/\/hosting.conasi.vn\/w\/congtycophanapollotechnologies\/wp-json\/wp\/v2\/types\/page"}],"author":[{"embeddable":true,"href":"https:\/\/hosting.conasi.vn\/w\/congtycophanapollotechnologies\/wp-json\/wp\/v2\/users\/1"}],"replies":[{"embeddable":true,"href":"https:\/\/hosting.conasi.vn\/w\/congtycophanapollotechnologies\/wp-json\/wp\/v2\/comments?post=822"}],"version-history":[{"count":7,"href":"https:\/\/hosting.conasi.vn\/w\/congtycophanapollotechnologies\/wp-json\/wp\/v2\/pages\/822\/revisions"}],"predecessor-version":[{"id":894,"href":"https:\/\/hosting.conasi.vn\/w\/congtycophanapollotechnologies\/wp-json\/wp\/v2\/pages\/822\/revisions\/894"}],"wp:attachment":[{"href":"https:\/\/hosting.conasi.vn\/w\/congtycophanapollotechnologies\/wp-json\/wp\/v2\/media?parent=822"}],"curies":[{"name":"wp","href":"https:\/\/api.w.org\/{rel}","templated":true}]}}