{"id":809,"date":"2023-07-25T15:02:17","date_gmt":"2023-07-25T08:02:17","guid":{"rendered":"https:\/\/hosting.conasi.vn\/w\/congtycophanapollotechnologies\/?page_id=809"},"modified":"2023-08-17T09:06:28","modified_gmt":"2023-08-17T02:06:28","slug":"giai-phap-tel-data","status":"publish","type":"page","link":"https:\/\/hosting.conasi.vn\/w\/congtycophanapollotechnologies\/giai-phap-tel-data\/","title":{"rendered":"Giai phap Tel-Data"},"content":{"rendered":"\n<div class=\"slider-wrapper relative\" id=\"slider-1111935291\" >\n    <div class=\"slider slider-nav-circle slider-nav-large slider-nav-light slider-style-normal\"\n        data-flickity-options='{\n            \"cellAlign\": \"center\",\n            \"imagesLoaded\": true,\n            \"lazyLoad\": 1,\n            \"freeScroll\": false,\n            \"wrapAround\": true,\n            \"autoPlay\": 6000,\n            \"pauseAutoPlayOnHover\" : true,\n            \"prevNextButtons\": true,\n            \"contain\" : true,\n            \"adaptiveHeight\" : true,\n            \"dragThreshold\" : 10,\n            \"percentPosition\": true,\n            \"pageDots\": true,\n            \"rightToLeft\": false,\n            \"draggable\": true,\n            \"selectedAttraction\": 0.1,\n            \"parallax\" : 0,\n            \"friction\": 0.6        }'\n        >\n        \n\n\n  <div class=\"banner has-hover\" id=\"banner-1145762645\">\n          <div class=\"banner-inner fill\">\n        <div class=\"banner-bg fill\" >\n            <div class=\"bg fill bg-fill \"><\/div>\n                                    \n                    <\/div>\n        <div class=\"banner-layers container\">\n            <div class=\"fill banner-link\"><\/div>            \n\n\n        <\/div>\n      <\/div>\n\n            \n<style>\n#banner-1145762645 {\n  padding-top: 240px;\n}\n#banner-1145762645 .bg.bg-loaded {\n  background-image: url(https:\/\/hosting.conasi.vn\/w\/congtycophanapollotechnologies\/wp-content\/uploads\/2018\/02\/3123442.jpg);\n}\n#banner-1145762645 .bg {\n  background-position: 62% 60%;\n}\n<\/style>\n  <\/div>\n\n\n\n     <\/div>\n\n     <div class=\"loading-spin dark large centered\"><\/div>\n\n     <\/div>\n\n\n\t<section class=\"section\" id=\"section_2135050438\">\n\t\t<div class=\"bg section-bg fill bg-fill  bg-loaded\" >\n\n\t\t\t\n\t\t\t<div class=\"section-bg-overlay absolute fill\"><\/div>\n\t\t\t\n\t<div class=\"is-border\"\n\t\tstyle=\"border-width:1px 0px 1px 0px;\">\n\t<\/div>\n\n\t\t<\/div>\n\n\t\t<div class=\"section-content relative\">\n\t\t\t\n\n<div class=\"row row-large align-middle\"  id=\"row-491704782\">\n\n\n\t<div id=\"col-127027384\" class=\"col medium-6 small-12 large-6\"  >\n\t\t<div class=\"col-inner\"  >\n\t\t\t\n\t\t\t\n\n\t<div class=\"img has-hover x md-x lg-x y md-y lg-y\" id=\"image_314706846\">\n\t\t\t\t\t\t\t\t<div class=\"img-inner dark\" >\n\t\t\t<img width=\"399\" height=\"378\" src=\"https:\/\/hosting.conasi.vn\/w\/congtycophanapollotechnologies\/wp-content\/uploads\/2023\/08\/giaiphap-teldata-nhatram.png\" class=\"attachment-large size-large\" alt=\"\" loading=\"lazy\" srcset=\"https:\/\/hosting.conasi.vn\/w\/congtycophanapollotechnologies\/wp-content\/uploads\/2023\/08\/giaiphap-teldata-nhatram.png 399w, https:\/\/hosting.conasi.vn\/w\/congtycophanapollotechnologies\/wp-content\/uploads\/2023\/08\/giaiphap-teldata-nhatram-300x284.png 300w\" sizes=\"(max-width: 399px) 100vw, 399px\" \/>\t\t\t\t\t\t\n\t\t\t\t\t<\/div>\n\t\t\t\t\t\t\t\t\n<style>\n#image_314706846 {\n  width: 100%;\n}\n<\/style>\n\t<\/div>\n\t\n\n\t<div class=\"img has-hover x md-x lg-x y md-y lg-y\" id=\"image_1547443613\">\n\t\t\t\t\t\t\t\t<div class=\"img-inner box-shadow-2 dark\" >\n\t\t\t\t\t\t\t\t\t\n\t\t\t\t\t<\/div>\n\t\t\t\t\t\t\t\t\n<style>\n#image_1547443613 {\n  width: 100%;\n}\n<\/style>\n\t<\/div>\n\t\n\n\n\t\t<\/div>\n\t\t\t<\/div>\n\n\t\n\n\t<div id=\"col-779192236\" class=\"col medium-6 small-12 large-6\"  >\n\t\t<div class=\"col-inner text-left\"  >\n\t\t\t\n\t\t\t\n\n\t<div id=\"text-1427371901\" class=\"text\">\n\t\t\n\n<h2 class=\"uppercase\"><a class=\"collapse collapsed\" data-bs-toggle=\"collapse\" data-bs-target=\"#accordion-list-1\" aria-expanded=\"false\"><strong>H\u1ec6 TH\u1ed0NG<br \/>TR\u1ea0M DI \u0110\u1ed8NG NGO\u00c0I TR\u1edcI V\u00c0<br \/>H\u1ec6 TH\u1ed0NG PH\u1ee6 S\u00d3NG DI \u0110\u1ed8NG<br \/>TRONG T\u00d2A NH\u00c0 IBS<\/strong><\/a><\/h2>\n<p>&#8211; Tr\u1ea1m di \u0111\u1ed9ng ngo\u00e0i tr\u1eddi d\u00f9ng chung th\u00e2n thi\u1ec7n m\u00f4i tr\u01b0\u1eddng.<\/p>\n<p>&#8211; H\u1ec7 th\u1ed1ng ph\u1ee7 s\u00f3ng t\u00edn hi\u1ec7u \u0111i\u1ec7n tho\u1ea1i di \u0111\u1ed9ng trong t\u00f2a nh\u00e0 cao t\u1ea7ng.<\/p>\n\t\t\n<style>\n#text-1427371901 {\n  line-height: 1.25;\n}\n<\/style>\n\t<\/div>\n\t\n\n\t\t<\/div>\n\t\t\t<\/div>\n\n\t\n\n<\/div>\n<div class=\"row row-large align-middle\"  id=\"row-126927436\">\n\n\n\t<div id=\"col-202340128\" class=\"col medium-6 small-12 large-6\"  >\n\t\t<div class=\"col-inner text-left\"  >\n\t\t\t\n\t\t\t\n\n\t<div id=\"text-1878873133\" class=\"text\">\n\t\t\n\n<h2 class=\"uppercase\"><a class=\"collapse collapsed\" data-bs-toggle=\"collapse\" data-bs-target=\"#accordion-list-1\" aria-expanded=\"false\"><strong>GI\u1ea2I PH\u00c1P H\u1ec6 TH\u1ed0NG TEL-DATA<\/strong><\/a><\/h2>\n<p>&#8211; H\u1ea1 t\u1ea7ng c\u00e1p quang \u0111\u1ebfn t\u1eebng c\u0103n h\u1ed9 (FTTH).<br>&#8211; H\u1ea1 t\u1ea7ng b\u00ean trong c\u0103n h\u1ed9 ph\u1ee5 thu\u1ed9c v\u00e0o nhu c\u1ea7u s\u1eed d\u1ee5ng.<br>&#8211; S\u1ee3i c\u00e1p quang 2-4 l\u00f5i \u0111\u1ebfn m\u1ed7i c\u0103n h\u1ed9 cho ph\u00e9p s\u1eed d\u1ee5ng nhi\u1ec1u d\u1ecbch v\u1ee5 t\u1eeb nhi\u1ec1u nh\u00e0 cung c\u1ea5p c\u00f9ng l\u00fac, v\u00e0 d\u1ef1 ph\u00f2ng.<br>&#8211; H\u1ec7 th\u1ed1ng k\u1ebft n\u1ed1i s\u1eb5n s\u00e0ng \u0111\u1ec3 c\u00f3 th\u1ec3 cung c\u1ea5p d\u1ecbch v\u1ee5 nhanh nh\u1ea5t khi kh\u00e1ch h\u00e0ng y\u00eau c\u1ea7u.<br>&#8211; Kh\u00f4ng \u0111\u1ed9c quy\u1ec1n nh\u00e0 cung c\u1ea5p d\u1ecbch v\u1ee5 vi\u1ec5n th\u00f4ng.<\/p>\n\t\t\n<style>\n#text-1878873133 {\n  line-height: 1.25;\n}\n<\/style>\n\t<\/div>\n\t\n\n\t\t<\/div>\n\t\t\t<\/div>\n\n\t\n\n\t<div id=\"col-1992474281\" class=\"col medium-6 small-12 large-6\"  >\n\t\t<div class=\"col-inner\"  >\n\t\t\t\n\t\t\t\n\n\t<div class=\"img has-hover x md-x lg-x y md-y lg-y\" id=\"image_793135599\">\n\t\t\t\t\t\t\t\t<div class=\"img-inner dark\" >\n\t\t\t<img width=\"1020\" height=\"765\" src=\"https:\/\/hosting.conasi.vn\/w\/congtycophanapollotechnologies\/wp-content\/uploads\/2023\/07\/tel-data-1024x768.png\" class=\"attachment-large size-large\" alt=\"\" loading=\"lazy\" srcset=\"https:\/\/hosting.conasi.vn\/w\/congtycophanapollotechnologies\/wp-content\/uploads\/2023\/07\/tel-data-1024x768.png 1024w, https:\/\/hosting.conasi.vn\/w\/congtycophanapollotechnologies\/wp-content\/uploads\/2023\/07\/tel-data-300x225.png 300w, https:\/\/hosting.conasi.vn\/w\/congtycophanapollotechnologies\/wp-content\/uploads\/2023\/07\/tel-data-768x576.png 768w, https:\/\/hosting.conasi.vn\/w\/congtycophanapollotechnologies\/wp-content\/uploads\/2023\/07\/tel-data.png 1200w\" sizes=\"(max-width: 1020px) 100vw, 1020px\" \/>\t\t\t\t\t\t\n\t\t\t\t\t<\/div>\n\t\t\t\t\t\t\t\t\n<style>\n#image_793135599 {\n  width: 100%;\n}\n<\/style>\n\t<\/div>\n\t\n\n\t<div class=\"img has-hover x md-x lg-x y md-y lg-y\" id=\"image_908178268\">\n\t\t\t\t\t\t\t\t<div class=\"img-inner box-shadow-2 dark\" >\n\t\t\t\t\t\t\t\t\t\n\t\t\t\t\t<\/div>\n\t\t\t\t\t\t\t\t\n<style>\n#image_908178268 {\n  width: 100%;\n}\n<\/style>\n\t<\/div>\n\t\n\n\n\t\t<\/div>\n\t\t\t<\/div>\n\n\t\n\n<\/div>\n\n\t\t<\/div>\n\n\t\t\n<style>\n#section_2135050438 {\n  padding-top: 60px;\n  padding-bottom: 60px;\n  background-color: rgb(193, 193, 193);\n}\n#section_2135050438 .section-bg-overlay {\n  background-color: rgba(255, 255, 255, 0.85);\n}\n<\/style>\n\t<\/section>\n\t\n\n","protected":false},"excerpt":{"rendered":"","protected":false},"author":1,"featured_media":0,"parent":0,"menu_order":0,"comment_status":"closed","ping_status":"closed","template":"page-blank.php","meta":[],"_links":{"self":[{"href":"https:\/\/hosting.conasi.vn\/w\/congtycophanapollotechnologies\/wp-json\/wp\/v2\/pages\/809"}],"collection":[{"href":"https:\/\/hosting.conasi.vn\/w\/congtycophanapollotechnologies\/wp-json\/wp\/v2\/pages"}],"about":[{"href":"https:\/\/hosting.conasi.vn\/w\/congtycophanapollotechnologies\/wp-json\/wp\/v2\/types\/page"}],"author":[{"embeddable":true,"href":"https:\/\/hosting.conasi.vn\/w\/congtycophanapollotechnologies\/wp-json\/wp\/v2\/users\/1"}],"replies":[{"embeddable":true,"href":"https:\/\/hosting.conasi.vn\/w\/congtycophanapollotechnologies\/wp-json\/wp\/v2\/comments?post=809"}],"version-history":[{"count":6,"href":"https:\/\/hosting.conasi.vn\/w\/congtycophanapollotechnologies\/wp-json\/wp\/v2\/pages\/809\/revisions"}],"predecessor-version":[{"id":1002,"href":"https:\/\/hosting.conasi.vn\/w\/congtycophanapollotechnologies\/wp-json\/wp\/v2\/pages\/809\/revisions\/1002"}],"wp:attachment":[{"href":"https:\/\/hosting.conasi.vn\/w\/congtycophanapollotechnologies\/wp-json\/wp\/v2\/media?parent=809"}],"curies":[{"name":"wp","href":"https:\/\/api.w.org\/{rel}","templated":true}]}}