{"id":761,"date":"2023-07-19T09:55:53","date_gmt":"2023-07-19T02:55:53","guid":{"rendered":"https:\/\/hosting.conasi.vn\/w\/congtycophanapollotechnologies\/?page_id=761"},"modified":"2023-11-07T10:42:07","modified_gmt":"2023-11-07T03:42:07","slug":"may-phat-dien","status":"publish","type":"page","link":"https:\/\/hosting.conasi.vn\/w\/congtycophanapollotechnologies\/may-phat-dien\/","title":{"rendered":"M\u00e1y ph\u00e1t \u0111i\u1ec7n &#8211; Baudouin"},"content":{"rendered":"\n<div class=\"slider-wrapper relative\" id=\"slider-490643623\" >\n    <div class=\"slider slider-nav-circle slider-nav-large slider-nav-light slider-style-normal\"\n        data-flickity-options='{\n            \"cellAlign\": \"center\",\n            \"imagesLoaded\": true,\n            \"lazyLoad\": 1,\n            \"freeScroll\": false,\n            \"wrapAround\": true,\n            \"autoPlay\": 6000,\n            \"pauseAutoPlayOnHover\" : true,\n            \"prevNextButtons\": true,\n            \"contain\" : true,\n            \"adaptiveHeight\" : true,\n            \"dragThreshold\" : 10,\n            \"percentPosition\": true,\n            \"pageDots\": true,\n            \"rightToLeft\": false,\n            \"draggable\": true,\n            \"selectedAttraction\": 0.1,\n            \"parallax\" : 0,\n            \"friction\": 0.6        }'\n        >\n        \n\n\n  <div class=\"banner has-hover\" id=\"banner-913635194\">\n          <div class=\"banner-inner fill\">\n        <div class=\"banner-bg fill\" >\n            <div class=\"bg fill bg-fill \"><\/div>\n                        <div class=\"overlay\"><\/div>            \n                    <\/div>\n        <div class=\"banner-layers container\">\n            <div class=\"fill banner-link\"><\/div>            \n\n\n        <\/div>\n      <\/div>\n\n            \n<style>\n#banner-913635194 {\n  padding-top: 380px;\n}\n#banner-913635194 .bg.bg-loaded {\n  background-image: url(https:\/\/hosting.conasi.vn\/w\/congtycophanapollotechnologies\/wp-content\/uploads\/2023\/08\/may-phat-dien2-1024x263.jpg);\n}\n#banner-913635194 .overlay {\n  background-color: rgba(0, 0, 0, 0.02);\n}\n#banner-913635194 .bg {\n  background-position: 58% 63%;\n}\n<\/style>\n  <\/div>\n\n\n\n     <\/div>\n\n     <div class=\"loading-spin dark large centered\"><\/div>\n\n     <\/div>\n\n\n<div class=\"row\"  id=\"row-1491772773\">\n\n\n\t<div id=\"col-1765026762\" class=\"col small-12 large-12\"  >\n\t\t<div class=\"col-inner text-center\"  >\n\t\t\t\n\t\t\t\n\n<a href=\"https:\/\/hosting.conasi.vn\/w\/congtycophanapollotechnologies\/may-phat-dien\/\" target=\"_self\" class=\"button primary is-outline is-large\"  style=\"border-radius:7px;\">\n    <span>Baudouin<\/span>\n  <\/a>\n\n\n<a href=\"https:\/\/hosting.conasi.vn\/w\/congtycophanapollotechnologies\/may-phat-dien-fpt\/\" target=\"_self\" class=\"button primary is-outline is-large\"  style=\"border-radius:7px;\">\n    <span>FPT<\/span>\n  <\/a>\n\n\n<a href=\"https:\/\/hosting.conasi.vn\/w\/congtycophanapollotechnologies\/may-phat-dien-perkins\" target=\"_self\" class=\"button primary is-outline is-large\"  style=\"border-radius:7px;\">\n    <span>Perkins<\/span>\n  <\/a>\n\n\n<a href=\"https:\/\/hosting.conasi.vn\/w\/congtycophanapollotechnologies\/may-phat-dien-lister-petter\" target=\"_self\" class=\"button primary is-outline is-large\"  style=\"border-radius:7px;\">\n    <span>Lister Petter<\/span>\n  <\/a>\n\n\n<a href=\"https:\/\/hosting.conasi.vn\/w\/congtycophanapollotechnologies\/may-phat-dien-wandi\" target=\"_self\" class=\"button primary is-outline is-large\"  style=\"border-radius:7px;\">\n    <span>Wandi<\/span>\n  <\/a>\n\n\n\n\t\t<\/div>\n\t\t\t<\/div>\n\n\t\n\n<\/div>\n<div class=\"row\"  id=\"row-455798093\">\n\n\n\t<div id=\"col-1549648046\" class=\"col medium-4 small-12 large-4\"  >\n\t\t<div class=\"col-inner\"  >\n\t\t\t\n\t\t\t\n\n\t<div class=\"img has-hover x md-x lg-x y md-y lg-y\" id=\"image_1380247441\">\n\t\t\t\t\t\t\t\t<div class=\"img-inner dark\" >\n\t\t\t<img width=\"427\" height=\"276\" src=\"https:\/\/hosting.conasi.vn\/w\/congtycophanapollotechnologies\/wp-content\/uploads\/2023\/07\/126845237_222874382735991_4521912268779557297_n.png\" class=\"attachment-large size-large\" alt=\"\" loading=\"lazy\" srcset=\"https:\/\/hosting.conasi.vn\/w\/congtycophanapollotechnologies\/wp-content\/uploads\/2023\/07\/126845237_222874382735991_4521912268779557297_n.png 427w, https:\/\/hosting.conasi.vn\/w\/congtycophanapollotechnologies\/wp-content\/uploads\/2023\/07\/126845237_222874382735991_4521912268779557297_n-300x194.png 300w\" sizes=\"(max-width: 427px) 100vw, 427px\" \/>\t\t\t\t\t\t\n\t\t\t\t\t<\/div>\n\t\t\t\t\t\t\t\t\n<style>\n#image_1380247441 {\n  width: 100%;\n}\n<\/style>\n\t<\/div>\n\t\n\n\t<div id=\"text-1487854520\" class=\"text\">\n\t\t\n\n<div class=\"card-info__title text-blue\">Baudouin<\/div>\n<div class=\"card-info__subtitle\">2500\/2750 kVA<\/div>\n<div class=\"card-info__content\">\n<div class=\"card-info__desc \">\n<p class=\"card-info__desc-key\"><b>Model:<\/b>&nbsp;<a class=\"btn-model\" href=\"https:\/\/dzima.com\/wp-content\/uploads\/2021\/03\/VG2500B5.pdf\" target=\"_blank\" rel=\"noopener\">VG2500B5<\/a><br><b>\u0110\u1ed9ng c\u01a1:<\/b>&nbsp;<a class=\"btn-engine\" href=\"https:\/\/dzima.com\/wp-content\/uploads\/2020\/11\/Baudouin-12M55-2020.pdf\" target=\"_blank\" rel=\"noopener\">12M55G2750\/5<\/a><br><b>K\u00edch th\u01b0\u1edbc:<\/b>&nbsp;6.0&#215;2.5&#215;3.1 m<br><b>Kh\u1ed1i l\u01b0\u1ee3ng:<\/b>&nbsp;20030 kg<\/p>\n<\/div>\n<\/div>\n\t\t\n<style>\n#text-1487854520 {\n  text-align: center;\n}\n<\/style>\n\t<\/div>\n\t\n\n\t\t<\/div>\n\t\t\t<\/div>\n\n\t\n\n\t<div id=\"col-1177474911\" class=\"col medium-4 small-12 large-4\"  >\n\t\t<div class=\"col-inner\"  >\n\t\t\t\n\t\t\t\n\n\t<div class=\"img has-hover x md-x lg-x y md-y lg-y\" id=\"image_1179616970\">\n\t\t\t\t\t\t\t\t<div class=\"img-inner dark\" >\n\t\t\t<img width=\"427\" height=\"276\" src=\"https:\/\/hosting.conasi.vn\/w\/congtycophanapollotechnologies\/wp-content\/uploads\/2023\/07\/126845237_222874382735991_4521912268779557297_n.png\" class=\"attachment-large size-large\" alt=\"\" loading=\"lazy\" srcset=\"https:\/\/hosting.conasi.vn\/w\/congtycophanapollotechnologies\/wp-content\/uploads\/2023\/07\/126845237_222874382735991_4521912268779557297_n.png 427w, https:\/\/hosting.conasi.vn\/w\/congtycophanapollotechnologies\/wp-content\/uploads\/2023\/07\/126845237_222874382735991_4521912268779557297_n-300x194.png 300w\" sizes=\"(max-width: 427px) 100vw, 427px\" \/>\t\t\t\t\t\t\n\t\t\t\t\t<\/div>\n\t\t\t\t\t\t\t\t\n<style>\n#image_1179616970 {\n  width: 100%;\n}\n<\/style>\n\t<\/div>\n\t\n\n\t<div id=\"text-2361368404\" class=\"text\">\n\t\t\n\n<div class=\"card-info__title text-blue\">\n<div class=\"card-info__title text-blue\">Baudouin<\/div>\n<div class=\"card-info__subtitle\">2270\/2500 kVA<\/div>\n<div class=\"card-info__content\">\n<div class=\"card-info__desc \">\n<p class=\"card-info__desc-key\"><b>Model:<\/b>&nbsp;<a class=\"btn-model\" href=\"https:\/\/dzima.com\/wp-content\/uploads\/2021\/02\/VG2270B5.pdf\" target=\"_blank\" rel=\"noopener\">VG2270B5<\/a><br><b>\u0110\u1ed9ng c\u01a1:<\/b>&nbsp;<a class=\"btn-engine\" href=\"https:\/\/dzima.com\/product_cat\/may-phat-dien\/\" target=\"_blank\" rel=\"noopener\">20M33G2500\/5<\/a><br><b>K\u00edch th\u01b0\u1edbc:<\/b>&nbsp;6.5&#215;2.8&#215;3.5 m<br><b>Kh\u1ed1i l\u01b0\u1ee3ng:<\/b>&nbsp;17500 kg<\/p>\n<\/div>\n<\/div>\n<\/div>\n\t\t\n<style>\n#text-2361368404 {\n  text-align: center;\n}\n<\/style>\n\t<\/div>\n\t\n\n\t\t<\/div>\n\t\t\t<\/div>\n\n\t\n\n\t<div id=\"col-2037999158\" class=\"col medium-4 small-12 large-4\"  >\n\t\t<div class=\"col-inner\"  >\n\t\t\t\n\t\t\t\n\n\t<div class=\"img has-hover x md-x lg-x y md-y lg-y\" id=\"image_1673408322\">\n\t\t\t\t\t\t\t\t<div class=\"img-inner dark\" >\n\t\t\t<img width=\"427\" height=\"276\" src=\"https:\/\/hosting.conasi.vn\/w\/congtycophanapollotechnologies\/wp-content\/uploads\/2023\/07\/126845237_222874382735991_4521912268779557297_n.png\" class=\"attachment-large size-large\" alt=\"\" loading=\"lazy\" srcset=\"https:\/\/hosting.conasi.vn\/w\/congtycophanapollotechnologies\/wp-content\/uploads\/2023\/07\/126845237_222874382735991_4521912268779557297_n.png 427w, https:\/\/hosting.conasi.vn\/w\/congtycophanapollotechnologies\/wp-content\/uploads\/2023\/07\/126845237_222874382735991_4521912268779557297_n-300x194.png 300w\" sizes=\"(max-width: 427px) 100vw, 427px\" \/>\t\t\t\t\t\t\n\t\t\t\t\t<\/div>\n\t\t\t\t\t\t\t\t\n<style>\n#image_1673408322 {\n  width: 100%;\n}\n<\/style>\n\t<\/div>\n\t\n\n\t<div id=\"text-3597453554\" class=\"text\">\n\t\t\n\n<div class=\"card-info__title text-blue\">\n<div class=\"card-info__title text-blue\">Baudouin<\/div>\n<div class=\"card-info__subtitle\">2100\/2310 kVA<\/div>\n<div class=\"card-info__content\">\n<div class=\"card-info__desc \">\n<p class=\"card-info__desc-key\"><b>Model:<\/b>&nbsp;<a class=\"btn-model\" href=\"https:\/\/dzima.com\/wp-content\/uploads\/2021\/02\/VG2100B5.pdf\" target=\"_blank\" rel=\"noopener\">VG2100B5<\/a><br><b>\u0110\u1ed9ng c\u01a1:<\/b>&nbsp;<a class=\"btn-engine\" href=\"https:\/\/dzima.com\/product_cat\/may-phat-dien\/\" target=\"_blank\" rel=\"noopener\">20M33G2250\/5<\/a><br><b>K\u00edch th\u01b0\u1edbc:<\/b>&nbsp;6.5&#215;2.8&#215;3.5 m<br><b>Kh\u1ed1i l\u01b0\u1ee3ng:<\/b>&nbsp;17000 kg<\/p>\n<\/div>\n<\/div>\n<\/div>\n\t\t\n<style>\n#text-3597453554 {\n  text-align: center;\n}\n<\/style>\n\t<\/div>\n\t\n\n\t\t<\/div>\n\t\t\t<\/div>\n\n\t\n\n<\/div>\n<div class=\"row\"  id=\"row-1949536639\">\n\n\n\t<div id=\"col-654307145\" class=\"col medium-4 small-12 large-4\"  >\n\t\t<div class=\"col-inner\"  >\n\t\t\t\n\t\t\t\n\n\t<div class=\"img has-hover x md-x lg-x y md-y lg-y\" id=\"image_853886635\">\n\t\t\t\t\t\t\t\t<div class=\"img-inner dark\" >\n\t\t\t<img width=\"427\" height=\"276\" src=\"https:\/\/hosting.conasi.vn\/w\/congtycophanapollotechnologies\/wp-content\/uploads\/2023\/07\/126845237_222874382735991_4521912268779557297_n.png\" class=\"attachment-large size-large\" alt=\"\" loading=\"lazy\" srcset=\"https:\/\/hosting.conasi.vn\/w\/congtycophanapollotechnologies\/wp-content\/uploads\/2023\/07\/126845237_222874382735991_4521912268779557297_n.png 427w, https:\/\/hosting.conasi.vn\/w\/congtycophanapollotechnologies\/wp-content\/uploads\/2023\/07\/126845237_222874382735991_4521912268779557297_n-300x194.png 300w\" sizes=\"(max-width: 427px) 100vw, 427px\" \/>\t\t\t\t\t\t\n\t\t\t\t\t<\/div>\n\t\t\t\t\t\t\t\t\n<style>\n#image_853886635 {\n  width: 100%;\n}\n<\/style>\n\t<\/div>\n\t\n\n\t<div id=\"text-3474369485\" class=\"text\">\n\t\t\n\n<div class=\"card-info__title text-blue\">\n<div class=\"card-info__title text-blue\">Baudouin<\/div>\n<div class=\"card-info__subtitle\">2000\/2200 kVA<\/div>\n<div class=\"card-info__content\">\n<div class=\"card-info__desc \">\n<p class=\"card-info__desc-key\"><b>Model:<\/b>&nbsp;<a class=\"btn-model\" href=\"https:\/\/dzima.com\/wp-content\/uploads\/2021\/02\/VG2000B5.pdf\" target=\"_blank\" rel=\"noopener\">VG2000B5<\/a><br><b>\u0110\u1ed9ng c\u01a1:<\/b>&nbsp;<a class=\"btn-engine\" href=\"https:\/\/dzima.com\/wp-content\/uploads\/2020\/11\/Baudouin-16M33-2020.pdf\" target=\"_blank\" rel=\"noopener\">16M33G2250\/5<\/a><br><b>K\u00edch th\u01b0\u1edbc:<\/b>&nbsp;6.1&#215;2.3&#215;3.1 m<br><b>Kh\u1ed1i l\u01b0\u1ee3ng:<\/b>&nbsp;15500 kg<\/p>\n<\/div>\n<\/div>\n<\/div>\n\t\t\n<style>\n#text-3474369485 {\n  text-align: center;\n}\n<\/style>\n\t<\/div>\n\t\n\n\t\t<\/div>\n\t\t\t<\/div>\n\n\t\n\n\t<div id=\"col-1494287208\" class=\"col medium-4 small-12 large-4\"  >\n\t\t<div class=\"col-inner\"  >\n\t\t\t\n\t\t\t\n\n\t<div class=\"img has-hover x md-x lg-x y md-y lg-y\" id=\"image_1280189503\">\n\t\t\t\t\t\t\t\t<div class=\"img-inner dark\" >\n\t\t\t<img width=\"427\" height=\"276\" src=\"https:\/\/hosting.conasi.vn\/w\/congtycophanapollotechnologies\/wp-content\/uploads\/2023\/07\/126845237_222874382735991_4521912268779557297_n.png\" class=\"attachment-large size-large\" alt=\"\" loading=\"lazy\" srcset=\"https:\/\/hosting.conasi.vn\/w\/congtycophanapollotechnologies\/wp-content\/uploads\/2023\/07\/126845237_222874382735991_4521912268779557297_n.png 427w, https:\/\/hosting.conasi.vn\/w\/congtycophanapollotechnologies\/wp-content\/uploads\/2023\/07\/126845237_222874382735991_4521912268779557297_n-300x194.png 300w\" sizes=\"(max-width: 427px) 100vw, 427px\" \/>\t\t\t\t\t\t\n\t\t\t\t\t<\/div>\n\t\t\t\t\t\t\t\t\n<style>\n#image_1280189503 {\n  width: 100%;\n}\n<\/style>\n\t<\/div>\n\t\n\n\t<div id=\"text-3682743359\" class=\"text\">\n\t\t\n\n<div class=\"card-info__title text-blue\">\n<div class=\"card-info__title text-blue\">Baudouin<\/div>\n<div class=\"card-info__subtitle\">1820\/2000 kVA<\/div>\n<div class=\"card-info__content\">\n<div class=\"card-info__desc \">\n<p class=\"card-info__desc-key\"><b>Model:<\/b>&nbsp;<a class=\"btn-model\" href=\"https:\/\/dzima.com\/wp-content\/uploads\/2021\/02\/VG1820B5.pdf\" target=\"_blank\" rel=\"noopener\">VG1820B5<\/a><br><b>\u0110\u1ed9ng c\u01a1:<\/b>&nbsp;<a class=\"btn-engine\" href=\"https:\/\/dzima.com\/wp-content\/uploads\/2020\/11\/Baudouin-16M33-2020.pdf\" target=\"_blank\" rel=\"noopener\">16M33G2000\/5<\/a><br><b>K\u00edch th\u01b0\u1edbc:<\/b>&nbsp;6.0&#215;2.3&#215;3.1 m<br><b>Kh\u1ed1i l\u01b0\u1ee3ng:<\/b>&nbsp;14130 kg<\/p>\n<\/div>\n<\/div>\n<\/div>\n\t\t\n<style>\n#text-3682743359 {\n  text-align: center;\n}\n<\/style>\n\t<\/div>\n\t\n\n\t\t<\/div>\n\t\t\t<\/div>\n\n\t\n\n\t<div id=\"col-541616661\" class=\"col medium-4 small-12 large-4\"  >\n\t\t<div class=\"col-inner\"  >\n\t\t\t\n\t\t\t\n\n\t<div class=\"img has-hover x md-x lg-x y md-y lg-y\" id=\"image_798130682\">\n\t\t\t\t\t\t\t\t<div class=\"img-inner dark\" >\n\t\t\t<img width=\"427\" height=\"276\" src=\"https:\/\/hosting.conasi.vn\/w\/congtycophanapollotechnologies\/wp-content\/uploads\/2023\/07\/126845237_222874382735991_4521912268779557297_n.png\" class=\"attachment-large size-large\" alt=\"\" loading=\"lazy\" srcset=\"https:\/\/hosting.conasi.vn\/w\/congtycophanapollotechnologies\/wp-content\/uploads\/2023\/07\/126845237_222874382735991_4521912268779557297_n.png 427w, https:\/\/hosting.conasi.vn\/w\/congtycophanapollotechnologies\/wp-content\/uploads\/2023\/07\/126845237_222874382735991_4521912268779557297_n-300x194.png 300w\" sizes=\"(max-width: 427px) 100vw, 427px\" \/>\t\t\t\t\t\t\n\t\t\t\t\t<\/div>\n\t\t\t\t\t\t\t\t\n<style>\n#image_798130682 {\n  width: 100%;\n}\n<\/style>\n\t<\/div>\n\t\n\n\t<div id=\"text-4026875812\" class=\"text\">\n\t\t\n\n<div class=\"card-info__title text-blue\">\n<div class=\"card-info__title text-blue\">Baudouin<\/div>\n<div class=\"card-info__subtitle\">1750\/1925 kVA<\/div>\n<div class=\"card-info__content\">\n<div class=\"card-info__desc \">\n<p class=\"card-info__desc-key\"><b>Model:<\/b>&nbsp;<a class=\"btn-model\" href=\"https:\/\/dzima.com\/wp-content\/uploads\/2021\/02\/VG1750B5.pdf\" target=\"_blank\" rel=\"noopener\">VG1750B5<\/a><br><b>\u0110\u1ed9ng c\u01a1:<\/b>&nbsp;<a class=\"btn-engine\" href=\"https:\/\/dzima.com\/wp-content\/uploads\/2020\/11\/Baudouin-16M33-2020.pdf\" target=\"_blank\" rel=\"noopener\">16M33G1900\/5<\/a><br><b>K\u00edch th\u01b0\u1edbc:<\/b>&nbsp;6.0&#215;2.3&#215;3.1 m<br><b>Kh\u1ed1i l\u01b0\u1ee3ng:<\/b>&nbsp;14130 kg<\/p>\n<\/div>\n<\/div>\n<\/div>\n\t\t\n<style>\n#text-4026875812 {\n  text-align: center;\n}\n<\/style>\n\t<\/div>\n\t\n\n\t\t<\/div>\n\t\t\t<\/div>\n\n\t\n\n<\/div>\n<div class=\"row\"  id=\"row-880609623\">\n\n\n\t<div id=\"col-1324104819\" class=\"col medium-4 small-12 large-4\"  >\n\t\t<div class=\"col-inner\"  >\n\t\t\t\n\t\t\t\n\n\t<div class=\"img has-hover x md-x lg-x y md-y lg-y\" id=\"image_1583904739\">\n\t\t\t\t\t\t\t\t<div class=\"img-inner dark\" >\n\t\t\t<img width=\"427\" height=\"276\" src=\"https:\/\/hosting.conasi.vn\/w\/congtycophanapollotechnologies\/wp-content\/uploads\/2023\/07\/126845237_222874382735991_4521912268779557297_n.png\" class=\"attachment-large size-large\" alt=\"\" loading=\"lazy\" srcset=\"https:\/\/hosting.conasi.vn\/w\/congtycophanapollotechnologies\/wp-content\/uploads\/2023\/07\/126845237_222874382735991_4521912268779557297_n.png 427w, https:\/\/hosting.conasi.vn\/w\/congtycophanapollotechnologies\/wp-content\/uploads\/2023\/07\/126845237_222874382735991_4521912268779557297_n-300x194.png 300w\" sizes=\"(max-width: 427px) 100vw, 427px\" \/>\t\t\t\t\t\t\n\t\t\t\t\t<\/div>\n\t\t\t\t\t\t\t\t\n<style>\n#image_1583904739 {\n  width: 100%;\n}\n<\/style>\n\t<\/div>\n\t\n\n\t<div id=\"text-1872967144\" class=\"text\">\n\t\t\n\n<div class=\"card-info__title text-blue\">\n<div class=\"card-info__title text-blue\">Baudouin<\/div>\n<div class=\"card-info__subtitle\">1600\/1760 kVA<\/div>\n<div class=\"card-info__content\">\n<div class=\"card-info__desc \">\n<p class=\"card-info__desc-key\"><b>Model:<\/b>&nbsp;<a class=\"btn-model\" href=\"https:\/\/dzima.com\/wp-content\/uploads\/2021\/03\/VG1600B5.pdf\" target=\"_blank\" rel=\"noopener\">VG1600B5<\/a><br><b>\u0110\u1ed9ng c\u01a1:<\/b>&nbsp;<a class=\"btn-engine\" href=\"https:\/\/dzima.com\/wp-content\/uploads\/2020\/11\/Baudouin-16M33-2020.pdf\" target=\"_blank\" rel=\"noopener\">16M33G1700\/5<\/a><br><b>K\u00edch th\u01b0\u1edbc:<\/b>&nbsp;6.0&#215;2.3&#215;3.1 m<br><b>Kh\u1ed1i l\u01b0\u1ee3ng:<\/b>&nbsp;13330 kg<\/p>\n<\/div>\n<\/div>\n<\/div>\n\t\t\n<style>\n#text-1872967144 {\n  text-align: center;\n}\n<\/style>\n\t<\/div>\n\t\n\n\t\t<\/div>\n\t\t\t<\/div>\n\n\t\n\n\t<div id=\"col-321905662\" class=\"col medium-4 small-12 large-4\"  >\n\t\t<div class=\"col-inner\"  >\n\t\t\t\n\t\t\t\n\n\t<div class=\"img has-hover x md-x lg-x y md-y lg-y\" id=\"image_1963214202\">\n\t\t\t\t\t\t\t\t<div class=\"img-inner dark\" >\n\t\t\t<img width=\"427\" height=\"276\" src=\"https:\/\/hosting.conasi.vn\/w\/congtycophanapollotechnologies\/wp-content\/uploads\/2023\/07\/126845237_222874382735991_4521912268779557297_n.png\" class=\"attachment-large size-large\" alt=\"\" loading=\"lazy\" srcset=\"https:\/\/hosting.conasi.vn\/w\/congtycophanapollotechnologies\/wp-content\/uploads\/2023\/07\/126845237_222874382735991_4521912268779557297_n.png 427w, https:\/\/hosting.conasi.vn\/w\/congtycophanapollotechnologies\/wp-content\/uploads\/2023\/07\/126845237_222874382735991_4521912268779557297_n-300x194.png 300w\" sizes=\"(max-width: 427px) 100vw, 427px\" \/>\t\t\t\t\t\t\n\t\t\t\t\t<\/div>\n\t\t\t\t\t\t\t\t\n<style>\n#image_1963214202 {\n  width: 100%;\n}\n<\/style>\n\t<\/div>\n\t\n\n\t<div id=\"text-4023761528\" class=\"text\">\n\t\t\n\n<div class=\"card-info__title text-blue\">\n<div class=\"card-info__title text-blue\">Baudouin<\/div>\n<div class=\"card-info__subtitle\">1500\/1650 kVA<\/div>\n<div class=\"card-info__content\">\n<div class=\"card-info__desc \">\n<p class=\"card-info__desc-key\"><b>Model:<\/b>&nbsp;<a class=\"btn-model\" href=\"https:\/\/dzima.com\/wp-content\/uploads\/2021\/02\/VG1500B5.pdf\" target=\"_blank\" rel=\"noopener\">VG1500B5<\/a><br><b>\u0110\u1ed9ng c\u01a1:<\/b>&nbsp;<a class=\"btn-engine\" href=\"https:\/\/dzima.com\/wp-content\/uploads\/2020\/11\/Baudouin-12M33-2020.pdf\" target=\"_blank\" rel=\"noopener\">12M33G1650\/5<\/a><br><b>K\u00edch th\u01b0\u1edbc:<\/b>&nbsp;5.2&#215;2.2&#215;2.6 m<br><b>Kh\u1ed1i l\u01b0\u1ee3ng:<\/b>&nbsp;13330 kg<\/p>\n<\/div>\n<\/div>\n<\/div>\n\t\t\n<style>\n#text-4023761528 {\n  text-align: center;\n}\n<\/style>\n\t<\/div>\n\t\n\n\t\t<\/div>\n\t\t\t<\/div>\n\n\t\n\n\t<div id=\"col-742022927\" class=\"col medium-4 small-12 large-4\"  >\n\t\t<div class=\"col-inner\"  >\n\t\t\t\n\t\t\t\n\n\t<div class=\"img has-hover x md-x lg-x y md-y lg-y\" id=\"image_1148372083\">\n\t\t\t\t\t\t\t\t<div class=\"img-inner dark\" >\n\t\t\t<img width=\"427\" height=\"276\" src=\"https:\/\/hosting.conasi.vn\/w\/congtycophanapollotechnologies\/wp-content\/uploads\/2023\/07\/126845237_222874382735991_4521912268779557297_n.png\" class=\"attachment-large size-large\" alt=\"\" loading=\"lazy\" srcset=\"https:\/\/hosting.conasi.vn\/w\/congtycophanapollotechnologies\/wp-content\/uploads\/2023\/07\/126845237_222874382735991_4521912268779557297_n.png 427w, https:\/\/hosting.conasi.vn\/w\/congtycophanapollotechnologies\/wp-content\/uploads\/2023\/07\/126845237_222874382735991_4521912268779557297_n-300x194.png 300w\" sizes=\"(max-width: 427px) 100vw, 427px\" \/>\t\t\t\t\t\t\n\t\t\t\t\t<\/div>\n\t\t\t\t\t\t\t\t\n<style>\n#image_1148372083 {\n  width: 100%;\n}\n<\/style>\n\t<\/div>\n\t\n\n\t<div id=\"text-3637562356\" class=\"text\">\n\t\t\n\n<div class=\"card-info__title text-blue\">\n<div class=\"card-info__title text-blue\">Baudouin<\/div>\n<div class=\"card-info__subtitle\">1400\/1540 kVA<\/div>\n<div class=\"card-info__content\">\n<div class=\"card-info__desc \">\n<p class=\"card-info__desc-key\"><b>Model:<\/b>&nbsp;<a class=\"btn-model\" href=\"https:\/\/dzima.com\/wp-content\/uploads\/2021\/02\/VG1400B5.pdf\" target=\"_blank\" rel=\"noopener\">VG1400B5<\/a><br><b>\u0110\u1ed9ng c\u01a1:<\/b>&nbsp;<a class=\"btn-engine\" href=\"https:\/\/dzima.com\/wp-content\/uploads\/2020\/11\/Baudouin-12M33-2020.pdf\" target=\"_blank\" rel=\"noopener\">12M33G1500\/5<\/a><br><b>K\u00edch th\u01b0\u1edbc:<\/b>&nbsp;5.2&#215;2.2&#215;2.6 m<br><b>Kh\u1ed1i l\u01b0\u1ee3ng:<\/b>&nbsp;10940 kg<\/p>\n<\/div>\n<\/div>\n<\/div>\n\t\t\n<style>\n#text-3637562356 {\n  text-align: center;\n}\n<\/style>\n\t<\/div>\n\t\n\n\t\t<\/div>\n\t\t\t<\/div>\n\n\t\n\n<\/div>\n\n","protected":false},"excerpt":{"rendered":"","protected":false},"author":1,"featured_media":0,"parent":0,"menu_order":0,"comment_status":"closed","ping_status":"closed","template":"page-blank.php","meta":[],"_links":{"self":[{"href":"https:\/\/hosting.conasi.vn\/w\/congtycophanapollotechnologies\/wp-json\/wp\/v2\/pages\/761"}],"collection":[{"href":"https:\/\/hosting.conasi.vn\/w\/congtycophanapollotechnologies\/wp-json\/wp\/v2\/pages"}],"about":[{"href":"https:\/\/hosting.conasi.vn\/w\/congtycophanapollotechnologies\/wp-json\/wp\/v2\/types\/page"}],"author":[{"embeddable":true,"href":"https:\/\/hosting.conasi.vn\/w\/congtycophanapollotechnologies\/wp-json\/wp\/v2\/users\/1"}],"replies":[{"embeddable":true,"href":"https:\/\/hosting.conasi.vn\/w\/congtycophanapollotechnologies\/wp-json\/wp\/v2\/comments?post=761"}],"version-history":[{"count":34,"href":"https:\/\/hosting.conasi.vn\/w\/congtycophanapollotechnologies\/wp-json\/wp\/v2\/pages\/761\/revisions"}],"predecessor-version":[{"id":893,"href":"https:\/\/hosting.conasi.vn\/w\/congtycophanapollotechnologies\/wp-json\/wp\/v2\/pages\/761\/revisions\/893"}],"wp:attachment":[{"href":"https:\/\/hosting.conasi.vn\/w\/congtycophanapollotechnologies\/wp-json\/wp\/v2\/media?parent=761"}],"curies":[{"name":"wp","href":"https:\/\/api.w.org\/{rel}","templated":true}]}}