{"id":744,"date":"2023-07-12T15:19:34","date_gmt":"2023-07-12T08:19:34","guid":{"rendered":"https:\/\/hosting.conasi.vn\/w\/congtycophanapollotechnologies\/?page_id=744"},"modified":"2023-07-31T09:08:47","modified_gmt":"2023-07-31T02:08:47","slug":"giai-phap-ict","status":"publish","type":"page","link":"https:\/\/hosting.conasi.vn\/w\/congtycophanapollotechnologies\/giai-phap-ict\/","title":{"rendered":"Gi\u1ea3i ph\u00e1p ICT"},"content":{"rendered":"\n<div class=\"slider-wrapper relative\" id=\"slider-1276785449\" >\n    <div class=\"slider slider-nav-circle slider-nav-large slider-nav-light slider-style-normal\"\n        data-flickity-options='{\n            \"cellAlign\": \"center\",\n            \"imagesLoaded\": true,\n            \"lazyLoad\": 1,\n            \"freeScroll\": false,\n            \"wrapAround\": true,\n            \"autoPlay\": 6000,\n            \"pauseAutoPlayOnHover\" : true,\n            \"prevNextButtons\": true,\n            \"contain\" : true,\n            \"adaptiveHeight\" : true,\n            \"dragThreshold\" : 10,\n            \"percentPosition\": true,\n            \"pageDots\": true,\n            \"rightToLeft\": false,\n            \"draggable\": true,\n            \"selectedAttraction\": 0.1,\n            \"parallax\" : 0,\n            \"friction\": 0.6        }'\n        >\n        \n\n\n  <div class=\"banner has-hover\" id=\"banner-1816173115\">\n          <div class=\"banner-inner fill\">\n        <div class=\"banner-bg fill\" >\n            <div class=\"bg fill bg-fill \"><\/div>\n                                    \n                    <\/div>\n        <div class=\"banner-layers container\">\n            <div class=\"fill banner-link\"><\/div>            \n\n\n        <\/div>\n      <\/div>\n\n            \n<style>\n#banner-1816173115 {\n  padding-top: 240px;\n}\n#banner-1816173115 .bg.bg-loaded {\n  background-image: url(https:\/\/hosting.conasi.vn\/w\/congtycophanapollotechnologies\/wp-content\/uploads\/2018\/02\/3123442.jpg);\n}\n#banner-1816173115 .bg {\n  background-position: 62% 60%;\n}\n<\/style>\n  <\/div>\n\n\n\n     <\/div>\n\n     <div class=\"loading-spin dark large centered\"><\/div>\n\n     <\/div>\n\n\n\t<section class=\"section\" id=\"section_1880065320\">\n\t\t<div class=\"bg section-bg fill bg-fill  bg-loaded\" >\n\n\t\t\t\n\t\t\t<div class=\"section-bg-overlay absolute fill\"><\/div>\n\t\t\t\n\t<div class=\"is-border\"\n\t\tstyle=\"border-width:1px 0px 1px 0px;\">\n\t<\/div>\n\n\t\t<\/div>\n\n\t\t<div class=\"section-content relative\">\n\t\t\t\n\n<div class=\"row row-large align-middle\"  id=\"row-2017104433\">\n\n\n\t<div id=\"col-1880320607\" class=\"col medium-6 small-12 large-6\"  >\n\t\t<div class=\"col-inner\"  >\n\t\t\t\n\t\t\t\n\n\t<div class=\"img has-hover x md-x lg-x y md-y lg-y\" id=\"image_1726763247\">\n\t\t\t\t\t\t\t\t<div class=\"img-inner dark\" >\n\t\t\t<img width=\"720\" height=\"542\" src=\"https:\/\/hosting.conasi.vn\/w\/congtycophanapollotechnologies\/wp-content\/uploads\/2023\/07\/GiaiphapICT-12.png\" class=\"attachment-large size-large\" alt=\"\" loading=\"lazy\" srcset=\"https:\/\/hosting.conasi.vn\/w\/congtycophanapollotechnologies\/wp-content\/uploads\/2023\/07\/GiaiphapICT-12.png 720w, https:\/\/hosting.conasi.vn\/w\/congtycophanapollotechnologies\/wp-content\/uploads\/2023\/07\/GiaiphapICT-12-300x226.png 300w\" sizes=\"(max-width: 720px) 100vw, 720px\" \/>\t\t\t\t\t\t\n\t\t\t\t\t<\/div>\n\t\t\t\t\t\t\t\t\n<style>\n#image_1726763247 {\n  width: 100%;\n}\n<\/style>\n\t<\/div>\n\t\n\n\t<div class=\"img has-hover x md-x lg-x y md-y lg-y\" id=\"image_573434956\">\n\t\t\t\t\t\t\t\t<div class=\"img-inner box-shadow-2 dark\" >\n\t\t\t\t\t\t\t\t\t\n\t\t\t\t\t<\/div>\n\t\t\t\t\t\t\t\t\n<style>\n#image_573434956 {\n  width: 100%;\n}\n<\/style>\n\t<\/div>\n\t\n\n\n\t\t<\/div>\n\t\t\t<\/div>\n\n\t\n\n\t<div id=\"col-760093761\" class=\"col medium-6 small-12 large-6\"  >\n\t\t<div class=\"col-inner text-left\"  >\n\t\t\t\n\t\t\t\n\n\t<div id=\"text-372381390\" class=\"text\">\n\t\t\n\n<h2 class=\"uppercase\">01. <a class=\"collapse collapsed\" data-bs-toggle=\"collapse\" data-bs-target=\"#accordion-list-1\" aria-expanded=\"false\"><strong>GI\u1ea2I PH\u00c1P M\u1ea0NG KH\u00d4NG D\u00c2Y WLAN<\/strong><\/a><\/h2>\n<p>&#8211; Thi\u1ebft k\u1ebf v\u00e0 tri\u1ec3n khai m\u1ea1ng kh\u00f4ng d\u00e2y.<br \/>&#8211; S\u1eed d\u1ee5ng ph\u1ea7n m\u1ec1m chuy\u00ean d\u1ee5ng \u0111\u1ec3 t\u00ednh to\u00e1n, m\u00f4 ph\u1ecfng v\u00f9ng ph\u1ee7 c\u1ee7a c\u00e1c access points.<br \/>&#8211; Quy ho\u1ea1ch v\u00e0 thi\u1ebft k\u1ebf thi\u1ebft b\u1ecb \u0111\u1ea7u cu\u1ed1i \u0111\u1ee7 \u0111\u1ea3m b\u1ea3o v\u00f9ng ph\u1ee7 cho ng\u01b0\u1eddi d\u00f9ng c\u1ea3 in-door v\u00e0 out-door s\u1eed d\u1ee5ng t\u1ed1t d\u1ecbch v\u1ee5.<br \/>&#8211; K\u1ebft n\u1ed1i an to\u00e0n, \u1ed5n \u0111\u1ecbnh, b\u1ea3o m\u1eadt v\u00e0 t\u1ed1c \u0111\u1ed9 cao.<br \/>&#8211; T\u00f9y ch\u1ecdn v\u1edbi controller &#8211; controllerless.<br \/>&#8211; H\u1ec7 th\u1ed1ng c\u00f3 th\u1ec3 linh ho\u1ea1t m\u1edf r\u1ed9ng thi\u1ebft b\u1ecb \u0111\u1ea7u cu\u1ed1i v\u1ec1 sau.<\/p>\n<h2 class=\"uppercase\">02. <a class=\"collapsed\" data-bs-toggle=\"collapse\" data-bs-target=\"#accordion-list-2\" aria-expanded=\"false\"><strong>GI\u1ea2I PH\u00c1P H\u1ea0 T\u1ea6NG M\u1ea0NG CNTT<\/strong><\/a><\/h2>\n<p>&#8211; L\u00ean K\u1ebf ho\u1ea1ch Thi\u1ebft k\u1ebf v\u00e0 tri\u1ec3n khai h\u1ea1 t\u1ea7ng m\u1ea1ng CNTT.<br \/>&#8211; X\u00e2y d\u1ef1ng m\u00f4 h\u00ecnh ki\u1ebfn tr\u00fac m\u1ea1ng CNTT linh ho\u1ea1t, t\u1ed1i \u01b0u hi\u1ec7u su\u1ea5t.<br \/>&#8211; Quy ho\u1ea1ch dung l\u01b0\u1ee3ng &amp; hi\u1ec7u n\u0103ng c\u1ee7a h\u1ec7 th\u1ed1ng cho d\u00e0i h\u1ea1n.<br \/>&#8211; H\u1ec7 th\u1ed1ng h\u1ea1 t\u1ea7ng CNTT \u0111\u01b0\u1ee3c thi\u1ebft k\u1ebf \u0111\u1ea3m b\u1ea3o t\u00ednh d\u1ef1 ph\u00f2ng, ch\u1eafc ch\u1eafn, an to\u00e0n v\u00e0 b\u1ea3o m\u1eadt cao.<br \/>&#8211; Thi\u1ebft k\u1ebf v\u00e0 tri\u1ec3n khai m\u1ea1ng LAN, WAN k\u1ebft n\u1ed1i xuy\u00ean su\u1ed1t, t\u1ed1c \u0111\u1ed9 cao.<\/p>\n\t\t\n<style>\n#text-372381390 {\n  line-height: 1.25;\n}\n<\/style>\n\t<\/div>\n\t\n\n\t\t<\/div>\n\t\t\t<\/div>\n\n\t\n\n<\/div>\n\n\t\t<\/div>\n\n\t\t\n<style>\n#section_1880065320 {\n  padding-top: 60px;\n  padding-bottom: 60px;\n  background-color: rgb(193, 193, 193);\n}\n#section_1880065320 .section-bg-overlay {\n  background-color: rgba(255, 255, 255, 0.85);\n}\n<\/style>\n\t<\/section>\n\t\n\t<section class=\"section\" id=\"section_1007694383\">\n\t\t<div class=\"bg section-bg fill bg-fill  bg-loaded\" >\n\n\t\t\t\n\t\t\t<div class=\"section-bg-overlay absolute fill\"><\/div>\n\t\t\t\n\n\t\t<\/div>\n\n\t\t<div class=\"section-content relative\">\n\t\t\t\n\n<div class=\"row row-large align-middle\"  id=\"row-2093222728\">\n\n\n\t<div id=\"col-395011974\" class=\"col medium-6 small-12 large-6\"  >\n\t\t<div class=\"col-inner text-left\"  >\n\t\t\t\n\t\t\t\n\n\t<div id=\"text-1066610304\" class=\"text\">\n\t\t\n\n<h2 class=\"uppercase\"><a class=\"collapsed\" data-bs-toggle=\"collapse\" data-bs-target=\"#accordion-list-3\" aria-expanded=\"false\"><strong>03. GI\u1ea2I PH\u00c1P H\u1ec6 TH\u1ed0NG CABLING<\/strong><\/a><\/h2>\n<p>&#8211; Thi\u1ebft k\u1ebf, thi c\u00f4ng h\u1ec7 th\u1ed1ng c\u00e1p ICT, c\u00e1p m\u1ea1ng, c\u00e1p \u0111i\u1ec7n tho\u1ea1i v\u00e0 c\u00e1p quang linh ho\u1ea1t, theo ti\u00eau chu\u1ea9n qu\u1ed1c t\u1ebf.<br \/>&#8211; C\u00e1p \u0111\u01b0\u1ee3c \u0111i trong m\u00e1ng\/\u1ed1ng chuy\u00ean d\u1ee5ng th\u1ea9m m\u1ef9 v\u00e0 an to\u00e0n.<br \/>&#8211; C\u00e1p \u0111\u01b0\u1ee3c \u0111\u1ea5u n\u1ed1i v\u00e0o ODF, patch panel v\u00e0 \u0111\u01b0\u1ee3c d\u00e1n nh\u00e3n \u0111\u1ecbnh danh.<br \/>&#8211; D\u1ec5 d\u00e0ng v\u1eadn h\u00e0nh v\u00e0 d\u1ec5 d\u00e0ng x\u1eed l\u00fd khi c\u00f3 s\u1ef1 c\u1ed1.<\/p>\n<h2 class=\"uppercase\"><a class=\"collapsed\" data-bs-toggle=\"collapse\" data-bs-target=\"#accordion-list-3\" aria-expanded=\"false\"><strong>03. <a class=\"collapsed\" data-bs-toggle=\"collapse\" data-bs-target=\"#accordion-list-4\" aria-expanded=\"false\">GI\u1ea2I PH\u00c1P H\u1ec6 TH\u1ed0NG M\u00c1Y CH\u1ee6<\/a><\/strong><\/a><\/h2>\n<p>&#8211; Thi\u1ebft k\u1ebf theo ti\u00eau chu\u1ea9n qu\u1ed1c t\u1ebf TIA-942.<br \/>&#8211; Ki\u1ec3m so\u00e1t an ninh nghi\u00eam ng\u1eb7t.<br \/>&#8211; Lu\u00f4n c\u00f3 t\u00ednh d\u1ef1 ph\u00f2ng v\u00e0 kh\u1ea3 n\u0103ng \u0111\u00e1p \u1ee9ng cao.<br \/>&#8211; C\u00f3 th\u1ec3 d\u1ec5 d\u00e0ng ph\u00e1t tri\u1ec3n v\u00e0 n\u00e2ng c\u1ea5p.<br \/>&#8211; \u0110\u01b0\u1ee3c c\u1ea3nh b\u00e1o khi c\u00f3 b\u1ea5t k\u1ef3 s\u1ef1 c\u1ed1 n\u00e0o x\u1ea3y ra.<br \/>&#8211; C\u00e2n b\u1eb1ng gi\u1eefa s\u1ef1 ph\u00e1t tri\u1ec3n c\u1ee7a c\u00f4ng ty v\u00e0 \u0111\u1ea7u t\u01b0 CNTT.<\/p>\n\t\t\n<style>\n#text-1066610304 {\n  line-height: 1.25;\n}\n<\/style>\n\t<\/div>\n\t\n\n\t\t<\/div>\n\t\t\t<\/div>\n\n\t\n\n\t<div id=\"col-2076316012\" class=\"col medium-6 small-12 large-6\"  >\n\t\t<div class=\"col-inner\"  >\n\t\t\t\n\t\t\t\n\n\t<div class=\"img has-hover x md-x lg-x y md-y lg-y\" id=\"image_1826677542\">\n\t\t\t\t\t\t\t\t<div class=\"img-inner dark\" >\n\t\t\t<img width=\"1000\" height=\"750\" src=\"https:\/\/hosting.conasi.vn\/w\/congtycophanapollotechnologies\/wp-content\/uploads\/2023\/07\/GIAIPHAPICT-34.jpg\" class=\"attachment-large size-large\" alt=\"\" loading=\"lazy\" srcset=\"https:\/\/hosting.conasi.vn\/w\/congtycophanapollotechnologies\/wp-content\/uploads\/2023\/07\/GIAIPHAPICT-34.jpg 1000w, https:\/\/hosting.conasi.vn\/w\/congtycophanapollotechnologies\/wp-content\/uploads\/2023\/07\/GIAIPHAPICT-34-300x225.jpg 300w, https:\/\/hosting.conasi.vn\/w\/congtycophanapollotechnologies\/wp-content\/uploads\/2023\/07\/GIAIPHAPICT-34-768x576.jpg 768w\" sizes=\"(max-width: 1000px) 100vw, 1000px\" \/>\t\t\t\t\t\t\n\t\t\t\t\t<\/div>\n\t\t\t\t\t\t\t\t\n<style>\n#image_1826677542 {\n  width: 100%;\n}\n<\/style>\n\t<\/div>\n\t\n\n\t<div class=\"img has-hover x md-x lg-x y md-y lg-y\" id=\"image_1024592146\">\n\t\t\t\t\t\t\t\t<div class=\"img-inner box-shadow-2 dark\" >\n\t\t\t\t\t\t\t\t\t\n\t\t\t\t\t<\/div>\n\t\t\t\t\t\t\t\t\n<style>\n#image_1024592146 {\n  width: 100%;\n}\n<\/style>\n\t<\/div>\n\t\n\n\n\t\t<\/div>\n\t\t\t<\/div>\n\n\t\n\n<\/div>\n\n\t\t<\/div>\n\n\t\t\n<style>\n#section_1007694383 {\n  padding-top: 60px;\n  padding-bottom: 60px;\n  background-color: rgb(255, 255, 255);\n}\n#section_1007694383 .section-bg-overlay {\n  background-color: rgba(255, 255, 255, 0.85);\n}\n<\/style>\n\t<\/section>\n\t\n\t<section class=\"section\" id=\"section_811279605\">\n\t\t<div class=\"bg section-bg fill bg-fill  bg-loaded\" >\n\n\t\t\t\n\t\t\t<div class=\"section-bg-overlay absolute fill\"><\/div>\n\t\t\t\n\t<div class=\"is-border\"\n\t\tstyle=\"border-width:1px 0px 1px 0px;\">\n\t<\/div>\n\n\t\t<\/div>\n\n\t\t<div class=\"section-content relative\">\n\t\t\t\n\n<div class=\"row row-large align-middle\"  id=\"row-960044894\">\n\n\n\t<div id=\"col-2066982451\" class=\"col medium-6 small-12 large-6\"  >\n\t\t<div class=\"col-inner\"  >\n\t\t\t\n\t\t\t\n\n\t<div class=\"img has-hover x md-x lg-x y md-y lg-y\" id=\"image_155624465\">\n\t\t\t\t\t\t\t\t<div class=\"img-inner dark\" >\n\t\t\t<img width=\"1020\" height=\"765\" src=\"https:\/\/hosting.conasi.vn\/w\/congtycophanapollotechnologies\/wp-content\/uploads\/2023\/07\/GIAIPHAPICT-5-6-1024x768.jpg\" class=\"attachment-large size-large\" alt=\"\" loading=\"lazy\" srcset=\"https:\/\/hosting.conasi.vn\/w\/congtycophanapollotechnologies\/wp-content\/uploads\/2023\/07\/GIAIPHAPICT-5-6-1024x768.jpg 1024w, https:\/\/hosting.conasi.vn\/w\/congtycophanapollotechnologies\/wp-content\/uploads\/2023\/07\/GIAIPHAPICT-5-6-300x225.jpg 300w, https:\/\/hosting.conasi.vn\/w\/congtycophanapollotechnologies\/wp-content\/uploads\/2023\/07\/GIAIPHAPICT-5-6-768x576.jpg 768w, https:\/\/hosting.conasi.vn\/w\/congtycophanapollotechnologies\/wp-content\/uploads\/2023\/07\/GIAIPHAPICT-5-6.jpg 1200w\" sizes=\"(max-width: 1020px) 100vw, 1020px\" \/>\t\t\t\t\t\t\n\t\t\t\t\t<\/div>\n\t\t\t\t\t\t\t\t\n<style>\n#image_155624465 {\n  width: 100%;\n}\n<\/style>\n\t<\/div>\n\t\n\n\t<div class=\"img has-hover x md-x lg-x y md-y lg-y\" id=\"image_1224021893\">\n\t\t\t\t\t\t\t\t<div class=\"img-inner box-shadow-2 dark\" >\n\t\t\t\t\t\t\t\t\t\n\t\t\t\t\t<\/div>\n\t\t\t\t\t\t\t\t\n<style>\n#image_1224021893 {\n  width: 100%;\n}\n<\/style>\n\t<\/div>\n\t\n\n\n\t\t<\/div>\n\t\t\t<\/div>\n\n\t\n\n\t<div id=\"col-443741317\" class=\"col medium-6 small-12 large-6\"  >\n\t\t<div class=\"col-inner text-left\"  >\n\t\t\t\n\t\t\t\n\n\t<div id=\"text-277464838\" class=\"text\">\n\t\t\n\n<h2 class=\"uppercase\">05. <a class=\"collapsed\" data-bs-toggle=\"collapse\" data-bs-target=\"#accordion-list-5\" aria-expanded=\"false\"><strong>GI\u1ea2I PH\u00c1P H\u1ec6 TH\u1ed0NG TH\u00d4NG TIN LI\u00caN L\u1ea0C<\/strong><\/a><\/h2>\n<p>&#8211; Thi\u1ebft k\u1ebf v\u00e0 tri\u1ec3n khai m\u1ea1ng tho\u1ea1i,t\u1ed5ng \u0111\u00e0i n\u1ed9i b\u1ed9 v\u00e0 b\u1ed9 \u0111\u00e0m.<br \/>&#8211; H\u1ed7 tr\u1ee3 c\u00f4ng ngh\u1ec7 analog, digital v\u00e0 IP phone.<br \/>&#8211; T\u1ed5ng \u0111\u00e0i PABX hybrid.<br \/>&#8211; H\u1ec7 th\u1ed1ng tho\u1ea1i VoIP c\u00f3 d\u00e2y v\u00e0 kh\u00f4ng d\u00e2y.<\/p>\n<h2 class=\"uppercase\">06. <a class=\"collapsed\" data-bs-toggle=\"collapse\" data-bs-target=\"#accordion-list-6\" aria-expanded=\"false\"><strong>GI\u1ea2I PH\u00c1P V\u1ec0 B\u1ea2O M\u1eacT<\/strong><\/a><\/h2>\n<p>&#8211; H\u1ec7 th\u1ed1ng b\u1ea3o v\u1ec7 Firewall, nh\u1eadn d\u1ea1ng c\u00e1c s\u1ef1 x\u00e2m nh\u1eadp, t\u1ea5n c\u00f4ng h\u1ec7 th\u1ed1ng ITVPN, c\u00e1c h\u1ec7 th\u1ed1ng ng\u0103n ch\u1eb7n chuy\u00ean nghi\u1ec7p (IPS\/IDS).<br \/>&#8211; C\u00f3 c\u00e1c bi\u1ec7n ph\u00e1p d\u1ef1 ph\u00f2ng v\u00e0 ng\u0103n ch\u1eb7n m\u1ea5t m\u00e1t d\u1eef li\u1ec7u.<br \/>&#8211; H\u1ec7 th\u1ed1ng t\u01b0\u1eddng l\u1eeda cho \u1ee9ng d\u1ee5ng web, email antivirus, email anti-spam, x\u00e1c th\u1ef1c ng\u01b0\u1eddi d\u00f9ng, HTTP antivirus, server antivirus, t\u01b0\u1eddng l\u1eeda b\u1ea3o m\u1eadt m\u1ea1ng, IPSec VPN gateway v\u00e0 network antivirus, personal antivirus.<\/p>\n\t\t\n<style>\n#text-277464838 {\n  line-height: 1.25;\n}\n<\/style>\n\t<\/div>\n\t\n\n\t\t<\/div>\n\t\t\t<\/div>\n\n\t\n\n<\/div>\n\n\t\t<\/div>\n\n\t\t\n<style>\n#section_811279605 {\n  padding-top: 60px;\n  padding-bottom: 60px;\n  background-color: rgb(193, 193, 193);\n}\n#section_811279605 .section-bg-overlay {\n  background-color: rgba(255, 255, 255, 0.85);\n}\n<\/style>\n\t<\/section>\n\t\n\t<section class=\"section\" id=\"section_1110407980\">\n\t\t<div class=\"bg section-bg fill bg-fill  bg-loaded\" >\n\n\t\t\t\n\t\t\t<div class=\"section-bg-overlay absolute fill\"><\/div>\n\t\t\t\n\n\t\t<\/div>\n\n\t\t<div class=\"section-content relative\">\n\t\t\t\n\n<div class=\"row row-large align-middle\"  id=\"row-872681104\">\n\n\n\t<div id=\"col-344744822\" class=\"col medium-6 small-12 large-6\"  >\n\t\t<div class=\"col-inner text-left\"  >\n\t\t\t\n\t\t\t\n\n\t<div id=\"text-1312718520\" class=\"text\">\n\t\t\n\n<h2 class=\"uppercase\"><a class=\"collapsed\" data-bs-toggle=\"collapse\" data-bs-target=\"#accordion-list-3\" aria-expanded=\"false\"><strong>07. <a class=\"collapsed\" data-bs-toggle=\"collapse\" data-bs-target=\"#accordion-list-7\" aria-expanded=\"false\">GI\u1ea2I PH\u00c1P H\u1ec6 TH\u1ed0NG V\u1eacN H\u00c0NH V\u00c0 GI\u00c1M S\u00c1T M\u1ea0NG<\/a><\/strong><\/a><\/h2>\n<p>&#8211; H\u1ec7 th\u1ed1ng gi\u00e1m s\u00e1t to\u00e0n b\u1ed9 c\u00e1c k\u1ebft n\u1ed1i v\u00e0o m\u1ea1ng l\u01b0\u1edbi.<br \/>&#8211; Qu\u1ea3n tr\u1ecb an ninh m\u1ea1ng, ki\u1ec3m so\u00e1t \u0111\u01b0\u1ee3c c\u00e1c l\u1ed7i ho\u1ea1t \u0111\u1ed9ng t\u1eeb thi\u1ebft b\u1ecb b\u00e1o v\u1ec1 h\u1ec7 th\u1ed1ng. &#8211; C\u1ea5u h\u00ecnh, s\u1eeda l\u1ed7i h\u1ec7 th\u1ed1ng t\u1eeb xa d\u1ec5 d\u00e0ng.<br \/>&#8211; Giao th\u1ee9c qu\u1ea3n l\u00fd m\u1ea1ng \u0111\u01a1n gi\u1ea3n. &#8211; Xu\u1ea5t b\u00e1o c\u00e1o v\u00e0 c\u1ea3nh b\u00e1o l\u1ed7i qua email, VoIP v\u00e0 SMS gateway.<\/p>\n<h2 class=\"uppercase\"><a class=\"collapsed\" data-bs-toggle=\"collapse\" data-bs-target=\"#accordion-list-3\" aria-expanded=\"false\"><strong>08. <a data-bs-toggle=\"collapse\" data-bs-target=\"#accordion-list-8\" aria-expanded=\"true\">GI\u1ea2I PH\u00c1P L\u01afU TR\u1eee D\u1eee LI\u1ec6U<\/a><\/strong><\/a><\/h2>\n<p>&#8211; Thi\u1ebft k\u1ebf v\u00e0 tri\u1ec3n khai h\u1ec7 th\u1ed1ng l\u01b0u tr\u1eef d\u1eef li\u1ec7u \u0111\u01b0\u1ee3c b\u1ea3o v\u1ec7 to\u00e0n di\u1ec7n, an to\u00e0n.<br \/>&#8211; C\u00f3 c\u00e1c bi\u1ec7n ph\u00e1p d\u1ef1 ph\u00f2ng v\u00e0 ng\u0103n ch\u1eb7n m\u1ea5t m\u00e1t d\u1eef li\u1ec7u.<br \/>&#8211; D\u1ec5 d\u00e0ng m\u1edf r\u1ed9ng, n\u00e2ng c\u1ea5p h\u1ec7 th\u1ed1ng trong t\u01b0\u01a1ng lai.<br \/>&#8211; D\u1ec5 d\u00e0ng qu\u1ea3n tr\u1ecb h\u1ec7 th\u1ed1ng, truy c\u1eadp nhanh v\u00e0 \u0111\u1ed9 tin c\u1eady cao.<\/p>\n\t\t\n<style>\n#text-1312718520 {\n  line-height: 1.25;\n}\n<\/style>\n\t<\/div>\n\t\n\n\t\t<\/div>\n\t\t\t<\/div>\n\n\t\n\n\t<div id=\"col-1181730938\" class=\"col medium-6 small-12 large-6\"  >\n\t\t<div class=\"col-inner\"  >\n\t\t\t\n\t\t\t\n\n\t<div class=\"img has-hover x md-x lg-x y md-y lg-y\" id=\"image_611082321\">\n\t\t\t\t\t\t\t\t<div class=\"img-inner dark\" >\n\t\t\t<img width=\"900\" height=\"675\" src=\"https:\/\/hosting.conasi.vn\/w\/congtycophanapollotechnologies\/wp-content\/uploads\/2023\/07\/GIAIPHAPICT-78.jpg\" class=\"attachment-large size-large\" alt=\"\" loading=\"lazy\" srcset=\"https:\/\/hosting.conasi.vn\/w\/congtycophanapollotechnologies\/wp-content\/uploads\/2023\/07\/GIAIPHAPICT-78.jpg 900w, https:\/\/hosting.conasi.vn\/w\/congtycophanapollotechnologies\/wp-content\/uploads\/2023\/07\/GIAIPHAPICT-78-300x225.jpg 300w, https:\/\/hosting.conasi.vn\/w\/congtycophanapollotechnologies\/wp-content\/uploads\/2023\/07\/GIAIPHAPICT-78-768x576.jpg 768w\" sizes=\"(max-width: 900px) 100vw, 900px\" \/>\t\t\t\t\t\t\n\t\t\t\t\t<\/div>\n\t\t\t\t\t\t\t\t\n<style>\n#image_611082321 {\n  width: 100%;\n}\n<\/style>\n\t<\/div>\n\t\n\n\t<div class=\"img has-hover x md-x lg-x y md-y lg-y\" id=\"image_1525165381\">\n\t\t\t\t\t\t\t\t<div class=\"img-inner box-shadow-2 dark\" >\n\t\t\t\t\t\t\t\t\t\n\t\t\t\t\t<\/div>\n\t\t\t\t\t\t\t\t\n<style>\n#image_1525165381 {\n  width: 100%;\n}\n<\/style>\n\t<\/div>\n\t\n\n\n\t\t<\/div>\n\t\t\t<\/div>\n\n\t\n\n<\/div>\n\n\t\t<\/div>\n\n\t\t\n<style>\n#section_1110407980 {\n  padding-top: 60px;\n  padding-bottom: 60px;\n  background-color: rgb(255, 255, 255);\n}\n#section_1110407980 .section-bg-overlay {\n  background-color: rgba(255, 255, 255, 0.85);\n}\n<\/style>\n\t<\/section>\n\t\n\n","protected":false},"excerpt":{"rendered":"","protected":false},"author":1,"featured_media":0,"parent":0,"menu_order":0,"comment_status":"closed","ping_status":"closed","template":"page-blank.php","meta":[],"_links":{"self":[{"href":"https:\/\/hosting.conasi.vn\/w\/congtycophanapollotechnologies\/wp-json\/wp\/v2\/pages\/744"}],"collection":[{"href":"https:\/\/hosting.conasi.vn\/w\/congtycophanapollotechnologies\/wp-json\/wp\/v2\/pages"}],"about":[{"href":"https:\/\/hosting.conasi.vn\/w\/congtycophanapollotechnologies\/wp-json\/wp\/v2\/types\/page"}],"author":[{"embeddable":true,"href":"https:\/\/hosting.conasi.vn\/w\/congtycophanapollotechnologies\/wp-json\/wp\/v2\/users\/1"}],"replies":[{"embeddable":true,"href":"https:\/\/hosting.conasi.vn\/w\/congtycophanapollotechnologies\/wp-json\/wp\/v2\/comments?post=744"}],"version-history":[{"count":10,"href":"https:\/\/hosting.conasi.vn\/w\/congtycophanapollotechnologies\/wp-json\/wp\/v2\/pages\/744\/revisions"}],"predecessor-version":[{"id":871,"href":"https:\/\/hosting.conasi.vn\/w\/congtycophanapollotechnologies\/wp-json\/wp\/v2\/pages\/744\/revisions\/871"}],"wp:attachment":[{"href":"https:\/\/hosting.conasi.vn\/w\/congtycophanapollotechnologies\/wp-json\/wp\/v2\/media?parent=744"}],"curies":[{"name":"wp","href":"https:\/\/api.w.org\/{rel}","templated":true}]}}