{"id":457,"date":"2018-02-28T17:09:11","date_gmt":"2018-02-28T10:09:11","guid":{"rendered":"https:\/\/bizhostvn.com\/w\/marketing\/?page_id=457"},"modified":"2023-07-31T10:20:20","modified_gmt":"2023-07-31T03:20:20","slug":"lien-he","status":"publish","type":"page","link":"https:\/\/hosting.conasi.vn\/w\/congtycophanapollotechnologies\/lien-he\/","title":{"rendered":"Li\u00ean h\u1ec7"},"content":{"rendered":"\n\n  <div class=\"banner has-hover\" id=\"banner-908508718\">\n          <div class=\"banner-inner fill\">\n        <div class=\"banner-bg fill\" >\n            <div class=\"bg fill bg-fill \"><\/div>\n                                    \n                    <\/div>\n        <div class=\"banner-layers container\">\n            <div class=\"fill banner-link\"><\/div>            \n\n\t<div class=\"img has-hover x10 md-x10 lg-x10 y50 md-y50 lg-y50\" id=\"image_1551795971\">\n\t\t\t\t\t\t<div data-animate=\"fadeInDown\">\t\t<div class=\"img-inner dark\" >\n\t\t\t<img width=\"3466\" height=\"1944\" src=\"https:\/\/hosting.conasi.vn\/w\/congtycophanapollotechnologies\/wp-content\/uploads\/2023\/07\/banner-right_New-02-1.png\" class=\"attachment-original size-original\" alt=\"\" loading=\"lazy\" srcset=\"https:\/\/hosting.conasi.vn\/w\/congtycophanapollotechnologies\/wp-content\/uploads\/2023\/07\/banner-right_New-02-1.png 3466w, https:\/\/hosting.conasi.vn\/w\/congtycophanapollotechnologies\/wp-content\/uploads\/2023\/07\/banner-right_New-02-1-300x168.png 300w, https:\/\/hosting.conasi.vn\/w\/congtycophanapollotechnologies\/wp-content\/uploads\/2023\/07\/banner-right_New-02-1-1024x574.png 1024w, https:\/\/hosting.conasi.vn\/w\/congtycophanapollotechnologies\/wp-content\/uploads\/2023\/07\/banner-right_New-02-1-768x431.png 768w, https:\/\/hosting.conasi.vn\/w\/congtycophanapollotechnologies\/wp-content\/uploads\/2023\/07\/banner-right_New-02-1-1536x862.png 1536w, https:\/\/hosting.conasi.vn\/w\/congtycophanapollotechnologies\/wp-content\/uploads\/2023\/07\/banner-right_New-02-1-2048x1149.png 2048w\" sizes=\"(max-width: 3466px) 100vw, 3466px\" \/>\t\t\t\t\t\t\n\t\t\t\t\t<\/div>\n\t\t<\/div>\t\t\t\t\t\t\n<style>\n#image_1551795971 {\n  width: 30%;\n}\n<\/style>\n\t<\/div>\n\t\n\n\t<div class=\"img has-hover x90 md-x90 lg-x90 y50 md-y50 lg-y50\" id=\"image_1017777325\">\n\t\t\t\t\t\t<div data-animate=\"fadeInUp\">\t\t<div class=\"img-inner dark\" >\n\t\t\t<img width=\"555\" height=\"324\" src=\"https:\/\/hosting.conasi.vn\/w\/congtycophanapollotechnologies\/wp-content\/uploads\/2018\/02\/thiet-ke-web-2.png\" class=\"attachment-original size-original\" alt=\"\" loading=\"lazy\" srcset=\"https:\/\/hosting.conasi.vn\/w\/congtycophanapollotechnologies\/wp-content\/uploads\/2018\/02\/thiet-ke-web-2.png 555w, https:\/\/hosting.conasi.vn\/w\/congtycophanapollotechnologies\/wp-content\/uploads\/2018\/02\/thiet-ke-web-2-300x175.png 300w\" sizes=\"(max-width: 555px) 100vw, 555px\" \/>\t\t\t\t\t\t\n\t\t\t\t\t<\/div>\n\t\t<\/div>\t\t\t\t\t\t\n<style>\n#image_1017777325 {\n  width: 33%;\n}\n<\/style>\n\t<\/div>\n\t\n\n\n        <\/div>\n      <\/div>\n\n            \n<style>\n#banner-908508718 {\n  padding-top: 30%;\n}\n#banner-908508718 .bg.bg-loaded {\n  background-image: url(https:\/\/hosting.conasi.vn\/w\/congtycophanapollotechnologies\/wp-content\/uploads\/2018\/02\/online-marketing-a-z.jpg);\n}\n<\/style>\n  <\/div>\n\n\n\t<section class=\"section\" id=\"section_1897542489\">\n\t\t<div class=\"bg section-bg fill bg-fill  bg-loaded\" >\n\n\t\t\t\n\t\t\t\n\t\t\t\n\n\t\t<\/div>\n\n\t\t<div class=\"section-content relative\">\n\t\t\t\n\n<div class=\"row\"  id=\"row-767881486\">\n\n\n\t<div id=\"col-1553867471\" class=\"col medium-7 small-12 large-7\"  >\n\t\t<div class=\"col-inner\"  >\n\t\t\t\n\t\t\t\n\n<h3>Li\u00ean h\u1ec7 v\u1edbi ch\u00fang t\u00f4i&nbsp;<\/h3>\n<div class=\"col-lg-6\">\n<p>V\u1edbi ti\u1ec1m l\u1ef1c c\u1ee7a m\u00ecnh c\u00f9ng v\u1edbi s\u1ef1 \u0111\u1ea7u t\u01b0 v\u00e0 k\u1ebf th\u1eeba th\u1ebf m\u1ea1nh t\u1eeb c\u00e1c c\u00f4ng ty c\u1ed5 \u0111\u00f4ng, ch\u00fang t\u00f4i tin t\u01b0\u1edfng s\u1ebd l\u00e0 \u0111\u1ed1i t\u00e1c tin c\u1eady c\u1ee7a qu\u00fd kh\u00e1ch h\u00e0ng v\u1edbi vi\u1ec7c cung c\u1ea5p c\u00e1c d\u1ecbch v\u1ee5 c\u00f4ng ngh\u1ec7 cao trong c\u00e1c l\u0129nh v\u1ef1c:<\/p>\n<ul>\n<li><i class=\"ri-check-double-line\"><\/i>H\u1ea1 t\u1ea7ng CNTT, h\u1ec7 th\u1ed1ng Wifi.<\/li>\n<li><i class=\"ri-check-double-line\"><\/i>H\u1ec7 th\u1ed1ng l\u01b0u tr\u1eef, h\u1ec7 th\u1ed1ng an ninh gi\u00e1m s\u00e1t.<\/li>\n<li>H\u1ec7 th\u1ed1ng t\u1ed5ng \u0111\u00e0i, h\u1ec7 th\u1ed1ng ph\u1ee7 s\u00f3ng di \u0111\u1ed9ng trong\/ngo\u00e0i t\u00f2a nh\u00e0.<\/li>\n<li>H\u1ec7 th\u1ed1ng Tel\/Data, h\u1ec7 th\u1ed1ng m\u00e1y ph\u00e1t \u0111i\u1ec7n, t\u1ee7 tr\u1ea1m vi\u1ec5n th\u00f4ng.<\/li>\n<\/ul>\n<\/div>\n<div class=\"col-lg-6 pt-4 pt-lg-0\">&nbsp;<\/div>\n<div role=\"form\" class=\"wpcf7\" id=\"wpcf7-f464-o1\" lang=\"vi\" dir=\"ltr\">\n<div class=\"screen-reader-response\"><p role=\"status\" aria-live=\"polite\" aria-atomic=\"true\"><\/p> <ul><\/ul><\/div>\n<form action=\"\/w\/congtycophanapollotechnologies\/wp-json\/wp\/v2\/pages\/457#wpcf7-f464-o1\" method=\"post\" class=\"wpcf7-form init\" novalidate=\"novalidate\" data-status=\"init\">\n<div style=\"display: none;\">\n<input type=\"hidden\" name=\"_wpcf7\" value=\"464\" \/>\n<input type=\"hidden\" name=\"_wpcf7_version\" value=\"5.3\" \/>\n<input type=\"hidden\" name=\"_wpcf7_locale\" value=\"vi\" \/>\n<input type=\"hidden\" name=\"_wpcf7_unit_tag\" value=\"wpcf7-f464-o1\" \/>\n<input type=\"hidden\" name=\"_wpcf7_container_post\" value=\"0\" \/>\n<input type=\"hidden\" name=\"_wpcf7_posted_data_hash\" value=\"\" \/>\n<\/div>\n<p><span class=\"wpcf7-form-control-wrap text-755\"><input type=\"text\" name=\"text-755\" value=\"\" size=\"40\" class=\"wpcf7-form-control wpcf7-text wpcf7-validates-as-required\" aria-required=\"true\" aria-invalid=\"false\" placeholder=\"H\u1ecd t\u00ean c\u1ee7a b\u1ea1n...\" \/><\/span><br \/>\n<span class=\"wpcf7-form-control-wrap tel-237\"><input type=\"tel\" name=\"tel-237\" value=\"\" size=\"40\" class=\"wpcf7-form-control wpcf7-text wpcf7-tel wpcf7-validates-as-required wpcf7-validates-as-tel\" aria-required=\"true\" aria-invalid=\"false\" placeholder=\"S\u1ed1 \u0111i\u1ec7n tho\u1ea1i c\u1ee7a b\u1ea1n...\" \/><\/span><br \/>\n<span class=\"wpcf7-form-control-wrap email-242\"><input type=\"email\" name=\"email-242\" value=\"\" size=\"40\" class=\"wpcf7-form-control wpcf7-text wpcf7-email wpcf7-validates-as-required wpcf7-validates-as-email\" aria-required=\"true\" aria-invalid=\"false\" placeholder=\"\u0110\u1ecba ch\u1ec9 email c\u1ee7a b\u1ea1n...\" \/><\/span><br \/>\n<input type=\"submit\" value=\"G\u1eedi y\u00eau c\u1ea7u\" class=\"wpcf7-form-control wpcf7-submit\" \/><\/p>\n<div class=\"wpcf7-response-output\" aria-hidden=\"true\"><\/div><\/form><\/div>\n\n\n\t\t<\/div>\n\t\t\t<\/div>\n\n\t\n\n\t<div id=\"col-1250412204\" class=\"col medium-5 small-12 large-5\"  >\n\t\t<div class=\"col-inner\"  >\n\t\t\t\n\t\t\t\n\n<h3>Th\u00f4ng tin li\u00ean h\u1ec7<\/h3>\n<p><span style=\"font-size: 95%; color: #333333;\">Vui l\u00f2ng li\u00ean h\u1ec7 v\u1edbi ch\u00fang t\u00f4i qua c\u00e1c th\u00f4ng tin c\u01a1 b\u1ea3n sau:<\/span><\/p>\n<p><span style=\"font-size: 95%; color: #333333;\">&#8211; \u0110\u1ecba ch\u1ec9: 78 Mai Th\u1ecb L\u1ef1u, ph\u01b0\u1eddng \u0110a Kao, Qu\u1eadn 1, TP H\u1ed3 Ch\u00ed Minh, VN.<\/span><br \/><span style=\"font-size: 95%; color: #333333;\">&#8211; \u0110i\u1ec7n tho\u1ea1i: (+84) 82 343 6996<\/span><br \/><span style=\"font-size: 95%; color: #333333;\">&#8211; Email: contact@apollotech.vn<\/span><br \/><span style=\"font-size: 95%; color: #333333;\">&#8211; Website: https:\/\/apollotech.vn<\/span><\/p>\n<div class=\"social-icons follow-icons\" ><a href=\"#\" target=\"_blank\" data-label=\"Facebook\"  rel=\"noopener noreferrer nofollow\" class=\"icon primary button circle facebook tooltip\" title=\"Follow on Facebook\"><i class=\"icon-facebook\" ><\/i><\/a><a href=\"mailto:webdesign@gmail.com\" data-label=\"E-mail\"  rel=\"nofollow\" class=\"icon primary button circle  email tooltip\" title=\"Send us an email\"><i class=\"icon-envelop\" ><\/i><\/a><a href=\"tel:0999000000\" target=\"_blank\"  data-label=\"Phone\"  rel=\"noopener noreferrer nofollow\" class=\"icon primary button circle  phone tooltip\" title=\"Call us\"><i class=\"icon-phone\" ><\/i><\/a><a href=\"#\" target=\"_blank\" rel=\"noopener noreferrer nofollow\"  data-label=\"Pinterest\"  class=\"icon primary button circle  pinterest tooltip\" title=\"Follow on Pinterest\"><i class=\"icon-pinterest\" ><\/i><\/a><a href=\"#\" target=\"_blank\" rel=\"noopener noreferrer nofollow\" data-label=\"YouTube\" class=\"icon primary button circle  youtube tooltip\" title=\"Follow on YouTube\"><i class=\"icon-youtube\" ><\/i><\/a><\/div>\n\n\n\t\t<\/div>\n\t\t\t<\/div>\n\n\t\n\n\t<div id=\"col-1887073434\" class=\"col small-12 large-12\"  >\n\t\t<div class=\"col-inner\"  >\n\t\t\t\n\t\t\t\n\n<h3>V\u1ecb tr\u00ed tr\u00ean b\u1ea3n \u0111\u1ed3<\/h3>\n<p><iframe src=\"https:\/\/www.google.com\/maps\/embed?pb=!1m18!1m12!1m3!1d3919.250955145043!2d106.69571247341226!3d10.792081489357624!2m3!1f0!2f0!3f0!3m2!1i1024!2i768!4f13.1!3m3!1m2!1s0x317528ca5fbbb62f%3A0xb807a06e14d91a12!2zNzggxJAuIE1haSBUaOG7iyBM4buxdSwgxJBhIEthbywgUXXhuq1uIDEsIFRow6BuaCBwaOG7kSBI4buTIENow60gTWluaCwgVmlldG5hbQ!5e0!3m2!1sen!2s!4v1688532631245!5m2!1sen!2s\" width=\"100%\" height=\"300\" frameborder=\"0\" style=\"border:0\" allowfullscreen=\"\"><\/iframe><\/p>\n\n\t\t<\/div>\n\t\t\t<\/div>\n\n\t\n\n<\/div>\n\n\t\t<\/div>\n\n\t\t\n<style>\n#section_1897542489 {\n  padding-top: 30px;\n  padding-bottom: 30px;\n}\n<\/style>\n\t<\/section>\n\t\n\n","protected":false},"excerpt":{"rendered":"","protected":false},"author":1,"featured_media":0,"parent":0,"menu_order":0,"comment_status":"closed","ping_status":"closed","template":"page-blank.php","meta":[],"_links":{"self":[{"href":"https:\/\/hosting.conasi.vn\/w\/congtycophanapollotechnologies\/wp-json\/wp\/v2\/pages\/457"}],"collection":[{"href":"https:\/\/hosting.conasi.vn\/w\/congtycophanapollotechnologies\/wp-json\/wp\/v2\/pages"}],"about":[{"href":"https:\/\/hosting.conasi.vn\/w\/congtycophanapollotechnologies\/wp-json\/wp\/v2\/types\/page"}],"author":[{"embeddable":true,"href":"https:\/\/hosting.conasi.vn\/w\/congtycophanapollotechnologies\/wp-json\/wp\/v2\/users\/1"}],"replies":[{"embeddable":true,"href":"https:\/\/hosting.conasi.vn\/w\/congtycophanapollotechnologies\/wp-json\/wp\/v2\/comments?post=457"}],"version-history":[{"count":21,"href":"https:\/\/hosting.conasi.vn\/w\/congtycophanapollotechnologies\/wp-json\/wp\/v2\/pages\/457\/revisions"}],"predecessor-version":[{"id":886,"href":"https:\/\/hosting.conasi.vn\/w\/congtycophanapollotechnologies\/wp-json\/wp\/v2\/pages\/457\/revisions\/886"}],"wp:attachment":[{"href":"https:\/\/hosting.conasi.vn\/w\/congtycophanapollotechnologies\/wp-json\/wp\/v2\/media?parent=457"}],"curies":[{"name":"wp","href":"https:\/\/api.w.org\/{rel}","templated":true}]}}