{"id":429,"date":"2018-02-28T16:50:44","date_gmt":"2018-02-28T09:50:44","guid":{"rendered":"https:\/\/bizhostvn.com\/w\/marketing\/?page_id=429"},"modified":"2023-07-10T17:08:21","modified_gmt":"2023-07-10T10:08:21","slug":"gioi-thieu","status":"publish","type":"page","link":"https:\/\/hosting.conasi.vn\/w\/congtycophanapollotechnologies\/gioi-thieu\/","title":{"rendered":"Gi\u1edbi thi\u1ec7u"},"content":{"rendered":"\n<\/p>\n<p>\n\n  <div class=\"banner has-hover\" id=\"banner-1435233213\">\n          <div class=\"banner-inner fill\">\n        <div class=\"banner-bg fill\" >\n            <div class=\"bg fill bg-fill \"><\/div>\n                                    \n                    <\/div>\n        <div class=\"banner-layers container\">\n            <div class=\"fill banner-link\"><\/div>            \n\n\t<div class=\"img has-hover x10 md-x10 lg-x10 y50 md-y50 lg-y50\" id=\"image_951020911\">\n\t\t\t\t\t\t<div data-animate=\"fadeInLeft\">\t\t<div class=\"img-inner dark\" >\n\t\t\t<img width=\"3466\" height=\"1944\" src=\"https:\/\/hosting.conasi.vn\/w\/congtycophanapollotechnologies\/wp-content\/uploads\/2023\/07\/banner-right_New-02-1.png\" class=\"attachment-original size-original\" alt=\"\" loading=\"lazy\" srcset=\"https:\/\/hosting.conasi.vn\/w\/congtycophanapollotechnologies\/wp-content\/uploads\/2023\/07\/banner-right_New-02-1.png 3466w, https:\/\/hosting.conasi.vn\/w\/congtycophanapollotechnologies\/wp-content\/uploads\/2023\/07\/banner-right_New-02-1-300x168.png 300w, https:\/\/hosting.conasi.vn\/w\/congtycophanapollotechnologies\/wp-content\/uploads\/2023\/07\/banner-right_New-02-1-1024x574.png 1024w, https:\/\/hosting.conasi.vn\/w\/congtycophanapollotechnologies\/wp-content\/uploads\/2023\/07\/banner-right_New-02-1-768x431.png 768w, https:\/\/hosting.conasi.vn\/w\/congtycophanapollotechnologies\/wp-content\/uploads\/2023\/07\/banner-right_New-02-1-1536x862.png 1536w, https:\/\/hosting.conasi.vn\/w\/congtycophanapollotechnologies\/wp-content\/uploads\/2023\/07\/banner-right_New-02-1-2048x1149.png 2048w\" sizes=\"(max-width: 3466px) 100vw, 3466px\" \/>\t\t\t\t\t\t\n\t\t\t\t\t<\/div>\n\t\t<\/div>\t\t\t\t\t\t\n<style>\n#image_951020911 {\n  width: 40%;\n}\n<\/style>\n\t<\/div>\n\t\n\n\t<div class=\"img has-hover x90 md-x90 lg-x90 y50 md-y50 lg-y50\" id=\"image_678721291\">\n\t\t\t\t\t\t<div data-animate=\"fadeInRight\">\t\t<div class=\"img-inner dark\" >\n\t\t\t<img width=\"501\" height=\"303\" src=\"https:\/\/hosting.conasi.vn\/w\/congtycophanapollotechnologies\/wp-content\/uploads\/2018\/02\/google-adwords-2.png\" class=\"attachment-original size-original\" alt=\"\" loading=\"lazy\" srcset=\"https:\/\/hosting.conasi.vn\/w\/congtycophanapollotechnologies\/wp-content\/uploads\/2018\/02\/google-adwords-2.png 501w, https:\/\/hosting.conasi.vn\/w\/congtycophanapollotechnologies\/wp-content\/uploads\/2018\/02\/google-adwords-2-300x181.png 300w\" sizes=\"(max-width: 501px) 100vw, 501px\" \/>\t\t\t\t\t\t\n\t\t\t\t\t<\/div>\n\t\t<\/div>\t\t\t\t\t\t\n<style>\n#image_678721291 {\n  width: 32%;\n}\n<\/style>\n\t<\/div>\n\t\n\n\n        <\/div>\n      <\/div>\n\n            \n<style>\n#banner-1435233213 {\n  padding-top: 24%;\n}\n#banner-1435233213 .bg.bg-loaded {\n  background-image: url(https:\/\/hosting.conasi.vn\/w\/congtycophanapollotechnologies\/wp-content\/uploads\/2018\/02\/678.jpg);\n}\n<\/style>\n  <\/div>\n\n\n\t<section class=\"section\" id=\"section_922239155\">\n\t\t<div class=\"bg section-bg fill bg-fill  bg-loaded\" >\n\n\t\t\t\n\t\t\t\n\t\t\t\n\n\t\t<\/div>\n\n\t\t<div class=\"section-content relative\">\n\t\t\t\n\n<div class=\"row\"  id=\"row-711362333\">\n\n\n\t<div id=\"col-219086377\" class=\"col medium-6 small-12 large-6\"  >\n\t\t<div class=\"col-inner\"  >\n\t\t\t\n\t\t\t\n\n<\/p>\n<h1>GI\u1ea2I PH\u00c1P T\u1ed0I \u01afU CHO DOANH NGHI\u1ec6P<\/h1>\n<p>\u00a0 \u00a0 \u00a0 \u00a0 C\u00f4ng ty C\u1ed5 ph\u1ea7n Apollo Technologies l\u00e0 c\u00f4ng ty th\u00e0nh vi\u00ean c\u1ee7a C\u00f4ng ty C\u1ed5 ph\u1ea7n Lumiere Holding v\u00e0 C\u00f4ng ty C\u1ed5 ph\u1ea7n C\u01a1 \u0110i\u1ec7n Dz\u0129 An \u0111\u01b0\u1ee3c th\u00e0nh l\u1eadp v\u1edbi \u0111\u1ecbnh h\u01b0\u1edbng tr\u1edf th\u00e0nh \u0111\u01a1n v\u1ecb m\u1ea1nh trong l\u0129nh v\u1ef1c C\u00f4ng ngh\u1ec7 Th\u00f4ng tin v\u00e0 Truy\u1ec1n th\u00f4ng (ICT) v\u00e0 c\u01a1 \u0111i\u1ec7n (ME) nh\u1eb1m g\u00f3p ph\u1ea7n v\u00e0o qu\u00e1 tr\u00ecnh chuy\u1ec3n \u0111\u1ed5i s\u1ed1 \u0111ang di\u1ec5n ra tr\u00ean to\u00e0n c\u1ea7u n\u00f3i chung v\u00e0 t\u1ea1i Vi\u1ec7t Nam n\u00f3i ri\u00eang. V\u1edbi ti\u1ec1m l\u1ef1c c\u1ee7a m\u00ecnh c\u00f9ng v\u1edbi s\u1ef1 \u0111\u1ea7u t\u01b0 v\u00e0 k\u1ebf th\u1eeba th\u1ebf m\u1ea1nh t\u1eeb c\u00e1c c\u00f4ng ty c\u1ed5 \u0111\u00f4ng, ch\u00fang t\u00f4i tin t\u01b0\u1edfng s\u1ebd l\u00e0 \u0111\u1ed1i t\u00e1c tin c\u1eady c\u1ee7a qu\u00fd kh\u00e1ch h\u00e0ng v\u1edbi vi\u1ec7c cung c\u1ea5p c\u00e1c d\u1ecbch v\u1ee5 c\u00f4ng ngh\u1ec7 cao trong c\u00e1c l\u0129nh v\u1ef1c:<\/p>\n<ul>\n<li><i><\/i>H\u1ea1 t\u1ea7ng CNTT, h\u1ec7 th\u1ed1ng Wifi.<\/li>\n<li><i><\/i>H\u1ec7 th\u1ed1ng l\u01b0u tr\u1eef, h\u1ec7 th\u1ed1ng an ninh gi\u00e1m s\u00e1t.<\/li>\n<li>H\u1ec7 th\u1ed1ng t\u1ed5ng \u0111\u00e0i, h\u1ec7 th\u1ed1ng ph\u1ee7 s\u00f3ng di \u0111\u1ed9ng trong\/ngo\u00e0i t\u00f2a nh\u00e0.<\/li>\n<li><i><\/i>H\u1ec7 th\u1ed1ng Tel\/Data, h\u1ec7 th\u1ed1ng m\u00e1y ph\u00e1t \u0111i\u1ec7n, t\u1ee7 tr\u1ea1m vi\u1ec5n th\u00f4ng.<\/li>\n<\/ul>\n<p>\u00a0 \u00a0 \u00a0 \u00a0\u0110\u1eb7t m\u1ee5c ti\u00eau kh\u00e1ch h\u00e0ng l\u00e0 \u01b0u ti\u00ean h\u00e0ng \u0111\u1ea7u, Apollo Technologies mong mu\u1ed1n nh\u1eadn \u0111\u01b0\u1ee3c s\u1ef1 tin t\u01b0\u1edfng v\u00e0 tr\u1edf th\u00e0nh ng\u01b0\u1eddi \u0111\u1ed3ng h\u00e0nh tin c\u1eady g\u00f3p ph\u1ea7n v\u00e0o th\u00e0nh c\u00f4ng c\u1ee7a qu\u00fd kh\u00e1ch h\u00e0ng.<\/p>\n<p>\u00a0<\/p>\n<p>\n\n\t\t<\/div>\n\t\t\t<\/div>\n\n\t\n\n\t<div id=\"col-685675728\" class=\"col medium-6 small-12 large-6\"  >\n\t\t<div class=\"col-inner\"  >\n\t\t\t\n\t\t\t\n\n<\/p>\n<h3><strong>Th\u00f4ng tin li\u00ean h\u1ec7:<\/strong><\/h3>\n<p>&#8211; \u0110\u1ecba ch\u1ec9:\u00a078 Mai Th\u1ecb L\u1ef1u, ph\u01b0\u1eddng \u0110a Kao, Qu\u1eadn 1, TP H\u1ed3 Ch\u00ed Minh, VN<br \/>&#8211; Email: contact@apollotech.vn\u00a0 |\u00a0 \u00a0S\u1ed1 \u0111i\u1ec7n tho\u1ea1i: \u00a0(+84) 82 343 6996<br \/>&#8211; Website: https:\/\/apollotech.vn\u00a0<\/p>\n<div class=\"social-icons share-icons share-row relative icon-style-fill\" ><a href=\"whatsapp:\/\/send?text=Gi%E1%BB%9Bi%20thi%E1%BB%87u - https:\/\/hosting.conasi.vn\/w\/congtycophanapollotechnologies\/gioi-thieu\/\" data-action=\"share\/whatsapp\/share\" class=\"icon primary button circle tooltip whatsapp show-for-medium\" title=\"Share on WhatsApp\"><i class=\"icon-whatsapp\"><\/i><\/a><a href=\"\/\/www.facebook.com\/sharer.php?u=https:\/\/hosting.conasi.vn\/w\/congtycophanapollotechnologies\/gioi-thieu\/\" data-label=\"Facebook\" onclick=\"window.open(this.href,this.title,'width=500,height=500,top=300px,left=300px');  return false;\" rel=\"noopener noreferrer nofollow\" target=\"_blank\" class=\"icon primary button circle tooltip facebook\" title=\"Share on Facebook\"><i class=\"icon-facebook\" ><\/i><\/a><a href=\"\/\/twitter.com\/share?url=https:\/\/hosting.conasi.vn\/w\/congtycophanapollotechnologies\/gioi-thieu\/\" onclick=\"window.open(this.href,this.title,'width=500,height=500,top=300px,left=300px');  return false;\" rel=\"noopener noreferrer nofollow\" target=\"_blank\" class=\"icon primary button circle tooltip twitter\" title=\"Share on Twitter\"><i class=\"icon-twitter\" ><\/i><\/a><a href=\"mailto:enteryour@addresshere.com?subject=Gi%E1%BB%9Bi%20thi%E1%BB%87u&amp;body=Check%20this%20out:%20https:\/\/hosting.conasi.vn\/w\/congtycophanapollotechnologies\/gioi-thieu\/\" rel=\"nofollow\" class=\"icon primary button circle tooltip email\" title=\"Email to a Friend\"><i class=\"icon-envelop\" ><\/i><\/a><a href=\"\/\/pinterest.com\/pin\/create\/button\/?url=https:\/\/hosting.conasi.vn\/w\/congtycophanapollotechnologies\/gioi-thieu\/&amp;media=&amp;description=Gi%E1%BB%9Bi%20thi%E1%BB%87u\" onclick=\"window.open(this.href,this.title,'width=500,height=500,top=300px,left=300px');  return false;\" rel=\"noopener noreferrer nofollow\" target=\"_blank\" class=\"icon primary button circle tooltip pinterest\" title=\"Pin on Pinterest\"><i class=\"icon-pinterest\" ><\/i><\/a><a href=\"\/\/www.linkedin.com\/shareArticle?mini=true&url=https:\/\/hosting.conasi.vn\/w\/congtycophanapollotechnologies\/gioi-thieu\/&title=Gi%E1%BB%9Bi%20thi%E1%BB%87u\" onclick=\"window.open(this.href,this.title,'width=500,height=500,top=300px,left=300px');  return false;\"  rel=\"noopener noreferrer nofollow\" target=\"_blank\" class=\"icon primary button circle tooltip linkedin\" title=\"Share on LinkedIn\"><i class=\"icon-linkedin\" ><\/i><\/a><\/div>\n<p><iframe style=\"border: 0;\" src=\"https:\/\/www.google.com\/maps\/embed?pb=!1m18!1m12!1m3!1d3919.2478809288796!2d106.69509807394523!3d10.792317258902678!2m3!1f0!2f0!3f0!3m2!1i1024!2i768!4f13.1!3m3!1m2!1s0x317528ca59fd3df1%3A0x98a258ab2542c26e!2zOTVhIMSQLiBNYWkgVGjhu4sgTOG7sXUsIMSQYSBLYW8sIFF14bqtbiAxLCBUaMOgbmggcGjhu5EgSOG7kyBDaMOtIE1pbmgsIFZpZXRuYW0!5e0!3m2!1sen!2sus!4v1688530935649!5m2!1sen!2sus\" width=\"100%\" height=\"180\" frameborder=\"0\" allowfullscreen=\"allowfullscreen\"><\/iframe><\/p>\n<p>\n\n\t\t<\/div>\n\t\t\t<\/div>\n\n\t\n\n\t<div id=\"col-467014614\" class=\"col small-12 large-12\"  >\n\t\t<div class=\"col-inner\"  >\n\t\t\t\n\t\t\t\n\n\t<div class=\"img has-hover x md-x lg-x y md-y lg-y\" id=\"image_317843142\">\n\t\t\t\t\t\t\t\t<div class=\"img-inner image-cover dark\" style=\"padding-top:25%;\">\n\t\t\t<img width=\"1200\" height=\"509\" src=\"https:\/\/hosting.conasi.vn\/w\/congtycophanapollotechnologies\/wp-content\/uploads\/2018\/02\/3123442.jpg\" class=\"attachment-original size-original\" alt=\"\" loading=\"lazy\" srcset=\"https:\/\/hosting.conasi.vn\/w\/congtycophanapollotechnologies\/wp-content\/uploads\/2018\/02\/3123442.jpg 1200w, https:\/\/hosting.conasi.vn\/w\/congtycophanapollotechnologies\/wp-content\/uploads\/2018\/02\/3123442-300x127.jpg 300w, https:\/\/hosting.conasi.vn\/w\/congtycophanapollotechnologies\/wp-content\/uploads\/2018\/02\/3123442-768x326.jpg 768w, https:\/\/hosting.conasi.vn\/w\/congtycophanapollotechnologies\/wp-content\/uploads\/2018\/02\/3123442-1024x434.jpg 1024w\" sizes=\"(max-width: 1200px) 100vw, 1200px\" \/>\t\t\t\t\t\t\n\t\t\t\t\t<\/div>\n\t\t\t\t\t\t\t\t\n<style>\n#image_317843142 {\n  width: 100%;\n}\n<\/style>\n\t<\/div>\n\t\n\n\n\t\t<\/div>\n\t\t\t<\/div>\n\n\t\n\n<\/div>\n\n\t\t<\/div>\n\n\t\t\n<style>\n#section_922239155 {\n  padding-top: 30px;\n  padding-bottom: 30px;\n}\n<\/style>\n\t<\/section>\n\t\n\t<section class=\"section\" id=\"section_1635771691\">\n\t\t<div class=\"bg section-bg fill bg-fill  bg-loaded\" >\n\n\t\t\t\n\t\t\t\n\t\t\t\n\n\t\t<\/div>\n\n\t\t<div class=\"section-content relative\">\n\t\t\t\n\n<div class=\"row row-small\"  id=\"row-40002690\">\n\n\n\t<div id=\"col-1307488388\" class=\"col small-12 large-12\"  data-animate=\"bounceIn\">\n\t\t<div class=\"col-inner\"  >\n\t\t\t\n\t\t\t\n\n<\/p>\n<h3 style=\"text-align: center;\">Ch\u00fang t\u00f4i cam k\u1ebft v\u1edbi b\u1ea1n<\/h3>\n<p style=\"text-align: center;\">M\u1ed9t khi c\u1ed9ng t\u00e1c v\u1edbi nhau trong c\u00f4ng vi\u1ec7c, ch\u00fang t\u00f4i lu\u00f4n mong mong mu\u1ed1n cam k\u1ebft v\u1edbi kh\u00e1ch h\u00e0ng nh\u1eefng l\u1ee3i \u00edch v\u00e0 \u01b0u \u0111\u00e3i t\u1ed1t nh\u1ea5t.<\/p>\n<p>\n\n\t\t<\/div>\n\t\t\t<\/div>\n\n\t\n\n\t<div id=\"col-351916615\" class=\"col medium-4 small-12 large-4\"  data-animate=\"fadeInLeft\">\n\t\t<div class=\"col-inner\"  >\n\t\t\t\n\t\t\t\n\n\t<div class=\"img has-hover x md-x lg-x y md-y lg-y\" id=\"image_94173055\">\n\t\t\t\t\t\t\t\t<div class=\"img-inner dark\" >\n\t\t\t<img width=\"361\" height=\"151\" src=\"https:\/\/hosting.conasi.vn\/w\/congtycophanapollotechnologies\/wp-content\/uploads\/2018\/02\/tao-ra-loi-nhuan.jpg\" class=\"attachment-original size-original\" alt=\"\" loading=\"lazy\" srcset=\"https:\/\/hosting.conasi.vn\/w\/congtycophanapollotechnologies\/wp-content\/uploads\/2018\/02\/tao-ra-loi-nhuan.jpg 361w, https:\/\/hosting.conasi.vn\/w\/congtycophanapollotechnologies\/wp-content\/uploads\/2018\/02\/tao-ra-loi-nhuan-300x125.jpg 300w\" sizes=\"(max-width: 361px) 100vw, 361px\" \/>\t\t\t\t\t\t\n\t\t\t\t\t<\/div>\n\t\t\t\t\t\t\t\t\n<style>\n#image_94173055 {\n  width: 100%;\n}\n<\/style>\n\t<\/div>\n\t\n\n<\/p>\n<h3 style=\"text-align: center;\">Ch\u1ea5t l\u01b0\u1ee3ng &#8211; \u0110\u1ed5i m\u1edbi<\/h3>\n<p style=\"text-align: center;\">Cung c\u1ea5p s\u1ea3n ph\u1ea9m v\u00e0 d\u1ecbch v\u1ee5 ch\u1ea5t l\u01b0\u1ee3ng cao, v\u01b0\u1ee3t qua mong \u0111\u1ee3i c\u1ee7a kh\u00e1ch h\u00e0ng v\u00e0 li\u00ean t\u1ee5c nghi\u00ean c\u1ee9u, ph\u00e1t tri\u1ec3n v\u00e0 \u00e1p d\u1ee5ng c\u00f4ng ngh\u1ec7 v\u00e0 ph\u01b0\u01a1ng ph\u00e1p \u0111\u1ed5i m\u1edbi \u0111\u1ec3 mang l\u1ea1i gi\u00e1 tr\u1ecb gia t\u0103ng cho kh\u00e1ch h\u00e0ng.<\/p>\n<p>\n\n\t\t<\/div>\n\t\t\t<\/div>\n\n\t\n\n\t<div id=\"col-950922791\" class=\"col medium-4 small-12 large-4\"  data-animate=\"bounceInUp\">\n\t\t<div class=\"col-inner\"  >\n\t\t\t\n\t\t\t\n\n\t<div class=\"img has-hover x md-x lg-x y md-y lg-y\" id=\"image_1711551360\">\n\t\t\t\t\t\t\t\t<div class=\"img-inner dark\" >\n\t\t\t<img width=\"361\" height=\"151\" src=\"https:\/\/hosting.conasi.vn\/w\/congtycophanapollotechnologies\/wp-content\/uploads\/2018\/02\/moi-quan-he-hop-tac.jpg\" class=\"attachment-original size-original\" alt=\"\" loading=\"lazy\" srcset=\"https:\/\/hosting.conasi.vn\/w\/congtycophanapollotechnologies\/wp-content\/uploads\/2018\/02\/moi-quan-he-hop-tac.jpg 361w, https:\/\/hosting.conasi.vn\/w\/congtycophanapollotechnologies\/wp-content\/uploads\/2018\/02\/moi-quan-he-hop-tac-300x125.jpg 300w\" sizes=\"(max-width: 361px) 100vw, 361px\" \/>\t\t\t\t\t\t\n\t\t\t\t\t<\/div>\n\t\t\t\t\t\t\t\t\n<style>\n#image_1711551360 {\n  width: 100%;\n}\n<\/style>\n\t<\/div>\n\t\n\n<\/p>\n<h3 style=\"text-align: center;\">H\u1ed7 tr\u1ee3 kh\u00e1ch h\u00e0ng<\/h3>\n<p style=\"text-align: center;\">Cung c\u1ea5p h\u1ed7 tr\u1ee3 to\u00e0n di\u1ec7n v\u00e0 th\u00e2n thi\u1ec7n \u0111\u1ed1i v\u1edbi kh\u00e1ch h\u00e0ng, \u0111\u1ea3m b\u1ea3o r\u1eb1ng m\u1ecdi nhu c\u1ea7u v\u00e0 y\u00eau c\u1ea7u c\u1ee7a h\u1ecd \u0111\u01b0\u1ee3c \u0111\u00e1p \u1ee9ng m\u1ed9t c\u00e1ch nhanh ch\u00f3ng v\u00e0 hi\u1ec7u qu\u1ea3.<\/p>\n<p>\n\n\t\t<\/div>\n\t\t\t<\/div>\n\n\t\n\n\t<div id=\"col-1123213254\" class=\"col medium-4 small-12 large-4\"  data-animate=\"bounceInRight\">\n\t\t<div class=\"col-inner\"  >\n\t\t\t\n\t\t\t\n\n\t<div class=\"img has-hover x md-x lg-x y md-y lg-y\" id=\"image_69253861\">\n\t\t\t\t\t\t\t\t<div class=\"img-inner dark\" >\n\t\t\t<img width=\"361\" height=\"151\" src=\"https:\/\/hosting.conasi.vn\/w\/congtycophanapollotechnologies\/wp-content\/uploads\/2018\/02\/ho-tro-tron-doi.jpg\" class=\"attachment-original size-original\" alt=\"\" loading=\"lazy\" srcset=\"https:\/\/hosting.conasi.vn\/w\/congtycophanapollotechnologies\/wp-content\/uploads\/2018\/02\/ho-tro-tron-doi.jpg 361w, https:\/\/hosting.conasi.vn\/w\/congtycophanapollotechnologies\/wp-content\/uploads\/2018\/02\/ho-tro-tron-doi-300x125.jpg 300w\" sizes=\"(max-width: 361px) 100vw, 361px\" \/>\t\t\t\t\t\t\n\t\t\t\t\t<\/div>\n\t\t\t\t\t\t\t\t\n<style>\n#image_69253861 {\n  width: 100%;\n}\n<\/style>\n\t<\/div>\n\t\n\n<\/p>\n<h3 style=\"text-align: center;\">\u0110\u1ed1i t\u00e1c<\/h3>\n<p style=\"text-align: center;\">X\u00e2y d\u1ef1ng m\u1ed1i quan h\u1ec7 \u0111\u1ed1i t\u00e1c l\u00e2u d\u00e0i v\u00e0 b\u1ec1n v\u1eefng v\u1edbi kh\u00e1ch h\u00e0ng, \u0111\u1ed1i t\u00e1c v\u00e0 c\u1ed9ng \u0111\u1ed3ng, d\u1ef1a tr\u00ean s\u1ef1 t\u00f4n tr\u1ecdng, s\u1ef1 h\u1ee3p t\u00e1c v\u00e0 l\u1ee3i \u00edch chung.<\/p>\n<p>\n\n\t\t<\/div>\n\t\t\t<\/div>\n\n\t\n\n<\/div>\n\n\t\t<\/div>\n\n\t\t\n<style>\n#section_1635771691 {\n  padding-top: 30px;\n  padding-bottom: 30px;\n}\n<\/style>\n\t<\/section>\n\t\n<\/p>\n<p>\n\n","protected":false},"excerpt":{"rendered":"","protected":false},"author":1,"featured_media":0,"parent":0,"menu_order":0,"comment_status":"closed","ping_status":"closed","template":"page-blank.php","meta":[],"_links":{"self":[{"href":"https:\/\/hosting.conasi.vn\/w\/congtycophanapollotechnologies\/wp-json\/wp\/v2\/pages\/429"}],"collection":[{"href":"https:\/\/hosting.conasi.vn\/w\/congtycophanapollotechnologies\/wp-json\/wp\/v2\/pages"}],"about":[{"href":"https:\/\/hosting.conasi.vn\/w\/congtycophanapollotechnologies\/wp-json\/wp\/v2\/types\/page"}],"author":[{"embeddable":true,"href":"https:\/\/hosting.conasi.vn\/w\/congtycophanapollotechnologies\/wp-json\/wp\/v2\/users\/1"}],"replies":[{"embeddable":true,"href":"https:\/\/hosting.conasi.vn\/w\/congtycophanapollotechnologies\/wp-json\/wp\/v2\/comments?post=429"}],"version-history":[{"count":41,"href":"https:\/\/hosting.conasi.vn\/w\/congtycophanapollotechnologies\/wp-json\/wp\/v2\/pages\/429\/revisions"}],"predecessor-version":[{"id":721,"href":"https:\/\/hosting.conasi.vn\/w\/congtycophanapollotechnologies\/wp-json\/wp\/v2\/pages\/429\/revisions\/721"}],"wp:attachment":[{"href":"https:\/\/hosting.conasi.vn\/w\/congtycophanapollotechnologies\/wp-json\/wp\/v2\/media?parent=429"}],"curies":[{"name":"wp","href":"https:\/\/api.w.org\/{rel}","templated":true}]}}