{"id":1045,"date":"2023-09-19T15:55:45","date_gmt":"2023-09-19T08:55:45","guid":{"rendered":"https:\/\/hosting.conasi.vn\/w\/congtycophanapollotechnologies\/?page_id=1045"},"modified":"2023-11-06T15:45:50","modified_gmt":"2023-11-06T08:45:50","slug":"giai-phap-phan-mem","status":"publish","type":"page","link":"https:\/\/hosting.conasi.vn\/w\/congtycophanapollotechnologies\/giai-phap-phan-mem\/","title":{"rendered":"Giai phap ph\u1ea7n m\u1ec1m"},"content":{"rendered":"\n<div class=\"slider-wrapper relative\" id=\"slider-603163620\" >\n    <div class=\"slider slider-nav-circle slider-nav-large slider-nav-light slider-style-normal\"\n        data-flickity-options='{\n            \"cellAlign\": \"center\",\n            \"imagesLoaded\": true,\n            \"lazyLoad\": 1,\n            \"freeScroll\": false,\n            \"wrapAround\": true,\n            \"autoPlay\": 6000,\n            \"pauseAutoPlayOnHover\" : true,\n            \"prevNextButtons\": true,\n            \"contain\" : true,\n            \"adaptiveHeight\" : true,\n            \"dragThreshold\" : 10,\n            \"percentPosition\": true,\n            \"pageDots\": true,\n            \"rightToLeft\": false,\n            \"draggable\": true,\n            \"selectedAttraction\": 0.1,\n            \"parallax\" : 0,\n            \"friction\": 0.6        }'\n        >\n        \n\n\n  <div class=\"banner has-hover\" id=\"banner-215532045\">\n          <div class=\"banner-inner fill\">\n        <div class=\"banner-bg fill\" >\n            <div class=\"bg fill bg-fill \"><\/div>\n                                    \n                    <\/div>\n        <div class=\"banner-layers container\">\n            <div class=\"fill banner-link\"><\/div>            \n\n\n        <\/div>\n      <\/div>\n\n            \n<style>\n#banner-215532045 {\n  padding-top: 240px;\n}\n#banner-215532045 .bg.bg-loaded {\n  background-image: url(https:\/\/hosting.conasi.vn\/w\/congtycophanapollotechnologies\/wp-content\/uploads\/2018\/02\/3123442.jpg);\n}\n#banner-215532045 .bg {\n  background-position: 62% 60%;\n}\n<\/style>\n  <\/div>\n\n\n\n     <\/div>\n\n     <div class=\"loading-spin dark large centered\"><\/div>\n\n     <\/div>\n\n\n\t<section class=\"section\" id=\"section_1849689927\">\n\t\t<div class=\"bg section-bg fill bg-fill  bg-loaded\" >\n\n\t\t\t\n\t\t\t<div class=\"section-bg-overlay absolute fill\"><\/div>\n\t\t\t\n\t<div class=\"is-border\"\n\t\tstyle=\"border-width:1px 0px 1px 0px;\">\n\t<\/div>\n\n\t\t<\/div>\n\n\t\t<div class=\"section-content relative\">\n\t\t\t\n\n<div class=\"row row-large align-middle\"  id=\"row-812228068\">\n\n\n\t<div id=\"col-2043436994\" class=\"col medium-6 small-12 large-6\"  >\n\t\t<div class=\"col-inner\"  >\n\t\t\t\n\t\t\t\n\n\t<div class=\"img has-hover x md-x lg-x y md-y lg-y\" id=\"image_1044099162\">\n\t\t\t\t\t\t\t\t<div class=\"img-inner dark\" >\n\t\t\t<img width=\"1020\" height=\"765\" src=\"https:\/\/hosting.conasi.vn\/w\/congtycophanapollotechnologies\/wp-content\/uploads\/2023\/07\/tel-data-1024x768.png\" class=\"attachment-large size-large\" alt=\"\" loading=\"lazy\" srcset=\"https:\/\/hosting.conasi.vn\/w\/congtycophanapollotechnologies\/wp-content\/uploads\/2023\/07\/tel-data-1024x768.png 1024w, https:\/\/hosting.conasi.vn\/w\/congtycophanapollotechnologies\/wp-content\/uploads\/2023\/07\/tel-data-300x225.png 300w, https:\/\/hosting.conasi.vn\/w\/congtycophanapollotechnologies\/wp-content\/uploads\/2023\/07\/tel-data-768x576.png 768w, https:\/\/hosting.conasi.vn\/w\/congtycophanapollotechnologies\/wp-content\/uploads\/2023\/07\/tel-data.png 1200w\" sizes=\"(max-width: 1020px) 100vw, 1020px\" \/>\t\t\t\t\t\t\n\t\t\t\t\t<\/div>\n\t\t\t\t\t\t\t\t\n<style>\n#image_1044099162 {\n  width: 100%;\n}\n<\/style>\n\t<\/div>\n\t\n\n\t<div class=\"img has-hover x md-x lg-x y md-y lg-y\" id=\"image_1561263545\">\n\t\t\t\t\t\t\t\t<div class=\"img-inner box-shadow-2 dark\" >\n\t\t\t\t\t\t\t\t\t\n\t\t\t\t\t<\/div>\n\t\t\t\t\t\t\t\t\n<style>\n#image_1561263545 {\n  width: 100%;\n}\n<\/style>\n\t<\/div>\n\t\n\n\n\t\t<\/div>\n\t\t\t<\/div>\n\n\t\n\n\t<div id=\"col-1875680701\" class=\"col medium-6 small-12 large-6\"  >\n\t\t<div class=\"col-inner text-left\"  >\n\t\t\t\n\t\t\t\n\n\t<div id=\"text-462875933\" class=\"text\">\n\t\t\n\n<h2 class=\"uppercase\"><a class=\"collapse collapsed\" data-bs-toggle=\"collapse\" data-bs-target=\"#accordion-list-1\" aria-expanded=\"false\"><strong>GI\u1ea2I PH\u00c1P PH\u1ea6N M\u1ec0M<\/strong><\/a><\/h2>\n<p>C\u00f4ng ty C\u1ed5 ph\u1ea7n Apollo Technologies l\u00e0 m\u1ed9t doanh nghi\u1ec7p chuy\u00ean cung c\u1ea5p c\u00e1c gi\u1ea3i ph\u00e1p ph\u1ea7n m\u1ec1m \u0111a d\u1ea1ng, mang l\u1ea1i s\u1ef1 ti\u1ec7n l\u1ee3i v\u00e0 hi\u1ec7u qu\u1ea3 cho t\u1ed5 ch\u1ee9c v\u00e0 doanh nghi\u1ec7p trong nhi\u1ec1u l\u0129nh v\u1ef1c kh\u00e1c nhau. Apollo Technologies \u0111\u00e3 x\u00e2y d\u1ef1ng v\u00e0 ph\u00e1t tri\u1ec3n m\u1ed9t lo\u1ea1t s\u1ea3n ph\u1ea9m ph\u1ea7n m\u1ec1m ti\u00ean ti\u1ebfn, trong \u0111\u00f3 n\u1ed5i b\u1eadt l\u00e0 ph\u1ea7n m\u1ec1m qu\u1ea3n l\u00fd d\u00e2n c\u01b0 (Conasi Home), h\u1ec7 th\u1ed1ng evoucher \u0111i\u1ec7n t\u1eed (Conasi365), &#8230;<\/p>\n<p>Apollo Technologies cam k\u1ebft mang \u0111\u1ebfn gi\u1ea3i ph\u00e1p ph\u1ea7n m\u1ec1m hi\u1ec7n \u0111\u1ea1i, d\u1ec5 s\u1eed d\u1ee5ng v\u00e0 t\u00edch h\u1ee3p nhi\u1ec1u t\u00ednh h\u1ee3p ti\u1ebfn \u0111\u1ec3 \u0111\u00e1p \u1ee9ng nhu c\u1ea7u \u0111a d\u1ea1ng c\u1ee7a kh\u00e1ch h\u00e0ng. C\u00f4ng ty lu\u00f4n t\u1eadp trung v\u00e0o vi\u1ec7c cung c\u1ea5p c\u00e1c gi\u1ea3i ph\u00e1p s\u00e1ng t\u1ea1o \u0111\u1ec3 n\u00e2ng cao hi\u1ec7u su\u1ea5t v\u00e0 s\u1ef1 h\u00e0i l\u00f2ng c\u1ee7a kh\u00e1ch h\u00e0ng, gi\u00fap h\u1ecd th\u00fac \u0111\u1ea9y s\u1ef1 ph\u00e1t tri\u1ec3n v\u00e0 t\u0103ng c\u01b0\u1eddng s\u1ef1 c\u1ea1nh tranh trong th\u1ecb tr\u01b0\u1eddng ng\u00e0y c\u00e0ng c\u1ea1nh tranh.<\/p>\n\t\t\n<style>\n#text-462875933 {\n  line-height: 1.25;\n}\n<\/style>\n\t<\/div>\n\t\n\n\t\t<\/div>\n\t\t\t<\/div>\n\n\t\n\n<\/div>\n<div class=\"row row-large align-middle\"  id=\"row-965997490\">\n\n\n\t<div id=\"col-1620931232\" class=\"col medium-6 small-12 large-6\"  >\n\t\t<div class=\"col-inner text-left\"  >\n\t\t\t\n\t\t\t\n\n\t<div id=\"text-2953769368\" class=\"text\">\n\t\t\n\n<p><img loading=\"lazy\" class=\"size-medium wp-image-1010 aligncenter\" src=\"https:\/\/hosting.conasi.vn\/w\/congtycophanapollotechnologies\/wp-content\/uploads\/2023\/08\/LG-300x92.png\" alt=\"\" width=\"300\" height=\"92\" srcset=\"https:\/\/hosting.conasi.vn\/w\/congtycophanapollotechnologies\/wp-content\/uploads\/2023\/08\/LG-300x92.png 300w, https:\/\/hosting.conasi.vn\/w\/congtycophanapollotechnologies\/wp-content\/uploads\/2023\/08\/LG.png 325w\" sizes=\"(max-width: 300px) 100vw, 300px\" \/><\/p>\n<p>\u0110i\u1ec1u h\u00f2a trung t\u00e2m Multi V LG s\u1edf h\u1eefu nhi\u1ec1u t\u00ednh n\u0103ng hi\u1ec7n<br \/>\u0111\u1ea1i gi\u00fap \u0111\u00e1p \u1ee9ng t\u1ed1t nh\u1ea5t nh\u1eefng nhu c\u1ea7u c\u1ee7a kh\u00e1ch h\u00e0ng v\u00e0<br \/>d\u1ec5 d\u00e0ng l\u1eafp \u0111\u1eb7t.<br \/>Bao g\u1ed3m: \u0110i\u1ec1u ho\u00e0 trung t\u00e2m Multi V5, Multi V S, Multi V<br \/>Water IV<\/p>\n<p><img loading=\"lazy\" class=\"size-medium wp-image-1006 aligncenter\" src=\"https:\/\/hosting.conasi.vn\/w\/congtycophanapollotechnologies\/wp-content\/uploads\/2023\/08\/lg-may-300x281.png\" alt=\"\" width=\"300\" height=\"281\" srcset=\"https:\/\/hosting.conasi.vn\/w\/congtycophanapollotechnologies\/wp-content\/uploads\/2023\/08\/lg-may-300x281.png 300w, https:\/\/hosting.conasi.vn\/w\/congtycophanapollotechnologies\/wp-content\/uploads\/2023\/08\/lg-may.png 308w\" sizes=\"(max-width: 300px) 100vw, 300px\" \/><\/p>\n\t\t\n<style>\n#text-2953769368 {\n  line-height: 1.25;\n}\n<\/style>\n\t<\/div>\n\t\n\n\t\t<\/div>\n\t\t\t<\/div>\n\n\t\n\n\t<div id=\"col-279756775\" class=\"col medium-6 small-12 large-6\"  >\n\t\t<div class=\"col-inner text-left\"  >\n\t\t\t\n\t\t\t\n\n\t<div id=\"text-1380975275\" class=\"text\">\n\t\t\n\n<p><img loading=\"lazy\" class=\"alignnone size-full wp-image-1007 aligncenter\" src=\"https:\/\/hosting.conasi.vn\/w\/congtycophanapollotechnologies\/wp-content\/uploads\/2023\/08\/stulz.png\" alt=\"\" width=\"155\" height=\"123\" \/><\/p>\n<p>H\u00e3ng STULZ &#8211; \u0110\u1ee9c \u0111\u00e3 \u0111\u01b0a ra c\u00e1c gi\u1ea3i ph\u00e1p l\u00e0m m\u00e1t ti\u00ean ti\u1ebfn. \u0110\u00e2y l\u00e0<br \/>d\u00f2ng m\u00e1y l\u1ea1nh ch\u00ednh x\u00e1c, \u0111\u01b0\u1ee3c thi\u1ebft k\u1ebf v\u00e0 ph\u00e1t tri\u1ec3n cho c\u00e1c nh\u00e0<br \/>cung c\u1ea5p Internet, trung t\u00e2m x\u1eed l\u00fd d\u1eef li\u1ec7u, ph\u00f2ng m\u00e1y vi\u1ec5n th\u00f4ng<br \/>ho\u1eb7c c\u00e1c trung t\u00e2m x\u1eed l\u00fd m\u00f4i tr\u01b0\u1eddng, n\u01a1i s\u1eed d\u1ee5ng c\u00e1c thi\u1ebft b\u1ecb c\u00f3 t\u1ea3i<br \/>nhi\u1ec7t l\u1edbn\u2026<br \/>&#8211; Ho\u1ea1t \u0111\u1ed9ng li\u00ean t\u1ee5c 24 gi\u1edd\/ng\u00e0y, 365 ng\u00e0y\/n\u0103m.<br \/>&#8211; \u0110i\u1ec1u khi\u1ec3n ch\u00ednh x\u00e1c nhi\u1ec7t \u0111\u1ed9 &amp; \u0111\u1ed9 \u1ea9m c\u1ee7a m\u00f4i tr\u01b0\u1eddng xung quanh.<br \/>&#8211; Hi\u1ec7u su\u1ea5t cao.<br \/>&#8211; \u0110i\u1ec1u khi\u1ec3n l\u01b0u l\u01b0\u1ee3ng kh\u00ed l\u1edbn.<br \/>&#8211; B\u1ed9 l\u1ecdc kh\u00f4ng kh\u00ed<br \/>\u0111\u1ea1t ti\u00eau chu\u1ea9n cao.<\/p>\n\t\t\n<style>\n#text-1380975275 {\n  line-height: 1.25;\n}\n<\/style>\n\t<\/div>\n\t\n\n\t\t<\/div>\n\t\t\t<\/div>\n\n\t\n\n<\/div>\n<div class=\"row row-large align-middle\"  id=\"row-643656942\">\n\n\n\t<div id=\"col-1912183872\" class=\"col medium-6 small-12 large-6\"  >\n\t\t<div class=\"col-inner text-left\"  >\n\t\t\t\n\t\t\t\n\n\t<div id=\"text-622642733\" class=\"text\">\n\t\t\n\n<p><img loading=\"lazy\" class=\"size-full wp-image-1009 aligncenter\" src=\"https:\/\/hosting.conasi.vn\/w\/congtycophanapollotechnologies\/wp-content\/uploads\/2023\/08\/Dakin.png\" alt=\"\" width=\"285\" height=\"88\" \/><\/p>\n<p>Daikin l\u00e0 nh\u00e0 s\u1ea3n xu\u1ea5t m\u00e1y \u0111i\u1ec1u h\u00f2a kh\u00f4ng kh\u00ed h\u00e0ng \u0111\u1ea7u th\u1ebf gi\u1edbi v\u00e0 c\u00e1c s\u1ea3n ph\u1ea9m c\u1ee7a ch\u00fang t\u00f4i \u0111\u01b0\u1ee3c b\u00e1n t\u1ea1i h\u01a1n 140 qu\u1ed1c gia. K\u1ec3 t\u1eeb \u0111\u1ea7u nh\u1eefng n\u0103m 1930, ch\u00fang t\u00f4i \u0111\u00e3 ti\u1ebfn m\u1ed9t b\u01b0\u1edbc d\u00e0i trong vi\u1ec7c hi\u1ec7n th\u1ef1c h\u00f3a m\u1ed9t m\u00f4i tr\u01b0\u1eddng v\u00e0 ch\u1ea5t l\u01b0\u1ee3ng cu\u1ed9c s\u1ed1ng t\u1ed1t h\u01a1n th\u00f4ng qua vi\u1ec7c cung c\u1ea5p c\u00e1c gi\u1ea3i ph\u00e1p \u0111i\u1ec1u h\u00f2a kh\u00f4ng kh\u00ed. Kh\u00e1m ph\u00e1 ti\u1ebfng n\u00f3i c\u1ee7a kh\u00e1ch h\u00e0ng, c\u00f4ng ngh\u1ec7 quan tr\u1ecdng v\u00e0 c\u00e2u chuy\u1ec7n c\u1ee7a ch\u00fang t\u00f4i. Kh\u00e1m ph\u00e1 Daikin.<\/p>\n<p><img loading=\"lazy\" class=\"size-full wp-image-1005 aligncenter\" src=\"https:\/\/hosting.conasi.vn\/w\/congtycophanapollotechnologies\/wp-content\/uploads\/2023\/08\/dakin-may.png\" alt=\"\" width=\"277\" height=\"169\" \/><\/p>\n\t\t\n<style>\n#text-622642733 {\n  line-height: 1.25;\n}\n<\/style>\n\t<\/div>\n\t\n\n\t\t<\/div>\n\t\t\t<\/div>\n\n\t\n\n\t<div id=\"col-2028480354\" class=\"col medium-6 small-12 large-6\"  >\n\t\t<div class=\"col-inner text-left\"  >\n\t\t\t\n\t\t\t\n\n\t<div id=\"text-3376271439\" class=\"text\">\n\t\t\n\n<p><img loading=\"lazy\" class=\"size-full wp-image-1008 aligncenter\" src=\"https:\/\/hosting.conasi.vn\/w\/congtycophanapollotechnologies\/wp-content\/uploads\/2023\/08\/Samsung.png\" alt=\"\" width=\"288\" height=\"73\" \/><\/p>\n<p>C\u00f4ng ngh\u1ec7 \u0111\u1ed9t ph\u00e1 WindFree\u2122 t\u1eeb Samsung<br \/>ASHRAE (H\u1ed9i k\u1ef9 s\u01b0 nghi\u00ean c\u1ee9u v\u1ec1 T\u1ee7 l\u1ea1nh, M\u00e1y S\u01b0\u1edfi v\u00e0 \u0110i\u1ec1u H\u00f2a<br \/>Kh\u00f4ng Kh\u00ed t\u1ea1i M\u1ef9) \u0111\u1ecbnh ngh\u0129a \u201clu\u1ed3ng kh\u00f4ng kh\u00ed d\u1ec5 ch\u1ecbu&#8221; l\u00e0<br \/>kh\u00f4ng kh\u00ed \u0111\u1ea1t t\u1ed1c \u0111\u1ed9 d\u01b0\u1edbi 0,15m\/s v\u00e0 kh\u00f4ng c\u00f3 s\u1ef1 hi\u1ec7n di\u1ec7n c\u1ee7a<br \/>gi\u00f3 bu\u1ed1t.<\/p>\n<p><img loading=\"lazy\" class=\"size-medium wp-image-1004 aligncenter\" src=\"https:\/\/hosting.conasi.vn\/w\/congtycophanapollotechnologies\/wp-content\/uploads\/2023\/08\/samsung-may-300x98.png\" alt=\"\" width=\"300\" height=\"98\" srcset=\"https:\/\/hosting.conasi.vn\/w\/congtycophanapollotechnologies\/wp-content\/uploads\/2023\/08\/samsung-may-300x98.png 300w, https:\/\/hosting.conasi.vn\/w\/congtycophanapollotechnologies\/wp-content\/uploads\/2023\/08\/samsung-may.png 520w\" sizes=\"(max-width: 300px) 100vw, 300px\" \/><\/p>\n\t\t\n<style>\n#text-3376271439 {\n  line-height: 1.25;\n}\n<\/style>\n\t<\/div>\n\t\n\n\t\t<\/div>\n\t\t\t<\/div>\n\n\t\n\n<\/div>\n\n\t\t<\/div>\n\n\t\t\n<style>\n#section_1849689927 {\n  padding-top: 60px;\n  padding-bottom: 60px;\n  background-color: rgb(193, 193, 193);\n}\n#section_1849689927 .section-bg-overlay {\n  background-color: rgba(255, 255, 255, 0.85);\n}\n<\/style>\n\t<\/section>\n\t\n\n","protected":false},"excerpt":{"rendered":"","protected":false},"author":1,"featured_media":0,"parent":0,"menu_order":0,"comment_status":"closed","ping_status":"closed","template":"page-blank.php","meta":[],"_links":{"self":[{"href":"https:\/\/hosting.conasi.vn\/w\/congtycophanapollotechnologies\/wp-json\/wp\/v2\/pages\/1045"}],"collection":[{"href":"https:\/\/hosting.conasi.vn\/w\/congtycophanapollotechnologies\/wp-json\/wp\/v2\/pages"}],"about":[{"href":"https:\/\/hosting.conasi.vn\/w\/congtycophanapollotechnologies\/wp-json\/wp\/v2\/types\/page"}],"author":[{"embeddable":true,"href":"https:\/\/hosting.conasi.vn\/w\/congtycophanapollotechnologies\/wp-json\/wp\/v2\/users\/1"}],"replies":[{"embeddable":true,"href":"https:\/\/hosting.conasi.vn\/w\/congtycophanapollotechnologies\/wp-json\/wp\/v2\/comments?post=1045"}],"version-history":[{"count":2,"href":"https:\/\/hosting.conasi.vn\/w\/congtycophanapollotechnologies\/wp-json\/wp\/v2\/pages\/1045\/revisions"}],"predecessor-version":[{"id":1072,"href":"https:\/\/hosting.conasi.vn\/w\/congtycophanapollotechnologies\/wp-json\/wp\/v2\/pages\/1045\/revisions\/1072"}],"wp:attachment":[{"href":"https:\/\/hosting.conasi.vn\/w\/congtycophanapollotechnologies\/wp-json\/wp\/v2\/media?parent=1045"}],"curies":[{"name":"wp","href":"https:\/\/api.w.org\/{rel}","templated":true}]}}