{"id":238,"date":"2019-03-18T07:11:15","date_gmt":"2019-03-18T07:11:15","guid":{"rendered":"http:\/\/congty5.khowebseotop.vn\/?post_type=product&#038;p=238"},"modified":"2019-03-18T07:11:16","modified_gmt":"2019-03-18T07:11:16","slug":"phan-mem-ke-toan-smartsoft-7ssc","status":"publish","type":"product","link":"https:\/\/hosting.conasi.vn\/w\/congty52011\/san-pham\/phan-mem-ke-toan-smartsoft-7ssc\/","title":{"rendered":"Ph\u1ea7n m\u1ec1m k\u1ebf to\u00e1n SmartSoft 7(Ssc)"},"content":{"rendered":"<p><img src=\"http:\/\/congty5.khowebseotop.vn\/wp-content\/uploads\/2019\/03\/phan-mem-ke-toan-smartsoft-7ssc-238.jpg\" alt=\"\" \/><\/p>\n<p>Ch\u01b0\u01a1ng tr\u00ecnh k\u1ebf to\u00e1n \u00e1p dung cho c\u00e1c doanh nghi\u1ec7p v\u1eeba v\u00e0 nh\u1ecf ph\u1ea7n m\u1ec1m \u0111\u01b0\u1ee3c thi\u1ebft k\u1ebf linh \u0111\u1ed9ng, d\u1ec5 s\u1eed d\u1ee5ng, \u0111\u00e1p \u1ee9ng \u0111\u01b0\u1ee3c t\u1ea5t c\u1ea3 c\u00e1c nghi\u1ec7p v\u1ee5 ph\u00e1t sinh m\u00e0 Doanh nghi\u1ec7p v\u1eeba v\u00e0 nh\u1ecf trong qu\u00e1 tr\u00ecnh h\u1ea1ch to\u00e1n v\u00e0 c\u00f4ng t\u00e1c k\u1ebf to\u00e1n. Hi\u1ec7n c\u00f3 t\u1edbi h\u00e0ng tr\u0103m doanh nghi\u1ec7p \u0111ang s\u1eed d\u1ee5ng v\u00e0 r\u1ea5t h\u00e0i l\u00f2ng v\u1edbi s\u1ea3n ph\u1ea9m n\u00e0y.<\/p>\n<p>&nbsp;<\/p>\n","protected":false},"excerpt":{"rendered":"<p>Ch\u01b0\u01a1ng tr\u00ecnh k\u1ebf to\u00e1n \u00e1p dung cho c\u00e1c doanh nghi\u1ec7p v\u1eeba v\u00e0 nh\u1ecf ph\u1ea7n m\u1ec1m \u0111\u01b0\u1ee3c thi\u1ebft k\u1ebf linh \u0111\u1ed9ng, d\u1ec5 s\u1eed d\u1ee5ng&#8230;<\/p>\n<p>&nbsp;<\/p>\n","protected":false},"featured_media":239,"comment_status":"open","ping_status":"closed","template":"","meta":[],"_links":{"self":[{"href":"https:\/\/hosting.conasi.vn\/w\/congty52011\/wp-json\/wp\/v2\/product\/238"}],"collection":[{"href":"https:\/\/hosting.conasi.vn\/w\/congty52011\/wp-json\/wp\/v2\/product"}],"about":[{"href":"https:\/\/hosting.conasi.vn\/w\/congty52011\/wp-json\/wp\/v2\/types\/product"}],"replies":[{"embeddable":true,"href":"https:\/\/hosting.conasi.vn\/w\/congty52011\/wp-json\/wp\/v2\/comments?post=238"}],"wp:featuredmedia":[{"embeddable":true,"href":"https:\/\/hosting.conasi.vn\/w\/congty52011\/wp-json\/wp\/v2\/media\/239"}],"wp:attachment":[{"href":"https:\/\/hosting.conasi.vn\/w\/congty52011\/wp-json\/wp\/v2\/media?parent=238"}],"curies":[{"name":"wp","href":"https:\/\/api.w.org\/{rel}","templated":true}]}}