{"id":230,"date":"2019-03-18T07:08:54","date_gmt":"2019-03-18T07:08:54","guid":{"rendered":"http:\/\/congty5.khowebseotop.vn\/?post_type=product&#038;p=230"},"modified":"2019-03-18T07:09:09","modified_gmt":"2019-03-18T07:09:09","slug":"giai-phap-cac-phan-mem-hoa-don-dien-tu","status":"publish","type":"product","link":"https:\/\/hosting.conasi.vn\/w\/congty52011\/san-pham\/giai-phap-cac-phan-mem-hoa-don-dien-tu\/","title":{"rendered":"Gi\u1ea3i ph\u00e1p c\u00e1c ph\u1ea7n m\u1ec1m h\u00f3a \u0111\u01a1n \u0111i\u1ec7n t\u1eed"},"content":{"rendered":"<p><img src=\"http:\/\/congty5.khowebseotop.vn\/wp-content\/uploads\/2019\/03\/giai-phap-cac-phan-mem-hoa-don-dien-tu-230.jpg\" alt=\"\" \/><\/p>\n<p>Ho\u00e1 \u0111\u01a1n \u0111i\u1ec7n t\u1eed l\u00e0 t\u1eadp h\u1ee3p c\u00e1c th\u00f4ng \u0111i\u1ec7p d\u1eef li\u1ec7u \u0111i\u1ec7n t\u1eed v\u1ec1 b\u00e1n h\u00e0ng ho\u00e1, cung \u1ee9ng d\u1ecbch v\u1ee5, \u0111\u01b0\u1ee3c kh\u1edfi t\u1ea1o, l\u1eadp, g\u1eedi, nh\u1eadn, l\u01b0u tr\u1eef v\u00e0 qu\u1ea3n l\u00fd b\u1eb1ng ph\u01b0\u01a1ng ti\u1ec7n \u0111i\u1ec7n t\u1eed (\u0111\u01b0\u1ee3c quy \u0111\u1ecbnh theo th\u00f4ng t\u01b0 s\u1ed1 32\/2011\/TTBTC ban h\u00e0nh ng\u00e0y 14\/3\/2011). \u1ee8ng d\u1ee5ng eBill.Net h\u1ed7 tr\u1ee3 to\u00e0n di\u1ec7n v\u00e0<br \/>\n\u0111\u1ea7y \u0111\u1ee7 c\u00e1c ch\u1ee9c n\u0103ng t\u1eeb b\u01b0\u1edbc th\u00f4ng b\u00e1o ph\u00e1t h\u00e0nh, xu\u1ea5t h\u00f3a \u0111\u01a1n, b\u00e1o c\u00e1o. H\u1ed7 tr\u1ee3 qu\u1ea3n l\u00fd c\u00e1c lo\u1ea1i h\u00f3a \u0111\u01a1n: H\u00f3a \u0111\u01a1n Gi\u00e1 tr\u1ecb gia t\u0103ng, H\u00f3a \u0111\u01a1n b\u00e1n h\u00e0ng, Phi\u1ebfu xu\u1ea5t kho ki\u00eam v\u1eadn chuy\u1ec3n n\u1ed9i b\u1ed9\u2026<\/p>\n<p><img src=\"http:\/\/congty5.khowebseotop.vn\/wp-content\/uploads\/2019\/03\/giai-phap-cac-phan-mem-hoa-don-dien-tu-230-1.jpg\" alt=\"\" \/><\/p>\n<p>&nbsp;<\/p>\n","protected":false},"excerpt":{"rendered":"<p>Ho\u00e1 \u0111\u01a1n \u0111i\u1ec7n t\u1eed l\u00e0 t\u1eadp h\u1ee3p c\u00e1c th\u00f4ng \u0111i\u1ec7p d\u1eef li\u1ec7u \u0111i\u1ec7n t\u1eed v\u1ec1 b\u00e1n h\u00e0ng ho\u00e1, cung \u1ee9ng d\u1ecbch v\u1ee5, \u0111\u01b0\u1ee3c kh\u1edfi t\u1ea1o, l\u1eadp, g\u1eedi, nh\u1eadn, l\u01b0u tr\u1eef v\u00e0 qu\u1ea3n l\u00fd b\u1eb1ng ph\u01b0\u01a1ng ti\u1ec7n \u0111i\u1ec7n t\u1eed&#8230;<\/p>\n<p>&nbsp;<\/p>\n","protected":false},"featured_media":231,"comment_status":"open","ping_status":"closed","template":"","meta":[],"_links":{"self":[{"href":"https:\/\/hosting.conasi.vn\/w\/congty52011\/wp-json\/wp\/v2\/product\/230"}],"collection":[{"href":"https:\/\/hosting.conasi.vn\/w\/congty52011\/wp-json\/wp\/v2\/product"}],"about":[{"href":"https:\/\/hosting.conasi.vn\/w\/congty52011\/wp-json\/wp\/v2\/types\/product"}],"replies":[{"embeddable":true,"href":"https:\/\/hosting.conasi.vn\/w\/congty52011\/wp-json\/wp\/v2\/comments?post=230"}],"wp:featuredmedia":[{"embeddable":true,"href":"https:\/\/hosting.conasi.vn\/w\/congty52011\/wp-json\/wp\/v2\/media\/231"}],"wp:attachment":[{"href":"https:\/\/hosting.conasi.vn\/w\/congty52011\/wp-json\/wp\/v2\/media?parent=230"}],"curies":[{"name":"wp","href":"https:\/\/api.w.org\/{rel}","templated":true}]}}