{"id":226,"date":"2019-03-18T07:07:51","date_gmt":"2019-03-18T07:07:51","guid":{"rendered":"http:\/\/congty5.khowebseotop.vn\/?post_type=product&#038;p=226"},"modified":"2019-03-18T07:08:11","modified_gmt":"2019-03-18T07:08:11","slug":"phan-mem-ke-toan-hcsn-smartsoft-ad09q19","status":"publish","type":"product","link":"https:\/\/hosting.conasi.vn\/w\/congty52011\/san-pham\/phan-mem-ke-toan-hcsn-smartsoft-ad09q19\/","title":{"rendered":"Ph\u1ea7n m\u1ec1m k\u1ebf to\u00e1n HCSN SmartSoft Ad(09Q19)"},"content":{"rendered":"<h2 class=\"title\"><img src=\"http:\/\/congty5.khowebseotop.vn\/wp-content\/uploads\/2019\/03\/phan-mem-ke-toan-hcsn-smartsoft-ad09q19-226.jpg\" alt=\"\" \/><\/h2>\n<h2 class=\"title\">C\u00e1c th\u00f4ng t\u01b0, ngh\u1ecb \u0111\u1ecbnh, qui \u0111\u1ecbnh c\u1ee7a B\u1ed9 t\u00e0i ch\u00ednh v\u1ec1 ch\u1ebf \u0111\u1ed9 h\u1ea1ch to\u00e1n k\u1ebf to\u00e1n \u00e1p d\u1ee5ng cho c\u00e1c \u0111\u01a1n v\u1ecb h\u1ea1ch to\u00e1n theo m\u00f4 h\u00ecnh k\u1ebf to\u00e1n h\u00e0nh ch\u00ednh s\u1ef1 nghi\u1ec7p.<\/h2>\n<div class=\"description\">Th\u00f4ng t\u01b0 107\/2017\/TT-BTC H\u01b0\u1edbng d\u1eabn ch\u1ebf \u0111\u1ed9 k\u1ebf to\u00e1n h\u00e0nh ch\u00ednh s\u1ef1 nghi\u1ec7p;<br \/>\nTh\u00f4ng t\u01b0 324\/2016\/TT-BTC Quy \u0111\u1ecbnh H\u1ec7 th\u1ed1ng M\u1ee5c l\u1ee5c ng\u00e2n s\u00e1ch nh\u00e0 n\u01b0\u1edbc;<\/div>\n<div class=\"description\">Th\u00f4ng t\u01b0 77\/2017\/TT-BTC H\u01b0\u1edbng d\u1eabn ch\u1ebf \u0111\u1ed9 k\u1ebf to\u00e1n ng\u00e2n s\u00e1ch Nh\u00e0 n\u01b0\u1edbc v\u00e0 ho\u1ea1t \u0111\u1ed9ng nghi\u1ec7p v\u1ee5 kho b\u1ea1c Nh\u00e0 n\u01b0\u1edbc;<br \/>\nQuy\u1ebft \u0111\u1ecbnh s\u1ed1 4377\/Q\u0110-KBNN V\u1ec1 vi\u1ec7c ban h\u00e0nh quy tr\u00ecnh nghi\u1ec7p v\u1ee5 th\u1ed1ng nh\u1ea5t \u0111\u1ea7u m\u1ed1i ki\u1ec3m so\u00e1t c\u00e1c kho\u1ea3n chi ng\u00e2n s\u00e1ch Nh\u00e0 n\u01b0\u1edbc qua Kho b\u1ea1c Nh\u00e0 n\u01b0\u1edbc;<br \/>\nTh\u00f4ng t\u01b0 39\/2016\/TT-BTC Quy \u0111\u1ecbnh ch\u1ebf \u0111\u1ed9 ki\u1ec3m so\u00e1t, thanh to\u00e1n c\u00e1c kho\u1ea3n chi NSNN qua KBNN v\u00e0 Th\u00f4ng t\u01b0 40\/2016\/TT-BTC h\u01b0\u1edbng d\u1eabn qu\u1ea3n l\u00fd v\u00e0 ki\u1ec3m so\u00e1t cam k\u1ebft chi NSNN qua KBNN;<br \/>\nTh\u00f4ng t\u01b0 119\/2014\/TT-BTC v\u1ec1 c\u1ea3i c\u00e1ch, \u0111\u01a1n gi\u1ea3n h\u00f3a c\u00e1c th\u1ee7 t\u1ee5c h\u00e0nh ch\u00ednh v\u1ec1 thu\u1ebf;<br \/>\nTh\u00f4ng t\u01b0 39\/2014\/TT-BTC quy \u0111\u1ecbnh v\u1ec1 h\u00f3a \u0111\u01a1n b\u00e1n h\u00e0ng h\u00f3a, cung \u1ee9ng d\u1ecbch v\u1ee5;<br \/>\nTh\u00f4ng t\u01b0 08\/2016\/TT-BTC Quy \u0111\u1ecbnh v\u1ec1 qu\u1ea3n l\u00fd, thanh to\u00e1n v\u1ed1n \u0111\u1ea7u t\u01b0 s\u1eed d\u1ee5ng ngu\u1ed3n v\u1ed1n NSNN;<br \/>\nTh\u00f4ng t\u01b0 09\/2016\/TT-BTC Quy \u0111\u1ecbnh v\u1ec1 quy\u1ebft to\u00e1n d\u1ef1 \u00e1n ho\u00e0n th\u00e0nh thu\u1ed9c ngu\u1ed3n v\u1ed1n Nh\u00e0 n\u01b0\u1edbc;<br \/>\nTh\u00f4ng t\u01b0 162\/2014\/TT-BTC quy \u0111\u1ecbnh v\u1ec1 ch\u1ebf \u0111\u1ed9 qu\u1ea3n l\u00fd v\u00e0 t\u00ednh hao m\u00f2n TSC\u0110.<\/div>\n<p>&nbsp;<\/p>\n","protected":false},"excerpt":{"rendered":"<p>Ph\u1ea7n m\u1ec1m k\u1ebf to\u00e1n SmartSoft ad(09Q19) l\u00e0 phi\u00ean b\u1ea3n d\u00e0nh ri\u00eang cho c\u00e1c \u0111\u01a1n v\u1ecb h\u00e0nh ch\u00ednh s\u1ef1 nghi\u1ec7p&#8230;<\/p>\n<p>&nbsp;<\/p>\n","protected":false},"featured_media":228,"comment_status":"open","ping_status":"closed","template":"","meta":[],"_links":{"self":[{"href":"https:\/\/hosting.conasi.vn\/w\/congty52011\/wp-json\/wp\/v2\/product\/226"}],"collection":[{"href":"https:\/\/hosting.conasi.vn\/w\/congty52011\/wp-json\/wp\/v2\/product"}],"about":[{"href":"https:\/\/hosting.conasi.vn\/w\/congty52011\/wp-json\/wp\/v2\/types\/product"}],"replies":[{"embeddable":true,"href":"https:\/\/hosting.conasi.vn\/w\/congty52011\/wp-json\/wp\/v2\/comments?post=226"}],"wp:featuredmedia":[{"embeddable":true,"href":"https:\/\/hosting.conasi.vn\/w\/congty52011\/wp-json\/wp\/v2\/media\/228"}],"wp:attachment":[{"href":"https:\/\/hosting.conasi.vn\/w\/congty52011\/wp-json\/wp\/v2\/media?parent=226"}],"curies":[{"name":"wp","href":"https:\/\/api.w.org\/{rel}","templated":true}]}}