{"id":219,"date":"2019-03-18T07:05:28","date_gmt":"2019-03-18T07:05:28","guid":{"rendered":"http:\/\/congty5.khowebseotop.vn\/?post_type=product&#038;p=219"},"modified":"2019-03-18T07:06:09","modified_gmt":"2019-03-18T07:06:09","slug":"giai-phap-quan-ly-tong-the-erp-acpinet","status":"publish","type":"product","link":"https:\/\/hosting.conasi.vn\/w\/congty52011\/san-pham\/giai-phap-quan-ly-tong-the-erp-acpinet\/","title":{"rendered":"Gi\u1ea3i ph\u00e1p qu\u1ea3n l\u00fd t\u1ed5ng th\u1ec3 ERP Acpinet"},"content":{"rendered":"<p><img src=\"http:\/\/congty5.khowebseotop.vn\/wp-content\/uploads\/2019\/03\/giai-phap-quan-ly-tong-the-erp-acpinet-219.jpg\" alt=\"\" \/><\/p>\n<ul>\n<li>AcpiNet l\u00e0 h\u1ec7 th\u1ed1ng ph\u1ea7n m\u1ec1m gi\u00fap cho doanh nghi\u1ec7p qu\u1ea3n l\u00fd c\u00e1c ho\u1ea1t \u0111\u1ed9ng ch\u1ee7 ch\u1ed1t c\u1ee7a m\u00ecnh theo m\u1ed9t quy tr\u00ecnh th\u1ed1ng nh\u1ea5t, t\u1eeb: k\u1ebf to\u00e1n, ph\u00e2n t\u00edch t\u00e0i ch\u00ednh, qu\u1ea3n l\u00fd mua h\u00e0ng, qu\u1ea3n l\u00fd t\u1ed3n kho, ho\u1ea1ch \u0111\u1ecbnh v\u00e0 qu\u1ea3n l\u00fd s\u1ea3n xu\u1ea5t, qu\u1ea3n l\u00fd h\u1eadu c\u1ea7n, qu\u1ea3n l\u00fd quan h\u1ec7 v\u1edbi kh\u00e1ch h\u00e0ng, v.v&#8230;<\/li>\n<li>M\u1ee5c ti\u00eau t\u1ed5ng qu\u00e1t c\u1ee7a h\u1ec7 th\u1ed1ng n\u00e0y l\u00e0 \u0111\u1ea3m b\u1ea3o c\u00e1c ngu\u1ed3n l\u1ef1c t\u00edch h\u1ee3p c\u1ee7a doanh nghi\u1ec7p nh\u01b0 nh\u00e2n l\u1ef1c, v\u1eadt t\u01b0, m\u00e1y m\u00f3c v\u00e0 ti\u1ec1n b\u1ea1c c\u00f3 s\u1eb5n v\u1edbi s\u1ed1 l\u01b0\u1ee3ng \u0111\u1ee7 khi c\u1ea7n, b\u1eb1ng c\u00e1ch s\u1eed d\u1ee5ng c\u00e1c c\u00f4ng c\u1ee5 ho\u1ea1ch \u0111\u1ecbnh v\u00e0 l\u00ean k\u1ebf ho\u1ea1ch. N\u00f3 cho ph\u00e9p doanh nghi\u1ec7p cung c\u1ea5p v\u00e0 t\u1ed5ng h\u1ee3p s\u1ed1 li\u1ec7u c\u1ee7a nhi\u1ec1u ho\u1ea1t \u0111\u1ed9ng ri\u00eang r\u1ebd kh\u00e1c nhau \u0111\u1ec3 \u0111\u1ea1t \u0111\u01b0\u1ee3c m\u1ee5c ti\u00eau tr\u00ean<\/li>\n<li>H\u1ec7 th\u1ed1ng bao g\u1ed3m nhi\u1ec1u ph\u00e2n h\u1ec7, t\u1eebng ph\u00e2n h\u1ec7 c\u00f3 th\u1ec3 ho\u1ea1t \u0111\u1ed9ng \u0111\u1ed9c l\u1eadp nh\u01b0ng ch\u00fang c\u00f3 th\u1ec3 k\u1ebft n\u1ed1i v\u1edbi nhau \u0111\u1ec3 t\u1ef1 \u0111\u1ed9ng chia s\u1ebb th\u00f4ng tin v\u1edbi c\u00e1c ph\u00e2n h\u1ec7 kh\u00e1c nhau nh\u1eb1m t\u1ea1o n\u00ean m\u1ed9t h\u1ec7 th\u1ed1ng m\u1ea1nh h\u01a1n<\/li>\n<li>AcpiNet \u0111\u01b0\u1ee3c x\u00e2y d\u1ef1ng v\u00e0 ph\u00e1t tri\u1ec3n b\u1eb1ng c\u00e1c c\u00f4ng c\u1ee5 hi\u1ec7n \u0111\u1ea1i nh\u1ea5t, l\u1eadp tr\u00ecnh tr\u00ean ng\u00f4n ng\u1eef .NET, c\u01a1 s\u1edf d\u1eef li\u1ec7u SQL Server cho ph\u00e9p c\u1eadp nh\u1eadt v\u00e0 khai th\u00e1c d\u1eef li\u1ec7u qua m\u1ea1ng Internet. H\u1ed7 tr\u1ee3 Unicode, cho ph\u00e9p nh\u1eadp nhi\u1ec1u ng\u00f4n ng\u1eef tr\u00ean c\u00f9ng m\u1ed9t d\u00f2ng d\u1eef li\u1ec7u.<\/li>\n<\/ul>\n<p><img src=\"http:\/\/congty5.khowebseotop.vn\/wp-content\/uploads\/2019\/03\/giai-phap-quan-ly-tong-the-erp-acpinet-219-1.jpg\" alt=\"\" \/><\/p>\n<p><strong>(M\u00f4 h\u00ecnh qu\u1ea3n l\u00fd v\u00e0 li\u00ean k\u1ebft d\u1eef li\u1ec7u gi\u1eefa c\u00e1c ph\u00f2ng ban)<\/strong><\/p>\n<p><img src=\"http:\/\/congty5.khowebseotop.vn\/wp-content\/uploads\/2019\/03\/giai-phap-quan-ly-tong-the-erp-acpinet-219-2.jpg\" alt=\"\" \/><\/p>\n<p><strong>(M\u00f4 h\u00ecnh ch\u1ea1y online cho nhi\u1ec1u \u0111i\u1ec3m, nhi\u1ec1u chi nh\u00e1nh)<\/strong><\/p>\n<p><img src=\"http:\/\/congty5.khowebseotop.vn\/wp-content\/uploads\/2019\/03\/giai-phap-quan-ly-tong-the-erp-acpinet-219-3.jpg\" alt=\"\" \/><\/p>\n<p><strong>(M\u00f4 h\u00ecnh ki\u1ec3m tra v\u00e0 xem b\u00e1o c\u00e1o khi \u0111i ra b\u00ean ngo\u00e0i)<\/strong><\/p>\n<p>&nbsp;<\/p>\n","protected":false},"excerpt":{"rendered":"<p>AcpiNet l\u00e0 h\u1ec7 th\u1ed1ng ph\u1ea7n m\u1ec1m gi\u00fap cho doanh nghi\u1ec7p qu\u1ea3n l\u00fd t\u1ed5ng th\u1ec3 \u0111\u01b0\u1ee3c t\u00edch h\u1ee3p \u0111\u1ee7 c\u00e1c c\u00f4ng c\u1ee5 qu\u1ea3n l\u00fd v\u1ebf t\u00e0i ch\u00ednh k\u1ebf to\u00e1n, k\u1ebf ho\u1ea1ch, nh\u00e2n s\u1ef1 ti\u1ec1n l\u01b0\u01a1ng&#8230;<\/p>\n<p>&nbsp;<\/p>\n","protected":false},"featured_media":220,"comment_status":"open","ping_status":"closed","template":"","meta":[],"_links":{"self":[{"href":"https:\/\/hosting.conasi.vn\/w\/congty52011\/wp-json\/wp\/v2\/product\/219"}],"collection":[{"href":"https:\/\/hosting.conasi.vn\/w\/congty52011\/wp-json\/wp\/v2\/product"}],"about":[{"href":"https:\/\/hosting.conasi.vn\/w\/congty52011\/wp-json\/wp\/v2\/types\/product"}],"replies":[{"embeddable":true,"href":"https:\/\/hosting.conasi.vn\/w\/congty52011\/wp-json\/wp\/v2\/comments?post=219"}],"wp:featuredmedia":[{"embeddable":true,"href":"https:\/\/hosting.conasi.vn\/w\/congty52011\/wp-json\/wp\/v2\/media\/220"}],"wp:attachment":[{"href":"https:\/\/hosting.conasi.vn\/w\/congty52011\/wp-json\/wp\/v2\/media?parent=219"}],"curies":[{"name":"wp","href":"https:\/\/api.w.org\/{rel}","templated":true}]}}