{"id":382,"date":"2019-09-18T15:50:44","date_gmt":"2019-09-18T15:50:44","guid":{"rendered":"http:\/\/dautu.muathemewordpress.net\/?page_id=382"},"modified":"2019-09-20T09:32:58","modified_gmt":"2019-09-20T09:32:58","slug":"dinh-cu-chau-au","status":"publish","type":"page","link":"https:\/\/hosting.conasi.vn\/w\/congty122011\/dinh-cu-chau-au\/","title":{"rendered":"\u0110\u1ecbnh c\u01b0 Ch\u00e2u \u00c2u"},"content":{"rendered":"\t<section class=\"section\" id=\"section_694702745\">\n\t\t<div class=\"bg section-bg fill bg-fill  bg-loaded\" >\n\n\t\t\t\n\t\t\t\n\t\t\t\n\n\t\t<\/div>\n\n\t\t<div class=\"section-content relative\">\n\t\t\t\n  <div id=\"page-header-1754869174\" class=\"page-header-wrapper\">\n  <div class=\"page-title dark featured-title\">\n\n        <div class=\"page-title-bg\">\n      <div class=\"title-bg fill bg-fill\"\n        data-parallax-container=\".page-title\"\n        data-parallax-background\n        data-parallax=\"-\">\n      <\/div>\n      <div class=\"title-overlay fill\"><\/div>\n    <\/div>\n    \n    <div class=\"page-title-inner container align-center text-center flex-row-col medium-flex-wrap\" >\n              <div class=\"title-wrapper flex-col\">\n          <h1 class=\"entry-title mb-0\">\n            \u0110\u1ecbnh c\u01b0 Ch\u00e2u \u00c2u          <\/h1>\n        <\/div>\n                    <div class=\"title-content flex-col\">\n              <\/div>\n    <\/div>\n\n     \n<style>\n#page-header-1754869174 .page-title-inner {\n  min-height: 273px;\n}\n#page-header-1754869174 .title-bg {\n  background-image: url(https:\/\/hosting.conasi.vn\/w\/congty122011\/wp-content\/uploads\/2019\/09\/chauau.jpg);\n}\n<\/style>\n  <\/div>\n    <\/div>\n  \n\t\t<\/div>\n\n\t\t\n<style>\n#section_694702745 {\n  padding-top: 0px;\n  padding-bottom: 0px;\n}\n<\/style>\n\t<\/section>\n\t\n\t<section class=\"section section-text\" id=\"section_1135951971\">\n\t\t<div class=\"bg section-bg fill bg-fill  bg-loaded\" >\n\n\t\t\t\n\t\t\t\n\t\t\t\n\n\t\t<\/div>\n\n\t\t<div class=\"section-content relative\">\n\t\t\t\n<div class=\"row\"  id=\"row-1716443935\">\n\n\t<div id=\"col-1567461922\" class=\"col small-12 large-12\"  >\n\t\t<div class=\"col-inner\"  >\n\t\t\t\n\t\t\t\n<h2><span class=\"highlight thread-135768524742195120128789 attrcomment attrcommentfirst thread-135768524742195120128789-first author-d-iz88z86z86za0dz67zz78zz78zz74zz68zjz80zz71z9iz90z9pgz79z4hdz88zvz72zlwwz82zz90zz65z8wf6dwmpz71zz68zz70zpz84zla\">LI\u00caN MINH CH\u00c2U \u00c2U<\/span>\u00a0<span class=\"highlight thread-135768524742195120128789 attrcomment author-d-iz88z86z86za0dz67zz78zz78zz74zz68zjz80zz71z9iz90z9pgz79z4hdz88zvz72zlwwz82zz90zz65z8wf6dwmpz71zz68zz70zpz84zla h-lparen\">(EU)<\/span><span class=\"highlight thread-135768524742195120128789 attrcomment author-d-iz88z86z86za0dz67zz78zz78zz74zz68zjz80zz71z9iz90z9pgz79z4hdz88zvz72zlwwz82zz90zz65z8wf6dwmpz71zz68zz70zpz84zla\">\u00a0<\/span><\/h2>\n<div>\n<p><strong>Li\u00ean minh Ch\u00e2u \u00c2u<\/strong>\u00a0hay c\u00f2n \u0111\u01b0\u1ee3c bi\u1ebft \u0111\u1ebfn v\u1edbi c\u00e1i t\u00ean EU, l\u00e0 m\u1ed9t trong nh\u1eefng li\u00ean minh n\u1ed5i ti\u1ebfng v\u00e0 c\u00f3 s\u1ee9c \u1ea3nh h\u01b0\u1edfng tr\u00ean to\u00e0n th\u1ebf gi\u1edbi. Ng\u00e0y nay, EU \u0111\u00e3 g\u00f3p ph\u1ea7n \u0111\u1ea9y m\u1ea1nh ti\u1ebfn tr\u00ecnh to\u00e0n c\u1ea7u h\u00f3a, \u0111i\u1ec1u n\u00e0y \u0111\u00e3 c\u00f3 nh\u1eefng t\u00e1c \u0111\u1ed9ng \u0111\u1ebfn v\u0103n h\u00f3a v\u00e0 nh\u1eefng \u1ea3nh h\u01b0\u1edfng quan tr\u1ecdng l\u00ean n\u1ec1n kinh t\u1ebf th\u1ebf gi\u1edbi. \u0110i\u1ec1u n\u00e0y \u0111\u00e3 d\u1eabn \u0111\u1ebfn vi\u1ec7c c\u00f3 r\u1ea5t nhi\u1ec1u ng\u01b0\u1eddi tr\u00ean th\u1ebf gi\u1edbi \u0111ang t\u00ecm ki\u1ebfm c\u01a1 h\u1ed9i sinh s\u1ed1ng v\u00e0 l\u00e0m vi\u1ec7c t\u1ea1i c\u00e1c n\u01b0\u1edbc l\u00e0 th\u00e0nh vi\u00ean EU v\u00ec \u0111\u1eb7c quy\u1ec1n t\u1eeb t\u1ea5m h\u1ed9 chi\u1ebfu EU mang l\u1ea1i qu\u00e1 h\u1ea5p d\u1eabn.<\/p>\n<p>H\u00e3y c\u00f9ng Khai Ph\u00fa xem qua c\u00e1c l\u1ee3i th\u1ebf khi b\u1ea1n n\u1eafm gi\u1eef trong tay t\u1ea5m h\u1ed9 chi\u1ebfu quy\u1ec1n l\u1ef1c EU:<\/p>\n<\/div>\n<div>\n<div id=\"attachment_7390\" class=\"wp-caption aligncenter\"><img loading=\"lazy\" class=\"wp-image-7390 size-full\" src=\"http:\/\/dautu.muathemewordpress.net\/wp-content\/uploads\/2019\/09\/dinh-cu-chau-au-382.jpg\" alt=\"\u0110\u1ecbnh c\u01b0 Ch\u00e2u \u00c2u\" width=\"926\" height=\"480\" aria-describedby=\"caption-attachment-7390\" \/><\/p>\n<p id=\"caption-attachment-7390\" class=\"wp-caption-text\"><em>T\u1ea5m h\u1ed9 chi\u1ebfu Ch\u00e2u \u00c2u quy\u1ec1n l\u1ef1c<\/em><\/p>\n<\/div>\n<\/div>\n<h2><strong>\u0110\u1ecaNH C\u01af CH\u00c2U \u00c2U \u2013\u00a0<\/strong><strong>TH\u1edcI GIAN X\u1eec L\u00dd H\u1ed2 S\u01a0<\/strong><\/h2>\n<p>\u0110i\u1ec3m \u0111\u1eb7c bi\u1ec7t c\u1ee7a c\u00e1c ch\u01b0\u01a1ng tr\u00ecnh \u0111\u1ecbnh c\u01b0 Ch\u00e2u \u00c2u ch\u00ednh l\u00e0<strong>\u00a0th\u1eddi gian x\u1eed l\u00fd nhanh<\/strong>, c\u00f3 qu\u1ed1c gia ch\u1ec9 trong v\u00f2ng 4 \u2013 9 th\u00e1ng nh\u01b0 ch\u01b0\u01a1ng tr\u00ecnh\u00a0<strong>S\u00edp,Bulgaria<\/strong>, trong \u0111\u00f3\u00a0<b>Bulgaria\u00a0<\/b>c\u00f2n \u0111\u01b0\u1ee3c xem l\u00e0 ch\u01b0\u01a1ng tr\u00ecnh c\u00f3 chi ph\u00ed th\u1ea5p nh\u1ea5t hi\u1ec7n nay v\u1edbi m\u1ee9c y\u00eau c\u1ea7u \u0111\u1ea7u t\u01b0 ch\u1ec9 t\u1eeb\u00a0<strong>\u20ac190.000<\/strong>\u00a0<strong>(kho\u1ea3ng 5 t\u1ef7 VND)<\/strong>.<\/p>\n<h2><strong>\u0110\u1ecaNH C\u01af CH\u00c2U \u00c2U \u2013\u00a0<\/strong><strong>THU\u1eacN L\u1ee2I TRONG C\u00d4NG VI\u1ec6C<\/strong><\/h2>\n<p>M\u1ed9t trong nh\u1eefng l\u1ee3i th\u1ebf r\u00f5 r\u00e0ng nh\u1ea5t c\u1ee7a h\u1ed9 chi\u1ebfu Ch\u00e2u \u00c2u l\u00e0\u00a0<strong>quy\u1ec1n t\u1ef1 do l\u00e0m vi\u1ec7c t\u1ea1i b\u1ea5t k\u1ef3 qu\u1ed1c gia n\u00e0o th\u00e0nh vi\u00ean trong kh\u1ed1i EU<\/strong>\u00a0m\u00e0 kh\u00f4ng g\u1eb7p b\u1ea5t k\u1ef3 kh\u00f3 kh\u0103n hay tr\u1edf ng\u1ea1i. B\u1ea1n c\u00f3 th\u1ec3 l\u00e0m vi\u1ec7c t\u1ea1i\u00a0<strong>Malta<\/strong>\u00a0hay\u00a0<strong>Ireland<\/strong>\u00a0cho d\u00f9 b\u1ea1n \u0111ang c\u1ea7m t\u1ea5m h\u1ed9 chi\u1ebfu\u00a0<strong>S\u00edp<\/strong>,\u00a0<strong>Bulgaria<\/strong>.<\/p>\n<h2><strong>\u0110\u1ecaNH C\u01af CH\u00c2U \u00c2U \u2013\u00a0<\/strong><strong>T\u1ef0 DO SINH S\u1ed0NG<\/strong><\/h2>\n<p>Kh\u1ea3 n\u0103ng \u0111\u01b0\u1ee3c l\u00e0m vi\u1ec7c t\u1ea1i b\u1ea5t k\u1ef3 qu\u1ed1c gia n\u00e0o trong kh\u1ed1i EU kh\u00f4ng ch\u1ec9 l\u00e0 l\u1ee3i th\u1ebf duy nh\u1ea5t c\u1ee7a vi\u1ec7c\u00a0<strong>\u0111\u1ecbnh c\u01b0 Ch\u00e2u \u00c2u<\/strong>. B\u1ea1n c\u00f2n c\u00f3 th\u1ec3 mang c\u1ea3 gia \u0111\u00ecnh c\u1ee7a m\u00ecnh sang sinh s\u1ed1ng t\u1ea1i nh\u1eefng n\u01b0\u1edbc \u0111\u00f3. C\u00e1c ch\u01b0\u01a1ng tr\u00ecnh \u0111\u1ecbnh c\u01b0 Ch\u00e2u \u00c2u hi\u1ec7n nay \u0111\u1ec1u cho ph\u00e9p b\u1ea3o l\u00e3nh 3 th\u1ebf h\u1ec7 (v\u1ee3\/ch\u1ed3ng, con c\u00e1i v\u00e0 cha m\u1eb9 \u0111\u01b0\u01a1ng \u0111\u01a1n), tuy nhi\u00ean v\u1eabn c\u00f3 ch\u01b0\u01a1ng tr\u00ecnh cho ph\u00e9p\u00a0<strong>b\u1ea3o l\u00e3nh \u0111\u1ebfn 4 th\u1ebf h\u1ec7 (v\u1ee3\/ch\u1ed3ng, con c\u00e1i v\u00e0 cha m\u1eb9 c\u1ea3 2 ph\u00eda \u0111\u01b0\u01a1ng \u0111\u01a1n)<\/strong>\u00a0nh\u01b0<strong>\u00a0Malta<\/strong>.<\/p>\n<h2><strong>\u0110\u1ecaNH C\u01af CH\u00c2U \u00c2U \u2013 T\u1ef0 DO DI CHUY\u1ec2N<\/strong><\/h2>\n<p>Khi b\u1ea1n n\u1eafm trong tay t\u1ea5m h\u1ed9 chi\u1ebfu EU c\u00f3 ngh\u0129a l\u00e0 b\u1ea1n \u0111\u00e3 c\u00f3 m\u1ed9t t\u1ea5m v\u00e9 t\u1ef1 do di chuy\u1ec3n \u0111\u1ebfn nhi\u1ec1u n\u01b0\u1edbc tr\u00ean th\u1ebf gi\u1edbi m\u00e0 kh\u00f4ng c\u1ea7n ph\u1ea3i qua th\u1ee7 t\u1ee5c xin visa ph\u1ee9c t\u1ea1p khi h\u1ea7u h\u1ebft passport c\u00e1c n\u01b0\u1edbc Ch\u00e2u \u00c2u \u0111\u1ec1u c\u00f3\u00a0<strong>kh\u1ea3 n\u0103ng \u0111i \u0111\u1ebfn h\u01a1n 150 n\u01b0\u1edbc tr\u00ean th\u1ebf gi\u1edbi (M\u1ef9, \u00dac v\u00e0 Canada ch\u1ec9 c\u1ea7n xin visa \u0111i\u1ec7n t\u1eed tr\u01b0\u1edbc chuy\u1ebfn \u0111i)<\/strong>. \u0110\u1eb7c bi\u1ec7t v\u1edbi t\u1ea5m\u00a0<strong>h\u1ed9 chi\u1ebfu Malta<\/strong>\u00a0b\u1ea1n c\u00f3 th\u1ec3 \u0111i \u0111\u01b0\u1ee3c c\u1ea3 nh\u1eefng n\u01b0\u1edbc trong kh\u1ed1i Schengen v\u00e0 Li\u00ean hi\u1ec7p Anh.\u00a0<em>(tham kh\u1ea3o t\u1ea1i\u00a0<strong>passport index<\/strong>)<\/em><\/p>\n<h2><strong>\u0110\u1ecaNH C\u01af CH\u00c2U \u00c2U \u2013 C\u01a0 H\u1ed8I V\u1ec0 GI\u00c1O D\u1ee4C<\/strong><\/h2>\n<p>S\u1edf h\u1eefu t\u1ea5m h\u1ed9 chi\u1ebfu Ch\u00e2u \u00c2u cho ph\u00e9p b\u1ea1n t\u1ef1 do h\u1ecdc t\u1eadp t\u1ea1i b\u1ea5t k\u1ef3 qu\u1ed1c gia n\u00e0o trong li\u00ean minh Ch\u00e2u \u00c2u. Ngo\u00e0i ra m\u1ed9t s\u1ed1 n\u01b0\u1edbc c\u00f2n c\u00f3 nh\u1eefng \u0111\u1eb7c quy\u1ec1n v\u1ec1 h\u1ecdc ph\u00ed d\u00e0nh cho c\u01b0 d\u00e2n Ch\u00e2u \u00c2u nh\u01b0<strong>\u00a0gi\u1ea3m h\u1ecdc ph\u00ed ho\u1eb7c th\u1eadm ch\u00ed l\u00e0 mi\u1ec5n ph\u00ed<\/strong>\u00a0nh\u01b0\u00a0<strong>Ireland<\/strong>\u00a0cho b\u1eadc ti\u1ec3u h\u1ecdc v\u00e0 trung h\u1ecdc.<\/p>\n<p><center><iframe src=\"https:\/\/www.youtube.com\/embed\/5WDjVxtzfJs\" width=\"560\" height=\"315\" frameborder=\"0\" allowfullscreen=\"allowfullscreen\" data-mce-fragment=\"1\"><\/iframe><\/center><center><em>C\u00e1c quy\u1ec1n l\u1ee3i khi tr\u1edf th\u00e0nh c\u00f4ng d\u00e2n Ch\u00e2u \u00c2u<\/em><\/center><\/p>\n<h2><strong>\u0110\u1ecaNH C\u01af CH\u00c2U \u00c2U \u2013 C\u01a0 H\u1ed8I V\u1ec0 T\u00c0I CH\u00cdNH<\/strong><\/h2>\n<p>Ngo\u00e0i vi\u1ec7c \u0111\u01b0\u1ee3c t\u1ef1 do kinh doanh \u1edf b\u1ea5t c\u1ee9 n\u01b0\u1edbc n\u00e0o th\u00e0nh vi\u00ean EU th\u00ec \u0111a s\u1ed1 c\u00e1c qu\u1ed1c gia Ch\u00e2u \u00c2u \u0111\u1ec1u c\u00f3 nh\u1eefng\u00a0<strong>ch\u00ednh s\u00e1ch v\u00e0 ch\u1ebf \u0111\u1ed9 thu\u1ebf \u01b0u \u0111\u00e3i<\/strong>. T\u00f9y v\u00e0o c\u00f4ng vi\u1ec7c kinh doanh c\u1ee7a b\u1ea1n m\u00e0 c\u00f3 th\u1ec3 l\u1ef1a ch\u1ecdn ch\u01b0\u01a1ng tr\u00ecnh \u0111\u1ecbnh c\u01b0 Ch\u00e2u \u00c2u ph\u00f9 h\u1ee3p. Nh\u01b0 ch\u01b0\u01a1ng tr\u00ecnh\u00a0<strong>Malta<\/strong>,\u00a0<strong>S\u00edp<\/strong>\u00a0\u0111\u01b0\u1ee3c m\u1ec7nh danh l\u00e0 thi\u00ean \u0111\u01b0\u1eddng thu\u1ebf khi m\u1ee9c \u0111\u00e1nh thu\u1ebf th\u1ea5p v\u00e0 mi\u1ec5n thu\u1ebf th\u1eeba k\u1ebf, thu\u1ebf b\u1ea5t \u0111\u1ed9ng s\u1ea3n, thu\u1ebf t\u00e0i s\u1ea3n\u2026<\/p>\n<h2><strong>\u0110\u1ecaNH C\u01af CH\u00c2U \u00c2U \u2013 \u0110\u1eb6C QUY\u1ec0N KH\u00c1C<\/strong><\/h2>\n<p>Tr\u1edf th\u00e0nh c\u00f4ng d\u00e2n Ch\u00e2u \u00c2u c\u0169ng \u0111\u1ed3ng ngh\u0129a v\u1edbi vi\u1ec7c b\u1ea1n v\u00e0 gia \u0111\u00ecnh kh\u00f4ng ch\u1ec9 h\u01b0\u1edfng c\u00e1c \u0111\u1eb7c quy\u1ec1n c\u1ee7a c\u00f4ng d\u00e2n n\u01b0\u1edbc b\u1ea1n mang qu\u1ed1c t\u1ecbch m\u00e0 c\u00f2n t\u1eeb nh\u1eefng qu\u1ed1c gia kh\u00e1c trong kh\u1ed1i EU. N\u00f3i m\u1ed9t c\u00e1ch kh\u00e1c l\u00e0 n\u1ebfu b\u1ea1n mang h\u1ed9 chi\u1ebfu EU, b\u1ea1n s\u1ebd \u0111\u01b0\u1ee3c c\u00f3 \u0111\u01b0\u1ee3c nh\u1eefng\u00a0<strong>quy\u1ec1n l\u1ee3i v\u1ec1 y t\u1ebf, gi\u00e1o d\u1ee5c, l\u01b0\u01a1ng h\u01b0u, tr\u1ee3 c\u1ea5p th\u1ea5t nghi\u1ec7p, x\u00e3 h\u1ed9i<\/strong>\u00a0v\u00e0 t\u1ea5t c\u1ea3 \u0111i\u1ec1u n\u00e0y \u0111\u1ebfn t\u1eeb\u00a0<strong>C\u00f4ng \u01af\u1edbc Ch\u00e2u \u00c2u v\u1ec1 Nh\u00e2n Quy\u1ec1n (European Convention on Human Rights)<\/strong>\u00a0cho to\u00e0n kh\u1ed1i EU.<\/p>\n<p>H\u00e3y c\u00f9ng Khai Ph\u00fa t\u00ecm hi\u1ec3u v\u00e0 mang nh\u1eefng \u0111\u1eb7c quy\u1ec1n tuy\u1ec7t v\u1eddi n\u00e0y \u0111\u1ebfn cho gia \u0111\u00ecnh m\u00ecnh th\u00f4ng qua vi\u1ec7c \u0111\u1ecbnh c\u01b0 Ch\u00e2u \u00c2u.<\/p>\n<p>&nbsp;<\/p>\n\t\t<\/div>\n\t\t\t<\/div>\n\n\t\n<\/div>\n\t\t<\/div>\n\n\t\t\n<style>\n#section_1135951971 {\n  padding-top: 20px;\n  padding-bottom: 20px;\n}\n<\/style>\n\t<\/section>\n\t\n","protected":false},"excerpt":{"rendered":"","protected":false},"author":1,"featured_media":0,"parent":0,"menu_order":0,"comment_status":"closed","ping_status":"closed","template":"page-blank.php","meta":[],"_links":{"self":[{"href":"https:\/\/hosting.conasi.vn\/w\/congty122011\/wp-json\/wp\/v2\/pages\/382"}],"collection":[{"href":"https:\/\/hosting.conasi.vn\/w\/congty122011\/wp-json\/wp\/v2\/pages"}],"about":[{"href":"https:\/\/hosting.conasi.vn\/w\/congty122011\/wp-json\/wp\/v2\/types\/page"}],"author":[{"embeddable":true,"href":"https:\/\/hosting.conasi.vn\/w\/congty122011\/wp-json\/wp\/v2\/users\/1"}],"replies":[{"embeddable":true,"href":"https:\/\/hosting.conasi.vn\/w\/congty122011\/wp-json\/wp\/v2\/comments?post=382"}],"version-history":[{"count":5,"href":"https:\/\/hosting.conasi.vn\/w\/congty122011\/wp-json\/wp\/v2\/pages\/382\/revisions"}],"predecessor-version":[{"id":476,"href":"https:\/\/hosting.conasi.vn\/w\/congty122011\/wp-json\/wp\/v2\/pages\/382\/revisions\/476"}],"wp:attachment":[{"href":"https:\/\/hosting.conasi.vn\/w\/congty122011\/wp-json\/wp\/v2\/media?parent=382"}],"curies":[{"name":"wp","href":"https:\/\/api.w.org\/{rel}","templated":true}]}}