{"id":148,"date":"2018-08-14T16:07:13","date_gmt":"2018-08-14T16:07:13","guid":{"rendered":"http:\/\/dautu.muathemewordpress.net\/?page_id=148"},"modified":"2020-05-23T12:54:38","modified_gmt":"2020-05-23T05:54:38","slug":"lien-he","status":"publish","type":"page","link":"https:\/\/hosting.conasi.vn\/w\/congty122011\/lien-he\/","title":{"rendered":"Li\u00ean h\u1ec7"},"content":{"rendered":"\n  <div id=\"page-header-1179391038\" class=\"page-header-wrapper\">\n  <div class=\"page-title dark featured-title\">\n\n        <div class=\"page-title-bg\">\n      <div class=\"title-bg fill bg-fill\"\n        data-parallax-container=\".page-title\"\n        data-parallax-background\n        data-parallax=\"-\">\n      <\/div>\n      <div class=\"title-overlay fill\"><\/div>\n    <\/div>\n    \n    <div class=\"page-title-inner container align-center text-center flex-row-col medium-flex-wrap\" >\n              <div class=\"title-wrapper flex-col\">\n          <h1 class=\"entry-title mb-0\">\n            Li\u00ean h\u1ec7          <\/h1>\n        <\/div>\n                    <div class=\"title-content flex-col\">\n              <\/div>\n    <\/div>\n\n     \n<style>\n#page-header-1179391038 .page-title-inner {\n  min-height: 275px;\n}\n#page-header-1179391038 .title-bg {\n  background-image: url(https:\/\/hosting.conasi.vn\/w\/congty122011\/wp-content\/uploads\/2019\/09\/lienhe.jpg);\n}\n#page-header-1179391038 .title-overlay {\n  background-color: rgba(0, 0, 0, 0.65);\n}\n#page-header-1179391038 {\n  background-color: rgb(0,0,0);\n}\n<\/style>\n  <\/div>\n    <\/div>\n  \n\n\t<section class=\"section\" id=\"section_1227191090\">\n\t\t<div class=\"bg section-bg fill bg-fill  bg-loaded\" >\n\n\t\t\t\n\t\t\t\n\t\t\t\n\n\t\t<\/div>\n\n\t\t<div class=\"section-content relative\">\n\t\t\t\n\n<div class=\"row\"  id=\"row-577818615\">\n\n\n\t<div id=\"col-1225698629\" class=\"col medium-4 small-12 large-4\"  >\n\t\t<div class=\"col-inner\"  >\n\t\t\t\n\t\t\t\n\n<h3 class=\"h3-footer\"><span style=\"color: #037e05;\">C\u00f4ng ty TNHH \u0110\u1ea7u t\u01b0 \u0110\u1ecaNH C\u01af<\/span><\/h3>\n<p>Ch\u00fang t\u00f4i l\u00e0 c\u00f4ng ty chuy\u00ean t\u01b0 v\u1ea5n v\u00e0 nh\u1eadn h\u1ed3 s\u01a1 \u0111\u1ea7u t\u01b0 \u0111\u1ecbnh c\u01b0 v\u00e0o M\u1ef9, Canada, Ch\u00e2u \u00c2u.<\/p>\n<ul>\n<li><i class=\"fa fa-home\" aria-hidden=\"true\"><\/i>\u00a0490A, \u0110i\u1ec7n Bi\u00ean Ph\u1ee7, P.21, Q.B\u00ecnh Th\u1ea1nh<\/li>\n<li><i class=\"fa fa-phone\" aria-hidden=\"true\"><\/i> 0999000000<\/li>\n<li><i class=\"fa fa-phone\" aria-hidden=\"true\"><\/i> 0999000000<\/li>\n<li><i class=\"fa fa-envelope-o\" aria-hidden=\"true\"><\/i> email@gmail.com<\/li>\n<\/ul>\n<p>\u00a0<\/p>\n\n\t\t<\/div>\n\t\t\t<\/div>\n\n\t\n\n\t<div id=\"col-1383788172\" class=\"col medium-8 small-12 large-8\"  >\n\t\t<div class=\"col-inner\"  >\n\t\t\t\n\t\t\t\n\n<div role=\"form\" class=\"wpcf7\" id=\"wpcf7-f207-o1\" lang=\"vi\" dir=\"ltr\">\n<div class=\"screen-reader-response\"><p role=\"status\" aria-live=\"polite\" aria-atomic=\"true\"><\/p> <ul><\/ul><\/div>\n<form action=\"\/w\/congty122011\/wp-json\/wp\/v2\/pages\/148#wpcf7-f207-o1\" method=\"post\" class=\"wpcf7-form init\" novalidate=\"novalidate\" data-status=\"init\">\n<div style=\"display: none;\">\n<input type=\"hidden\" name=\"_wpcf7\" value=\"207\" \/>\n<input type=\"hidden\" name=\"_wpcf7_version\" value=\"5.3.2\" \/>\n<input type=\"hidden\" name=\"_wpcf7_locale\" value=\"vi\" \/>\n<input type=\"hidden\" name=\"_wpcf7_unit_tag\" value=\"wpcf7-f207-o1\" \/>\n<input type=\"hidden\" name=\"_wpcf7_container_post\" value=\"0\" \/>\n<input type=\"hidden\" name=\"_wpcf7_posted_data_hash\" value=\"\" \/>\n<\/div>\n<div class=\"row row-form\">\n<div class=\"large-12\">\n<h3>\u0110\u0102NG K\u00dd TH\u00d4NG TIN T\u01af V\u1ea4N<\/h3>\n<\/div>\n<div class=\"large-6\">\n<label><br \/>\n    <span class=\"wpcf7-form-control-wrap your-name\"><input type=\"text\" name=\"your-name\" value=\"\" size=\"40\" class=\"wpcf7-form-control wpcf7-text wpcf7-validates-as-required\" aria-required=\"true\" aria-invalid=\"false\" placeholder=\"H\u1ecd v\u00e0 t\u00ean (*)\" \/><\/span> <\/label>\n<\/div>\n<div class=\"large-6\">\n<label><br \/>\n    <span class=\"wpcf7-form-control-wrap your-email\"><input type=\"email\" name=\"your-email\" value=\"\" size=\"40\" class=\"wpcf7-form-control wpcf7-text wpcf7-email wpcf7-validates-as-required wpcf7-validates-as-email\" aria-required=\"true\" aria-invalid=\"false\" placeholder=\"\u0110\u1ecba ch\u1ec9 email (*)\" \/><\/span> <\/label>\n<\/div>\n<div class=\"large-6\">\n<label><br \/>\n    <span class=\"wpcf7-form-control-wrap your-phone\"><input type=\"tel\" name=\"your-phone\" value=\"\" size=\"40\" class=\"wpcf7-form-control wpcf7-text wpcf7-tel wpcf7-validates-as-required wpcf7-validates-as-tel\" aria-required=\"true\" aria-invalid=\"false\" placeholder=\"S\u1ed1 \u0111i\u1ec7n tho\u1ea1i(*)\" \/><\/span> <\/label>\n<\/div>\n<div class=\"large-6\">\n<label><br \/>\n    <span class=\"wpcf7-form-control-wrap your-address\"><input type=\"text\" name=\"your-address\" value=\"\" size=\"40\" class=\"wpcf7-form-control wpcf7-text wpcf7-validates-as-required\" aria-required=\"true\" aria-invalid=\"false\" placeholder=\"\u0110\u1ecba ch\u1ec9\" \/><\/span> <\/label>\n<\/div>\n<div class=\"large-6\">\n<label><br \/>\n    <span class=\"wpcf7-form-control-wrap your-work\"><input type=\"text\" name=\"your-work\" value=\"\" size=\"40\" class=\"wpcf7-form-control wpcf7-text wpcf7-validates-as-required\" aria-required=\"true\" aria-invalid=\"false\" placeholder=\"Ng\u00e0nh ngh\u1ec1 kinh doanh\" \/><\/span> <\/label>\n<\/div>\n<div class=\"large-6\">\n<label><br \/>\n    <span class=\"wpcf7-form-control-wrap country\"><select name=\"country\" class=\"wpcf7-form-control wpcf7-select\" aria-invalid=\"false\"><option value=\"Qu\u1ed1c gia quan t\u00e2m\">Qu\u1ed1c gia quan t\u00e2m<\/option><option value=\"\u0110\u1ecbnh c\u01b0 M\u1ef9\">\u0110\u1ecbnh c\u01b0 M\u1ef9<\/option><option value=\"\u0110\u1ecbnh c\u01b0 Ch\u00e2u \u00c2u\">\u0110\u1ecbnh c\u01b0 Ch\u00e2u \u00c2u<\/option><option value=\"\u0110\u1ecbnh c\u01b0 Ch\u00e2u \u00c2u\">\u0110\u1ecbnh c\u01b0 Ch\u00e2u \u00c2u<\/option><option value=\"Ch\u01b0a x\u00e1c \u0111\u1ecbnh\">Ch\u01b0a x\u00e1c \u0111\u1ecbnh<\/option><\/select><\/span> <\/label>\n<\/div>\n<div class=\"large-12\">\n<label><br \/>\n    <span class=\"wpcf7-form-control-wrap your-message\"><textarea name=\"your-message\" cols=\"40\" rows=\"10\" class=\"wpcf7-form-control wpcf7-textarea\" aria-invalid=\"false\" placeholder=\"T\u00f3m l\u01b0\u1ee3t n\u1ed9i dung c\u1ea7n t\u01b0 v\u1ea5n c\u1ee7a Qu\u00fd Kh\u00e1ch\"><\/textarea><\/span> <\/label><\/p>\n<div class=\"largr-12 div-dang-ky\">\n<input type=\"submit\" value=\"\u0110\u0103ng k\u00fd\" class=\"wpcf7-form-control wpcf7-submit\" \/>\n<\/div>\n<\/div>\n<\/div>\n<div class=\"wpcf7-response-output\" aria-hidden=\"true\"><\/div><\/form><\/div>\n\n\n\t\t<\/div>\n\t\t\t<\/div>\n\n\t\n\n<\/div>\n<div class=\"row\"  id=\"row-1152787697\">\n\n\n\t<div id=\"col-176698647\" class=\"col small-12 large-12\"  >\n\t\t<div class=\"col-inner\"  >\n\t\t\t\n\t\t\t\n\n<p><iframe src=\"https:\/\/www.google.com\/maps\/embed?pb=!1m14!1m8!1m3!1d7838.146494993891!2d106.677683!3d10.805702!3m2!1i1024!2i768!4f13.1!3m3!1m2!1s0x317528d8bf4ae79d%3A0x5f44625702cefeee!2zOTkgxJDDoG8gRHV5IEFuaCwgUGjGsOG7nW5nIDksIFBow7ogTmh14bqtbiwgSOG7kyBDaMOtIE1pbmgsIFZp4buHdCBOYW0!5e0!3m2!1svi!2sus!4v1534263210934\" width=\"100%\" height=\"450\" frameborder=\"0\" style=\"border:0\" allowfullscreen><\/iframe><\/p>\n\n\t\t<\/div>\n\t\t\t<\/div>\n\n\t\n\n<\/div>\n\n\t\t<\/div>\n\n\t\t\n<style>\n#section_1227191090 {\n  padding-top: 30px;\n  padding-bottom: 30px;\n}\n<\/style>\n\t<\/section>\n\t\n\n","protected":false},"excerpt":{"rendered":"","protected":false},"author":1,"featured_media":0,"parent":0,"menu_order":0,"comment_status":"closed","ping_status":"closed","template":"page-blank.php","meta":[],"_links":{"self":[{"href":"https:\/\/hosting.conasi.vn\/w\/congty122011\/wp-json\/wp\/v2\/pages\/148"}],"collection":[{"href":"https:\/\/hosting.conasi.vn\/w\/congty122011\/wp-json\/wp\/v2\/pages"}],"about":[{"href":"https:\/\/hosting.conasi.vn\/w\/congty122011\/wp-json\/wp\/v2\/types\/page"}],"author":[{"embeddable":true,"href":"https:\/\/hosting.conasi.vn\/w\/congty122011\/wp-json\/wp\/v2\/users\/1"}],"replies":[{"embeddable":true,"href":"https:\/\/hosting.conasi.vn\/w\/congty122011\/wp-json\/wp\/v2\/comments?post=148"}],"version-history":[{"count":12,"href":"https:\/\/hosting.conasi.vn\/w\/congty122011\/wp-json\/wp\/v2\/pages\/148\/revisions"}],"predecessor-version":[{"id":536,"href":"https:\/\/hosting.conasi.vn\/w\/congty122011\/wp-json\/wp\/v2\/pages\/148\/revisions\/536"}],"wp:attachment":[{"href":"https:\/\/hosting.conasi.vn\/w\/congty122011\/wp-json\/wp\/v2\/media?parent=148"}],"curies":[{"name":"wp","href":"https:\/\/api.w.org\/{rel}","templated":true}]}}