{"id":812,"date":"2019-10-22T16:28:42","date_gmt":"2019-10-22T09:28:42","guid":{"rendered":"https:\/\/tinhoctaynguyen.bizhostvn.com\/?post_type=product&#038;p=812"},"modified":"2019-10-25T00:05:27","modified_gmt":"2019-10-24T17:05:27","slug":"camera-ip-hikvision-ds-2cd2343g0-i-4-0-megapixel-hong-ngoai-30m-micro-sd-poe","status":"publish","type":"product","link":"https:\/\/hosting.conasi.vn\/w\/camera12011\/san-pham\/camera-ip-hikvision-ds-2cd2343g0-i-4-0-megapixel-hong-ngoai-30m-micro-sd-poe\/","title":{"rendered":"Camera ip hikvision DS-2CD2343G0-I 4.0 Megapixel, H\u1ed3ng ngo\u1ea1i 30m, Micro SD, PoE"},"content":{"rendered":"<p><strong>Camera ip hikvision\u00a0DS-2CD2343G0-I<\/strong><\/p>\n<p><strong>\u00a0 \u00a0&#8211; Camera ip hikvision\u00a0<\/strong>DS-2CD2343G0-I h\u00f4\u0300ng ngoa\u0323i t\u1ea7m xa 30m, d\u00f2ng s\u1ea3n ph\u1ea9m m\u1edbi nh\u1ea5t c\u1ee7a HIKVISION c\u00f3 \u0111\u1ed9 ph\u00e2n gi\u1ea3i 4.0 Megapixel gi\u00e1 r\u1ebb, h\u00ecnh \u1ea3nh HD si\u00eau n\u00e9t, h\u1ed7 tr\u1ee3 b\u00e1o \u0111\u1ed9ng ph\u00e1t hi\u1ec7n khu v\u1ef1c c\u1ea5m hay v\u01b0\u1ee3t h\u00e0ng r\u00e0o \u1ea3o, m\u00e0u tr\u1eafng trang nh\u00e3 sang tr\u1ecdng, s\u1eed d\u1ee5ng cho m\u1ecdi nh\u00e0,\u00a0<em>l\u1eafp \u0111\u1eb7t camera<\/em>\u00a0cho v\u0103n ph\u00f2ng c\u00f4ng ty, camera cho shop th\u1eddi trang qu\u1ea7n \u00e1o, camera cho qu\u00e1n caf\u00e9\u2026<\/p>\n<h3><strong>T\u00ednh n\u0103ng\u00a0camera ip hikvision DS-2CD2343G0-I<\/strong><\/h3>\n<p><strong>\u00a0 \u00a0&#8211;\u00a0<\/strong>Ca\u0309m bi\u00ea\u0301n:\u00a0\u00a01\/2.8&#8243; Progressive CMOS<\/p>\n<p><strong>\u00a0 \u00a0&#8211;\u00a0<\/strong>\u0110\u1ed9 ph\u00e2n gi\u1ea3i cao 4.0 Megapixel\u00a0cho h\u00ecnh \u1ea3nh Full HD 1440P si\u00eau n\u00e9t<\/p>\n<p><strong>\u00a0 \u00a0&#8211;\u00a0<\/strong>\u0110\u1ed9 nh\u1ea1y s\u00e1ng: Color: 0.01 lux @(F1.2, AGC ON), 0 lux with IR;\u00a025fps\/30fps(2560\u00d71440, 1920\u00d71080)<\/p>\n<p><strong>\u00a0 \u00a0&#8211;\u00a0<\/strong>Chu\u1ea9n n\u00e9n h\u00ecnh \u1ea3nh\u00a0H.265+\/H.265\/H.264\/MJPEG<\/p>\n<p><strong>\u00a0 \u00a0&#8211;\u00a0<\/strong>\u0110\u00e8n led h\u1ed3ng ngo\u1ea1i th\u00f4ng minh EXIR 2.0 t\u1ea7m nh\u00ecn xa ban\u00a0\u0111\u00eam l\u00ean\u00a0\u0111\u1ebfn 30m<\/p>\n<p><strong>\u00a0 \u00a0&#8211;\u00a0<\/strong>T\u00ednh n\u0103ng th\u00f4ng minh: V\u01b0\u1ee3t h\u00e0ng r\u00e0o \u1ea3o, \u0111\u1ed9t nh\u1eadp khu v\u1ef1c c\u1ea5m v\u00e0 nh\u1eadn di\u1ec7n khu\u00f4n m\u1eb7t<\/p>\n<p><strong>\u00a0 \u00a0&#8211;\u00a0<\/strong>C\u00f4ng ngh\u1ec7 ch\u1ed1ng ng\u01b0\u1ee3c s\u00e1ng th\u1ef1c WDR-120dB<\/p>\n<p><strong>\u00a0 \u00a0&#8211;\u00a0<\/strong>H\u1ed7 tr\u1ee3 khe c\u1eafm th\u1ebb nh\u1edb max\u00a0128GB,\u00a0PoE<\/p>\n<p><strong>\u00a0 \u00a0&#8211;\u00a0<\/strong>Mi\u00ea\u0303n phi\u0301 t\u00ean mi\u1ec1n\u00a0chi\u0301nh ha\u0303ng tro\u0323n \u0111\u01a1\u0300i sa\u0309n ph\u00e2\u0309m.<\/p>\n<p><img src=\"https:\/\/digione.vn\/upload\/source\/camera-ip-hikvision-ds-2cd2343g0-i-40-megapixel-hong-ngoai-30m-micro-sd-poe\/3553_camera_hikvision_ds_2cd2343g0_i.jpg?1569404461181\" alt=\"3553_camera_hikvision_ds_2cd2343g0_i\" \/><\/p>\n","protected":false},"excerpt":{"rendered":"<p>Camera ip hikvision\u00a0DS-2CD2343G0-I \u00a0 \u00a0&#8211; Camera ip hikvision\u00a0DS-2CD2343G0-I h\u00f4\u0300ng ngoa\u0323i t\u1ea7m xa 30m, d\u00f2ng s\u1ea3n ph\u1ea9m m\u1edbi nh\u1ea5t c\u1ee7a HIKVISION c\u00f3 \u0111\u1ed9 ph\u00e2n gi\u1ea3i 4.0 Megapixel gi\u00e1 r\u1ebb, h\u00ecnh \u1ea3nh HD si\u00eau n\u00e9t, h\u1ed7 tr\u1ee3 b\u00e1o \u0111\u1ed9ng ph\u00e1t hi\u1ec7n khu v\u1ef1c c\u1ea5m hay v\u01b0\u1ee3t h\u00e0ng r\u00e0o \u1ea3o, m\u00e0u tr\u1eafng trang nh\u00e3 sang tr\u1ecdng, s\u1eed d\u1ee5ng &#8230;<\/p>\n","protected":false},"featured_media":803,"comment_status":"closed","ping_status":"closed","template":"","meta":[],"brands":[{"id":30,"name":"Hikvison","slug":"hikvison"}],"_links":{"self":[{"href":"https:\/\/hosting.conasi.vn\/w\/camera12011\/wp-json\/wp\/v2\/product\/812"}],"collection":[{"href":"https:\/\/hosting.conasi.vn\/w\/camera12011\/wp-json\/wp\/v2\/product"}],"about":[{"href":"https:\/\/hosting.conasi.vn\/w\/camera12011\/wp-json\/wp\/v2\/types\/product"}],"replies":[{"embeddable":true,"href":"https:\/\/hosting.conasi.vn\/w\/camera12011\/wp-json\/wp\/v2\/comments?post=812"}],"wp:featuredmedia":[{"embeddable":true,"href":"https:\/\/hosting.conasi.vn\/w\/camera12011\/wp-json\/wp\/v2\/media\/803"}],"wp:attachment":[{"href":"https:\/\/hosting.conasi.vn\/w\/camera12011\/wp-json\/wp\/v2\/media?parent=812"}],"curies":[{"name":"wp","href":"https:\/\/api.w.org\/{rel}","templated":true}]}}