{"id":808,"date":"2019-10-22T16:23:45","date_gmt":"2019-10-22T09:23:45","guid":{"rendered":"https:\/\/tinhoctaynguyen.bizhostvn.com\/?post_type=product&#038;p=808"},"modified":"2019-10-22T16:23:45","modified_gmt":"2019-10-22T09:23:45","slug":"camera-ip-hikvision-ds-2cd2121g0-i-2-0-megapixel-hong-ngoai-30m","status":"publish","type":"product","link":"https:\/\/hosting.conasi.vn\/w\/camera12011\/san-pham\/camera-ip-hikvision-ds-2cd2121g0-i-2-0-megapixel-hong-ngoai-30m\/","title":{"rendered":"Camera IP HIKVISION DS-2CD2121G0-I 2.0 Megapixel, H\u1ed3ng ngo\u1ea1i 30m"},"content":{"rendered":"<h2><strong>Camera IP HIKVISION DS-2CD2121G0-I<\/strong><\/h2>\n<p>&#8211; Camera quan s\u00e1t\u00a0HIKVISION DS-DS-2CD2121G0-I\u00a0IP\u00a0h\u00f4\u0300ng ngoa\u0323i t\u1ea7m xa 30M, d\u00f2ng s\u1ea3n ph\u1ea9m m\u1edbi nh\u1ea5t c\u1ee7a HIKVISION c\u00f3 \u0111\u1ed9 ph\u00e2n gi\u1ea3i 2.0 Megapixel gi\u00e1 r\u1ebb, h\u00ecnh \u1ea3nh HD si\u00eau n\u00e9t, h\u1ed7 tr\u1ee3 b\u00e1o \u0111\u1ed9ng ph\u00e1t hi\u1ec7n khu v\u1ef1c c\u1ea5m hay v\u01b0\u1ee3t h\u00e0ng r\u00e0o \u1ea3o, m\u00e0u tr\u1eafng trang nh\u00e3 sang tr\u1ecdng, s\u1eed d\u1ee5ng cho m\u1ecdi nh\u00e0,\u00a0camera cho v\u0103n ph\u00f2ng c\u00f4ng ty, camera cho shop th\u1eddi trang qu\u1ea7n \u00e1o, camera cho qu\u00e1n caf\u00e9\u2026S\u1ea3n ph\u1ea9m ch\u1ea5t l\u01b0\u1ee3ng si\u00eau n\u00e9t \u0111\u1ea3m b\u1ea3o h\u00e0i l\u00f2ng kh\u00e1ch h\u00e0ng kh\u00f3 t\u00ednh nh\u1ea5t.<\/p>\n<p><img src=\"https:\/\/digione.vn\/upload\/source\/camera-ip-hikvision-ds-2cd2121g0-i-20-megapixel-hong-ngoai-30m\/1.jpg?1561450437069\" alt=\"1\" \/><\/p>\n<h3><strong>Camera ip hikvision\u00a0DS-2CD2121G0-I\u00a0\u0111\u01b0\u1ee3c s\u1eed d\u1ee5ng\u00a0c\u00f4ng ngh\u1ec7 m\u1edbi nh\u1ea5t cho m\u1ed9t camera cao c\u1ea5p.\u00a0\u00a0<\/strong><\/h3>\n<p><strong>\u00a0 \u00a0 \u00a0&#8211;\u00a0Day\/Night (ICR)<\/strong>\u00a0: s\u1eed d\u1ee5ng \u1ed1ng k\u00ednh ban ng\u00e0y v\u00e0 ban \u0111\u00eam kh\u00e1c nhau cho h\u00ecnh \u1ea3nh c\u1ef1c \u0111\u1eb9p xu\u1ea5t s\u1eafc gi\u1eefa ng\u00e0y v\u00e0 \u0111\u00eam<\/p>\n<p><img src=\"https:\/\/digione.vn\/upload\/source\/camera-ip-hikvision-ds-2cd2121g0-i-20-megapixel-hong-ngoai-30m\/2.jpg?1561450459596\" alt=\"2\" \/><\/p>\n<p><strong>\u00a0 \u00a0 \u00a0&#8211;\u00a03D-DNR<\/strong>\u00a0gi\u1ea3m nhi\u1ec5u k\u1ef9 thu\u1eadt s\u1ed1 3D<\/p>\n<p><img src=\"https:\/\/digione.vn\/upload\/source\/camera-ip-hikvision-ds-2cd2121g0-i-20-megapixel-hong-ngoai-30m\/3.jpg?1561450478963\" alt=\"3\" \/><\/p>\n<p>&#8211;\u00a0Ch\u1ee9c n\u0103ng Backlight Compensation (<strong>BLC<\/strong>) h\u1ed7 tr\u1ee3 nh\u00ecn ng\u01b0\u1ee3c s\u00e1ng t\u1ef1 \u0111\u1ed9ng \u0111i\u1ec1u ch\u1ec9nh<\/p>\n","protected":false},"excerpt":{"rendered":"<p>Camera IP HIKVISION DS-2CD2121G0-I &#8211; Camera quan s\u00e1t\u00a0HIKVISION DS-DS-2CD2121G0-I\u00a0IP\u00a0h\u00f4\u0300ng ngoa\u0323i t\u1ea7m xa 30M, d\u00f2ng s\u1ea3n ph\u1ea9m m\u1edbi nh\u1ea5t c\u1ee7a HIKVISION c\u00f3 \u0111\u1ed9 ph\u00e2n gi\u1ea3i 2.0 Megapixel gi\u00e1 r\u1ebb, h\u00ecnh \u1ea3nh HD si\u00eau n\u00e9t, h\u1ed7 tr\u1ee3 b\u00e1o \u0111\u1ed9ng ph\u00e1t hi\u1ec7n khu v\u1ef1c c\u1ea5m hay v\u01b0\u1ee3t h\u00e0ng r\u00e0o \u1ea3o, m\u00e0u tr\u1eafng trang nh\u00e3 sang tr\u1ecdng, s\u1eed d\u1ee5ng &#8230;<\/p>\n","protected":false},"featured_media":796,"comment_status":"closed","ping_status":"closed","template":"","meta":[],"brands":[{"id":30,"name":"Hikvison","slug":"hikvison"}],"_links":{"self":[{"href":"https:\/\/hosting.conasi.vn\/w\/camera12011\/wp-json\/wp\/v2\/product\/808"}],"collection":[{"href":"https:\/\/hosting.conasi.vn\/w\/camera12011\/wp-json\/wp\/v2\/product"}],"about":[{"href":"https:\/\/hosting.conasi.vn\/w\/camera12011\/wp-json\/wp\/v2\/types\/product"}],"replies":[{"embeddable":true,"href":"https:\/\/hosting.conasi.vn\/w\/camera12011\/wp-json\/wp\/v2\/comments?post=808"}],"wp:featuredmedia":[{"embeddable":true,"href":"https:\/\/hosting.conasi.vn\/w\/camera12011\/wp-json\/wp\/v2\/media\/796"}],"wp:attachment":[{"href":"https:\/\/hosting.conasi.vn\/w\/camera12011\/wp-json\/wp\/v2\/media?parent=808"}],"curies":[{"name":"wp","href":"https:\/\/api.w.org\/{rel}","templated":true}]}}