{"id":1046,"date":"2019-11-10T19:36:21","date_gmt":"2019-11-10T12:36:21","guid":{"rendered":"https:\/\/tinhoctaynguyen.com\/?post_type=product&#038;p=1046"},"modified":"2020-04-15T14:08:37","modified_gmt":"2020-04-15T07:08:37","slug":"dau-ghi-hinh-camera-ip-4-kenh-hikvision-ds-7104ni-q1","status":"publish","type":"product","link":"https:\/\/hosting.conasi.vn\/w\/camera12011\/san-pham\/dau-ghi-hinh-camera-ip-4-kenh-hikvision-ds-7104ni-q1\/","title":{"rendered":"\u0110\u1ea7u ghi h\u00ecnh camera IP 4 k\u00eanh HIKVISION DS-7104NI-Q1"},"content":{"rendered":"<p>\u0110\u1ea7u ghi h\u00ecnh camera IP 4 k\u00eanh HIKVISION DS-7104NI-Q1<\/p>\n<p>&#8211; \u0110\u1ea7u ghi h\u00ecnh camera IP 4 k\u00eanh.<\/p>\n<p>&#8211; \u0110\u1ed9 ph\u00e2n gi\u1ea3i ghi h\u00ecnh t\u1ed1i \u0111a: 4 Megapixels.<\/p>\n<p>&#8211; Chu\u1ea9n n\u00e9n h\u00ecnh \u1ea3nh: H.265+\/H.265\/H.264+\/H.264.<\/p>\n<p>&#8211; T\u01b0\u01a1ng th\u00edch v\u1edbi t\u00edn hi\u1ec7u ng\u00f5 ra: HDMI v\u00e0 VGA v\u1edbi \u0111\u1ed9 ph\u00e2n gi\u1ea3i (1920 x 1080P).<\/p>\n<p>&#8211; C\u1ed5ng k\u1ebft n\u1ed1i: 1 RJ45 10\/100\/1000 Mbps.<\/p>\n<p>&#8211; H\u1ed7 tr\u1ee3 k\u1ebft n\u1ed1i 4 k\u00eanh camera IP v\u1edbi b\u0103ng th\u00f4ng \u0111\u00e2\u0300u va\u0300o 40Mbps, b\u0103ng th\u00f4ng \u0111\u00e2\u0300u ra 60Mbps.<\/p>\n<p>&#8211; H\u1ed7 tr\u1ee3 2 c\u1ed5ng USB 2.0.<\/p>\n<p>&#8211; H\u1ed7 tr\u1ee3 1 \u1ed5 c\u1ee9ng SATA v\u1edbi dung l\u01b0\u1ee3ng l\u00ean \u0111\u1ebfn 6TB.<\/p>\n<p>&#8211; H\u1ed7 tr\u1ee3 d\u1ecbch v\u1ee5 Hik-connect.<\/p>\n<p>&#8211; Giao di\u1ec7n th\u00e2n thi\u1ec7n v\u1edbi ng\u01b0\u1eddi d\u00f9ng, thao t\u00e1c \u0111\u01a1n gi\u1ea3n, d\u1ec5 s\u1eed d\u1ee5ng.<\/p>\n<p>&#8211; Ph\u1ea7n m\u1ec1m gi\u00e1m s\u00e1t v\u00e0 t\u00ean mi\u1ec1n mi\u1ec5n ph\u00ed.<\/p>\n<p>&#8211; Ngu\u1ed3n \u0111i\u1ec7n: 12VDC.<\/p>\n<p>&#8211; Ch\u1ea5t li\u1ec7u: Nh\u1ef1a.<\/p>\n<p>&#8211; K\u00edch th\u01b0\u1edbc: 200 \u00d7 205 \u00d7 48 mm.<\/p>\n<p>&#8211; Tr\u1ecdng l\u01b0\u1ee3ng: 1 kg.<br \/>\n<a href=\"https:\/\/tinhoctaynguyen.com\/wp-content\/uploads\/2019\/11\/3388_dau_ghi_hikvision_ds_7108hghi_f1_n-Copy.jpg\"><img loading=\"lazy\" src=\"https:\/\/tinhoctaynguyen.com\/wp-content\/uploads\/2019\/11\/3388_dau_ghi_hikvision_ds_7108hghi_f1_n-Copy-300x300.jpg\" alt=\"\" width=\"300\" height=\"300\" class=\"alignnone size-medium wp-image-1023\" srcset=\"https:\/\/hosting.conasi.vn\/w\/camera12011\/wp-content\/uploads\/2019\/11\/3388_dau_ghi_hikvision_ds_7108hghi_f1_n-Copy-300x300.jpg 300w, https:\/\/hosting.conasi.vn\/w\/camera12011\/wp-content\/uploads\/2019\/11\/3388_dau_ghi_hikvision_ds_7108hghi_f1_n-Copy-100x100.jpg 100w, https:\/\/hosting.conasi.vn\/w\/camera12011\/wp-content\/uploads\/2019\/11\/3388_dau_ghi_hikvision_ds_7108hghi_f1_n-Copy-150x150.jpg 150w, https:\/\/hosting.conasi.vn\/w\/camera12011\/wp-content\/uploads\/2019\/11\/3388_dau_ghi_hikvision_ds_7108hghi_f1_n-Copy.jpg 380w\" sizes=\"(max-width: 300px) 100vw, 300px\" \/><\/a><\/p>\n","protected":false},"excerpt":{"rendered":"<p>\u0110\u1ea7u ghi h\u00ecnh camera IP 4 k\u00eanh HIKVISION DS-7104NI-Q1 &#8211; \u0110\u1ea7u ghi h\u00ecnh camera IP 4 k\u00eanh. &#8211; \u0110\u1ed9 ph\u00e2n gi\u1ea3i ghi h\u00ecnh t\u1ed1i \u0111a: 4 Megapixels. &#8211; Chu\u1ea9n n\u00e9n h\u00ecnh \u1ea3nh: H.265+\/H.265\/H.264+\/H.264. &#8211; T\u01b0\u01a1ng th\u00edch v\u1edbi t\u00edn hi\u1ec7u ng\u00f5 ra: HDMI v\u00e0 VGA v\u1edbi \u0111\u1ed9 ph\u00e2n gi\u1ea3i (1920 x 1080P). &#8211; C\u1ed5ng k\u1ebft n\u1ed1i: &#8230;<\/p>\n","protected":false},"featured_media":1028,"comment_status":"closed","ping_status":"closed","template":"","meta":[],"brands":[{"id":30,"name":"Hikvison","slug":"hikvison"}],"_links":{"self":[{"href":"https:\/\/hosting.conasi.vn\/w\/camera12011\/wp-json\/wp\/v2\/product\/1046"}],"collection":[{"href":"https:\/\/hosting.conasi.vn\/w\/camera12011\/wp-json\/wp\/v2\/product"}],"about":[{"href":"https:\/\/hosting.conasi.vn\/w\/camera12011\/wp-json\/wp\/v2\/types\/product"}],"replies":[{"embeddable":true,"href":"https:\/\/hosting.conasi.vn\/w\/camera12011\/wp-json\/wp\/v2\/comments?post=1046"}],"wp:featuredmedia":[{"embeddable":true,"href":"https:\/\/hosting.conasi.vn\/w\/camera12011\/wp-json\/wp\/v2\/media\/1028"}],"wp:attachment":[{"href":"https:\/\/hosting.conasi.vn\/w\/camera12011\/wp-json\/wp\/v2\/media?parent=1046"}],"curies":[{"name":"wp","href":"https:\/\/api.w.org\/{rel}","templated":true}]}}