{"id":1040,"date":"2019-11-10T17:52:15","date_gmt":"2019-11-10T10:52:15","guid":{"rendered":"https:\/\/tinhoctaynguyen.com\/?post_type=product&#038;p=1040"},"modified":"2020-04-15T14:10:06","modified_gmt":"2020-04-15T07:10:06","slug":"dau-ghi-hinh-hikvision-ds-7208huhi-f1-s-8-kenh-hd-5mp-1-sata-alarm-audio-add-2-camera-ip-4m","status":"publish","type":"product","link":"https:\/\/hosting.conasi.vn\/w\/camera12011\/san-pham\/dau-ghi-hinh-hikvision-ds-7208huhi-f1-s-8-kenh-hd-5mp-1-sata-alarm-audio-add-2-camera-ip-4m\/","title":{"rendered":"\u0110\u1ea7u ghi h\u00ecnh HIKVISION DS-7208HUHI-F1\/S 8 k\u00eanh HD 5MP, 1 Sata, Alarm\/Audio, add 2 camera IP 4M"},"content":{"rendered":"<p>\u0110\u1ea7u ghi h\u00ecnh HIKVISION DS-7208HUHI-F1\/S 8 k\u00eanh HD 5.0 Megapixel<br \/>\n    &#8211; \u0110\u1ea7u ghi h\u00ecnh HDTVI Hikvision DS-7208HUHI-F1\/S l\u00e0 d\u00f2ng \u0111\u1ea7u ghi h\u00ecnh Turbo HD 3.0 chu\u1ea9n n\u00e9n h\u00ecnh \u1ea3nh H.264, H.264+ ti\u1ebft ki\u1ec7m 50% dung l\u01b0\u1ee3ng l\u01b0u tr\u1eef, t\u1ed1c \u0111\u1ed9 xem qua m\u1ea1ng nhanh h\u01a1n g\u1ea5p \u0111\u00f4i so v\u1edbi chu\u1ea9n H.264 th\u00f4ng th\u01b0\u1eddng.<br \/>\n<a href=\"https:\/\/tinhoctaynguyen.com\/wp-content\/uploads\/2019\/11\/2525201652515_dau_ghi_hinh_DS_7204HQHI_SH_1000x1000-Copy.jpg\"><img loading=\"lazy\" src=\"https:\/\/tinhoctaynguyen.com\/wp-content\/uploads\/2019\/11\/2525201652515_dau_ghi_hinh_DS_7204HQHI_SH_1000x1000-Copy-300x300.jpg\" alt=\"\" width=\"300\" height=\"300\" class=\"alignnone size-medium wp-image-1041\" srcset=\"https:\/\/hosting.conasi.vn\/w\/camera12011\/wp-content\/uploads\/2019\/11\/2525201652515_dau_ghi_hinh_DS_7204HQHI_SH_1000x1000-Copy-300x300.jpg 300w, https:\/\/hosting.conasi.vn\/w\/camera12011\/wp-content\/uploads\/2019\/11\/2525201652515_dau_ghi_hinh_DS_7204HQHI_SH_1000x1000-Copy-100x100.jpg 100w, https:\/\/hosting.conasi.vn\/w\/camera12011\/wp-content\/uploads\/2019\/11\/2525201652515_dau_ghi_hinh_DS_7204HQHI_SH_1000x1000-Copy-150x150.jpg 150w, https:\/\/hosting.conasi.vn\/w\/camera12011\/wp-content\/uploads\/2019\/11\/2525201652515_dau_ghi_hinh_DS_7204HQHI_SH_1000x1000-Copy.jpg 380w\" sizes=\"(max-width: 300px) 100vw, 300px\" \/><\/a><br \/>\nC\u00e1c c\u1ed5ng k\u1ebft n\u1ed1i \u0111\u1ea7u ghi h\u00ecnh HIKVISION DS-7208HUHI-F1\/S<\/p>\n<p>    &#8211; Ng\u00f5 v\u00e0o Video : HDMI \/ VGA \/ CVBS<\/p>\n<p>    &#8211; 4 c\u1ed5ng Audio in, 1 c\u1ed5ng Audio out, Alarm 8 in \/ 4 out, 2 c\u1ed5ng USB 2.0, 1 c\u1ed5ng RS485<\/p>\n<p>    &#8211; Ng\u00f5 xu\u1ea5t t\u00edn hi\u1ec7u h\u00ecnh HDMI xem h\u00ecnh UHD 4K<\/p>\n<p>    &#8211; C\u1ed5ng VGA d\u1ec5 d\u00e0ng d\u00f9ng v\u1edbi m\u00e0n h\u00ecnh vi t\u00ednh LCD th\u01b0\u1eddng \u0111\u1ed9 ph\u00e2n gi\u1ea3i cao nh\u1ea5t<\/p>\n<p>    &#8211; Ng\u00f5 xu\u1ea5t t\u00edn hi\u1ec7u h\u00ecnh \u1ea3nh CVBS xem h\u00ecnh \u1ea3nh camera tr\u00ean tivi<\/p>\n<p>    &#8211; Supported Protocols : DDNS, DHCP, NTP, SNTP, TCP\/IP, ICMP, SMTP, FTP, HTTP, RTP, RTSP,RTCP,IPv4, UPnP, DNS,UDP,IGMP, QoS<\/p>\n<p>\u0110\u1ea7u ghi h\u00ecnh HIKVISION DS-7208HUHI-F1\/S h\u1ed7 tr\u1ee3 xem nhi\u1ec1u \u0111i\u1ec7n tho\u1ea1i di \u0111\u1ed9ng kh\u00e1c nhau<\/p>\n<p>    &#8211; Xem camera online qua \u0111i\u1ec7n tho\u1ea1i di \u0111\u1ed9ng h\u1ed7 tr\u1ee3 h\u1ebft t\u1ea5t c\u1ea3 c\u00e1c d\u00f2ng \u0111i\u1ec7n tho\u1ea1i ch\u1ea1y h\u1ec7 \u0111i\u1ec1u h\u00e0nh kh\u00e1c nhau IPhone, IPad, Android, Windows phone 7 b\u1eb1ng ph\u1ea7n m\u1ec1m IVMS-4500 ho\u1eb7c Hik-Connect<\/p>\n<p>    &#8211; Xem l\u1ea1i h\u00ecnh \u1ea3nh camera v\u00e0 nghe \u00e2m thanh xem l\u1ea1i qua \u0111i\u1ec7n tho\u1ea1i di \u0111\u1ed9ng<br \/>\n<a href=\"https:\/\/tinhoctaynguyen.com\/wp-content\/uploads\/2019\/11\/2525201652515_dau_ghi_hinh_DS_7204HQHI_SH_1000x1000-Copy.jpg\"><img loading=\"lazy\" src=\"https:\/\/tinhoctaynguyen.com\/wp-content\/uploads\/2019\/11\/2525201652515_dau_ghi_hinh_DS_7204HQHI_SH_1000x1000-Copy-300x300.jpg\" alt=\"\" width=\"300\" height=\"300\" class=\"alignnone size-medium wp-image-1041\" srcset=\"https:\/\/hosting.conasi.vn\/w\/camera12011\/wp-content\/uploads\/2019\/11\/2525201652515_dau_ghi_hinh_DS_7204HQHI_SH_1000x1000-Copy-300x300.jpg 300w, https:\/\/hosting.conasi.vn\/w\/camera12011\/wp-content\/uploads\/2019\/11\/2525201652515_dau_ghi_hinh_DS_7204HQHI_SH_1000x1000-Copy-100x100.jpg 100w, https:\/\/hosting.conasi.vn\/w\/camera12011\/wp-content\/uploads\/2019\/11\/2525201652515_dau_ghi_hinh_DS_7204HQHI_SH_1000x1000-Copy-150x150.jpg 150w, https:\/\/hosting.conasi.vn\/w\/camera12011\/wp-content\/uploads\/2019\/11\/2525201652515_dau_ghi_hinh_DS_7204HQHI_SH_1000x1000-Copy.jpg 380w\" sizes=\"(max-width: 300px) 100vw, 300px\" \/><\/a><br \/>\n\u0110\u1ea7u ghi h\u00ecnh HIKVISION DS-7208HUHI-F1\/S h\u1ed7 tr\u1ee3 xem camera tr\u00ean nhi\u1ec1u tr\u00ecnh duy\u1ec7t web v\u00e0 h\u1ec7 \u0111i\u1ec1u h\u00e0nh tr\u00ean m\u00e1y t\u00ednh kh\u00e1c nhau.<\/p>\n<p>    &#8211; Qu\u1ea3n l\u00fd Web: Internet Explorer, Mozilla FireFox, CMS software, xem \u0111\u1ed3ng th\u1eddi t\u1ea5t c\u1ea3 c\u00e1c camera<\/p>\n<p>    &#8211; H\u1ed7 tr\u1ee3 \u0111\u1ea7y \u0111\u1ee7 t\u1ea5t c\u1ea3 c\u00e1c t\u00ednh n\u0103ng.<\/p>\n","protected":false},"excerpt":{"rendered":"<p>\u0110\u1ea7u ghi h\u00ecnh HIKVISION DS-7208HUHI-F1\/S 8 k\u00eanh HD 5.0 Megapixel &#8211; \u0110\u1ea7u ghi h\u00ecnh HDTVI Hikvision DS-7208HUHI-F1\/S l\u00e0 d\u00f2ng \u0111\u1ea7u ghi h\u00ecnh Turbo HD 3.0 chu\u1ea9n n\u00e9n h\u00ecnh \u1ea3nh H.264, H.264+ ti\u1ebft ki\u1ec7m 50% dung l\u01b0\u1ee3ng l\u01b0u tr\u1eef, t\u1ed1c \u0111\u1ed9 xem qua m\u1ea1ng nhanh h\u01a1n g\u1ea5p \u0111\u00f4i so v\u1edbi chu\u1ea9n H.264 th\u00f4ng th\u01b0\u1eddng. C\u00e1c c\u1ed5ng &#8230;<\/p>\n","protected":false},"featured_media":1041,"comment_status":"closed","ping_status":"closed","template":"","meta":[],"brands":[{"id":30,"name":"Hikvison","slug":"hikvison"}],"_links":{"self":[{"href":"https:\/\/hosting.conasi.vn\/w\/camera12011\/wp-json\/wp\/v2\/product\/1040"}],"collection":[{"href":"https:\/\/hosting.conasi.vn\/w\/camera12011\/wp-json\/wp\/v2\/product"}],"about":[{"href":"https:\/\/hosting.conasi.vn\/w\/camera12011\/wp-json\/wp\/v2\/types\/product"}],"replies":[{"embeddable":true,"href":"https:\/\/hosting.conasi.vn\/w\/camera12011\/wp-json\/wp\/v2\/comments?post=1040"}],"wp:featuredmedia":[{"embeddable":true,"href":"https:\/\/hosting.conasi.vn\/w\/camera12011\/wp-json\/wp\/v2\/media\/1041"}],"wp:attachment":[{"href":"https:\/\/hosting.conasi.vn\/w\/camera12011\/wp-json\/wp\/v2\/media?parent=1040"}],"curies":[{"name":"wp","href":"https:\/\/api.w.org\/{rel}","templated":true}]}}