{"id":1038,"date":"2019-11-10T17:50:03","date_gmt":"2019-11-10T10:50:03","guid":{"rendered":"https:\/\/tinhoctaynguyen.com\/?post_type=product&#038;p=1038"},"modified":"2020-04-15T14:10:25","modified_gmt":"2020-04-15T07:10:25","slug":"dau-ghi-ip-hikvision-ds-7732ni-e4-32-kenh-4-sata-hdd-hdmi-vga-free-ddns","status":"publish","type":"product","link":"https:\/\/hosting.conasi.vn\/w\/camera12011\/san-pham\/dau-ghi-ip-hikvision-ds-7732ni-e4-32-kenh-4-sata-hdd-hdmi-vga-free-ddns\/","title":{"rendered":"\u0110\u1ea7u ghi IP HIKVISION DS-7732NI-E4 32 k\u00eanh, 4 sata HDD, HDMI, VGA, Free DDNS"},"content":{"rendered":"<p>\u0110\u1ea7u ghi h\u00ecnh IP HIKVISION DS-7732NI-E4 32 k\u00eanh<br \/>\n     &#8211; \u0110\u1ea7u ghi h\u00ecnh IP HIKVISION DS-7732NI-E4 c\u00f3 32 k\u00eanh, \u0111\u00f4\u0323 ph\u00e2n gia\u0309i ghi r\u00e2\u0301t cao l\u00ean t\u1edbi 6 Megapixels (2560\u00d71920), h\u1ed7 tr\u1ee3 c\u1ed5ng HDMI v\u00e0 VGA v\u1edbi \u0111\u1ed9 ph\u00e2n gi\u1ea3i 1920X1080P.<\/p>\n<p><a href=\"https:\/\/tinhoctaynguyen.com\/wp-content\/uploads\/2019\/11\/1261_hikvision_ds_7716ni_e4.jpg\"><img loading=\"lazy\" src=\"https:\/\/tinhoctaynguyen.com\/wp-content\/uploads\/2019\/11\/1261_hikvision_ds_7716ni_e4-300x300.jpg\" alt=\"\" width=\"300\" height=\"300\" class=\"alignnone size-medium wp-image-1039\" srcset=\"https:\/\/hosting.conasi.vn\/w\/camera12011\/wp-content\/uploads\/2019\/11\/1261_hikvision_ds_7716ni_e4-300x300.jpg 300w, https:\/\/hosting.conasi.vn\/w\/camera12011\/wp-content\/uploads\/2019\/11\/1261_hikvision_ds_7716ni_e4-100x100.jpg 100w, https:\/\/hosting.conasi.vn\/w\/camera12011\/wp-content\/uploads\/2019\/11\/1261_hikvision_ds_7716ni_e4-150x150.jpg 150w, https:\/\/hosting.conasi.vn\/w\/camera12011\/wp-content\/uploads\/2019\/11\/1261_hikvision_ds_7716ni_e4.jpg 500w\" sizes=\"(max-width: 300px) 100vw, 300px\" \/><\/a><br \/>\nH\u1ed7 tr\u1ee3 xem camera v\u00e0 qu\u1ea3n l\u00fd \u0111\u1ea7u ghi h\u00ecnh IP HIKVISION DS-7732NI-E4<br \/>\n     &#8211; H\u1ed7 tr\u1ee3 xem h\u00ecnh \u1ea3nh tr\u00ean thi\u1ebft b\u1ecb di \u0111\u1ed9ng \u0111\u1ea7u ghi h\u00ecnh HIKVISION DS-7732NI-E4<br \/>\n<a href=\"https:\/\/tinhoctaynguyen.com\/wp-content\/uploads\/2019\/11\/2-3.jpg\"><img loading=\"lazy\" src=\"https:\/\/tinhoctaynguyen.com\/wp-content\/uploads\/2019\/11\/2-3-300x66.jpg\" alt=\"\" width=\"300\" height=\"66\" class=\"alignnone size-medium wp-image-1022\" srcset=\"https:\/\/hosting.conasi.vn\/w\/camera12011\/wp-content\/uploads\/2019\/11\/2-3-300x66.jpg 300w, https:\/\/hosting.conasi.vn\/w\/camera12011\/wp-content\/uploads\/2019\/11\/2-3-510x111.jpg 510w, https:\/\/hosting.conasi.vn\/w\/camera12011\/wp-content\/uploads\/2019\/11\/2-3.jpg 700w\" sizes=\"(max-width: 300px) 100vw, 300px\" \/><\/a><br \/>\n  &#8211; Xem camera qua \u0111i\u1ec7n tho\u1ea1i h\u1ed7 tr\u1ee3 h\u1ea7u h\u1ebft t\u1ea5t c\u1ea3 c\u00e1c \u0111i\u1ec7n tho\u1ea1i ch\u1ea1y h\u1ec7 \u0111i\u1ec1u h\u00e0nh kh\u00e1c nhau b\u1eb1ng ph\u1ea7n m\u1ec1m Guard Expert v\u00e0 Guard Expert HD<\/p>\n<p>     &#8211; Xem camera v\u00e0 nghe \u00e2m thanh online qua \u0111i\u1ec7n tho\u1ea1i di \u0111\u1ed9ng <\/p>\n<p>     &#8211; Xem l\u1ea1i h\u00ecnh \u1ea3nh camera v\u00e0 nghe \u00e2m thanh xem l\u1ea1i qua \u0111i\u1ec7n tho\u1ea1i di \u0111\u1ed9ng<\/p>\n<p>H\u1ed7 tr\u1ee3 xem h\u00ecnh \u1ea3nh camera tr\u00ean tr\u00ecnh duy\u1ec7t web \u0111\u1ea7u ghi h\u00ecnh ip HIKVISION DS-7732NI-E4<\/p>\n","protected":false},"excerpt":{"rendered":"<p>\u0110\u1ea7u ghi h\u00ecnh IP HIKVISION DS-7732NI-E4 32 k\u00eanh &#8211; \u0110\u1ea7u ghi h\u00ecnh IP HIKVISION DS-7732NI-E4 c\u00f3 32 k\u00eanh, \u0111\u00f4\u0323 ph\u00e2n gia\u0309i ghi r\u00e2\u0301t cao l\u00ean t\u1edbi 6 Megapixels (2560\u00d71920), h\u1ed7 tr\u1ee3 c\u1ed5ng HDMI v\u00e0 VGA v\u1edbi \u0111\u1ed9 ph\u00e2n gi\u1ea3i 1920X1080P. H\u1ed7 tr\u1ee3 xem camera v\u00e0 qu\u1ea3n l\u00fd \u0111\u1ea7u ghi h\u00ecnh IP HIKVISION DS-7732NI-E4 &#8211; H\u1ed7 &#8230;<\/p>\n","protected":false},"featured_media":1039,"comment_status":"closed","ping_status":"closed","template":"","meta":[],"brands":[{"id":30,"name":"Hikvison","slug":"hikvison"}],"_links":{"self":[{"href":"https:\/\/hosting.conasi.vn\/w\/camera12011\/wp-json\/wp\/v2\/product\/1038"}],"collection":[{"href":"https:\/\/hosting.conasi.vn\/w\/camera12011\/wp-json\/wp\/v2\/product"}],"about":[{"href":"https:\/\/hosting.conasi.vn\/w\/camera12011\/wp-json\/wp\/v2\/types\/product"}],"replies":[{"embeddable":true,"href":"https:\/\/hosting.conasi.vn\/w\/camera12011\/wp-json\/wp\/v2\/comments?post=1038"}],"wp:featuredmedia":[{"embeddable":true,"href":"https:\/\/hosting.conasi.vn\/w\/camera12011\/wp-json\/wp\/v2\/media\/1039"}],"wp:attachment":[{"href":"https:\/\/hosting.conasi.vn\/w\/camera12011\/wp-json\/wp\/v2\/media?parent=1038"}],"curies":[{"name":"wp","href":"https:\/\/api.w.org\/{rel}","templated":true}]}}