{"id":333,"date":"2018-03-15T02:06:34","date_gmt":"2018-03-15T02:06:34","guid":{"rendered":"http:\/\/bds6.khowebseotop.vn\/?post_type=product&#038;p=333"},"modified":"2018-03-15T02:07:31","modified_gmt":"2018-03-15T02:07:31","slug":"condotel-laluna-nha-trang","status":"publish","type":"product","link":"https:\/\/hosting.conasi.vn\/w\/bds62011\/san-pham\/condotel-laluna-nha-trang\/","title":{"rendered":"Condotel Laluna Nha Trang"},"content":{"rendered":"<section id=\"section_1457752612\" class=\"section section-du-an\">\n<div class=\"section-content relative\">\n<div id=\"row-708362896\" class=\"row\">\n<div class=\"col small-12 large-12\">\n<div class=\"col-inner\">\n<div id=\"row-1501862282\" class=\"row\">\n<div class=\"col small-12 large-12\">\n<div class=\"col-inner\">\n<p><b>Condotel Laluna Nha Trang <\/b>l\u00e0 t\u1ed5 h\u1ee3p gi\u1eefa c\u0103n h\u1ed9 h\u1ea1ng sang \u2013 Trung t\u00e2m th\u01b0\u01a1ng m\u1ea1i v\u00e0 v\u0103n ph\u00f2ng. L\u00e0 s\u1ea3n ph\u1ea9m c\u1ee7a s\u1ef1 k\u1ebft tinh gi\u1eefa v\u1ecb tr\u00ed v\u00e0ng \u2013 thi\u1ebft k\u1ebf to\u00e0 nh\u00e0 \u2013 ti\u1ec7n \u00edch s\u1ed1ng \u2013 v\u00e0 c\u1ea3m h\u01b0\u1edbng s\u00e1ng t\u1ea1o ngh\u1ec7 thu\u1eadt.\u00a0V\u1edbi v\u1ecb tr\u00ed \u0111\u1eafc \u0111\u1ecba, thi\u1ebft k\u1ebf kh\u00f4ng gian m\u1edf b\u1ed1 tr\u00ed h\u00e0i h\u00f2a v\u1edbi m\u00f4i tr\u01b0\u1eddng c\u1ea3nh quan xung quanh t\u1ea1o n\u00ean m\u1ed9t kh\u00f4ng gian xanh \u2013 m\u00f4i tr\u01b0\u1eddng s\u1ed1ng th\u01b0 gi\u00e3n l\u00fd t\u01b0\u1edfng cho nhi\u1ec1u h\u1ed9 gia \u0111\u00ecnh hi\u1ec7n \u0111\u1ea1i.<\/p>\n<p><span class=\"scroll-to\" data-label=\"Scroll to: ##tong-quan\" data-bullet=\"true\" data-link=\"##tong-quan\" data-title=\"Change this\"><a name=\"tong-quan\"><\/a><\/span><\/p>\n<\/div>\n<\/div>\n<\/div>\n<div class=\"container section-title-container\">\n<h3 class=\"section-title section-title-center\"><b><\/b><span class=\"section-title-main\">T\u1ed4NG QUAN\u00a0Condotel Laluna Nha Trang &#8211; 136 H\u1ed2 T\u00d9NG M\u1eacU<\/span><b><\/b><\/h3>\n<\/div>\n<p><strong>\u0e4f\u00a0T\u00ean d\u1ef1 \u00e1n:\u00a0<\/strong> Condotel Laluna Nha Trang<\/p>\n<p><strong>\u0e4f\u00a0Ch\u1ee7 \u0111\u1ea7u t\u01b0 d\u1ef1 \u00e1n:<\/strong>\u00a0C\u00f4ng ty TNHH \u0110\u1ecba \u1ed1c Vi\u1ec7t H\u00e2n &amp; Cty CP B\u0110S TNR Holdings.<\/p>\n<p><strong>\u0e4f\u00a0\u0110\u01a1n v\u1ecb \u0111i\u1ec1u h\u00e0nh<\/strong>: C\u00f4ng ty CP Qu\u1ea3n l\u00fd &amp; Khai th\u00e1c To\u00e0 nh\u00e0 PMC<\/p>\n<p><strong>\u0e4f\u00a0\u0110\u01a1n v\u1ecb thi\u1ebft k\u1ebf:<\/strong>\u00a0C\u00f4ng ty Line \u2013 Architect \u2013 H\u00e0n Qu\u1ed1c<\/p>\n<p><strong>\u0e4f\u00a0\u0110\u1ed1i t\u00e1c t\u00e0i ch\u00ednh chi\u1ebfn l\u01b0\u1ee3c:<\/strong>\u00a0Ng\u00e2n h\u00e0ng Maritime bank<\/p>\n<p><strong>\u0e4f\u00a0T\u1ed5ng di\u1ec7n t\u00edch quy ho\u1ea1ch:<\/strong>\u00a0~12.17ha.<\/p>\n<p><strong>\u0e4f\u00a0V\u1edbi m\u1eadt \u0111\u1ed9 x\u00e2y d\u1ef1ng ch\u1ec9 chi\u1ebfm:<\/strong>\u00a023,3%<\/p>\n<p><strong>\u0e4f\u00a0Quy m\u00f4 d\u1ef1 \u00e1n:<\/strong>\u00a0L\u00e0 khu h\u1ed7n h\u1ee3p g\u1ed3\u200bm \u200bTTTM, v\u0103n ph\u00f2ng v\u00e0 nh\u00e0 \u1edf, c\u00f3 9 t\u00f2a th\u00e1p chung c\u01b0\u200b cao 40 t\u1ea7ng.<\/p>\n<p><strong>\u0e4f\u00a0Di\u1ec7n t\u00edch c\u0103n h\u1ed9 \u0111a d\u1ea1ng:<\/strong>\u00a0t\u1eeb 68-172m2<\/p>\n<p><strong>\u0e4f\u00a0Gi\u00e1 b\u00e1n Golmark city:<\/strong>\u00a0t\u1eeb\u00a0<strong>23 Tri\u1ec7u\/m2<\/strong>\u00a0( \u0111\u00e3 VAT + N\u1ed9i th\u1ea5t ho\u00e0n h\u1ea3o )<\/p>\n<p><strong>\u0e4f\u00a0Ho\u00e0n th\u00e0nh v\u00e0 \u0111\u01b0a v\u00e0o s\u1eed d\u1ee5ng:<\/strong>\u00a0Q\u00fay I\/2018<\/p>\n<div id=\"image_101138579\" class=\"img has-hover x md-x lg-x y md-y lg-y\">\n<div class=\"img-inner dark\"><img loading=\"lazy\" class=\"attachment-large size-large\" src=\"http:\/\/bds6.khowebseotop.vn\/wp-content\/uploads\/2018\/03\/chung-cu-goldmark-city-314.jpg\" sizes=\"(max-width: 1020px) 100vw, 1020px\" srcset=\"http:\/\/bds6.khowebseotop.vn\/wp-content\/uploads\/2018\/03\/chung-cu-goldmark-city-314.jpg 1280w, http:\/\/chungthanhland.com\/wp-content\/uploads\/2018\/01\/tongthe-640x400.jpg 640w, http:\/\/chungthanhland.com\/wp-content\/uploads\/2018\/01\/tongthe-768x480.jpg 768w\" alt=\"\" width=\"1020\" height=\"638\" \/><\/div>\n<\/div>\n<\/div>\n<\/div>\n<\/div>\n<\/div>\n<\/section>\n<p><span class=\"scroll-to\" data-label=\"Scroll to: ##vi-tri\" data-bullet=\"true\" data-link=\"##vi-tri\" data-title=\"Change this\"><a name=\"vi-tri\"><\/a><\/span><\/p>\n<section id=\"section_940419278\" class=\"section\">\n<div class=\"bg section-bg fill bg-fill bg-loaded\">\n<div class=\"section-bg-overlay absolute fill\"><\/div>\n<\/div>\n<div class=\"section-content relative\">\n<div id=\"row-1846819774\" class=\"row row-dashed\">\n<div class=\"col small-12 large-12\">\n<div class=\"col-inner text-left\">\n<div class=\"container section-title-container\">\n<h3 class=\"section-title section-title-center\"><b><\/b><span class=\"section-title-main\">V\u1eca TR\u00cd GOLDMARK CITY<\/span><b><\/b><\/h3>\n<\/div>\n<p>Chung c\u01b0\u00a0<a href=\"http:\/\/chungthanhland.com\/goldmark-city\/\"><strong>Goldmark City<\/strong><\/a>\u00a0t\u1ecda l\u1ea1c n\u1eb1m t\u1ea1i 136 H\u1ed3 T\u00f9ng M\u1eadu \u2013 m\u1ed9t trong nh\u1eefng v\u1ecb tr\u00ed \u0111\u1eafc \u0111\u1ecba c\u1ee7a th\u1ee7 \u0111\u00f4 H\u00e0 N\u1ed9i, khu v\u1ef1c trung t\u00e2m h\u00e0nh ch\u00ednh v\u00e0 kinh t\u1ebf n\u0103ng \u0111\u1ed9ng v\u00e0 s\u1ea7m u\u1ea5t nh\u1ea5t c\u1ee7a th\u1ee7 \u0111\u00f4 trong t\u01b0\u01a1ng lai.<\/p>\n<p>T\u1eeb v\u1ecb tr\u00ed d\u1ef1 \u00e1n, ch\u1ec9 m\u1ea5t v\u00e0i ph\u00fat l\u00e1i xe, c\u00e1c c\u01b0 d\u00e2n c\u00f3 th\u1ec3 d\u1ec5 d\u00e0ng t\u1edbi s\u00e2n bay N\u1ed9i B\u00e0i v\u00e0 c\u00e1c \u0111i\u1ec3m \u0111\u1ebfn th\u00fa v\u1ecb, c\u00e1c khu ngh\u1ec9 d\u01b0\u1ee1ng \u0111\u1eb9p nh\u1ea5t mi\u1ec1n b\u1eafc th\u00e0nh ph\u1ed1 k\u1ebft n\u1ed1i t\u01b0\u01a1ng lai n\u1eb1m r\u1ea5t g\u1ea7n tr\u1ea1m t\u00e0u \u0111i\u1ec7n ng\u1ea7m Metro s\u1ed1 3 \u2013 h\u1ec7 th\u1ed1ng giao th\u00f4ng hi\u1ec7n \u0111\u1ea1i v\u00e0 th\u00f4ng minh nh\u1ea5t..<\/p>\n<p>\u0e4f\u00a0G\u1ea7n c\u00e1c \u0111\u1eb7c khu kinh t\u1ebf l\u1edbn c\u1ee7a H\u00e0 N\u1ed9i v\u1edbi c\u00e1c doanh nghi\u1ec7p, c\u00e1c ng\u00e2n h\u00e0ng l\u1edbn<\/p>\n<p>\u0e4f\u00a0G\u1ea7n c\u00e1c tr\u01b0\u1eddng \u0110H l\u1edbn nh\u01b0 \u0110H Qu\u1ed1c Gia H\u00e0 N\u1ed9i, \u0110H Th\u01b0\u01a1ng M\u1ea1i, \u0110H S\u01b0 Ph\u1ea1m\u2026<\/p>\n<p>\u0e4f\u00a0C\u00e1ch s\u00f4ng h\u1ed3ng 400m.<\/p>\n<p>\u0e4f\u00a0G\u1ea7n b\u1ebfn xe M\u1ef9 \u0110\u00ecnh, g\u1ea7n tuy\u1ebfn Metro Nh\u1ed5n \u2013 Ga H\u00e0 N\u1ed9i<\/p>\n<p>\u0e4f\u00a0G\u1ea7n trung t\u00e2m H\u1ed9i Ngh\u1ecb Qu\u1ed1c Gia, s\u00e2n v\u1eadn \u0111\u1ed9ng M\u1ef9 \u0110\u00ecnh<\/p>\n<p>\u0e4f\u00a0K\u1ebft n\u1ed1i thu\u1eadn ti\u1ec7n v\u1edbi c\u00e1c tr\u1ee5c giao th\u00f4ng quan tr\u1ecdng: \u0111\u01b0\u1eddng 32, \u0111\u01b0\u1eddng Ph\u1ea1m V\u0103n \u0110\u1ed3ng, \u0111\u01b0\u1eddng Ho\u00e0ng Qu\u1ed1c Vi\u1ec7t k\u00e9o d\u00e0i, L\u00ea \u0110\u1ee9c Th\u1ecd\u2026<\/p>\n<div id=\"image_284271682\" class=\"img has-hover x md-x lg-x y md-y lg-y\">\n<div class=\"img-inner dark\"><img loading=\"lazy\" class=\"attachment-large size-large\" src=\"http:\/\/bds6.khowebseotop.vn\/wp-content\/uploads\/2018\/03\/chung-cu-goldmark-city-314-1.jpg\" sizes=\"(max-width: 1020px) 100vw, 1020px\" srcset=\"http:\/\/bds6.khowebseotop.vn\/wp-content\/uploads\/2018\/03\/chung-cu-goldmark-city-314-1.jpg 1200w, http:\/\/chungthanhland.com\/wp-content\/uploads\/2018\/01\/vi-tri-chung-cu-goldmark-683x400.jpg 683w, http:\/\/chungthanhland.com\/wp-content\/uploads\/2018\/01\/vi-tri-chung-cu-goldmark-768x450.jpg 768w\" alt=\"\" width=\"1020\" height=\"598\" \/><\/div>\n<\/div>\n<div id=\"row-1163517404\" class=\"row\">\n<p><span class=\"scroll-to\" data-label=\"Scroll to: ##thiet-ke\" data-bullet=\"true\" data-link=\"##thiet-ke\" data-title=\"Change this\"><a name=\"thiet-ke\"><\/a><\/span><\/p>\n<div class=\"col small-12 large-12\">\n<div class=\"col-inner\">\n<div class=\"container section-title-container\">\n<h3 class=\"section-title section-title-center\"><b><\/b><span class=\"section-title-main\">CHI TI\u1ebeT THI\u1ebeT K\u1ebe M\u1eb6T B\u1eb0NG C\u0102N H\u1ed8 GOLDMARK CITY<\/span><b><\/b><\/h3>\n<\/div>\n<p><a href=\"http:\/\/chungthanhland.com\/goldmark-city\/\"><strong>Goldmark City<\/strong><\/a>\u00a0mang \u0111\u1ebfn cho kh\u00e1ch h\u00e0ng nhi\u1ec1u s\u1ef1 l\u1ef1a ch\u1ecdn c\u0103n h\u1ed9 kh\u00e1c nhau t\u1eeb 2 \u0111\u1ebfn 4 ph\u00f2ng ng\u1ee7.<br \/>\nV\u1edbi thi\u1ebft k\u1ebf c\u0103n h\u1ed9 th\u00f4ng minh v\u00e0 ti\u1ebft ki\u1ec7m di\u1ec7n t\u00edch g\u1ed3m c\u00e1c lo\u1ea1i di\u1ec7n t\u00edch nh\u01b0 sau<br \/>\n+ C\u0103n H\u1ed9 Goldmark City 2 ph\u00f2ng ng\u1ee7, 2 WC : 74m2, 83m2, 93m2.<br \/>\n+ C\u0103n H\u1ed9 Goldmark City 3 ph\u00f2ng ng\u1ee7, 2 WC : 99m2, 110m2, 114m2, 121m2, 123m2, 138 m2, 143m2,<br \/>\n+ C\u0103n H\u1ed9 Goldmark City 4 ph\u00f2ng ng\u1ee7, 3 WC : 160m2, 172m2.<\/p>\n<div id=\"image_2139655056\" class=\"img has-hover x md-x lg-x y md-y lg-y\">\n<div class=\"img-inner dark\"><img loading=\"lazy\" class=\"attachment-large size-large\" src=\"http:\/\/bds6.khowebseotop.vn\/wp-content\/uploads\/2018\/03\/chung-cu-goldmark-city-314-2.jpg\" sizes=\"(max-width: 900px) 100vw, 900px\" srcset=\"http:\/\/bds6.khowebseotop.vn\/wp-content\/uploads\/2018\/03\/chung-cu-goldmark-city-314-2.jpg 900w, http:\/\/chungthanhland.com\/wp-content\/uploads\/2018\/01\/goldmark-city-mbtt-548x400.png 548w, http:\/\/chungthanhland.com\/wp-content\/uploads\/2018\/01\/goldmark-city-mbtt-768x561.png 768w\" alt=\"\" width=\"900\" height=\"657\" \/><\/div>\n<\/div>\n<\/div>\n<\/div>\n<\/div>\n<\/div>\n<\/div>\n<\/div>\n<\/div>\n<\/section>\n","protected":false},"excerpt":{"rendered":"<p>Condotel Laluna Nha Trang l\u00e0 t\u1ed5 h\u1ee3p gi\u1eefa c\u0103n h\u1ed9 h\u1ea1ng sang \u2013 Trung t\u00e2m th\u01b0\u01a1ng m\u1ea1i v\u00e0 v\u0103n ph\u00f2ng. L\u00e0 s\u1ea3n ph\u1ea9m c\u1ee7a s\u1ef1 k\u1ebft tinh gi\u1eefa v\u1ecb tr\u00ed v\u00e0ng \u2013 thi\u1ebft k\u1ebf to\u00e0 nh\u00e0 \u2013 ti\u1ec7n \u00edch s\u1ed1ng \u2013 v\u00e0 c\u1ea3m h\u01b0\u1edbng s\u00e1ng t\u1ea1o ngh\u1ec7 thu\u1eadt.\u00a0V\u1edbi v\u1ecb tr\u00ed \u0111\u1eafc \u0111\u1ecba, thi\u1ebft k\u1ebf kh\u00f4ng [&#8230;]\n","protected":false},"featured_media":334,"comment_status":"open","ping_status":"closed","template":"","meta":[],"_links":{"self":[{"href":"https:\/\/hosting.conasi.vn\/w\/bds62011\/wp-json\/wp\/v2\/product\/333"}],"collection":[{"href":"https:\/\/hosting.conasi.vn\/w\/bds62011\/wp-json\/wp\/v2\/product"}],"about":[{"href":"https:\/\/hosting.conasi.vn\/w\/bds62011\/wp-json\/wp\/v2\/types\/product"}],"replies":[{"embeddable":true,"href":"https:\/\/hosting.conasi.vn\/w\/bds62011\/wp-json\/wp\/v2\/comments?post=333"}],"wp:featuredmedia":[{"embeddable":true,"href":"https:\/\/hosting.conasi.vn\/w\/bds62011\/wp-json\/wp\/v2\/media\/334"}],"wp:attachment":[{"href":"https:\/\/hosting.conasi.vn\/w\/bds62011\/wp-json\/wp\/v2\/media?parent=333"}],"curies":[{"name":"wp","href":"https:\/\/api.w.org\/{rel}","templated":true}]}}